{"id":90637,"date":"2024-03-18T11:21:31","date_gmt":"2024-03-18T10:21:31","guid":{"rendered":"https:\/\/secureus.se\/sond-till-vattenlarm-xd-2-multidetektor-eller-andra-givare\/"},"modified":"2026-03-04T09:43:42","modified_gmt":"2026-03-04T08:43:42","slug":"sond-till-vattenlarm-xd-2-multidetektor-eller-andra-givare","status":"publish","type":"product","link":"https:\/\/secureus.se\/fi\/sond-till-vattenlarm-xd-2-multidetektor-eller-andra-givare\/","title":{"rendered":"Anturi Vattenlarm XD-2 -monitunnistimelle tai muille antureille"},"content":{"rendered":"<h1>FPX-1 Flood Probe \u2013 ensimm\u00e4inen puolustuslinjasi vesivaurioita vastaan<\/h1>\n<p>FPX-1 on eritt\u00e4in suorituskykyinen <strong>tulva-anturi<\/strong>, t\u00e4ydellinen suojaamaan koteja ja yrityksi\u00e4 mahdollisilta vesivahingoilta.<\/p>\n<p>Suunniteltu k\u00e4ytett\u00e4v\u00e4ksi <strong>yleisk\u00e4ytt\u00f6iset anturit, kuten XD-2, AXD-200 ja MXD-300<\/strong> SATELin FPX-1 tarjoaa luotettavan ja nopean vesivuotojen havaitsemisen.<\/p>\n<h5>P\u00e4\u00e4toiminnot<\/h5>\n<ul>\n<li><strong>3 metrin kaapeli<\/strong>: Pitk\u00e4 kaapeli, joka mahdollistaa joustavan sijoituksen optimaalisen suojan takaamiseksi.<\/li>\n<li><strong>Yhteensopivuus<\/strong>: Suunniteltu toimimaan XD-2-, AXD-200- ja MXD-300 SATEL -anturien kanssa.<\/li>\n<li><strong>Yleisk\u00e4ytt\u00f6\u00f6n<\/strong>: Ihanteellinen asuin-, toimisto- ja liikerakennuksiin.<\/li>\n<li><strong>Vankka muotoilu<\/strong>: Rakennettu kest\u00e4m\u00e4\u00e4n vaativia ymp\u00e4rist\u00f6j\u00e4 ja takaamaan pitk\u00e4kestoisen suorituskyvyn.<\/li>\n<\/ul>\n<h5>Edut<\/h5>\n<ul>\n<li><strong>Luotettava tunnistus<\/strong>: Tunnistaa nopeasti vesivuodot ja tulvat vaurioiden minimoimiseksi.<\/li>\n<li><strong>Joustava asennus<\/strong>: 3 metrin kaapelilla anturi voidaan helposti mukauttaa erilaisiin tiloihin ja tarpeisiin.<\/li>\n<li><strong>Lis\u00e4\u00e4ntynyt turvallisuus<\/strong>: Toimii osana integroitua turvaj\u00e4rjestelm\u00e4\u00e4 t\u00e4ydellisen suojan takaamiseksi.<\/li>\n<\/ul>\n<h5>K\u00e4ytt\u00f6alueet<\/h5>\n<ul>\n<li><strong>Asunnot<\/strong>: Kellarien, pesuhuoneiden ja muiden alttiina olevien alueiden suojaamiseen.<\/li>\n<li><strong>Toimisto ja yritys<\/strong>: Varmista, ett\u00e4 tekniset tilat ja herk\u00e4t alueet pysyv\u00e4t kuivina.<\/li>\n<li><strong>Teollisuusymp\u00e4rist\u00f6t<\/strong>: Ihanteellinen varastoihin ja tuotantotiloihin, joissa vesivahingot voivat aiheuttaa suuria tappioita.<\/li>\n<\/ul>\n<p>Kanssa <strong>FPX-1 tulva-anturi<\/strong> saat luotettavan ja joustavan ty\u00f6kalun suojaamaan omaisuuttasi vesivahingoilta.<\/p>","protected":false},"excerpt":{"rendered":"<p>FPX-1 on tulva-anturi 3 metrin kaapelilla, joka on yhteensopiva XD-2-, AXD-200- ja MXD-300 SATEL -anturien kanssa.<\/p>\n<p>Luotettava suoja vesivahingoilta.<\/p>","protected":false},"featured_media":138251,"template":"","meta":{"_acf_changed":false},"product_brand":[],"product_cat":[1309,4114],"product_tag":[],"class_list":{"0":"post-90637","1":"product","2":"type-product","3":"status-publish","4":"has-post-thumbnail","6":"product_cat-temperaturdetektor-vattendetektor","7":"product_cat-vattenlarm","8":"product_shipping_class-postnord-varubrev","9":"pa_brands-satel","10":"tm-no-options","12":"first","13":"instock","14":"sale","15":"featured","16":"taxable","17":"shipping-taxable","18":"purchasable","19":"product-type-simple"},"acf":[],"_links":{"self":[{"href":"https:\/\/secureus.se\/fi\/wp-json\/wp\/v2\/product\/90637","targetHints":{"allow":["GET"]}}],"collection":[{"href":"https:\/\/secureus.se\/fi\/wp-json\/wp\/v2\/product"}],"about":[{"href":"https:\/\/secureus.se\/fi\/wp-json\/wp\/v2\/types\/product"}],"wp:featuredmedia":[{"embeddable":true,"href":"https:\/\/secureus.se\/fi\/wp-json\/wp\/v2\/media\/138251"}],"wp:attachment":[{"href":"https:\/\/secureus.se\/fi\/wp-json\/wp\/v2\/media?parent=90637"}],"wp:term":[{"taxonomy":"product_brand","embeddable":true,"href":"https:\/\/secureus.se\/fi\/wp-json\/wp\/v2\/product_brand?post=90637"},{"taxonomy":"product_cat","embeddable":true,"href":"https:\/\/secureus.se\/fi\/wp-json\/wp\/v2\/product_cat?post=90637"},{"taxonomy":"product_tag","embeddable":true,"href":"https:\/\/secureus.se\/fi\/wp-json\/wp\/v2\/product_tag?post=90637"}],"curies":[{"name":"wp","href":"https:\/\/api.w.org\/{rel}","templated":true}]}}