{"id":90892,"date":"2024-03-27T11:42:38","date_gmt":"2024-03-27T10:42:38","guid":{"rendered":"https:\/\/secureus.se\/plomberingstrad-bla-finns-aven-med-graverad-eller-tryckt-logga-text\/"},"modified":"2026-04-14T11:24:42","modified_gmt":"2026-04-14T09:24:42","slug":"plomberingstrad-bla-finns-aven-med-graverad-eller-tryckt-logga-text","status":"publish","type":"product","link":"https:\/\/secureus.se\/fi\/plomberingstrad-bla-finns-aven-med-graverad-eller-tryckt-logga-text\/","title":{"rendered":"Sininen tiivistyslanka, vakiomalli \u2013 Mukautettava logo\/teksti"},"content":{"rendered":"<h2 data-section-id=\"tzpez3\" data-start=\"601\" data-end=\"657\">H\u00e4t\u00e4ovien ja turvalaitteiden tiivistyslanka<\/h2>\n<p data-start=\"658\" data-end=\"833\">T\u00e4t\u00e4 sinist\u00e4 tiivistyslankaa k\u00e4ytet\u00e4\u00e4n merkitsem\u00e4\u00e4n ja kiinnitt\u00e4m\u00e4\u00e4n laitteita, joita tulisi k\u00e4ytt\u00e4\u00e4 vain tarvittaessa, kuten h\u00e4t\u00e4ovet, sammuttimet ja muut turvavarusteet.<\/p>\n<p data-start=\"835\" data-end=\"994\">Sinetin avulla on mahdollista n\u00e4hd\u00e4 nopeasti, onko laite avattu tai k\u00e4ytetty. Kun sinettilanka on rikki, on heti selv\u00e4\u00e4, ett\u00e4 laitteeseen on kajottu.<\/p>\n<p data-start=\"996\" data-end=\"1171\">T\u00e4m\u00e4 tekee tuotteesta erityisen hy\u00f6dyllisen ymp\u00e4rist\u00f6iss\u00e4, joissa turvavarusteet on tarkistettava s\u00e4\u00e4nn\u00f6llisesti, kuten kiinteist\u00f6iss\u00e4, teollisuudessa, kouluissa ja julkisissa tiloissa.<\/p>\n<hr data-start=\"1173\" data-end=\"1176\" \/>\n<h2 data-section-id=\"1pcm1ba\" data-start=\"1178\" data-end=\"1229\">Mukauta sinetti omalla tekstill\u00e4si tai logollasi<\/h2>\n<p data-start=\"1230\" data-end=\"1400\">T\u00e4m\u00e4 tiivistyslanka voidaan tilata my\u00f6s <strong data-start=\"1275\" data-end=\"1302\">oma teksti tai logo<\/strong>R\u00e4\u00e4t\u00e4l\u00f6inti voidaan tehd\u00e4 v\u00e4ritulostuksella tai laserkaiverruksella, ja se sopii my\u00f6s pienemmille sarjoille.<\/p>\n<p data-start=\"1402\" data-end=\"1460\">T\u00e4m\u00e4 mahdollistaa esimerkiksi sinetin merkitsemisen:<\/p>\n<ul data-start=\"1462\" data-end=\"1532\">\n<li data-section-id=\"nzxgki\" data-start=\"1462\" data-end=\"1478\">\n<p data-start=\"1464\" data-end=\"1478\">yrityksen nimi<\/p>\n<\/li>\n<li data-section-id=\"cej8am\" data-start=\"1479\" data-end=\"1490\">\n<p data-start=\"1481\" data-end=\"1490\">logo<\/p>\n<\/li>\n<li data-section-id=\"1uptt1j\" data-start=\"1491\" data-end=\"1509\">\n<p data-start=\"1493\" data-end=\"1509\">kontrollinumero<\/p>\n<\/li>\n<li data-section-id=\"1f8c95p\" data-start=\"1510\" data-end=\"1532\">\n<p data-start=\"1512\" data-end=\"1532\">oma suojausteksti<\/p>\n<\/li>\n<\/ul>\n<hr data-start=\"1534\" data-end=\"1537\" \/>\n<h2 data-section-id=\"1dhihmh\" data-start=\"1539\" data-end=\"1556\">Laserkaiverrus<\/h2>\n<p data-start=\"1557\" data-end=\"1678\">Laserkaiverruksessa teksti poltetaan materiaaliin. Tuloksena on <strong data-start=\"1626\" data-end=\"1652\">vaalea tai tumma harmaa s\u00e4vy<\/strong> riippuen nauhan v\u00e4rist\u00e4.<\/p>\n<p data-start=\"1680\" data-end=\"1762\">Laserkaiverrus tarjoaa pysyv\u00e4n ja kest\u00e4v\u00e4n merkinn\u00e4n, jota on vaikea muuttaa.<\/p>\n<hr data-start=\"1764\" data-end=\"1767\" \/>\n<h1 data-section-id=\"16fopcq\" data-start=\"1769\" data-end=\"1779\">Edut<\/h1>\n<ul data-start=\"1781\" data-end=\"2002\">\n<li data-section-id=\"ls77ve\" data-start=\"1781\" data-end=\"1823\">\n<p data-start=\"1783\" data-end=\"1823\">N\u00e4ytt\u00e4\u00e4 v\u00e4litt\u00f6m\u00e4sti, jos laite on avattu<\/p>\n<\/li>\n<li data-section-id=\"1pqowha\" data-start=\"1824\" data-end=\"1869\">\n<p data-start=\"1826\" data-end=\"1869\">Est\u00e4\u00e4 h\u00e4t\u00e4ovien tarpeettoman k\u00e4yt\u00f6n<\/p>\n<\/li>\n<li data-section-id=\"1vnjlqh\" data-start=\"1870\" data-end=\"1923\">\n<p data-start=\"1872\" data-end=\"1923\">Sopii sammuttimille ja turvavarusteille<\/p>\n<\/li>\n<li data-section-id=\"dhsf4s\" data-start=\"1924\" data-end=\"1968\">\n<p data-start=\"1926\" data-end=\"1968\">Voidaan r\u00e4\u00e4t\u00e4l\u00f6id\u00e4 omalla tekstill\u00e4 tai logolla<\/p>\n<\/li>\n<li data-section-id=\"1ofabbw\" data-start=\"1969\" data-end=\"2002\">\n<p data-start=\"1971\" data-end=\"2002\">Helppo koota ja k\u00e4ytt\u00e4\u00e4<\/p>\n<\/li>\n<\/ul>\n<hr data-start=\"2004\" data-end=\"2007\" \/>\n<h1 data-section-id=\"brc9ws\" data-start=\"2009\" data-end=\"2037\">Yleisi\u00e4 k\u00e4ytt\u00f6tarkoituksia<\/h1>\n<ul data-start=\"2039\" data-end=\"2133\">\n<li data-section-id=\"1hfb5n9\" data-start=\"2039\" data-end=\"2052\">\n<p data-start=\"2041\" data-end=\"2052\">H\u00e4t\u00e4ovet<\/p>\n<\/li>\n<li data-section-id=\"1glgnsm\" data-start=\"2053\" data-end=\"2070\">\n<p data-start=\"2055\" data-end=\"2070\">Sammutin<\/p>\n<\/li>\n<li data-section-id=\"ybft18\" data-start=\"2071\" data-end=\"2086\">\n<p data-start=\"2073\" data-end=\"2086\">Palopostit<\/p>\n<\/li>\n<li data-section-id=\"hh5nt0\" data-start=\"2087\" data-end=\"2104\">\n<p data-start=\"2089\" data-end=\"2104\">Tallelokero<\/p>\n<\/li>\n<li data-section-id=\"1d7qlpj\" data-start=\"2105\" data-end=\"2133\">\n<p data-start=\"2107\" data-end=\"2133\">Kiinteist\u00f6asennukset<\/p>\n<\/li>\n<\/ul>\n<hr data-start=\"2135\" data-end=\"2138\" \/>\n<h1 data-section-id=\"vb28v8\" data-start=\"2140\" data-end=\"2157\">Tekniset tiedot<\/h1>\n<p data-start=\"2159\" data-end=\"2248\">Koko: <strong data-start=\"2168\" data-end=\"2183\">250 \u00d7 20 mm<\/strong><br data-start=\"2183\" data-end=\"2186\" \/>Maali: <strong>Sininen<\/strong><br data-start=\"2199\" data-end=\"2202\" \/>Tyyppi: <strong data-start=\"2207\" data-end=\"2248\">Sinettilanka \/ turvasinetti<\/strong><\/p>\n<p data-start=\"2159\" data-end=\"2248\">Haluatko tiet\u00e4\u00e4 lis\u00e4\u00e4 siit\u00e4, miten tiivistys toimii?<br data-start=\"2755\" data-end=\"2758\" \/>Lue oppaamme: <a href=\"https:\/\/secureus.se\/fi\/vad-ar-plomberingstrad-sa-fungerar-sakerhetsplombering\/\" target=\"_blank\" rel=\"noopener\"><strong data-start=\"2775\" data-end=\"2854\">Mit\u00e4 on tiivistyslanka ja miten sit\u00e4 k\u00e4ytet\u00e4\u00e4n h\u00e4t\u00e4ovissa ja sammuttimissa?<\/strong><\/a><\/p>\n<p data-start=\"2159\" data-end=\"2248\">","protected":false},"excerpt":{"rendered":"<p data-start=\"335\" data-end=\"528\">Sininen tiivistyslanka h\u00e4t\u00e4ovien, sammuttimien ja muiden turvavarusteiden merkitsemiseen ja tiivist\u00e4miseen.<\/p>\n<p data-start=\"335\" data-end=\"528\">Sinetin avulla on helppo ja nopea n\u00e4hd\u00e4, onko laite avattu tai sit\u00e4 on peukaloitu.<\/p>\n<p data-start=\"530\" data-end=\"653\">Sit\u00e4 k\u00e4ytet\u00e4\u00e4n usein kiinteist\u00f6iss\u00e4, julkisissa tiloissa ja teollisuuslaitoksissa, joissa turvavarusteet on tarkastettava s\u00e4\u00e4nn\u00f6llisesti.<\/p>","protected":false},"featured_media":161208,"template":"","meta":{"_acf_changed":false},"product_brand":[],"product_cat":[1332,1560,3224],"product_tag":[2958],"class_list":{"0":"post-90892","1":"product","2":"type-product","3":"status-publish","4":"has-post-thumbnail","6":"product_cat-utrymning-tillbehor","7":"product_cat-branddorrstangning","8":"product_cat-nodutrymning","9":"product_tag-stonehouse-produkt","10":"product_shipping_class-postnord-varubrev","11":"pa_brands-stonehouse-security","12":"tm-has-options","14":"first","15":"instock","16":"sale","17":"featured","18":"taxable","19":"shipping-taxable","20":"purchasable","21":"product-type-simple"},"acf":[],"_links":{"self":[{"href":"https:\/\/secureus.se\/fi\/wp-json\/wp\/v2\/product\/90892","targetHints":{"allow":["GET"]}}],"collection":[{"href":"https:\/\/secureus.se\/fi\/wp-json\/wp\/v2\/product"}],"about":[{"href":"https:\/\/secureus.se\/fi\/wp-json\/wp\/v2\/types\/product"}],"wp:featuredmedia":[{"embeddable":true,"href":"https:\/\/secureus.se\/fi\/wp-json\/wp\/v2\/media\/161208"}],"wp:attachment":[{"href":"https:\/\/secureus.se\/fi\/wp-json\/wp\/v2\/media?parent=90892"}],"wp:term":[{"taxonomy":"product_brand","embeddable":true,"href":"https:\/\/secureus.se\/fi\/wp-json\/wp\/v2\/product_brand?post=90892"},{"taxonomy":"product_cat","embeddable":true,"href":"https:\/\/secureus.se\/fi\/wp-json\/wp\/v2\/product_cat?post=90892"},{"taxonomy":"product_tag","embeddable":true,"href":"https:\/\/secureus.se\/fi\/wp-json\/wp\/v2\/product_tag?post=90892"}],"curies":[{"name":"wp","href":"https:\/\/api.w.org\/{rel}","templated":true}]}}