{"id":91091,"date":"2024-04-05T16:21:50","date_gmt":"2024-04-05T14:21:50","guid":{"rendered":"https:\/\/secureus.se\/?post_type=product&#038;p=91091"},"modified":"2026-04-03T12:16:46","modified_gmt":"2026-04-03T10:16:46","slug":"larmdekal-aluminium-2-sjalvhaftande-stor-a5-148x210mm","status":"publish","type":"product","link":"https:\/\/secureus.se\/fi\/larmdekal-aluminium-2-sjalvhaftande-stor-a5-148x210mm\/","title":{"rendered":"H\u00e4lytystarra Alumiininen Valvottu Itsekiinnittyv\u00e4 Suuri (A5) 148x210mm"},"content":{"rendered":"<p><em>Alumiiniset h\u00e4lytystarramme on suunniteltu varmistamaan, ett\u00e4 turvallisuutesi on n\u00e4kyv\u00e4 ja selke\u00e4 ymp\u00e4rist\u00f6olosuhteista riippumatta. N\u00e4m\u00e4 tarrat on valmistettu tarkasti vastaamaan Skandinavian ilmaston vaativia olosuhteita, ja ne on varustettu erinomaisella kest\u00e4vyydell\u00e4 ja joustavuudella. Ne on suunniteltu kest\u00e4m\u00e4\u00e4n s\u00e4\u00e4olosuhteita pakkasesta kovaan sateeseen, joten ne sopivat ihanteellisesti ulkok\u00e4ytt\u00f6\u00f6n. Takana on kaksipuolinen teipattu 3M-paperi, joten n\u00e4m\u00e4 tarrat tarjoavat helpon ja luotettavan kiinnityksen useille pinnoille.<\/em><\/p>\n<p>Inspiroivaa luottamusta, selke\u00e4\u00e4 ja pitk\u00e4kestoista \u2013 sit\u00e4 tarjoavat alumiiniset h\u00e4lytystarramme vied\u00e4kseen turvallisuuden uudelle tasolle.<\/p>\n<p>H\u00e4lytystarrat toimivat vahvana visuaalisena pelotteena mahdollisilta tunkeutumisyrityksilt\u00e4.<\/p>\n<p><strong>Tukeva ja kest\u00e4v\u00e4<\/strong><br \/>\nValmistettu korkealaatuisesta alumiinista. H\u00e4lytintarramme on suunniteltu kest\u00e4m\u00e4\u00e4n sek\u00e4 kulumista ett\u00e4 l\u00e4mp\u00f6tiloja. Voit olla varma, ett\u00e4 ne pysyv\u00e4t huippukunnossa s\u00e4\u00e4st\u00e4 riippumatta.<\/p>\n<p>T\u00e4m\u00e4 h\u00e4lytystarra on yht\u00e4 tehokas sis\u00e4ll\u00e4 kuin ulkona. Mukauta tarpeidesi mukaan.<\/p>\n<h3>K\u00e4ytt\u00f6alueet:<\/h3>\n<ul>\n<li><strong>Koti:<\/strong> Suojaa perhett\u00e4si ja kotiasi kiinnitt\u00e4m\u00e4ll\u00e4 n\u00e4m\u00e4 h\u00e4lytystarrat kaikkiin t\u00e4rkeisiin sis\u00e4\u00e4nk\u00e4yntiin.<br \/>\n<strong>Yritys:<\/strong> Paranna ty\u00f6paikkasi turvallisuutta tuomalla kriittisimm\u00e4t alueet n\u00e4kyville sek\u00e4 ty\u00f6ntekij\u00f6ille ett\u00e4 vierailijoille.<br \/>\n<strong>Liikkeet ja yritykset:<\/strong> Luo turvallisempi ymp\u00e4rist\u00f6 asiakkaillesi ja henkil\u00f6kunnallesi merkitsem\u00e4ll\u00e4 t\u00e4rkeimm\u00e4t sis\u00e4\u00e4n- ja ulosk\u00e4ynnit.<\/li>\n<\/ul>\n<h3>Tuotteen tekniset tiedot:<\/h3>\n<ul>\n<li>Materiaali: Alumiini<\/li>\n<li>Mitat: 148 x 210 mm<\/li>\n<\/ul>\n<h3>Paketti sis\u00e4lt\u00e4\u00e4:<\/h3>\n<ul>\n<li>1kpl 148x210mm itseliimautuva h\u00e4lytystarra alumiinia Jokainen tarra on investointi turvallisuuteen!<\/li>\n<\/ul>","protected":false},"excerpt":{"rendered":"<p><em>Eritt\u00e4in suuri h\u00e4lytystarra. Paranna turvallisuutta alumiinisilla h\u00e4lytystarroillamme, jotka on luotu kest\u00e4m\u00e4\u00e4n ankaria pohjoismaisia ilmasto-olosuhteita. T\u00e4ydellinen ulkok\u00e4ytt\u00f6\u00f6n.<\/em><\/p>","protected":false},"featured_media":156018,"template":"","meta":{"_acf_changed":false},"product_brand":[],"product_cat":[1323],"product_tag":[3053],"class_list":{"0":"post-91091","1":"product","2":"type-product","3":"status-publish","4":"has-post-thumbnail","6":"product_cat-larmdekaler","7":"product_tag-nyhet","8":"product_shipping_class-dekaler-skyltar","9":"tm-no-options","11":"first","12":"instock","13":"featured","14":"taxable","15":"shipping-taxable","16":"purchasable","17":"product-type-simple"},"acf":[],"_links":{"self":[{"href":"https:\/\/secureus.se\/fi\/wp-json\/wp\/v2\/product\/91091","targetHints":{"allow":["GET"]}}],"collection":[{"href":"https:\/\/secureus.se\/fi\/wp-json\/wp\/v2\/product"}],"about":[{"href":"https:\/\/secureus.se\/fi\/wp-json\/wp\/v2\/types\/product"}],"wp:featuredmedia":[{"embeddable":true,"href":"https:\/\/secureus.se\/fi\/wp-json\/wp\/v2\/media\/156018"}],"wp:attachment":[{"href":"https:\/\/secureus.se\/fi\/wp-json\/wp\/v2\/media?parent=91091"}],"wp:term":[{"taxonomy":"product_brand","embeddable":true,"href":"https:\/\/secureus.se\/fi\/wp-json\/wp\/v2\/product_brand?post=91091"},{"taxonomy":"product_cat","embeddable":true,"href":"https:\/\/secureus.se\/fi\/wp-json\/wp\/v2\/product_cat?post=91091"},{"taxonomy":"product_tag","embeddable":true,"href":"https:\/\/secureus.se\/fi\/wp-json\/wp\/v2\/product_tag?post=91091"}],"curies":[{"name":"wp","href":"https:\/\/api.w.org\/{rel}","templated":true}]}}