{"id":91430,"date":"2024-05-01T22:05:07","date_gmt":"2024-05-01T20:05:07","guid":{"rendered":"https:\/\/secureus.se\/?post_type=product&#038;p=91430"},"modified":"2026-04-23T12:13:53","modified_gmt":"2026-04-23T10:13:53","slug":"dorrstangarsats-dc300-ob-3-6-med-standardarm-svart","status":"publish","type":"product","link":"https:\/\/secureus.se\/fi\/dorrstangarsats-dc300-ob-3-6-med-standardarm-svart\/","title":{"rendered":"ASSA ABLOY DC300 -ovensuljin \u2013 T\u00e4ydellinen sarja \u2013 EN 3-6 \u2013 Vakiovarsi L190 \u2013 Musta"},"content":{"rendered":"<p><strong>ASSA ABLOY DC300<\/strong> on luotettava ovensuljin niille, jotka haluavat ulko-ovien, sis\u00e4ovien ja palo-ovien turvallisen, sujuvan ja hallitun sulkeutumisen. T\u00e4m\u00e4 versio toimitetaan <strong>t\u00e4ydellinen pakkaus<\/strong> mustana <strong>vakiovarsi L190<\/strong>, joten se on k\u00e4tev\u00e4 valinta sek\u00e4 uusiin asennuksiin ett\u00e4 korvaaviin asennuksiin.<\/p>\n<p>Ovensuljin sopii oviin, joiden leveys on enint\u00e4\u00e4n <strong>1400 mm<\/strong> ja sill\u00e4 on <strong>s\u00e4\u00e4dett\u00e4v\u00e4 sulkeutumisvoima EN 3-6<\/strong>. DC300 on kehitetty ymp\u00e4rist\u00f6ihin, joissa vaaditaan turvallista toimintaa, vakaata toimintaa ja helppoa s\u00e4\u00e4t\u00f6\u00e4 asennuksen aikana.<\/p>\n<h3>T\u00e4m\u00e4 sis\u00e4ltyy pakettiin<\/h3>\n<ul>\n<li>Ovensulkimen kotelo DC300<\/li>\n<li>Vakiovarsi L190<\/li>\n<li>Asennuslevy A120<\/li>\n<\/ul>\n<h3>Ominaisuudet<\/h3>\n<ul>\n<li>T\u00e4ydellinen sarja, jossa ovensulkimen kotelo, vakiovarsi ja asennuslevy<\/li>\n<li>S\u00e4\u00e4dett\u00e4v\u00e4 jousivoima <strong>FI 3-6<\/strong><\/li>\n<li>Sulkemismomentti <strong>18\u201354 Nm<\/strong><\/li>\n<li>Oven enimm\u00e4isleveys <strong>1400 mm<\/strong><\/li>\n<li>L\u00e4p\u00e4isyluokka <strong>C5<\/strong><\/li>\n<li>S\u00e4\u00e4dett\u00e4v\u00e4 varren korkeus jopa <strong>14 mm<\/strong> helpompaa asennusta varten<\/li>\n<li>S\u00e4\u00e4dett\u00e4v\u00e4 sulkeutumisnopeus<\/li>\n<li>S\u00e4\u00e4dett\u00e4v\u00e4 iskuvoima<\/li>\n<li>S\u00e4\u00e4dett\u00e4v\u00e4 avausjarru<\/li>\n<li>Avautumiskulma jopa <strong>180\u00b0<\/strong><\/li>\n<li>Hyv\u00e4ksytty standardin mukaisesti <strong>EN1154<\/strong><\/li>\n<li>Tyyppihyv\u00e4ksytty palo-oville<\/li>\n<li>Sopii vasen- ja oikeak\u00e4tisille oville<\/li>\n<li>Piilotettu asennuslevy<\/li>\n<li>Pintak\u00e4sittely: <strong>Musta<\/strong><\/li>\n<\/ul>\n<h3>Toiminto<\/h3>\n<p>DC300 on <strong>painejousi oven suljin<\/strong> korkealaatuisella hydrauliikka\u00f6ljyll\u00e4 ja l\u00e4mp\u00f6tilakompensoivilla venttiileill\u00e4. T\u00e4m\u00e4 varmistaa luotettavan toiminnan ja sujuvan sulkeutumisen my\u00f6s ymp\u00e4rist\u00f6iss\u00e4, joissa l\u00e4mp\u00f6tila vaihtelee.<\/p>\n<h3>Mitata<\/h3>\n<ul>\n<li>Korkeus: <strong>60 mm<\/strong><\/li>\n<li>Syvyys: <strong>47 mm<\/strong><\/li>\n<li>Pituus: <strong>260 mm<\/strong><\/li>\n<\/ul>\n<h3>Sopii<\/h3>\n<ul>\n<li>etuovet<\/li>\n<li>sis\u00e4ovet<\/li>\n<li>palo-ovet<\/li>\n<li>sis\u00e4\u00e4nk\u00e4yntiovet<\/li>\n<li>kiinteist\u00f6t, toimistot ja julkiset tilat<\/li>\n<\/ul>\n<p>ASSA ABLOY DC300 on hyv\u00e4 valinta niille, jotka etsiv\u00e4t <strong>musta oven suljin<\/strong> T\u00e4ydellinen sarja vakiovarrella ja monipuolisilla s\u00e4\u00e4dett\u00e4vyyksill\u00e4. Se yhdist\u00e4\u00e4 turvallisen sulkeutumisen, vakaan toiminnan ja huomaamattoman ulkon\u00e4\u00f6n, joka sopii moniin erilaisiin oviymp\u00e4rist\u00f6ihin.<\/p>\n<div style=\"background: #f6f8fa;padding: 14px;border-radius: 6px;margin: 18px 0\"><strong>Tarvitsetko apua oikean ovensulkimen valinnassa?<\/strong><br \/>\nVertaile oven tyyppi\u00e4, varsityyppi\u00e4 ja oven leveytt\u00e4 tai katso lis\u00e4\u00e4 malleja valikoimastamme.<a style=\"font-weight: bold\" href=\"https:\/\/secureus.se\/fi\/dorrstangare-kompletta\/\"><br \/>\nKatso kaikki t\u00e4ydelliset ovensulkimet t\u00e4\u00e4lt\u00e4 \u2192<br \/>\n<\/a><\/div>","protected":false},"excerpt":{"rendered":"<p><strong>ASSA ABLOY DC300 -ovensuljin, t\u00e4ydellinen musta<\/strong> Vakiovarrella L190 ulko-ovien, sis\u00e4ovien ja palo-ovien turvalliseen ja hallittuun sulkemiseen. Sopii oviin, joiden koko on enint\u00e4\u00e4n <strong>1400 mm<\/strong> ja toimitetaan t\u00e4ydellisen\u00e4 sarjana ovensulkimen kotelon, asennuslevyn ja varren kanssa.<\/p>\n<p>Mallissa on <strong>s\u00e4\u00e4dett\u00e4v\u00e4 sulkeutumisvoima EN 3-6<\/strong>, avausjarru ja sopii sek\u00e4 vasen- ett\u00e4 oikeak\u00e4tisille oville. Hyv\u00e4 valinta kiinteist\u00f6ihin, sis\u00e4\u00e4nk\u00e4ynteihin ja muihin ovien ymp\u00e4rist\u00f6ihin, joissa vakaa ja tasainen sulkeutuminen on t\u00e4rke\u00e4\u00e4.<\/p>","protected":false},"featured_media":137283,"template":"","meta":{"_acf_changed":false},"product_brand":[],"product_cat":[3258,4864],"product_tag":[4863],"class_list":{"0":"post-91430","1":"product","2":"type-product","3":"status-publish","4":"has-post-thumbnail","6":"product_cat-dorrstangare","7":"product_cat-dorrstangare-kompletta","8":"product_tag-pf","9":"product_shipping_class-tunga-paket","10":"pa_brands-abloy","11":"tm-no-options","13":"first","14":"instock","15":"sale","16":"taxable","17":"shipping-taxable","18":"purchasable","19":"product-type-simple"},"acf":[],"_links":{"self":[{"href":"https:\/\/secureus.se\/fi\/wp-json\/wp\/v2\/product\/91430","targetHints":{"allow":["GET"]}}],"collection":[{"href":"https:\/\/secureus.se\/fi\/wp-json\/wp\/v2\/product"}],"about":[{"href":"https:\/\/secureus.se\/fi\/wp-json\/wp\/v2\/types\/product"}],"wp:featuredmedia":[{"embeddable":true,"href":"https:\/\/secureus.se\/fi\/wp-json\/wp\/v2\/media\/137283"}],"wp:attachment":[{"href":"https:\/\/secureus.se\/fi\/wp-json\/wp\/v2\/media?parent=91430"}],"wp:term":[{"taxonomy":"product_brand","embeddable":true,"href":"https:\/\/secureus.se\/fi\/wp-json\/wp\/v2\/product_brand?post=91430"},{"taxonomy":"product_cat","embeddable":true,"href":"https:\/\/secureus.se\/fi\/wp-json\/wp\/v2\/product_cat?post=91430"},{"taxonomy":"product_tag","embeddable":true,"href":"https:\/\/secureus.se\/fi\/wp-json\/wp\/v2\/product_tag?post=91430"}],"curies":[{"name":"wp","href":"https:\/\/api.w.org\/{rel}","templated":true}]}}