{"id":91432,"date":"2024-05-01T22:05:04","date_gmt":"2024-05-01T20:05:04","guid":{"rendered":"https:\/\/secureus.se\/?post_type=product&#038;p=91432"},"modified":"2026-04-08T15:48:04","modified_gmt":"2026-04-08T13:48:04","slug":"dorrstangarsats-ts5000-2-6-med-forstarkt-glidskena-silver","status":"publish","type":"product","link":"https:\/\/secureus.se\/fi\/dorrstangarsats-ts5000-2-6-med-forstarkt-glidskena-silver\/","title":{"rendered":"GEZE TS5000 Ovensuljin \u2013 T\u00e4ydellinen sarja \u2013 EN 2-6 \u2013 Vahvistettu liukukisko \u2013 Hopea"},"content":{"rendered":"<p><strong>GEZE TS5000<\/strong> on tehokas liukuoven suljin niille, jotka tarvitsevat turvallisen, sujuvan ja hallitun sis\u00e4- ja ulko-ovien sek\u00e4 palo-ovien sulkemisen. T\u00e4m\u00e4 malli toimitetaan <strong>t\u00e4ydellinen pakkaus<\/strong> hopeassa <strong>vahvistettu liukukisko<\/strong>, mik\u00e4 tekee siit\u00e4 hyv\u00e4n valinnan oviymp\u00e4rist\u00f6ihin, joissa halutaan yhdist\u00e4\u00e4 vakaa toiminta huomaamattomampaan varsij\u00e4rjestelm\u00e4\u00e4n.<\/p>\n<p>Ovensuljin sopii <strong>yksitt\u00e4isovet jopa 1400 mm<\/strong> ja sill\u00e4 on <strong>portaattomasti s\u00e4\u00e4dett\u00e4v\u00e4 sulkeutumisvoima EN 2-6<\/strong>. Se on asennettu <strong>ovenlehden saranapuolella<\/strong> tai <strong>rungon pys\u00e4ytyspuoli<\/strong>. Vastakkaiseen asennukseen <strong>GEZE TS5000L<\/strong>.<\/p>\n<h3>T\u00e4m\u00e4 sis\u00e4ltyy pakettiin<\/h3>\n<ul>\n<li>Ovensulkimen kotelo TS5000 2-6<\/li>\n<li>Liukukisko TS3000\/5000 Vahvistettu<\/li>\n<li>Asennuslevy TS4000\/5000<\/li>\n<\/ul>\n<h3>Ominaisuudet<\/h3>\n<ul>\n<li>T\u00e4ydellinen sarja, jossa ovensulkimen kotelo, vahvistettu liukukisko ja asennuslevy<\/li>\n<li>Varsij\u00e4rjestelm\u00e4: <strong>Liukuva kisko<\/strong><\/li>\n<li>Sulkemisvoima: <strong>FI 2-6<\/strong><\/li>\n<li>Portaattomasti s\u00e4\u00e4dett\u00e4v\u00e4 sulkeutumisvoima<\/li>\n<li>Sopii yhteen oveen<\/li>\n<li>Ovenlehden maksimileveys: <strong>1400 mm<\/strong><\/li>\n<li>Ovenlehden kokoonpano saranapuolella<\/li>\n<li>Rungon kokoonpano pys\u00e4ytyspuolella<\/li>\n<li>Avautumiskulma jopa <strong>180\u00b0<\/strong> saranapuolelle asennettuna<\/li>\n<li>Optinen koon ilmaisin<\/li>\n<li>Hyv\u00e4ksytty standardin mukaisesti <strong>EN 1154<\/strong><\/li>\n<li>Pintak\u00e4sittely: <strong>Hopea<\/strong><\/li>\n<\/ul>\n<h3>Toiminnot<\/h3>\n<ul>\n<li>Kaikki toiminnot s\u00e4\u00e4det\u00e4\u00e4n etupuolelta<\/li>\n<li>S\u00e4\u00e4dett\u00e4v\u00e4 sulkemisnopeus<\/li>\n<li>Iskuvoiman s\u00e4\u00e4t\u00f6 varsij\u00e4rjestelm\u00e4n kautta <strong>7\u00b0 - 0\u00b0<\/strong><\/li>\n<li>Integroitu avausjarru, hydraulisesti s\u00e4\u00e4dett\u00e4v\u00e4 alkaen <strong>70\u00b0<\/strong><\/li>\n<li>Varoventtiili ilkivaltaa vastaan<\/li>\n<li>L\u00e4mm\u00f6nkest\u00e4v\u00e4 venttiili<\/li>\n<li>Avausjarru: Kyll\u00e4<\/li>\n<li>S\u00e4hk\u00f6mekaaninen asennus: Ei<\/li>\n<li>Vapaa heilahdustoiminto: Ei<\/li>\n<li>Viiv\u00e4stetty sulkeutuminen: Ei<\/li>\n<\/ul>\n<h3>T\u00e4rke\u00e4\u00e4 tietoa<\/h3>\n<p>GEZE TS5000 on tarkoitettu asennettavaksi <strong>oven saranapuoli<\/strong> tai <strong>rungon pys\u00e4ytyspuoli<\/strong>. Jos tarvitset vastakkaisen asennuksen, valitse sen sijaan <strong>TS5000L<\/strong>.<\/p>\n<h3>Sopii<\/h3>\n<ul>\n<li>sis\u00e4ovet<\/li>\n<li>etuovet<\/li>\n<li>palo-ovet<\/li>\n<li>sis\u00e4\u00e4nk\u00e4yntiovet<\/li>\n<li>kiinteist\u00f6t, toimistot ja julkiset tilat<\/li>\n<\/ul>\n<p>GEZE TS5000 on hyv\u00e4 valinta niille, jotka etsiv\u00e4t <strong>oven suljin liukukiskolla<\/strong> T\u00e4ydellisess\u00e4 sarjassa vaativampiin oviymp\u00e4rist\u00f6ihin. Saat vakaan ja luotettavan ovensulkimen, jossa on hyv\u00e4t s\u00e4\u00e4t\u00f6mahdollisuudet, vahvistettu varsij\u00e4rjestelm\u00e4 ja huomaamaton ulkon\u00e4k\u00f6, joka sopii moniin erilaisiin kiinteist\u00f6ihin.<\/p>\n<div style=\"background: #f6f8fa;padding: 14px;border-radius: 6px;margin: 18px 0\"><strong>Tarvitsetko apua oikean ovensulkimen valinnassa?<\/strong><br \/>\nVertaile oven tyyppi\u00e4, varsityyppi\u00e4 ja oven leveytt\u00e4 tai katso lis\u00e4\u00e4 malleja valikoimastamme.<br \/>\n<a style=\"font-weight: bold\" href=\"https:\/\/secureus.se\/fi\/dorrstangare-kompletta\/\"><br \/>\nKatso kaikki t\u00e4ydelliset ovensulkimet t\u00e4\u00e4lt\u00e4 \u2192<br \/>\n<\/a><\/div>","protected":false},"excerpt":{"rendered":"<p><strong>GEZE TS5000 ovensuljin, t\u00e4ydellinen sarja, hopea<\/strong> vahvistetulla liukukiskolla sis\u00e4- ja ulko-ovien sek\u00e4 palo-ovien turvalliseen ja hallittuun sulkemiseen. Sopii <strong>yksitt\u00e4isovet jopa 1400 mm<\/strong> ja asennettuna <strong>oven saranapuolella<\/strong> tai <strong>rungon pys\u00e4ytyspuoli<\/strong>.<\/p>\n<p>T\u00e4ydellinen sarja sis\u00e4lt\u00e4\u00e4: <strong>ovensulkimen kotelo TS5000 2-6, vahvistettu liukukisko TS3000\/5000 ja asennuslevy TS4000\/5000<\/strong>. Mallissa on <strong>portaattomasti s\u00e4\u00e4dett\u00e4v\u00e4 sulkeutumisvoima EN 2-6<\/strong>, integroitu avausjarru ja kaikki toiminnot ovat helposti s\u00e4\u00e4dett\u00e4viss\u00e4 edest\u00e4.<\/p>","protected":false},"featured_media":138127,"template":"","meta":{"_acf_changed":false},"product_brand":[],"product_cat":[3258,4864],"product_tag":[4863],"class_list":{"0":"post-91432","1":"product","2":"type-product","3":"status-publish","4":"has-post-thumbnail","6":"product_cat-dorrstangare","7":"product_cat-dorrstangare-kompletta","8":"product_tag-pf","9":"product_shipping_class-tunga-paket","10":"pa_brands-geze","11":"tm-no-options","13":"first","14":"instock","15":"sale","16":"taxable","17":"shipping-taxable","18":"purchasable","19":"product-type-simple"},"acf":[],"_links":{"self":[{"href":"https:\/\/secureus.se\/fi\/wp-json\/wp\/v2\/product\/91432","targetHints":{"allow":["GET"]}}],"collection":[{"href":"https:\/\/secureus.se\/fi\/wp-json\/wp\/v2\/product"}],"about":[{"href":"https:\/\/secureus.se\/fi\/wp-json\/wp\/v2\/types\/product"}],"wp:featuredmedia":[{"embeddable":true,"href":"https:\/\/secureus.se\/fi\/wp-json\/wp\/v2\/media\/138127"}],"wp:attachment":[{"href":"https:\/\/secureus.se\/fi\/wp-json\/wp\/v2\/media?parent=91432"}],"wp:term":[{"taxonomy":"product_brand","embeddable":true,"href":"https:\/\/secureus.se\/fi\/wp-json\/wp\/v2\/product_brand?post=91432"},{"taxonomy":"product_cat","embeddable":true,"href":"https:\/\/secureus.se\/fi\/wp-json\/wp\/v2\/product_cat?post=91432"},{"taxonomy":"product_tag","embeddable":true,"href":"https:\/\/secureus.se\/fi\/wp-json\/wp\/v2\/product_tag?post=91432"}],"curies":[{"name":"wp","href":"https:\/\/api.w.org\/{rel}","templated":true}]}}