{"id":91438,"date":"2024-05-01T22:05:05","date_gmt":"2024-05-01T20:05:05","guid":{"rendered":"https:\/\/secureus.se\/?post_type=product&#038;p=91438"},"modified":"2026-04-23T12:12:36","modified_gmt":"2026-04-23T10:12:36","slug":"dorrstangarsats-ts4000-1-6-med-uppstallningsarm-silver","status":"publish","type":"product","link":"https:\/\/secureus.se\/fi\/dorrstangarsats-ts4000-1-6-med-uppstallningsarm-silver\/","title":{"rendered":"GEZE TS4000 Ovensuljin \u2013 T\u00e4ydellinen sarja \u2013 EN 1-6 \u2013 Asennusvarsi \u2013 Hopea"},"content":{"rendered":"<p><strong>GEZE TS4000<\/strong> on tehokas ja joustava ovensuljin niille, jotka tarvitsevat turvallisen, sujuvan ja hallitun sis\u00e4- ja ulko-ovien sulkemisen. T\u00e4m\u00e4 malli toimitetaan seuraavasti: <strong>t\u00e4ydellinen pakkaus<\/strong> hopeassa <strong>seisomak\u00e4sivarsi<\/strong>, mik\u00e4 tekee siit\u00e4 hyv\u00e4n valinnan oviymp\u00e4rist\u00f6ihin, joissa haluat voida pit\u00e4\u00e4 oven auki osan p\u00e4iv\u00e4st\u00e4.<\/p>\n<p>Ovensuljin sopii <strong>yksitt\u00e4isovet jopa 1400 mm<\/strong> ja sill\u00e4 on <strong>portaattomasti s\u00e4\u00e4dett\u00e4v\u00e4 sulkeutumisvoima EN 1-6<\/strong>. Se voidaan asentaa <strong>ovenlehden saranapuolella<\/strong> tai <strong>rungon pys\u00e4ytyspuoli<\/strong>. Tarvittaessa my\u00f6s <strong>ovenlehden kokoonpano vastapuolella<\/strong> mahdollista rinnakkaisvarren kiinnikkeell\u00e4.<\/p>\n<h3>T\u00e4m\u00e4 sis\u00e4ltyy pakettiin<\/h3>\n<ul>\n<li>Ovensulkimen kotelo TS4000<\/li>\n<li>Jalustavarsi TS2000\/4000, ei irrotettava<\/li>\n<li>Asennuslevy TS4000\/5000<\/li>\n<\/ul>\n<h3>Ominaisuudet<\/h3>\n<ul>\n<li>T\u00e4ydellinen sarja, joka sis\u00e4lt\u00e4\u00e4 ovensulkimen kotelon, kiinnitysvarren ja kiinnityslevyn<\/li>\n<li>Varsij\u00e4rjestelm\u00e4: <strong>Vakiovarsi pystytoiminnolla<\/strong><\/li>\n<li>Sulkemisvoima: <strong>FI 1-6<\/strong><\/li>\n<li>Portaattomasti s\u00e4\u00e4dett\u00e4v\u00e4 sulkeutumisvoima<\/li>\n<li>Sopii yhteen oveen<\/li>\n<li>Ovenlehden maksimileveys: <strong>1400 mm<\/strong><\/li>\n<li>Asennettu ovenlehden saranapuolelle tai karmin vastapuolelle<\/li>\n<li>Ovenlehden kiinnitys vastapuolelle mahdollista rinnakkaisvarren kiinnikkeell\u00e4<\/li>\n<li>Sek\u00e4 oikea- ett\u00e4 vasenk\u00e4tisille oville<\/li>\n<li>Suurin avautumiskulma: <strong>180\u00b0<\/strong><\/li>\n<li>Optinen sulkemisvoiman ilmaisin<\/li>\n<li>Varoventtiili ilkivaltaa vastaan<\/li>\n<li>L\u00e4mm\u00f6nkest\u00e4v\u00e4 venttiili<\/li>\n<li>Pintak\u00e4sittely: <strong>Hopea<\/strong><\/li>\n<\/ul>\n<h3>Toiminnot<\/h3>\n<ul>\n<li>Kaikki toiminnot s\u00e4\u00e4det\u00e4\u00e4n etupuolelta<\/li>\n<li>S\u00e4\u00e4dett\u00e4v\u00e4 sulkemisnopeus<\/li>\n<li>S\u00e4\u00e4dett\u00e4v\u00e4 p\u00e4\u00e4llekytkent\u00e4<\/li>\n<li>Integroitu hydraulisesti s\u00e4\u00e4dett\u00e4v\u00e4 avausjarru<\/li>\n<li>Avausjarrua s\u00e4\u00e4det\u00e4\u00e4n edest\u00e4 venttiilill\u00e4<\/li>\n<li>Asennuskulma v\u00e4lill\u00e4 <strong>70\u00b0 ja 150\u00b0<\/strong><\/li>\n<li>S\u00e4hk\u00f6mekaaninen asennus: Ei<\/li>\n<li>Vapaa heilahdustoiminto: Ei<\/li>\n<li>Viiv\u00e4stetty sulkeutuminen: Ei<\/li>\n<\/ul>\n<h3>T\u00e4rke\u00e4\u00e4 tietoa<\/h3>\n<p>T\u00e4m\u00e4 malli toimitetaan <strong>pystyvarsi ilman irrotusmahdollisuutta<\/strong>. <strong>Jalustan vartta ei saa k\u00e4ytt\u00e4\u00e4 palo-ovissa.<\/strong>, mink\u00e4 ansiosta t\u00e4m\u00e4 vaihtoehto sopii ensisijaisesti sis\u00e4- ja ulko-oviin, joissa halutaan pystyovet.<\/p>\n<h3>Hyv\u00e4ksynt\u00e4 ja toteutus<\/h3>\n<ul>\n<li>Hyv\u00e4ksytty standardin mukaisesti <strong>EN 1154<\/strong><\/li>\n<li>Vakiov\u00e4rit: hopea, ruskea ja valkoinen, lakattu RAL 9016<\/li>\n<li>Erikoisv\u00e4rit mahdollisia RAL- tai NCS-asteikon mukaan pyynn\u00f6st\u00e4<\/li>\n<\/ul>\n<h3>Sopii<\/h3>\n<ul>\n<li>sis\u00e4ovet<\/li>\n<li>etuovet<\/li>\n<li>sis\u00e4\u00e4nk\u00e4yntiovet<\/li>\n<li>oviymp\u00e4rist\u00f6iss\u00e4, joissa tarvitaan n\u00e4ytt\u00f6toimintoa<\/li>\n<li>kiinteist\u00f6t, toimistot ja julkiset tilat<\/li>\n<\/ul>\n<p>GEZE TS4000 on hyv\u00e4 valinta niille, jotka etsiv\u00e4t <strong>ovensuljin pystyvarrella<\/strong> t\u00e4ydellisen\u00e4 sarjana. Saat luotettavan ovensulkimen, jolla on hyv\u00e4t s\u00e4\u00e4dett\u00e4vyysominaisuudet, vakaa toiminta ja k\u00e4yt\u00e4nn\u00f6llinen asennus moniin erityyppisiin oviymp\u00e4rist\u00f6ihin.<\/p>\n<div style=\"background: #f6f8fa;padding: 14px;border-radius: 6px;margin: 18px 0\"><strong>Tarvitsetko apua oikean ovensulkimen valinnassa?<\/strong><br \/>\nVertaile oven tyyppi\u00e4, varsityyppi\u00e4 ja oven leveytt\u00e4 tai katso lis\u00e4\u00e4 malleja valikoimastamme.<br \/>\n<a style=\"font-weight: bold\" href=\"https:\/\/secureus.se\/fi\/dorrstangare-kompletta\/\"><br \/>\nKatso kaikki t\u00e4ydelliset ovensulkimet t\u00e4\u00e4lt\u00e4 \u2192<br \/>\n<\/a><\/div>","protected":false},"excerpt":{"rendered":"<p><strong>GEZE TS4000 ovensuljin, t\u00e4ydellinen sarja, hopea<\/strong> pystyvarrella sis\u00e4- ja ulko-ovien turvalliseen ja hallittuun sulkemiseen. Sopii <strong>yksitt\u00e4isovet jopa 1400 mm<\/strong> ja voidaan asentaa <strong>ovenlehden saranapuolella<\/strong> tai <strong>rungon pys\u00e4ytyspuoli<\/strong>.<\/p>\n<p>T\u00e4ydellinen sarja sis\u00e4lt\u00e4\u00e4: <strong>ovensulkimen kotelo TS4000, kiinnitysvarsi TS2000\/4000 ja kiinnityslevy TS4000\/5000<\/strong>. Mallissa on <strong>portaattomasti s\u00e4\u00e4dett\u00e4v\u00e4 sulkeutumisvoima EN 1-6<\/strong>, avausjarru ja sopii sek\u00e4 oikea- ett\u00e4 vasenk\u00e4tisille oville.<\/p>","protected":false},"featured_media":137319,"template":"","meta":{"_acf_changed":false},"product_brand":[],"product_cat":[3258,4864],"product_tag":[4863],"class_list":{"0":"post-91438","1":"product","2":"type-product","3":"status-publish","4":"has-post-thumbnail","6":"product_cat-dorrstangare","7":"product_cat-dorrstangare-kompletta","8":"product_tag-pf","9":"product_shipping_class-tunga-paket","10":"pa_brands-geze","11":"tm-no-options","13":"first","14":"instock","15":"sale","16":"taxable","17":"shipping-taxable","18":"purchasable","19":"product-type-simple"},"acf":[],"_links":{"self":[{"href":"https:\/\/secureus.se\/fi\/wp-json\/wp\/v2\/product\/91438","targetHints":{"allow":["GET"]}}],"collection":[{"href":"https:\/\/secureus.se\/fi\/wp-json\/wp\/v2\/product"}],"about":[{"href":"https:\/\/secureus.se\/fi\/wp-json\/wp\/v2\/types\/product"}],"wp:featuredmedia":[{"embeddable":true,"href":"https:\/\/secureus.se\/fi\/wp-json\/wp\/v2\/media\/137319"}],"wp:attachment":[{"href":"https:\/\/secureus.se\/fi\/wp-json\/wp\/v2\/media?parent=91438"}],"wp:term":[{"taxonomy":"product_brand","embeddable":true,"href":"https:\/\/secureus.se\/fi\/wp-json\/wp\/v2\/product_brand?post=91438"},{"taxonomy":"product_cat","embeddable":true,"href":"https:\/\/secureus.se\/fi\/wp-json\/wp\/v2\/product_cat?post=91438"},{"taxonomy":"product_tag","embeddable":true,"href":"https:\/\/secureus.se\/fi\/wp-json\/wp\/v2\/product_tag?post=91438"}],"curies":[{"name":"wp","href":"https:\/\/api.w.org\/{rel}","templated":true}]}}