{"id":91465,"date":"2024-05-01T22:05:06","date_gmt":"2024-05-01T20:05:06","guid":{"rendered":"https:\/\/secureus.se\/?post_type=product&#038;p=91465"},"modified":"2026-04-23T12:14:04","modified_gmt":"2026-04-23T10:14:04","slug":"dorrstangarsats-dc700-461-silver","status":"publish","type":"product","link":"https:\/\/secureus.se\/fi\/dorrstangarsats-dc700-461-silver\/","title":{"rendered":"ASSA ABLOY DC700 -kaksoisovisarja \u2013 EN 3-6 \u2013 Hopea"},"content":{"rendered":"<p><strong>ASSA ABLOY DC700 -parioven sarja<\/strong> on t\u00e4ydellinen ratkaisu niille, jotka tarvitsevat turvallisen, hallitun ja oikean sulkemisen <strong>pariovet<\/strong> kiinteist\u00f6iss\u00e4, julkisissa tiloissa ja muissa vaativissa oviymp\u00e4rist\u00f6iss\u00e4. Sarja perustuu <strong>DC700-sarja<\/strong> ja toimitetaan mukana <strong>liukukisko G461<\/strong> sis\u00e4\u00e4nrakennetulla mekaanisella tahdistimella, joka varmistaa ovenlehtien oikean sulkeutumisj\u00e4rjestyksen.<\/p>\n<p>T\u00e4m\u00e4 kaksoisovisarja sopii <strong>ulko-ovet, sis\u00e4ovet ja palo-ovet<\/strong> ja se on kehitetty oviymp\u00e4rist\u00f6ihin, joissa sek\u00e4 turvallisuus, kest\u00e4vyys ett\u00e4 oikea toiminta ovat ratkaisevan t\u00e4rkeit\u00e4. <strong>Sulkemisvoima EN 3-6<\/strong> ja liukukiskoj\u00e4rjestelm\u00e4n ansiosta saat vakaan ratkaisun, jossa on hyv\u00e4 hallinta ja huomaamattomampi varsij\u00e4rjestelm\u00e4.<\/p>\n<h3>T\u00e4m\u00e4 sis\u00e4ltyy pakettiin<\/h3>\n<ul>\n<li>2 ovensulkimen koteloa DC700<\/li>\n<li>2 kpl kiinnityslevy\u00e4 A120<\/li>\n<li>G461-liukukisko, jossa on sis\u00e4\u00e4nrakennettu mekaaninen oventahdistin<\/li>\n<\/ul>\n<h3>Ominaisuudet<\/h3>\n<ul>\n<li>T\u00e4ydellinen pariovien sarja, jossa on kaksi ovensulkimen koteloa, kaksi asennuslevy\u00e4 ja liukukisko koordinaattorilla<\/li>\n<li>Varsij\u00e4rjestelm\u00e4: <strong>Liukuva kisko<\/strong><\/li>\n<li>Sulkemisvoima: <strong>FI 3-6<\/strong><\/li>\n<li>Sill\u00e4 <strong>pariovet<\/strong><\/li>\n<li>Liukukisko sis\u00e4\u00e4nrakennetulla mekaanisella ovikoordinaattorilla parioville<\/li>\n<li>Sopii vasen- ja oikeak\u00e4tisille oville<\/li>\n<li>Avausjarru: Kyll\u00e4<\/li>\n<li>Arvioidut rakennusmateriaalit: Kyll\u00e4<\/li>\n<li>Pintak\u00e4sittely: <strong>Hopea<\/strong><\/li>\n<\/ul>\n<h3>Oven mitat ja avautumiskulma<\/h3>\n<ul>\n<li>Kahvojen oven leveys <strong>Saranoiden v\u00e4linen et\u00e4isyys 1250\u20132800 mm k\/k<\/strong> saranapuolelle asennettuna<\/li>\n<li>Kahvojen oven leveys <strong>1400\u20132800 mm<\/strong> asennettuna pys\u00e4ytyspuolelle<\/li>\n<li>Passiivisen ovilehden v\u00e4himm\u00e4isleveys saranapuolella: <strong>350 mm<\/strong><\/li>\n<li>Oven v\u00e4himm\u00e4isleveys passiivisessa ovilehdess\u00e4 vastapuolella: <strong>400 mm<\/strong><\/li>\n<li>Saranapuolen avauskulma s\u00e4\u00e4dett\u00e4viss\u00e4 jopa <strong>160\u00b0<\/strong><\/li>\n<li>Avauskulma pys\u00e4ytyspuolella s\u00e4\u00e4dett\u00e4viss\u00e4 jopa noin. <strong>120\u00b0<\/strong><\/li>\n<\/ul>\n<h3>Kokoonpano ja toiminta<\/h3>\n<p>ASSA ABLOY DC700-461 on suunniteltu asennettavaksi <strong>oven saranapuoli<\/strong> tai <strong>oven vastakkainasettelupuoli<\/strong>. Jos tarvitset suuremman avauskulman kuin <strong>160\u00b0<\/strong> saranapuolelle asennettaessa suositellaan <strong>ovensulkimen kotelo DC700AC<\/strong>.<\/p>\n<p>Liukukisko on s\u00e4\u00e4dett\u00e4v\u00e4. <strong>14 mm korkea<\/strong>, mik\u00e4 helpottaa asennusta. Asennetaan <strong>ilmoitussivu<\/strong> tarvittavat lis\u00e4varusteet <strong>G120<\/strong>.<\/p>\n<h3>T\u00e4rke\u00e4\u00e4 tietoa<\/h3>\n<ul>\n<li><strong>Ovensuljin ASSA ABLOY 2010<\/strong> tulisi k\u00e4ytt\u00e4\u00e4 oven koordinaattorin toiminnan varmistamiseksi<\/li>\n<li><strong>K\u00e4\u00e4nt\u00f6laakeri A151<\/strong> voidaan k\u00e4ytt\u00e4\u00e4 yhdess\u00e4 G461:n kanssa palo-ovien ja k\u00e4\u00e4nt\u00f6ovien automatisoinnin koordinointiin<\/li>\n<li><strong>Asennusyksikk\u00f6\u00e4 A114 ei saa k\u00e4ytt\u00e4\u00e4 palo-osastoivan tilan rajalla olevissa ovissa.<\/strong><\/li>\n<li>T\u00e4ytt\u00e4\u00e4 vaatimukset standardin mukaisesti <strong>EN 1154\/1158<\/strong><\/li>\n<\/ul>\n<h3>Mitata<\/h3>\n<ul>\n<li>Korkeus: <strong>31 mm<\/strong><\/li>\n<li>Syvyys: <strong>33 mm<\/strong><\/li>\n<li>Pituus: riippuen oven leveydest\u00e4<\/li>\n<\/ul>\n<h3>Sopii<\/h3>\n<ul>\n<li>kaksoisovet kiinteist\u00f6iss\u00e4 ja julkisissa tiloissa<\/li>\n<li>sis\u00e4ovet<\/li>\n<li>etuovet<\/li>\n<li>palo-ovet<\/li>\n<li>ovien oikean sulkemisj\u00e4rjestyksen vaatimat ymp\u00e4rist\u00f6t<\/li>\n<\/ul>\n<p>ASSA ABLOY DC700 -pariovien sarja on hyv\u00e4 valinta niille, jotka etsiv\u00e4t <strong>T\u00e4ydellinen ovensuljinratkaisu parioville<\/strong> Tahdistimella ja liukukiskolla. Saat kest\u00e4v\u00e4n ja luotettavan ratkaisun, joka auttaa ovenlehti\u00e4 sulkeutumaan oikeassa j\u00e4rjestyksess\u00e4 ja varmistaa turvallisen toiminnan vaativissa ymp\u00e4rist\u00f6iss\u00e4.<\/p>\n<div style=\"background: #f6f8fa;padding: 14px;border-radius: 6px;margin: 18px 0\"><strong>Tarvitsetko apua oikean ovensulkimen valinnassa?<\/strong><br \/>\nVertaile oven tyyppi\u00e4, varsityyppi\u00e4 ja oven leveytt\u00e4 tai katso lis\u00e4\u00e4 malleja valikoimastamme.<br \/>\n<a style=\"font-weight: bold\" href=\"https:\/\/secureus.se\/fi\/dorrstangare-kompletta\/\"><br \/>\nKatso kaikki t\u00e4ydelliset ovensulkimet t\u00e4\u00e4lt\u00e4 \u2192<br \/>\n<\/a><\/div>","protected":false},"excerpt":{"rendered":"<p><strong>ASSA ABLOY DC700 -parioven sarja hopeanv\u00e4risen\u00e4<\/strong> liukukiskolla G461 ja sis\u00e4\u00e4nrakennetulla tahdistimella pariovien turvalliseen ja hallittuun sulkemiseen sis\u00e4- ja ulko-ovissa sek\u00e4 palo-ovissa. Sarja on mukautettu <strong>pariovet<\/strong> ja sill\u00e4 on <strong>Sulkemisvoima EN 3-6<\/strong>.<\/p>\n<p>Pakkaus sis\u00e4lt\u00e4\u00e4 <strong>2 ovensulkimen koteloa DC700, 2 asennuslevy\u00e4 A120 ja liukukisko G461 mekaanisella oventahdistimella<\/strong>. Hyv\u00e4 valinta, kun oikea sulkeutumisj\u00e4rjestys ja turvallinen toiminta ovat t\u00e4rkeit\u00e4 pariovissa.<\/p>","protected":false},"featured_media":137745,"template":"","meta":{"_acf_changed":false},"product_brand":[],"product_cat":[3258,4864],"product_tag":[4863],"class_list":{"0":"post-91465","1":"product","2":"type-product","3":"status-publish","4":"has-post-thumbnail","6":"product_cat-dorrstangare","7":"product_cat-dorrstangare-kompletta","8":"product_tag-pf","9":"product_shipping_class-tunga-paket","10":"pa_brands-abloy","11":"tm-no-options","13":"first","14":"instock","15":"sale","16":"taxable","17":"shipping-taxable","18":"purchasable","19":"product-type-simple"},"acf":[],"_links":{"self":[{"href":"https:\/\/secureus.se\/fi\/wp-json\/wp\/v2\/product\/91465","targetHints":{"allow":["GET"]}}],"collection":[{"href":"https:\/\/secureus.se\/fi\/wp-json\/wp\/v2\/product"}],"about":[{"href":"https:\/\/secureus.se\/fi\/wp-json\/wp\/v2\/types\/product"}],"wp:featuredmedia":[{"embeddable":true,"href":"https:\/\/secureus.se\/fi\/wp-json\/wp\/v2\/media\/137745"}],"wp:attachment":[{"href":"https:\/\/secureus.se\/fi\/wp-json\/wp\/v2\/media?parent=91465"}],"wp:term":[{"taxonomy":"product_brand","embeddable":true,"href":"https:\/\/secureus.se\/fi\/wp-json\/wp\/v2\/product_brand?post=91465"},{"taxonomy":"product_cat","embeddable":true,"href":"https:\/\/secureus.se\/fi\/wp-json\/wp\/v2\/product_cat?post=91465"},{"taxonomy":"product_tag","embeddable":true,"href":"https:\/\/secureus.se\/fi\/wp-json\/wp\/v2\/product_tag?post=91465"}],"curies":[{"name":"wp","href":"https:\/\/api.w.org\/{rel}","templated":true}]}}