{"id":91471,"date":"2024-05-01T22:05:07","date_gmt":"2024-05-01T20:05:07","guid":{"rendered":"https:\/\/secureus.se\/?post_type=product&#038;p=91471"},"modified":"2026-04-08T15:51:17","modified_gmt":"2026-04-08T13:51:17","slug":"dorrstangarsats-ts93g-2-5-n-med-standardglidskena-silver","status":"publish","type":"product","link":"https:\/\/secureus.se\/fi\/dorrstangarsats-ts93g-2-5-n-med-standardglidskena-silver\/","title":{"rendered":"Dormakaba TS93G ovensuljin \u2013 T\u00e4ydellinen sarja \u2013 EN 2-5 \u2013 Liukukisko \u2013 Hopea"},"content":{"rendered":"<p><strong>Dormakaba TS93G<\/strong> on edistyksellinen ja luotettava ovensuljin <strong>Muotoilusuunnittelu<\/strong> niille, jotka haluavat turvallisen, sujuvan ja hallitun oven sulkeutumisen nykyaikaisissa oviymp\u00e4rist\u00f6iss\u00e4. T\u00e4m\u00e4 malli toimitetaan <strong>t\u00e4ydellinen pakkaus<\/strong> hopeassa <strong>liukukisko G93N<\/strong> ja sopii sis\u00e4oviin, ulko-oviin, palo-oviin ja savua erottaviin sis\u00e4oviin.<\/p>\n<p>Ansiosta <strong>HELPPO OPEN -teknologia<\/strong> Syd\u00e4menmuotoisen nokan ansiosta avausvastus on pienempi, mik\u00e4 tekee oven k\u00e4yt\u00f6st\u00e4 mukavampaa ja s\u00e4ilytt\u00e4\u00e4 samalla vakaan ja hallitun sulkeutumistoiminnon. Ovensulkimessa on <strong>portaattomasti s\u00e4\u00e4dett\u00e4v\u00e4 sulkeutumisvoima EN 2-5<\/strong> ja sopii <strong>yksitt\u00e4isovet jopa 1250 mm<\/strong>.<\/p>\n<p>Ovensulkijan talo <strong>TS93G<\/strong> asennettuna <strong>ovenlehden vastakkainasettelupuoli<\/strong> tai <strong>rungon saranapuolella<\/strong>. Vastakkaiseen asennukseen <strong>TS93B<\/strong>.<\/p>\n<h3>T\u00e4m\u00e4 sis\u00e4ltyy pakettiin<\/h3>\n<ul>\n<li>Ovensulkimen kotelo TS93G<\/li>\n<li>Asennuslevy<\/li>\n<li>Liukukisko G93N<\/li>\n<\/ul>\n<h3>Ominaisuudet<\/h3>\n<ul>\n<li>T\u00e4ydellinen sarja, jossa ovensulkimen kotelo, asennuslevy ja liukukisko<\/li>\n<li>Hydraulinen ovensuljin nokkalevyll\u00e4 ja puristusjousella<\/li>\n<li>Varsij\u00e4rjestelm\u00e4: <strong>Liukuva kisko<\/strong><\/li>\n<li>Sulkemisvoima: <strong>FI 2-5<\/strong><\/li>\n<li>Portaattomasti s\u00e4\u00e4dett\u00e4v\u00e4 oven sulkeutumisvoima<\/li>\n<li>Sopii yhteen oveen<\/li>\n<li>Ovenlehden maksimileveys: <strong>1250 mm<\/strong><\/li>\n<li>Sopii vasemman- ja oikeanpuoleisiin oviin<\/li>\n<li>Asennettu ovenlehden vastapuolelle tai karmin saranapuolelle<\/li>\n<li>Hydraulinen avausjarru<\/li>\n<li>Viiv\u00e4stetty sulkeminen<\/li>\n<li>Pintak\u00e4sittely: <strong>Hopea<\/strong><\/li>\n<\/ul>\n<h3>Toiminnot<\/h3>\n<ul>\n<li>Sulkeutumisnopeus portaattomasti s\u00e4\u00e4dett\u00e4viss\u00e4 venttiilin avulla<\/li>\n<li>Sulkemisvoima portaattomasti s\u00e4\u00e4dett\u00e4viss\u00e4 s\u00e4\u00e4t\u00f6ruuvilla<\/li>\n<li>Portaattomasti s\u00e4\u00e4dett\u00e4v\u00e4 p\u00e4\u00e4lle-\/pois-toiminto venttiilin avulla<\/li>\n<li>Avausjarru s\u00e4\u00e4dett\u00e4v\u00e4 venttiilill\u00e4<\/li>\n<li>Viiv\u00e4stetty sulkemistoiminto portaattomasti s\u00e4\u00e4dett\u00e4viss\u00e4 venttiilin avulla<\/li>\n<li>Voidaan k\u00e4ytt\u00e4\u00e4 vain liukukiskon kanssa<\/li>\n<li>Ovensuljin testattu standardin mukaisesti <strong>EN 1154<\/strong><\/li>\n<li>S\u00e4hk\u00f6mekaaninen asennus: Ei<\/li>\n<li>Vapaa heilahdustoiminto: Ei<\/li>\n<\/ul>\n<h3>Avauskulma<\/h3>\n<ul>\n<li><strong>Oven kokoonpano:<\/strong> 120\u00b0 ja 145\u00b0 v\u00e4lill\u00e4 teknisist\u00e4 olosuhteista riippuen<\/li>\n<li><strong>Rungon kokoonpano:<\/strong> olosuhteista riippuen ovea voidaan avata jopa 180\u00b0<\/li>\n<\/ul>\n<h3>Mitata<\/h3>\n<ul>\n<li>Pituus: <strong>275 mm<\/strong><\/li>\n<li>Korkeus: <strong>60 mm<\/strong><\/li>\n<li>Syvyys: <strong>53 mm<\/strong><\/li>\n<\/ul>\n<h3>Sopii<\/h3>\n<ul>\n<li>sis\u00e4ovet<\/li>\n<li>etuovet<\/li>\n<li>palo-ovet<\/li>\n<li>savua erottava pariovien sis\u00e4puoli<\/li>\n<li>kiinteist\u00f6t, toimistot ja julkiset tilat<\/li>\n<\/ul>\n<p>Dormakaba TS93G on hyv\u00e4 valinta niille, jotka etsiv\u00e4t <strong>oven suljin liukukiskolla<\/strong> T\u00e4ydellisess\u00e4 kokonaisuudessa, jossa mukavuus, toimivuus ja muotoilu ovat kaikki t\u00e4rkeit\u00e4. Saat luotettavan ovensulkimen, joka avautuu kevyesti, jolla on hyv\u00e4t s\u00e4\u00e4dett\u00e4vyysmahdollisuudet ja huomaamaton ulkon\u00e4k\u00f6, joka sopii moniin erilaisiin ymp\u00e4rist\u00f6ihin.<\/p>\n<div style=\"background: #f6f8fa;padding: 14px;border-radius: 6px;margin: 18px 0\"><strong>Tarvitsetko apua oikean ovensulkimen valinnassa?<\/strong><br \/>\nVertaile oven tyyppi\u00e4, varsityyppi\u00e4 ja oven leveytt\u00e4 tai katso lis\u00e4\u00e4 malleja valikoimastamme.<br \/>\n<a style=\"font-weight: bold\" href=\"https:\/\/secureus.se\/fi\/dorrstangare-kompletta\/\"><br \/>\nKatso kaikki t\u00e4ydelliset ovensulkimet t\u00e4\u00e4lt\u00e4 \u2192<br \/>\n<\/a><\/div>","protected":false},"excerpt":{"rendered":"<p><strong>Dormakaba TS93G ovensuljin, t\u00e4ydellinen sarja, hopea<\/strong> liukukiskolla sis\u00e4- ja ulko-ovien sek\u00e4 palo-ovien turvalliseen, hiljaiseen ja hallittuun sulkemiseen. Sopii <strong>yksitt\u00e4isovet jopa 1250 mm<\/strong> ja sill\u00e4 on <strong>HELPPO OPEN -teknologia<\/strong> kevyemm\u00e4n avausvastuksen saavuttamiseksi.<\/p>\n<p>T\u00e4ydellinen sarja sis\u00e4lt\u00e4\u00e4: <strong>ovensulkimen kotelo TS93G asennuslevyll\u00e4 ja liukukiskolla G93N<\/strong>. Mallissa on <strong>portaattomasti s\u00e4\u00e4dett\u00e4v\u00e4 sulkeutumisvoima EN 2-5<\/strong>, avausjarru ja viiveellinen sulkeutuminen mukavuutta ja joustavaa mukautumista varten.<\/p>","protected":false},"featured_media":137270,"template":"","meta":{"_acf_changed":false},"product_brand":[],"product_cat":[3258,4864],"product_tag":[4863],"class_list":{"0":"post-91471","1":"product","2":"type-product","3":"status-publish","4":"has-post-thumbnail","6":"product_cat-dorrstangare","7":"product_cat-dorrstangare-kompletta","8":"product_tag-pf","9":"product_shipping_class-tunga-paket","10":"pa_brands-dormakaba","11":"tm-no-options","13":"first","14":"instock","15":"sale","16":"taxable","17":"shipping-taxable","18":"purchasable","19":"product-type-simple"},"acf":[],"_links":{"self":[{"href":"https:\/\/secureus.se\/fi\/wp-json\/wp\/v2\/product\/91471","targetHints":{"allow":["GET"]}}],"collection":[{"href":"https:\/\/secureus.se\/fi\/wp-json\/wp\/v2\/product"}],"about":[{"href":"https:\/\/secureus.se\/fi\/wp-json\/wp\/v2\/types\/product"}],"wp:featuredmedia":[{"embeddable":true,"href":"https:\/\/secureus.se\/fi\/wp-json\/wp\/v2\/media\/137270"}],"wp:attachment":[{"href":"https:\/\/secureus.se\/fi\/wp-json\/wp\/v2\/media?parent=91471"}],"wp:term":[{"taxonomy":"product_brand","embeddable":true,"href":"https:\/\/secureus.se\/fi\/wp-json\/wp\/v2\/product_brand?post=91471"},{"taxonomy":"product_cat","embeddable":true,"href":"https:\/\/secureus.se\/fi\/wp-json\/wp\/v2\/product_cat?post=91471"},{"taxonomy":"product_tag","embeddable":true,"href":"https:\/\/secureus.se\/fi\/wp-json\/wp\/v2\/product_tag?post=91471"}],"curies":[{"name":"wp","href":"https:\/\/api.w.org\/{rel}","templated":true}]}}