{"id":91474,"date":"2024-05-01T22:05:06","date_gmt":"2024-05-01T20:05:06","guid":{"rendered":"https:\/\/secureus.se\/?post_type=product&#038;p=91474"},"modified":"2026-04-23T12:13:57","modified_gmt":"2026-04-23T10:13:57","slug":"dorrstangarsats-dc300-ob-3-6-med-uppstallningsarm-silver","status":"publish","type":"product","link":"https:\/\/secureus.se\/fi\/dorrstangarsats-dc300-ob-3-6-med-uppstallningsarm-silver\/","title":{"rendered":"ASSA ABLOY DC300 -ovensuljin \u2013 T\u00e4ydellinen sarja \u2013 EN 3-6 \u2013 Asennusvarsi \u2013 Hopea"},"content":{"rendered":"<p><strong>ASSA ABLOY DC300<\/strong> on luotettava ovensuljin niille, jotka haluavat turvallisen, sujuvan ja hallitun sis\u00e4- ja ulko-ovien sek\u00e4 palo-ovien sulkeutumisen. T\u00e4m\u00e4 malli toimitetaan <strong>t\u00e4ydellinen pakkaus<\/strong> hopeassa <strong>jalustavarsi L191<\/strong>, mik\u00e4 tekee siit\u00e4 hyv\u00e4n valinnan oviymp\u00e4rist\u00f6ihin, joissa joskus haluat pit\u00e4\u00e4 oven auki.<\/p>\n<p>Ovensuljin sopii <strong>yksitt\u00e4isovet jopa 1400 mm<\/strong> ja sill\u00e4 on <strong>s\u00e4\u00e4dett\u00e4v\u00e4 sulkeutumisvoima EN 3-6<\/strong>. Se voidaan asentaa <strong>oven saranapuolella<\/strong> tai <strong>rungon pys\u00e4ytyspuoli<\/strong> ja sopii molemmille <strong>vasemmalle ja oikealle k\u00e4ttyv\u00e4t ovet<\/strong>.<\/p>\n<h3>T\u00e4m\u00e4 sis\u00e4ltyy pakettiin<\/h3>\n<ul>\n<li>Ovensulkimen kotelo DC300<\/li>\n<li>Jalustavarsi L191<\/li>\n<li>Asennuslevy A120<\/li>\n<\/ul>\n<h3>Ominaisuudet<\/h3>\n<ul>\n<li>T\u00e4ydellinen sarja, joka sis\u00e4lt\u00e4\u00e4 ovensulkimen kotelon, kiinnitysvarren ja kiinnityslevyn<\/li>\n<li>Varsij\u00e4rjestelm\u00e4: <strong>Vakiovarsi pystytoiminnolla<\/strong><\/li>\n<li>Sulkemisvoima: <strong>FI 3-6<\/strong><\/li>\n<li>Sulkemismomentti <strong>18\u201354 Nm<\/strong><\/li>\n<li>Sopii yhteen oveen<\/li>\n<li>Ovenlehden maksimileveys: <strong>1400 mm<\/strong><\/li>\n<li>Sopii vasen- ja oikeak\u00e4tisille oville<\/li>\n<li>Voidaan asentaa oven saranapuolelle tai karmin pys\u00e4yttimen puolelle<\/li>\n<li>Avausjarru: Kyll\u00e4<\/li>\n<li>DC300 l\u00e4p\u00e4isee luokan <strong>C5<\/strong><\/li>\n<li>S\u00e4\u00e4dett\u00e4v\u00e4 varren korkeus jopa <strong>14 mm<\/strong> helpompaa asennusta varten<\/li>\n<li>S\u00e4\u00e4dett\u00e4v\u00e4 sulkeutumisnopeus<\/li>\n<li>S\u00e4\u00e4dett\u00e4v\u00e4 iskuvoima<\/li>\n<li>Piilotettu asennuslevy<\/li>\n<li>Pintak\u00e4sittely: <strong>Hopea<\/strong><\/li>\n<li>Arvioidut rakennusmateriaalit: Kyll\u00e4<\/li>\n<\/ul>\n<h3>Toiminto<\/h3>\n<p>DC300 on <strong>painejousi oven suljin<\/strong> korkealaatuisella hydrauliikka\u00f6ljyll\u00e4 ja l\u00e4mp\u00f6tilakompensoivilla venttiileill\u00e4. T\u00e4m\u00e4 takaa vakaan ja luotettavan toiminnan my\u00f6s ymp\u00e4rist\u00f6iss\u00e4, joissa l\u00e4mp\u00f6tila vaihtelee ja joissa ovea k\u00e4ytet\u00e4\u00e4n usein.<\/p>\n<h3>T\u00e4rke\u00e4\u00e4 tietoa<\/h3>\n<p>T\u00e4m\u00e4 malli toimitetaan <strong>seisomak\u00e4sivarsi<\/strong>, jonka ansiosta ovi voidaan pit\u00e4\u00e4 auki tarvittaessa. Se on hyv\u00e4 valinta ymp\u00e4rist\u00f6ihin, joissa haluat yhdist\u00e4\u00e4 hallitun sulkeutumisen k\u00e4yt\u00e4nn\u00f6lliseen sijoitteluun tiettyin\u00e4 aikoina p\u00e4iv\u00e4st\u00e4.<\/p>\n<h3>Mitata<\/h3>\n<ul>\n<li>Korkeus: <strong>60 mm<\/strong><\/li>\n<li>Syvyys: <strong>47 mm<\/strong><\/li>\n<li>Pituus: <strong>260 mm<\/strong><\/li>\n<\/ul>\n<h3>Sopii<\/h3>\n<ul>\n<li>sis\u00e4ovet<\/li>\n<li>etuovet<\/li>\n<li>palo-ovet<\/li>\n<li>sis\u00e4\u00e4nk\u00e4yntiovet<\/li>\n<li>kiinteist\u00f6t, toimistot ja julkiset tilat<\/li>\n<\/ul>\n<p>ASSA ABLOY DC300 on hyv\u00e4 valinta niille, jotka etsiv\u00e4t <strong>ovensuljin pystyvarrella<\/strong> t\u00e4ydellisen\u00e4 sarjana. Saat kest\u00e4v\u00e4n ja luotettavan ovensulkimen, jolla on hyv\u00e4t s\u00e4\u00e4dett\u00e4vyysominaisuudet, vakaa toiminta ja helppo asennus moniin erilaisiin oviymp\u00e4rist\u00f6ihin.<\/p>\n<div style=\"background: #f6f8fa;padding: 14px;border-radius: 6px;margin: 18px 0\"><strong>Tarvitsetko apua oikean ovensulkimen valinnassa?<\/strong><br \/>\nVertaile oven tyyppi\u00e4, varsityyppi\u00e4 ja oven leveytt\u00e4 tai katso lis\u00e4\u00e4 malleja valikoimastamme.<br \/>\n<a style=\"font-weight: bold\" href=\"https:\/\/secureus.se\/fi\/dorrstangare-kompletta\/\"><br \/>\nKatso kaikki t\u00e4ydelliset ovensulkimet t\u00e4\u00e4lt\u00e4 \u2192<br \/>\n<\/a><\/div>","protected":false},"excerpt":{"rendered":"<p><strong>ASSA ABLOY DC300 -ovensuljin, t\u00e4ydellinen sarja, hopeanv\u00e4rinen<\/strong> L191-seisontavarrella sis\u00e4- ja ulko-ovien sek\u00e4 palo-ovien turvalliseen ja hallittuun sulkemiseen. Sopii <strong>yksitt\u00e4isovet jopa 1400 mm<\/strong> ja voidaan asentaa <strong>oven saranapuolella<\/strong> tai <strong>rungon pys\u00e4ytyspuoli<\/strong>.<\/p>\n<p>T\u00e4ydellinen sarja sis\u00e4lt\u00e4\u00e4: <strong>ovensulkimen kotelo DC300, kiinnitysvarsi L191 ja kiinnityslevy A120<\/strong>. Mallissa on <strong>s\u00e4\u00e4dett\u00e4v\u00e4 sulkeutumisvoima EN 3-6<\/strong>, avausjarru ja sopii sek\u00e4 vasen- ett\u00e4 oikeak\u00e4tisille oville.<\/p>","protected":false},"featured_media":138111,"template":"","meta":{"_acf_changed":false},"product_brand":[],"product_cat":[3258,4864],"product_tag":[4863],"class_list":{"0":"post-91474","1":"product","2":"type-product","3":"status-publish","4":"has-post-thumbnail","6":"product_cat-dorrstangare","7":"product_cat-dorrstangare-kompletta","8":"product_tag-pf","9":"product_shipping_class-tunga-paket","10":"pa_brands-abloy","11":"tm-no-options","13":"first","14":"instock","15":"sale","16":"taxable","17":"shipping-taxable","18":"purchasable","19":"product-type-simple"},"acf":[],"_links":{"self":[{"href":"https:\/\/secureus.se\/fi\/wp-json\/wp\/v2\/product\/91474","targetHints":{"allow":["GET"]}}],"collection":[{"href":"https:\/\/secureus.se\/fi\/wp-json\/wp\/v2\/product"}],"about":[{"href":"https:\/\/secureus.se\/fi\/wp-json\/wp\/v2\/types\/product"}],"wp:featuredmedia":[{"embeddable":true,"href":"https:\/\/secureus.se\/fi\/wp-json\/wp\/v2\/media\/138111"}],"wp:attachment":[{"href":"https:\/\/secureus.se\/fi\/wp-json\/wp\/v2\/media?parent=91474"}],"wp:term":[{"taxonomy":"product_brand","embeddable":true,"href":"https:\/\/secureus.se\/fi\/wp-json\/wp\/v2\/product_brand?post=91474"},{"taxonomy":"product_cat","embeddable":true,"href":"https:\/\/secureus.se\/fi\/wp-json\/wp\/v2\/product_cat?post=91474"},{"taxonomy":"product_tag","embeddable":true,"href":"https:\/\/secureus.se\/fi\/wp-json\/wp\/v2\/product_tag?post=91474"}],"curies":[{"name":"wp","href":"https:\/\/api.w.org\/{rel}","templated":true}]}}