{"id":91509,"date":"2024-05-01T22:05:08","date_gmt":"2024-05-01T20:05:08","guid":{"rendered":"https:\/\/secureus.se\/?post_type=product&#038;p=91509"},"modified":"2026-04-08T15:47:32","modified_gmt":"2026-04-08T13:47:32","slug":"dorrstangarsats-ts83-3-6-med-standardarm-silver","status":"publish","type":"product","link":"https:\/\/secureus.se\/fi\/dorrstangarsats-ts83-3-6-med-standardarm-silver\/","title":{"rendered":"Dormakaba TS83 ovensuljin \u2013 T\u00e4ydellinen sarja \u2013 EN 3-6 \u2013 Vakiovarsi CL\u2011N \u2013 Hopea"},"content":{"rendered":"<p><strong>Dormakaba TS83<\/strong> on tehokas ja luotettava ovensuljin niille, jotka tarvitsevat sis\u00e4- ja ulko-ovien sek\u00e4 palo-ovien turvallisen, sujuvan ja hallitun sulkemisen. T\u00e4m\u00e4 malli toimitetaan <strong>t\u00e4ydellinen pakkaus<\/strong> hopeassa <strong>vakiovarsi CL-N<\/strong>, joten se on k\u00e4tev\u00e4 valinta sek\u00e4 uusiin asennuksiin ett\u00e4 korvaaviin asennuksiin.<\/p>\n<p>Ovensuljin sopii <strong>yksitt\u00e4isovet jopa 1400 mm<\/strong> ja sill\u00e4 on <strong>portaattomasti s\u00e4\u00e4dett\u00e4v\u00e4 sulkeutumisvoima EN 3-6<\/strong>. Se voidaan asentaa <strong>ovenlehden saranapuolella<\/strong> tai <strong>rungon pys\u00e4ytyspuoli<\/strong> ja sopii molemmille <strong>vasen ja oikea ovea<\/strong>.<\/p>\n<h3>T\u00e4m\u00e4 sis\u00e4ltyy pakettiin<\/h3>\n<ul>\n<li>Ovensulkimen kotelo TS83 3-6<\/li>\n<li>Asennuslevy 8380<\/li>\n<li>Vakiovarsi CL-N<\/li>\n<\/ul>\n<h3>Ominaisuudet<\/h3>\n<ul>\n<li>T\u00e4ydellinen sarja, jossa ovensulkimen kotelo, asennuslevy ja vakiovarsi<\/li>\n<li>Hydraulinen ovensuljin puristusjousella<\/li>\n<li>Varsij\u00e4rjestelm\u00e4: <strong>Vakiovarsi<\/strong><\/li>\n<li>Sulkemisvoima: <strong>FI 3-6<\/strong><\/li>\n<li>Portaattomasti s\u00e4\u00e4dett\u00e4v\u00e4 oven sulkeutumisvoima<\/li>\n<li>Sopii yhteen oveen<\/li>\n<li>Ovenlehden maksimileveys: <strong>1400 mm<\/strong><\/li>\n<li>Sopii vasemman- ja oikeanpuoleisiin oviin<\/li>\n<li>Voidaan asentaa oven saranapuolelle tai karmin vastapuolelle<\/li>\n<li>Suurin avautumiskulma: <strong>180\u00b0<\/strong><\/li>\n<li>Avausjarru vakiona<\/li>\n<li>Pintak\u00e4sittely: <strong>Hopea<\/strong><\/li>\n<\/ul>\n<h3>Toiminnot<\/h3>\n<ul>\n<li>Avausjarru: Kyll\u00e4<\/li>\n<li>Sulkeutumisnopeus on s\u00e4\u00e4dett\u00e4viss\u00e4 <strong>180\u00b0 - 0\u00b0<\/strong><\/li>\n<li>Iskuvoima on s\u00e4\u00e4dett\u00e4viss\u00e4. <strong>7\u00b0 - 0\u00b0<\/strong><\/li>\n<li>S\u00e4hk\u00f6mekaaninen asennus: Ei<\/li>\n<li>Vapaa heilahdustoiminto: Ei<\/li>\n<li>Viiv\u00e4stetty sulkeutuminen: Ei<\/li>\n<\/ul>\n<h3>Mitata<\/h3>\n<ul>\n<li>Pituus: <strong>293 mm<\/strong><\/li>\n<li>Korkeus: <strong>60 mm<\/strong><\/li>\n<li>Syvyys: <strong>47,5 mm<\/strong><\/li>\n<\/ul>\n<h3>Sopii<\/h3>\n<ul>\n<li>sis\u00e4ovet<\/li>\n<li>etuovet<\/li>\n<li>palo-ovet<\/li>\n<li>sis\u00e4\u00e4nk\u00e4yntiovet<\/li>\n<li>kiinteist\u00f6t, toimistot ja julkiset tilat<\/li>\n<\/ul>\n<p>Dormakaba TS83 on hyv\u00e4 valinta niille, jotka etsiv\u00e4t <strong>ovensuljin vakiovarrella<\/strong> t\u00e4ydellisen\u00e4 sarjana. Saat luotettavan ovensulkimen, jolla on hyv\u00e4t s\u00e4\u00e4dett\u00e4vyysominaisuudet, vakaa toiminta ja helppo asennus moniin erilaisiin oviymp\u00e4rist\u00f6ihin.<\/p>\n<div style=\"background: #f6f8fa;padding: 14px;border-radius: 6px;margin: 18px 0\"><strong>Tarvitsetko apua oikean ovensulkimen valinnassa?<\/strong><br \/>\nVertaile oven tyyppi\u00e4, varsityyppi\u00e4 ja oven leveytt\u00e4 tai katso lis\u00e4\u00e4 malleja valikoimastamme.<a style=\"font-weight: bold\" href=\"https:\/\/secureus.se\/fi\/dorrstangare-kompletta\/\"><br \/>\nKatso kaikki t\u00e4ydelliset ovensulkimet t\u00e4\u00e4lt\u00e4 \u2192<br \/>\n<\/a><\/div>","protected":false},"excerpt":{"rendered":"<p><strong>Dormakaba TS83 ovensuljin, t\u00e4ydellinen sarja, hopea<\/strong> vakiovarrella CL-N sis\u00e4- ja ulko-ovien sek\u00e4 palo-ovien turvalliseen ja hallittuun sulkemiseen. Sopii <strong>yksitt\u00e4isovet jopa 1400 mm<\/strong> ja voidaan asentaa <strong>ovenlehden saranapuolella<\/strong> tai <strong>rungon pys\u00e4ytyspuoli<\/strong>.<\/p>\n<p>T\u00e4ydellinen sarja sis\u00e4lt\u00e4\u00e4: <strong>ovensulkimen kotelo TS83 3-6, asennuslevy 8380 ja vakiovarsi CL-N<\/strong>. Mallissa on <strong>portaattomasti s\u00e4\u00e4dett\u00e4v\u00e4 sulkeutumisvoima EN 3-6<\/strong>, Vakiona avausjarru, sopii sek\u00e4 vasen- ett\u00e4 oikeak\u00e4tisille oville.<\/p>","protected":false},"featured_media":137446,"template":"","meta":{"_acf_changed":false},"product_brand":[],"product_cat":[3258,4864],"product_tag":[3850,4863],"class_list":{"0":"post-91509","1":"product","2":"type-product","3":"status-publish","4":"has-post-thumbnail","6":"product_cat-dorrstangare","7":"product_cat-dorrstangare-kompletta","8":"product_tag-bastsaljare","9":"product_tag-pf","10":"product_shipping_class-tunga-paket","11":"pa_brands-dormakaba","12":"tm-no-options","14":"first","15":"instock","16":"sale","17":"taxable","18":"shipping-taxable","19":"purchasable","20":"product-type-simple"},"acf":[],"_links":{"self":[{"href":"https:\/\/secureus.se\/fi\/wp-json\/wp\/v2\/product\/91509","targetHints":{"allow":["GET"]}}],"collection":[{"href":"https:\/\/secureus.se\/fi\/wp-json\/wp\/v2\/product"}],"about":[{"href":"https:\/\/secureus.se\/fi\/wp-json\/wp\/v2\/types\/product"}],"wp:featuredmedia":[{"embeddable":true,"href":"https:\/\/secureus.se\/fi\/wp-json\/wp\/v2\/media\/137446"}],"wp:attachment":[{"href":"https:\/\/secureus.se\/fi\/wp-json\/wp\/v2\/media?parent=91509"}],"wp:term":[{"taxonomy":"product_brand","embeddable":true,"href":"https:\/\/secureus.se\/fi\/wp-json\/wp\/v2\/product_brand?post=91509"},{"taxonomy":"product_cat","embeddable":true,"href":"https:\/\/secureus.se\/fi\/wp-json\/wp\/v2\/product_cat?post=91509"},{"taxonomy":"product_tag","embeddable":true,"href":"https:\/\/secureus.se\/fi\/wp-json\/wp\/v2\/product_tag?post=91509"}],"curies":[{"name":"wp","href":"https:\/\/api.w.org\/{rel}","templated":true}]}}