{"id":91527,"date":"2023-09-27T18:14:17","date_gmt":"2023-09-27T16:14:17","guid":{"rendered":"https:\/\/secureus.se\/elslutbleck-114-omvand-12v\/"},"modified":"2026-03-25T15:40:19","modified_gmt":"2026-03-25T14:40:19","slug":"elslutbleck-114-omvand-12v","status":"publish","type":"product","link":"https:\/\/secureus.se\/fi\/elslutbleck-114-omvand-12v\/","title":{"rendered":"S\u00e4hk\u00f6inen p\u00e4\u00e4tylevy 114 K\u00e4\u00e4nteinen 12V"},"content":{"rendered":"<h1>S\u00e4hk\u00f6inen p\u00e4\u00e4tylevy 114 K\u00e4\u00e4nteinen 12V<\/h1>\n<div>\n<p>Electric strike 114 Reverse 12V, oviin, joissa turvavaatimukset ovat alhaiset. K\u00e4\u00e4nteinen toiminto, murtolujuus 400 kg, ja sopii sis\u00e4iseen lukitukseen kaupassa, toimistoissa ja teollisuudessa.<\/p>\n<p class=\"\" data-start=\"591\" data-end=\"942\">Electric Strike 114 Reverse 12V on s\u00e4hk\u00f6isku, joka on suunniteltu oville, joilla on alhainen turvallisuusvaatimus, joten se on t\u00e4ydellinen ratkaisu sis\u00e4isiin lukituksiin kaupassa, toimistoissa ja teollisuudessa.<\/p>\n<p class=\"\" data-start=\"591\" data-end=\"942\">Se on erityisen hy\u00f6dyllinen oville, jotka eiv\u00e4t vaadi korkeaa turvatasoa, mutta joissa yksinkertainen ja luotettava lukitus on t\u00e4rke\u00e4\u00e4.<\/p>\n<p class=\"\" data-start=\"944\" data-end=\"1441\">T\u00e4ss\u00e4 s\u00e4hk\u00f6iskussa on peruutustoiminto, mik\u00e4 tarkoittaa, ett\u00e4 ovi avautuu s\u00e4hk\u00f6katkon sattuessa. Se on valmistettu ter\u00e4ksest\u00e4 kierrett\u00e4v\u00e4ll\u00e4 lukolla ja sinkkiseoksella olevalla lukkokotelolla, mik\u00e4 tarjoaa vankan rakenteen.<\/p>\n<p class=\"\" data-start=\"944\" data-end=\"1441\">4 kN (400 kg) murtolujuudellaan se on riitt\u00e4v\u00e4n kest\u00e4v\u00e4 k\u00e4ytett\u00e4v\u00e4ksi ovissa, joissa turvallisuuden ei tarvitse olla yht\u00e4 tiukkaa kuin paloosaston v\u00e4lisein\u00e4ovissa.<\/p>\n<p class=\"\" data-start=\"944\" data-end=\"1441\">On t\u00e4rke\u00e4\u00e4 huomata, ett\u00e4 t\u00e4t\u00e4 s\u00e4hk\u00f6iskulevy\u00e4 EI saa KOSKAAN k\u00e4ytt\u00e4\u00e4 paloosaston v\u00e4lisein\u00e4ovissa.<\/p>\n<p class=\"\" data-start=\"1443\" data-end=\"1825\">Se soveltuu hyvin k\u00e4ytett\u00e4v\u00e4ksi yhdess\u00e4 yksi- tai kaksilehtisten lukkojen kanssa ja tarjoaa tehokkaan ratkaisun p\u00e4ivitt\u00e4iseen k\u00e4ytt\u00f6\u00f6n ymp\u00e4rist\u00f6iss\u00e4, jotka eiv\u00e4t vaadi edistyneit\u00e4 turvaratkaisuja.<\/p>\n<p class=\"\" data-start=\"1443\" data-end=\"1825\">Optimoidun suorituskyvyn saavuttamiseksi on suositeltavaa asentaa suojadiodi (esim. 1N4004) l\u00e4helle s\u00e4hk\u00f6iskukelaa suojaamaan ohjauselektroniikkaa kaikilta transienteilta (j\u00e4nnitehuipuilta).<\/p>\n<p class=\"\" data-start=\"1827\" data-end=\"1857\">T\u00e4rkeimm\u00e4t ominaisuudet ja edut:<\/p>\n<ul data-start=\"1858\" data-end=\"2248\">\n<li class=\"\" data-start=\"1858\" data-end=\"1934\">\n<p class=\"\" data-start=\"1860\" data-end=\"1934\">Peruutustoiminto: Oven lukitus avataan j\u00e4nnitteett\u00f6m\u00e4ss\u00e4 asennossa k\u00e4sittelyn helpottamiseksi.<\/p>\n<\/li>\n<li class=\"\" data-start=\"1935\" data-end=\"1992\">\n<p class=\"\" data-start=\"1937\" data-end=\"1992\">Ter\u00e4ksinen v\u00e4\u00e4nt\u00f6tanko: Vankka ja pitk\u00e4ik\u00e4inen rakenne.<\/p>\n<\/li>\n<li class=\"\" data-start=\"1993\" data-end=\"2071\">\n<p class=\"\" data-start=\"1995\" data-end=\"2071\">Murtolujuus: Kest\u00e4\u00e4 jopa 4 kN (400 kg) luotettavaa lukitusta varten.<\/p>\n<\/li>\n<li class=\"\" data-start=\"2072\" data-end=\"2151\">\n<p class=\"\" data-start=\"2074\" data-end=\"2151\">Yhteensopivuus: Sopii yhdistelm\u00e4\u00e4n yksi- tai kaksilehtisten lukkojen kanssa.<\/p>\n<\/li>\n<li class=\"\" data-start=\"2152\" data-end=\"2248\">\n<p class=\"\" data-start=\"2154\" data-end=\"2248\">Ei paloosaston v\u00e4lisein\u00e4oville: Ei sovellu k\u00e4ytett\u00e4v\u00e4ksi, kun palosuojaus on v\u00e4ltt\u00e4m\u00e4t\u00f6nt\u00e4.<\/p>\n<\/li>\n<\/ul>\n<p class=\"\" data-start=\"2250\" data-end=\"2279\">Tekniset tiedot:<\/p>\n<ul data-start=\"2280\" data-end=\"2569\">\n<li class=\"\" data-start=\"2280\" data-end=\"2308\">\n<p class=\"\" data-start=\"2282\" data-end=\"2308\">J\u00e4nnite: 12VDC \u00b110%<\/p>\n<\/li>\n<li class=\"\" data-start=\"2309\" data-end=\"2341\">\n<p class=\"\" data-start=\"2311\" data-end=\"2341\">Virrankulutus: 0-190 mA<\/p>\n<\/li>\n<li class=\"\" data-start=\"2342\" data-end=\"2452\">\n<p class=\"\" data-start=\"2344\" data-end=\"2452\">Suojadiodi: On suositeltavaa k\u00e4ytt\u00e4\u00e4 suojadiodia l\u00e4hell\u00e4 s\u00e4hk\u00f6iskukelaa elektroniikan suojaamiseksi.<\/p>\n<\/li>\n<li class=\"\" data-start=\"2453\" data-end=\"2493\">\n<p class=\"\" data-start=\"2455\" data-end=\"2493\">Murtolujuus max: 4 kN (400 kg)<\/p>\n<\/li>\n<li class=\"\" data-start=\"2494\" data-end=\"2514\">\n<p class=\"\" data-start=\"2496\" data-end=\"2514\">V\u00e4\u00e4nt\u00f6: Ter\u00e4s<\/p>\n<\/li>\n<li class=\"\" data-start=\"2515\" data-end=\"2541\">\n<p class=\"\" data-start=\"2517\" data-end=\"2541\">Lukon runko: Sinkkiseos<\/p>\n<\/li>\n<li class=\"\" data-start=\"2542\" data-end=\"2569\">\n<p class=\"\" data-start=\"2544\" data-end=\"2569\">K\u00e4ytt\u00f6j\u00e4nnite: 12 VDC<\/p>\n<\/li>\n<\/ul>\n<\/div>\n<div><\/div>","protected":false},"excerpt":{"rendered":"<h5><a href=\"https:\/\/elslutblecksguiden.se\/\" target=\"_blank\" rel=\"noopener\">Opas ASSA S\u00e4hk\u00f6lukot, moottorilukot, S\u00e4hk\u00f6iset vastalevyt ja vaihto-opas<\/a><\/h5>","protected":false},"featured_media":139009,"template":"","meta":{"_acf_changed":false},"product_brand":[],"product_cat":[3355],"product_tag":[4198,4201,2967],"class_list":{"0":"post-91527","1":"product","2":"type-product","3":"status-publish","4":"has-post-thumbnail","6":"product_cat-elslutbleck","7":"product_tag-12v","8":"product_tag-omvand","9":"product_tag-rg-assa-abloy","10":"product_shipping_class-tunga-paket","11":"pa_brands-abloy","12":"tm-no-options","14":"first","15":"onbackorder","16":"sale","17":"taxable","18":"shipping-taxable","19":"purchasable","20":"product-type-simple"},"acf":[],"_links":{"self":[{"href":"https:\/\/secureus.se\/fi\/wp-json\/wp\/v2\/product\/91527","targetHints":{"allow":["GET"]}}],"collection":[{"href":"https:\/\/secureus.se\/fi\/wp-json\/wp\/v2\/product"}],"about":[{"href":"https:\/\/secureus.se\/fi\/wp-json\/wp\/v2\/types\/product"}],"wp:featuredmedia":[{"embeddable":true,"href":"https:\/\/secureus.se\/fi\/wp-json\/wp\/v2\/media\/139009"}],"wp:attachment":[{"href":"https:\/\/secureus.se\/fi\/wp-json\/wp\/v2\/media?parent=91527"}],"wp:term":[{"taxonomy":"product_brand","embeddable":true,"href":"https:\/\/secureus.se\/fi\/wp-json\/wp\/v2\/product_brand?post=91527"},{"taxonomy":"product_cat","embeddable":true,"href":"https:\/\/secureus.se\/fi\/wp-json\/wp\/v2\/product_cat?post=91527"},{"taxonomy":"product_tag","embeddable":true,"href":"https:\/\/secureus.se\/fi\/wp-json\/wp\/v2\/product_tag?post=91527"}],"curies":[{"name":"wp","href":"https:\/\/api.w.org\/{rel}","templated":true}]}}