{"id":91528,"date":"2023-09-27T18:14:15","date_gmt":"2023-09-27T16:14:15","guid":{"rendered":"https:\/\/secureus.se\/elslutbleck-14-rattvand-12v\/"},"modified":"2026-04-08T15:57:07","modified_gmt":"2026-04-08T13:57:07","slug":"elslutbleck-14-rattvand-12v","status":"publish","type":"product","link":"https:\/\/secureus.se\/fi\/elslutbleck-14-rattvand-12v\/","title":{"rendered":"S\u00e4hk\u00f6inen p\u00e4\u00e4tylevy 14 Oikealle p\u00e4in 12V"},"content":{"rendered":"<h1>S\u00e4hk\u00f6inen p\u00e4\u00e4tylevy 14 Oikealle p\u00e4in 12V<\/h1>\n<div>\n<p class=\"\" data-start=\"368\" data-end=\"563\">S\u00e4hk\u00f6isku 14 Oikea 12V, alhaisiin turvavaatimuksiin. Suora toiminto, murtolujuus 400 kg ja soveltuu sis\u00e4iseen lukitukseen kaupassa, toimistoissa ja teollisuudessa.<\/p>\n<p class=\"\" data-start=\"599\" data-end=\"963\">Electric Strike 14 R\u00e4ttv\u00e4nd 12V on alhaisiin turvallisuusvaatimuksiin tarkoitettuihin oviin suunniteltu s\u00e4hk\u00f6isku, joten se on ihanteellinen sis\u00e4lukitus kaupassa, toimistossa ja teollisuusymp\u00e4rist\u00f6iss\u00e4.<\/p>\n<p class=\"\" data-start=\"599\" data-end=\"963\">Se tarjoaa luotettavan ja kustannustehokkaan ratkaisun oviin, jotka eiv\u00e4t vaadi edistyksellist\u00e4 turvallisuutta, mutta tarvitsevat silti luotettavan lukitusj\u00e4rjestelm\u00e4n.<\/p>\n<p class=\"\" data-start=\"965\" data-end=\"1470\">T\u00e4ss\u00e4 s\u00e4hk\u00f6iskussa on k\u00e4\u00e4nnett\u00e4v\u00e4 toiminto, mik\u00e4 tarkoittaa, ett\u00e4 ovi lukittuu s\u00e4hk\u00f6katkon sattuessa, mik\u00e4 lis\u00e4\u00e4 turvallisuutta varmistamalla, ett\u00e4 ovi pysyy lukittuna, vaikka s\u00e4hk\u00f6katkos tapahtuisi.<\/p>\n<p class=\"\" data-start=\"965\" data-end=\"1470\">Siin\u00e4 on ter\u00e4ksinen kierrelukitus ja sinkkiseoksesta valmistettu lukkokotelo, joka tarjoaa vankan rakenteen ja pitk\u00e4ik\u00e4isyyden. Sen murtolujuus on 4 kN (400 kg), joten se on riitt\u00e4v\u00e4n vahva k\u00e4ytett\u00e4v\u00e4ksi ymp\u00e4rist\u00f6iss\u00e4, joissa korkea turvallisuus ei ole vaatimus, mutta joissa luotettavuus on t\u00e4rke\u00e4\u00e4.<\/p>\n<p class=\"\" data-start=\"1472\" data-end=\"1728\">On t\u00e4rke\u00e4\u00e4 huomata, ett\u00e4 Electric Strike Plate 14 Suorakulmainen 12V EI SAA KOSKAAN k\u00e4ytt\u00e4\u00e4 paloosaston v\u00e4lisiss\u00e4 ovissa.<\/p>\n<p class=\"\" data-start=\"1472\" data-end=\"1728\">Se on suunniteltu k\u00e4ytett\u00e4v\u00e4ksi yhdess\u00e4 yksi- tai kaksipulttilukkojen kanssa, mik\u00e4 tekee siit\u00e4 monipuolisen ja yhteensopivan erilaisten lukitusj\u00e4rjestelmien kanssa.<\/p>\n<p class=\"\" data-start=\"1730\" data-end=\"1945\">Suorituskyvyn optimoimiseksi ja elektroniikan suojaamiseksi on suositeltavaa asentaa suojadiodi (esim. 1N4004) l\u00e4helle s\u00e4hk\u00f6iskukelaa, joka suojaa ohjauselektroniikkaa mahdollisilta j\u00e4nnitepiikkeilt\u00e4.<\/p>\n<p class=\"\" data-start=\"1947\" data-end=\"1977\">T\u00e4rkeimm\u00e4t ominaisuudet ja edut:<\/p>\n<ul data-start=\"1978\" data-end=\"2363\">\n<li class=\"\" data-start=\"1978\" data-end=\"2048\">\n<p class=\"\" data-start=\"1980\" data-end=\"2048\">Oikea toiminta: Lukittu s\u00e4hk\u00f6katkon varalta turvallisuuden lis\u00e4\u00e4miseksi.<\/p>\n<\/li>\n<li class=\"\" data-start=\"2049\" data-end=\"2112\">\n<p class=\"\" data-start=\"2051\" data-end=\"2112\">Ter\u00e4ksinen v\u00e4\u00e4nt\u00f6tanko: Vankka rakenne takaa pitk\u00e4n k\u00e4ytt\u00f6i\u00e4n.<\/p>\n<\/li>\n<li class=\"\" data-start=\"2113\" data-end=\"2191\">\n<p class=\"\" data-start=\"2115\" data-end=\"2191\">Murtolujuus: Kest\u00e4\u00e4 jopa 4 kN (400 kg) luotettavaa lukitusta varten.<\/p>\n<\/li>\n<li class=\"\" data-start=\"2192\" data-end=\"2270\">\n<p class=\"\" data-start=\"2194\" data-end=\"2270\">Yhteensopivuus: Sopii k\u00e4ytett\u00e4v\u00e4ksi yksi- tai kaksilehtisten lukkojen kanssa.<\/p>\n<\/li>\n<li class=\"\" data-start=\"2271\" data-end=\"2363\">\n<p class=\"\" data-start=\"2273\" data-end=\"2363\">Ei palo-oville: Ei sovellu k\u00e4ytett\u00e4v\u00e4ksi palo-ovissa.<\/p>\n<\/li>\n<\/ul>\n<p class=\"\" data-start=\"2365\" data-end=\"2394\">Tekniset tiedot:<\/p>\n<ul data-start=\"2395\" data-end=\"2684\">\n<li class=\"\" data-start=\"2395\" data-end=\"2423\">\n<p class=\"\" data-start=\"2397\" data-end=\"2423\">J\u00e4nnite: 12VDC \u00b110%<\/p>\n<\/li>\n<li class=\"\" data-start=\"2424\" data-end=\"2456\">\n<p class=\"\" data-start=\"2426\" data-end=\"2456\">Virrankulutus: 0-190 mA<\/p>\n<\/li>\n<li class=\"\" data-start=\"2457\" data-end=\"2567\">\n<p class=\"\" data-start=\"2459\" data-end=\"2567\">Suojadiodi: On suositeltavaa k\u00e4ytt\u00e4\u00e4 suojadiodia l\u00e4hell\u00e4 s\u00e4hk\u00f6iskukelaa elektroniikan suojaamiseksi.<\/p>\n<\/li>\n<li class=\"\" data-start=\"2568\" data-end=\"2608\">\n<p class=\"\" data-start=\"2570\" data-end=\"2608\">Murtolujuus max: 4 kN (400 kg)<\/p>\n<\/li>\n<li class=\"\" data-start=\"2609\" data-end=\"2629\">\n<p class=\"\" data-start=\"2611\" data-end=\"2629\">V\u00e4\u00e4nt\u00f6: Ter\u00e4s<\/p>\n<\/li>\n<li class=\"\" data-start=\"2630\" data-end=\"2656\">\n<p class=\"\" data-start=\"2632\" data-end=\"2656\">Lukon runko: Sinkkiseos<\/p>\n<\/li>\n<li class=\"\" data-start=\"2657\" data-end=\"2684\">\n<p class=\"\" data-start=\"2659\" data-end=\"2684\">K\u00e4ytt\u00f6j\u00e4nnite: 12 VDC<\/p>\n<\/li>\n<\/ul>\n<\/div>","protected":false},"excerpt":{"rendered":"<h5><a href=\"https:\/\/elslutblecksguiden.se\/\" target=\"_blank\" rel=\"noopener\">Opas ASSA S\u00e4hk\u00f6lukot, moottorilukot, S\u00e4hk\u00f6iset vastalevyt ja vaihto-opas<\/a><\/h5>","protected":false},"featured_media":139023,"template":"","meta":{"_acf_changed":false},"product_brand":[],"product_cat":[3355],"product_tag":[4198,4200,2967],"class_list":{"0":"post-91528","1":"product","2":"type-product","3":"status-publish","4":"has-post-thumbnail","6":"product_cat-elslutbleck","7":"product_tag-12v","8":"product_tag-rattvand","9":"product_tag-rg-assa-abloy","10":"product_shipping_class-tunga-paket","11":"pa_brands-abloy","12":"tm-no-options","14":"first","15":"onbackorder","16":"sale","17":"taxable","18":"shipping-taxable","19":"purchasable","20":"product-type-simple"},"acf":[],"_links":{"self":[{"href":"https:\/\/secureus.se\/fi\/wp-json\/wp\/v2\/product\/91528","targetHints":{"allow":["GET"]}}],"collection":[{"href":"https:\/\/secureus.se\/fi\/wp-json\/wp\/v2\/product"}],"about":[{"href":"https:\/\/secureus.se\/fi\/wp-json\/wp\/v2\/types\/product"}],"wp:featuredmedia":[{"embeddable":true,"href":"https:\/\/secureus.se\/fi\/wp-json\/wp\/v2\/media\/139023"}],"wp:attachment":[{"href":"https:\/\/secureus.se\/fi\/wp-json\/wp\/v2\/media?parent=91528"}],"wp:term":[{"taxonomy":"product_brand","embeddable":true,"href":"https:\/\/secureus.se\/fi\/wp-json\/wp\/v2\/product_brand?post=91528"},{"taxonomy":"product_cat","embeddable":true,"href":"https:\/\/secureus.se\/fi\/wp-json\/wp\/v2\/product_cat?post=91528"},{"taxonomy":"product_tag","embeddable":true,"href":"https:\/\/secureus.se\/fi\/wp-json\/wp\/v2\/product_tag?post=91528"}],"curies":[{"name":"wp","href":"https:\/\/api.w.org\/{rel}","templated":true}]}}