{"id":91529,"date":"2023-09-27T18:14:14","date_gmt":"2023-09-27T16:14:14","guid":{"rendered":"https:\/\/secureus.se\/elslutbleck-14-rattvand-24v\/"},"modified":"2026-04-23T12:21:32","modified_gmt":"2026-04-23T10:21:32","slug":"elslutbleck-14-rattvand-24v","status":"publish","type":"product","link":"https:\/\/secureus.se\/fi\/elslutbleck-14-rattvand-24v\/","title":{"rendered":"S\u00e4hk\u00f6inen p\u00e4\u00e4tylevy 14 Oikea 24V"},"content":{"rendered":"<h1>S\u00e4hk\u00f6inen p\u00e4\u00e4tylevy 14 Oikea 24V<\/h1>\n<div>\n<p>S\u00e4hk\u00f6isku 14 Oikea 24V, oville, joiden turvavaatimukset ovat alhaiset. Suora toiminto, murtolujuus 400 kg ja soveltuu sis\u00e4iseen lukitukseen kaupassa, toimistoissa ja teollisuudessa.<\/p>\n<p class=\"\" data-start=\"599\" data-end=\"974\">Electric Strike 14 Right-Hand 24V on s\u00e4hk\u00f6isku, joka on suunniteltu oville, joilla on alhainen turvallisuusvaatimus, joten se on t\u00e4ydellinen ratkaisu sis\u00e4isiin lukitsemiseen v\u00e4hitt\u00e4iskaupassa, toimistoissa ja teollisuudessa.<\/p>\n<p class=\"\" data-start=\"599\" data-end=\"974\">Se tarjoaa luotettavan ja kustannustehokkaan ratkaisun oviin, jotka eiv\u00e4t vaadi edistyksellist\u00e4 turvallisuutta, mutta tarvitsevat silti luotettavan lukitusj\u00e4rjestelm\u00e4n.<\/p>\n<p class=\"\" data-start=\"976\" data-end=\"1594\">T\u00e4ss\u00e4 s\u00e4hk\u00f6iskussa on k\u00e4\u00e4nnett\u00e4v\u00e4 toiminto, mik\u00e4 tarkoittaa, ett\u00e4 ovi lukittuu s\u00e4hk\u00f6katkon sattuessa, mik\u00e4 lis\u00e4\u00e4 turvallisuutta varmistamalla, ett\u00e4 ovi pysyy lukittuna, vaikka s\u00e4hk\u00f6katkos tapahtuisi.<\/p>\n<p class=\"\" data-start=\"976\" data-end=\"1594\">Se on valmistettu ter\u00e4ksest\u00e4 kierrett\u00e4v\u00e4ll\u00e4 lukolla ja sinkkiseoksella olevalla lukkokotelolla, mik\u00e4 tarjoaa vankan rakenteen ja pitk\u00e4ik\u00e4isyyden. Murtolujuus on 4000 N (400 kg), joten se on riitt\u00e4v\u00e4n vahva k\u00e4ytett\u00e4v\u00e4ksi ovissa, joissa turvallisuuden ei tarvitse olla yht\u00e4 tiukkaa kuin paloosaston ovissa.<\/p>\n<p class=\"\" data-start=\"976\" data-end=\"1594\">On t\u00e4rke\u00e4\u00e4 huomata, ett\u00e4 t\u00e4t\u00e4 s\u00e4hk\u00f6iskulevy\u00e4 EI saa KOSKAAN k\u00e4ytt\u00e4\u00e4 paloosaston v\u00e4lisein\u00e4ovissa.<\/p>\n<p class=\"\" data-start=\"1596\" data-end=\"1968\">Se soveltuu hyvin k\u00e4ytett\u00e4v\u00e4ksi yhdess\u00e4 yksi- tai kaksilehtisten lukkojen kanssa ja tarjoaa tehokkaan ratkaisun p\u00e4ivitt\u00e4iseen k\u00e4ytt\u00f6\u00f6n ymp\u00e4rist\u00f6iss\u00e4, jotka eiv\u00e4t vaadi edistyneit\u00e4 turvaratkaisuja.<\/p>\n<p class=\"\" data-start=\"1596\" data-end=\"1968\">Optimoidun suorituskyvyn saavuttamiseksi on suositeltavaa asentaa suojadiodi (esim. 1N4004) l\u00e4helle s\u00e4hk\u00f6iskukelaa, joka suojaa ohjauselektroniikkaa mahdollisilta j\u00e4nnitepiikkeilt\u00e4.<\/p>\n<p class=\"\" data-start=\"1970\" data-end=\"2000\">T\u00e4rkeimm\u00e4t ominaisuudet ja edut:<\/p>\n<ul data-start=\"2001\" data-end=\"2388\">\n<li class=\"\" data-start=\"2001\" data-end=\"2071\">\n<p class=\"\" data-start=\"2003\" data-end=\"2071\">Oikea toiminta: Lukittu s\u00e4hk\u00f6katkon varalta turvallisuuden lis\u00e4\u00e4miseksi.<\/p>\n<\/li>\n<li class=\"\" data-start=\"2072\" data-end=\"2135\">\n<p class=\"\" data-start=\"2074\" data-end=\"2135\">Ter\u00e4ksinen v\u00e4\u00e4nt\u00f6tanko: Vankka rakenne takaa pitk\u00e4n k\u00e4ytt\u00f6i\u00e4n.<\/p>\n<\/li>\n<li class=\"\" data-start=\"2136\" data-end=\"2216\">\n<p class=\"\" data-start=\"2138\" data-end=\"2216\">Murtolujuus: Kest\u00e4\u00e4 jopa 4000 N (400 kg) luotettavaa lukitusta varten.<\/p>\n<\/li>\n<li class=\"\" data-start=\"2217\" data-end=\"2295\">\n<p class=\"\" data-start=\"2219\" data-end=\"2295\">Yhteensopivuus: Sopii k\u00e4ytett\u00e4v\u00e4ksi yksi- tai kaksilehtisten lukkojen kanssa.<\/p>\n<\/li>\n<li class=\"\" data-start=\"2296\" data-end=\"2388\">\n<p class=\"\" data-start=\"2298\" data-end=\"2388\">Ei palo-oville: Ei sovellu k\u00e4ytett\u00e4v\u00e4ksi palo-ovissa.<\/p>\n<\/li>\n<\/ul>\n<p class=\"\" data-start=\"2390\" data-end=\"2419\">Tekniset tiedot:<\/p>\n<ul data-start=\"2420\" data-end=\"2711\">\n<li class=\"\" data-start=\"2420\" data-end=\"2448\">\n<p class=\"\" data-start=\"2422\" data-end=\"2448\">J\u00e4nnite: 24VDC \u00b110%<\/p>\n<\/li>\n<li class=\"\" data-start=\"2449\" data-end=\"2481\">\n<p class=\"\" data-start=\"2451\" data-end=\"2481\">Virrankulutus: 0-110 mA<\/p>\n<\/li>\n<li class=\"\" data-start=\"2482\" data-end=\"2592\">\n<p class=\"\" data-start=\"2484\" data-end=\"2592\">Suojadiodi: On suositeltavaa k\u00e4ytt\u00e4\u00e4 suojadiodia l\u00e4hell\u00e4 s\u00e4hk\u00f6iskukelaa elektroniikan suojaamiseksi.<\/p>\n<\/li>\n<li class=\"\" data-start=\"2593\" data-end=\"2635\">\n<p class=\"\" data-start=\"2595\" data-end=\"2635\">Suurin murtolujuus: 4000 N (400 kg)<\/p>\n<\/li>\n<li class=\"\" data-start=\"2636\" data-end=\"2656\">\n<p class=\"\" data-start=\"2638\" data-end=\"2656\">V\u00e4\u00e4nt\u00f6: Ter\u00e4s<\/p>\n<\/li>\n<li class=\"\" data-start=\"2657\" data-end=\"2683\">\n<p class=\"\" data-start=\"2659\" data-end=\"2683\">Lukon runko: Sinkkiseos<\/p>\n<\/li>\n<li class=\"\" data-start=\"2684\" data-end=\"2711\">\n<p class=\"\" data-start=\"2686\" data-end=\"2711\">K\u00e4ytt\u00f6j\u00e4nnite: 24 VDC<\/p>\n<\/li>\n<\/ul>\n<\/div>","protected":false},"excerpt":{"rendered":"<h5><a href=\"https:\/\/elslutblecksguiden.se\/\" target=\"_blank\" rel=\"noopener\">Opas ASSA S\u00e4hk\u00f6lukot, moottorilukot, S\u00e4hk\u00f6iset vastalevyt ja vaihto-opas<\/a><\/h5>","protected":false},"featured_media":159496,"template":"","meta":{"_acf_changed":false},"product_brand":[],"product_cat":[3355],"product_tag":[4197,4200,2967],"class_list":{"0":"post-91529","1":"product","2":"type-product","3":"status-publish","4":"has-post-thumbnail","6":"product_cat-elslutbleck","7":"product_tag-24v","8":"product_tag-rattvand","9":"product_tag-rg-assa-abloy","10":"product_shipping_class-tunga-paket","11":"pa_brands-abloy","12":"tm-no-options","14":"first","15":"instock","16":"sale","17":"taxable","18":"shipping-taxable","19":"purchasable","20":"product-type-simple"},"acf":[],"_links":{"self":[{"href":"https:\/\/secureus.se\/fi\/wp-json\/wp\/v2\/product\/91529","targetHints":{"allow":["GET"]}}],"collection":[{"href":"https:\/\/secureus.se\/fi\/wp-json\/wp\/v2\/product"}],"about":[{"href":"https:\/\/secureus.se\/fi\/wp-json\/wp\/v2\/types\/product"}],"wp:featuredmedia":[{"embeddable":true,"href":"https:\/\/secureus.se\/fi\/wp-json\/wp\/v2\/media\/159496"}],"wp:attachment":[{"href":"https:\/\/secureus.se\/fi\/wp-json\/wp\/v2\/media?parent=91529"}],"wp:term":[{"taxonomy":"product_brand","embeddable":true,"href":"https:\/\/secureus.se\/fi\/wp-json\/wp\/v2\/product_brand?post=91529"},{"taxonomy":"product_cat","embeddable":true,"href":"https:\/\/secureus.se\/fi\/wp-json\/wp\/v2\/product_cat?post=91529"},{"taxonomy":"product_tag","embeddable":true,"href":"https:\/\/secureus.se\/fi\/wp-json\/wp\/v2\/product_tag?post=91529"}],"curies":[{"name":"wp","href":"https:\/\/api.w.org\/{rel}","templated":true}]}}