{"id":91531,"date":"2023-09-27T18:14:11","date_gmt":"2023-09-27T16:14:11","guid":{"rendered":"https:\/\/secureus.se\/elslutbleck-5114-omvand-24v-kolvkontakt\/"},"modified":"2026-04-08T15:56:15","modified_gmt":"2026-04-08T13:56:15","slug":"elslutbleck-5114-omvand-24v-kolvkontakt","status":"publish","type":"product","link":"https:\/\/secureus.se\/fi\/elslutbleck-5114-omvand-24v-kolvkontakt\/","title":{"rendered":"S\u00e4hk\u00f6inen p\u00e4\u00e4tylevy 5114 K\u00e4\u00e4nteinen 24V M\u00e4nn\u00e4n kosketin"},"content":{"rendered":"<h1>S\u00e4hk\u00f6inen p\u00e4\u00e4tylevy 5114 K\u00e4\u00e4nteinen 24V M\u00e4nn\u00e4n kosketin<\/h1>\n<p class=\"\" data-start=\"399\" data-end=\"589\">Electric strike 5114 Reverse 24V m\u00e4nt\u00e4koskettimella, alhaisiin turvavaatimuksiin soveltuviin oviin kaupassa, toimistoissa ja teollisuudessa. Avattu s\u00e4hk\u00f6katkon sattuessa, murtolujuus 400 kg.<\/p>\n<p class=\"\" data-start=\"625\" data-end=\"1023\">Electric Strike 5114 Reverse 24V Piston Contact on s\u00e4hk\u00f6isku, joka sopii t\u00e4ydellisesti oviin, joiden turvavaatimukset ovat alhaiset, joten se sopii erinomaisesti k\u00e4ytett\u00e4v\u00e4ksi kaupassa, toimistoissa ja teollisuudessa.<\/p>\n<p class=\"\" data-start=\"625\" data-end=\"1023\">Se soveltuu hyvin sis\u00e4iseen lukitukseen, jossa luotettava ja kustannustehokas lukitusj\u00e4rjestelm\u00e4 on edellytys, mutta joissa turvallisuuden ei tarvitse olla yht\u00e4 tiukkaa kuin alttiimmissa ymp\u00e4rist\u00f6iss\u00e4.<\/p>\n<p class=\"\" data-start=\"1025\" data-end=\"1532\">T\u00e4ss\u00e4 s\u00e4hk\u00f6iskussa on peruutustoiminto, mik\u00e4 tarkoittaa, ett\u00e4 ovi avautuu s\u00e4hk\u00f6katkon sattuessa. T\u00e4m\u00e4 tekee siit\u00e4 k\u00e4yt\u00e4nn\u00f6llisen ratkaisun tilanteissa, joissa ovi on avattava s\u00e4hk\u00f6katkon aikana.<\/p>\n<p class=\"\" data-start=\"1025\" data-end=\"1532\">S\u00e4hk\u00f6iskussa on ter\u00e4ksinen nivel ja sinkkiseoslukkokotelo, mik\u00e4 tekee siit\u00e4 vankan ja kest\u00e4v\u00e4n tuotteen, joka kest\u00e4\u00e4 pitk\u00e4aikaista k\u00e4ytt\u00f6\u00e4.<\/p>\n<p class=\"\" data-start=\"1025\" data-end=\"1532\">4000 N (400 kg) murtolujuudellaan se on riitt\u00e4v\u00e4n vahva k\u00e4ytett\u00e4v\u00e4ksi monissa luotettavaa lukitusta vaativissa ovissa.<\/p>\n<p class=\"\" data-start=\"1534\" data-end=\"1822\">Electric strike 5114 Reverse 24V m\u00e4nt\u00e4kosketinta voidaan k\u00e4ytt\u00e4\u00e4 yhdess\u00e4 yksi- tai kaksoissalpalukkojen kanssa, ja se voidaan toimittaa my\u00f6s mikrokytkimell\u00e4 ja lukitusm\u00e4nt\u00e4koskettimella, mik\u00e4 mahdollistaa sen integroinnin automaattiseen lukitusj\u00e4rjestelm\u00e4\u00e4n tai muihin turvaratkaisuihin.<\/p>\n<p class=\"\" data-start=\"1824\" data-end=\"1854\">T\u00e4rkeimm\u00e4t ominaisuudet ja edut:<\/p>\n<ul data-start=\"1855\" data-end=\"2374\">\n<li class=\"\" data-start=\"1855\" data-end=\"1930\">\n<p class=\"\" data-start=\"1857\" data-end=\"1930\">K\u00e4\u00e4nteinen toiminto: Avataan s\u00e4hk\u00f6katkon sattuessa joustavan k\u00e4yt\u00f6n vuoksi.<\/p>\n<\/li>\n<li class=\"\" data-start=\"1931\" data-end=\"2006\">\n<p class=\"\" data-start=\"1933\" data-end=\"2006\">Murtolujuus: Kest\u00e4\u00e4 jopa 4000 N (400 kg) luotettavaa lukitusta varten.<\/p>\n<\/li>\n<li class=\"\" data-start=\"2007\" data-end=\"2084\">\n<p class=\"\" data-start=\"2009\" data-end=\"2084\">Ter\u00e4sv\u00e4\u00e4nt\u00f6tanko: Kest\u00e4v\u00e4 ja kulutusta kest\u00e4v\u00e4 rakenne takaa pitk\u00e4n k\u00e4ytt\u00f6i\u00e4n.<\/p>\n<\/li>\n<li class=\"\" data-start=\"2085\" data-end=\"2163\">\n<p class=\"\" data-start=\"2087\" data-end=\"2163\">Yhteensopivuus: Sopii k\u00e4ytett\u00e4v\u00e4ksi yksi- tai kaksilehtisten lukkojen kanssa.<\/p>\n<\/li>\n<li class=\"\" data-start=\"2164\" data-end=\"2281\">\n<p class=\"\" data-start=\"2166\" data-end=\"2281\">Voidaan toimittaa mikrokytkimell\u00e4 ja lukittavalla m\u00e4nt\u00e4koskettimella: Lis\u00e4\u00e4 joustavuutta ja turvallisuutta asennuksessa.<\/p>\n<\/li>\n<li class=\"\" data-start=\"2282\" data-end=\"2374\">\n<p class=\"\" data-start=\"2284\" data-end=\"2374\">Ei palo-oville: Ei sovellu k\u00e4ytett\u00e4v\u00e4ksi palo-ovissa.<\/p>\n<\/li>\n<\/ul>\n<p class=\"\" data-start=\"2376\" data-end=\"2405\">Tekniset tiedot:<\/p>\n<ul data-start=\"2406\" data-end=\"2719\">\n<li class=\"\" data-start=\"2406\" data-end=\"2434\">\n<p class=\"\" data-start=\"2408\" data-end=\"2434\">J\u00e4nnite: 24VDC \u00b110%<\/p>\n<\/li>\n<li class=\"\" data-start=\"2435\" data-end=\"2467\">\n<p class=\"\" data-start=\"2437\" data-end=\"2467\">Virrankulutus: 0-110 mA<\/p>\n<\/li>\n<li class=\"\" data-start=\"2468\" data-end=\"2510\">\n<p class=\"\" data-start=\"2470\" data-end=\"2510\">Suurin murtolujuus: 4000 N (400 kg)<\/p>\n<\/li>\n<li class=\"\" data-start=\"2511\" data-end=\"2531\">\n<p class=\"\" data-start=\"2513\" data-end=\"2531\">V\u00e4\u00e4nt\u00f6: Ter\u00e4s<\/p>\n<\/li>\n<li class=\"\" data-start=\"2532\" data-end=\"2558\">\n<p class=\"\" data-start=\"2534\" data-end=\"2558\">Lukon runko: Sinkkiseos<\/p>\n<\/li>\n<li class=\"\" data-start=\"2559\" data-end=\"2586\">\n<p class=\"\" data-start=\"2561\" data-end=\"2586\">K\u00e4ytt\u00f6j\u00e4nnite: 24 VDC<\/p>\n<\/li>\n<li class=\"\" data-start=\"2587\" data-end=\"2608\">\n<p class=\"\" data-start=\"2589\" data-end=\"2608\">M\u00e4nn\u00e4n kosketin: Kyll\u00e4<\/p>\n<\/li>\n<li class=\"\" data-start=\"2609\" data-end=\"2719\">\n<p class=\"\" data-start=\"2611\" data-end=\"2719\">Suojadiodi: On suositeltavaa k\u00e4ytt\u00e4\u00e4 suojadiodia l\u00e4hell\u00e4 s\u00e4hk\u00f6iskukelaa elektroniikan suojaamiseksi.<\/p>\n<\/li>\n<\/ul>\n<div>\n<p>&nbsp;<\/p>\n<\/div>","protected":false},"excerpt":{"rendered":"<h5><a href=\"https:\/\/elslutblecksguiden.se\/\" target=\"_blank\" rel=\"noopener\">Opas ASSA S\u00e4hk\u00f6lukot, moottorilukot, S\u00e4hk\u00f6iset vastalevyt ja vaihto-opas<\/a><\/h5>","protected":false},"featured_media":139039,"template":"","meta":{"_acf_changed":false},"product_brand":[],"product_cat":[3355],"product_tag":[4197,4201,2967],"class_list":{"0":"post-91531","1":"product","2":"type-product","3":"status-publish","4":"has-post-thumbnail","6":"product_cat-elslutbleck","7":"product_tag-24v","8":"product_tag-omvand","9":"product_tag-rg-assa-abloy","10":"product_shipping_class-tunga-paket","11":"pa_brands-abloy","12":"tm-no-options","14":"first","15":"onbackorder","16":"sale","17":"taxable","18":"shipping-taxable","19":"purchasable","20":"product-type-simple"},"acf":[],"_links":{"self":[{"href":"https:\/\/secureus.se\/fi\/wp-json\/wp\/v2\/product\/91531","targetHints":{"allow":["GET"]}}],"collection":[{"href":"https:\/\/secureus.se\/fi\/wp-json\/wp\/v2\/product"}],"about":[{"href":"https:\/\/secureus.se\/fi\/wp-json\/wp\/v2\/types\/product"}],"wp:featuredmedia":[{"embeddable":true,"href":"https:\/\/secureus.se\/fi\/wp-json\/wp\/v2\/media\/139039"}],"wp:attachment":[{"href":"https:\/\/secureus.se\/fi\/wp-json\/wp\/v2\/media?parent=91531"}],"wp:term":[{"taxonomy":"product_brand","embeddable":true,"href":"https:\/\/secureus.se\/fi\/wp-json\/wp\/v2\/product_brand?post=91531"},{"taxonomy":"product_cat","embeddable":true,"href":"https:\/\/secureus.se\/fi\/wp-json\/wp\/v2\/product_cat?post=91531"},{"taxonomy":"product_tag","embeddable":true,"href":"https:\/\/secureus.se\/fi\/wp-json\/wp\/v2\/product_tag?post=91531"}],"curies":[{"name":"wp","href":"https:\/\/api.w.org\/{rel}","templated":true}]}}