{"id":91532,"date":"2023-09-27T18:14:09","date_gmt":"2023-09-27T16:14:09","guid":{"rendered":"https:\/\/secureus.se\/elslutbleck-570-rattvand-24v-kolvkontakt\/"},"modified":"2026-04-08T15:56:22","modified_gmt":"2026-04-08T13:56:22","slug":"elslutbleck-570-rattvand-24v-kolvkontakt","status":"publish","type":"product","link":"https:\/\/secureus.se\/fi\/elslutbleck-570-rattvand-24v-kolvkontakt\/","title":{"rendered":"S\u00e4hk\u00f6inen p\u00e4\u00e4tylevy 570 Oikealle p\u00e4in oleva 24 V m\u00e4nt\u00e4kosketin"},"content":{"rendered":"<div>\n<div>\n<h1>S\u00e4hk\u00f6inen p\u00e4\u00e4tylevy 570 Oikealle p\u00e4in oleva 24 V m\u00e4nt\u00e4kosketin<\/h1>\n<p class=\"\" data-start=\"392\" data-end=\"603\">S\u00e4hk\u00f6inen sulkulevy 570 Oikealle suunnattu 24V m\u00e4nt\u00e4koskettimella, normaaleille turvallisuusvaatimuksille asetettuihin oviin. Soveltuu kuorisuojaukseen, sis\u00e4iseen lukitukseen ja sis\u00e4\u00e4nk\u00e4yntiin. Murtolujuus 700 kg, yksi- ja kaksipudotuslukkoihin.<\/p>\n<p class=\"\" data-start=\"639\" data-end=\"1164\">S\u00e4hk\u00f6inen vastalevy 570 Oikealle p\u00e4in oleva 24 V m\u00e4nt\u00e4kosketin on standardi s\u00e4hk\u00f6inen vastalevy, joka on suunniteltu k\u00e4ytett\u00e4v\u00e4ksi normaaleilla turvallisuusvaatimuksilla varustetuissa ovissa, joten se on erinomainen valinta kuorisuojaukseen, sis\u00e4iseen lukitukseen ja sis\u00e4\u00e4nk\u00e4yntiin monitalotalojen liike-, toimisto-, teollisuus- ja julkisissa tiloissa.<\/p>\n<p class=\"\" data-start=\"639\" data-end=\"1164\">S\u00e4hk\u00f6inen vastalevy on suunniteltu k\u00e4ytett\u00e4v\u00e4ksi yhdess\u00e4 lukittavien yksi- tai kaksinkertaisten sulkupulttien kanssa, mik\u00e4 tekee siit\u00e4 monipuolisen ratkaisun erilaisiin ovikokoonpanoihin ja turvallisuusvaatimuksiin.<\/p>\n<p class=\"\" data-start=\"1166\" data-end=\"1504\">Yksi erinomaisista ominaisuuksista on oikealle suunnattu toiminto, joka tarkoittaa, ett\u00e4 ovi lukitaan s\u00e4hk\u00f6katkon sattuessa, mik\u00e4 lis\u00e4\u00e4 turvallisuutta.<\/p>\n<p class=\"\" data-start=\"1166\" data-end=\"1504\">S\u00e4hk\u00f6inen iskulevy 570 on varustettu m\u00e4nt\u00e4koskettimella, joka mahdollistaa oven sulkemisen\/auki ilmoituksen, mik\u00e4 t\u00e4ydent\u00e4\u00e4 hyvin automaattisia lukitusj\u00e4rjestelmi\u00e4.<\/p>\n<p class=\"\" data-start=\"1506\" data-end=\"1923\">T\u00e4m\u00e4 s\u00e4hk\u00f6inen iskulevy on valmistettu pronssisista nivelist\u00e4 ja sinkkiseoksesta valmistettu lukituskotelo, joka tarjoaa korkean kulutuskest\u00e4vyyden ja iskunkest\u00e4vyyden, mik\u00e4 takaa pitk\u00e4n kest\u00e4vyyden ja luotettavuuden monien avausjaksojen aikana.<\/p>\n<p class=\"\" data-start=\"1506\" data-end=\"1923\">700 kg:n (7 kN) murtolujuudellaan se on riitt\u00e4v\u00e4n vahva kest\u00e4m\u00e4\u00e4n vilkkaasti liikenn\u00f6ivien ymp\u00e4rist\u00f6jen rasituksia, joten se soveltuu usein k\u00e4ytettyihin oviin.<\/p>\n<p class=\"\" data-start=\"1925\" data-end=\"1955\">T\u00e4rkeimm\u00e4t ominaisuudet ja edut:<\/p>\n<ul data-start=\"1956\" data-end=\"2348\">\n<li class=\"\" data-start=\"1956\" data-end=\"2026\">\n<p class=\"\" data-start=\"1958\" data-end=\"2026\">Oikea toiminta: Lukittu s\u00e4hk\u00f6katkon varalta turvallisuuden lis\u00e4\u00e4miseksi.<\/p>\n<\/li>\n<li class=\"\" data-start=\"2027\" data-end=\"2107\">\n<p class=\"\" data-start=\"2029\" data-end=\"2107\">Murtolujuus: 700 kg (7 kN), mik\u00e4 takaa kest\u00e4vyyden ja luotettavuuden.<\/p>\n<\/li>\n<li class=\"\" data-start=\"2108\" data-end=\"2192\">\n<p class=\"\" data-start=\"2110\" data-end=\"2192\">K\u00e4\u00e4ntyv\u00e4 kotelo pronssia ja lukkokotelo sinkkiseosta: Tarjoaa pitk\u00e4n k\u00e4ytt\u00f6i\u00e4n ja kulutuskest\u00e4vyyden.<\/p>\n<\/li>\n<li class=\"\" data-start=\"2193\" data-end=\"2271\">\n<p class=\"\" data-start=\"2195\" data-end=\"2271\">M\u00e4nn\u00e4n kytkin: Mahdollistaa osoittimet, jotka osoittavat oven kiinni\/avoin.<\/p>\n<\/li>\n<li class=\"\" data-start=\"2272\" data-end=\"2348\">\n<p class=\"\" data-start=\"2274\" data-end=\"2348\">Korkea iskunkest\u00e4vyys ja iskunkest\u00e4vyys: Parantaa rasitusta.<\/p>\n<\/li>\n<\/ul>\n<p class=\"\" data-start=\"2350\" data-end=\"2379\">Tekniset tiedot:<\/p>\n<ul data-start=\"2380\" data-end=\"2722\">\n<li class=\"\" data-start=\"2380\" data-end=\"2408\">\n<p class=\"\" data-start=\"2382\" data-end=\"2408\">J\u00e4nnite: 24VDC \u00b110%<\/p>\n<\/li>\n<li class=\"\" data-start=\"2409\" data-end=\"2449\">\n<p class=\"\" data-start=\"2411\" data-end=\"2449\">Virrankulutus: 185 mA k\u00e4yt\u00f6n aikana<\/p>\n<\/li>\n<li class=\"\" data-start=\"2450\" data-end=\"2485\">\n<p class=\"\" data-start=\"2452\" data-end=\"2485\">Murtolujuus max: 700 kg (7 kN)<\/p>\n<\/li>\n<li class=\"\" data-start=\"2486\" data-end=\"2542\">\n<p class=\"\" data-start=\"2488\" data-end=\"2542\">Lukkokotelo ja kierrekotelo: Ter\u00e4s (pronssi ja sinkkiseos)<\/p>\n<\/li>\n<li class=\"\" data-start=\"2543\" data-end=\"2570\">\n<p class=\"\" data-start=\"2545\" data-end=\"2570\">K\u00e4ytt\u00f6j\u00e4nnite: 24 VDC<\/p>\n<\/li>\n<li class=\"\" data-start=\"2571\" data-end=\"2592\">\n<p class=\"\" data-start=\"2573\" data-end=\"2592\">M\u00e4nn\u00e4n kosketin: Kyll\u00e4<\/p>\n<\/li>\n<li class=\"\" data-start=\"2593\" data-end=\"2674\">\n<p class=\"\" data-start=\"2595\" data-end=\"2674\">Suojadiodi: On suositeltavaa k\u00e4ytt\u00e4\u00e4 suojadiodia s\u00e4hk\u00f6p\u00e4\u00e4televyn kelan l\u00e4hell\u00e4.<\/p>\n<\/li>\n<li class=\"\" data-start=\"2675\" data-end=\"2722\">\n<p class=\"\" data-start=\"2677\" data-end=\"2722\"><strong data-start=\"2677\" data-end=\"2696\">Yhteensopivuus:<\/strong> Yksi- tai kaksinkertainen pudotuslukko<\/p>\n<\/li>\n<\/ul>\n<\/div>\n<div><\/div>\n<\/div>","protected":false},"excerpt":{"rendered":"<h5><a href=\"https:\/\/elslutblecksguiden.se\/\" target=\"_blank\" rel=\"noopener\">Opas ASSA S\u00e4hk\u00f6lukot, moottorilukot, S\u00e4hk\u00f6iset vastalevyt ja vaihto-opas<\/a><\/h5>","protected":false},"featured_media":159497,"template":"","meta":{"_acf_changed":false},"product_brand":[],"product_cat":[3355],"product_tag":[4197,4200,2967],"class_list":{"0":"post-91532","1":"product","2":"type-product","3":"status-publish","4":"has-post-thumbnail","6":"product_cat-elslutbleck","7":"product_tag-24v","8":"product_tag-rattvand","9":"product_tag-rg-assa-abloy","10":"product_shipping_class-tunga-paket","11":"pa_brands-abloy","12":"tm-no-options","14":"first","15":"instock","16":"sale","17":"taxable","18":"shipping-taxable","19":"purchasable","20":"product-type-simple"},"acf":[],"_links":{"self":[{"href":"https:\/\/secureus.se\/fi\/wp-json\/wp\/v2\/product\/91532","targetHints":{"allow":["GET"]}}],"collection":[{"href":"https:\/\/secureus.se\/fi\/wp-json\/wp\/v2\/product"}],"about":[{"href":"https:\/\/secureus.se\/fi\/wp-json\/wp\/v2\/types\/product"}],"wp:featuredmedia":[{"embeddable":true,"href":"https:\/\/secureus.se\/fi\/wp-json\/wp\/v2\/media\/159497"}],"wp:attachment":[{"href":"https:\/\/secureus.se\/fi\/wp-json\/wp\/v2\/media?parent=91532"}],"wp:term":[{"taxonomy":"product_brand","embeddable":true,"href":"https:\/\/secureus.se\/fi\/wp-json\/wp\/v2\/product_brand?post=91532"},{"taxonomy":"product_cat","embeddable":true,"href":"https:\/\/secureus.se\/fi\/wp-json\/wp\/v2\/product_cat?post=91532"},{"taxonomy":"product_tag","embeddable":true,"href":"https:\/\/secureus.se\/fi\/wp-json\/wp\/v2\/product_tag?post=91532"}],"curies":[{"name":"wp","href":"https:\/\/api.w.org\/{rel}","templated":true}]}}