{"id":91535,"date":"2023-09-27T18:14:04","date_gmt":"2023-09-27T16:14:04","guid":{"rendered":"https:\/\/secureus.se\/elslutbleck-514-rattvand-24v-kolvkontakt\/"},"modified":"2026-04-23T12:21:42","modified_gmt":"2026-04-23T10:21:42","slug":"elslutbleck-514-rattvand-24v-kolvkontakt","status":"publish","type":"product","link":"https:\/\/secureus.se\/fi\/elslutbleck-514-rattvand-24v-kolvkontakt\/","title":{"rendered":"S\u00e4hk\u00f6inen p\u00e4\u00e4tylevy 514 Oikealle p\u00e4in oleva 24 V m\u00e4nt\u00e4kosketin"},"content":{"rendered":"<div>\n<h1 data-start=\"72\" data-end=\"365\">S\u00e4hk\u00f6inen p\u00e4\u00e4tylevy 514 Oikealle p\u00e4in oleva 24 V m\u00e4nt\u00e4kosketin<\/h1>\n<p class=\"\" data-start=\"72\" data-end=\"365\">T\u00e4m\u00e4 tehokas lukitusyksikk\u00f6 tarjoaa suuren 400 kg:n murtolujuuden ja sit\u00e4 voidaan k\u00e4ytt\u00e4\u00e4 sek\u00e4 oikealle ett\u00e4 vasemmalle ripustettavien ovien kanssa. Lukko on yhteensopiva 24 V:n k\u00e4ytt\u00f6j\u00e4nnitteen kanssa ja on saatavana yksipulttilukolla tai kaksoispulttilukolla. Galvanoitu pintak\u00e4sittely takaa kest\u00e4vyyden ja pitk\u00e4n k\u00e4ytt\u00f6i\u00e4n.<\/p>\n<p class=\"\" data-start=\"372\" data-end=\"772\">T\u00e4m\u00e4 korkealaatuinen lukitusj\u00e4rjestelm\u00e4 on suunniteltu tarjoamaan turvallisuutta ja pitk\u00e4kestoista toimintaa. Jopa 400 kg:n murtolujuutensa ansiosta se on erinomainen valinta korkeaa turvallisuutta vaativiin oviin.<\/p>\n<p class=\"\" data-start=\"372\" data-end=\"772\">Lukkoa voidaan k\u00e4ytt\u00e4\u00e4 sek\u00e4 oikealle ett\u00e4 vasemmalle ripustetuissa ovissa ja se on yhteensopiva 24V k\u00e4ytt\u00f6j\u00e4nnitteen kanssa. Se tarjoaa my\u00f6s valikoiman yksipulttisia tai kaksipulttisia lukkoja turvallisuusvaatimuksista riippuen.<\/p>\n<p class=\"\" data-start=\"774\" data-end=\"1134\">Galvanoitu pinta takaa pitk\u00e4n k\u00e4ytt\u00f6i\u00e4n ja kest\u00e4vyyden, kun taas m\u00e4nt\u00e4liitin tekee asennuksesta helppoa ja tehokasta. T\u00e4m\u00e4 lukko on oikeak\u00e4tinen, mik\u00e4 tarkoittaa, ett\u00e4 se on optimoitu tietty\u00e4 asennusta varten.<\/p>\n<p class=\"\" data-start=\"774\" data-end=\"1134\">Sen maksimij\u00e4nnite on 26,4 V ja minimij\u00e4nnite 21,6 V, joten se tarjoaa luotettavan suorituskyvyn vaihtelevissa olosuhteissa.<br data-start=\"1110\" data-end=\"1113\" \/><strong data-start=\"1113\" data-end=\"1132\">Tekniset tiedot<\/strong><\/p>\n<ul data-start=\"1135\" data-end=\"1458\">\n<li class=\"\" data-start=\"1135\" data-end=\"1162\">\n<p class=\"\" data-start=\"1137\" data-end=\"1162\">Murtolujuus: 400 kg<\/p>\n<\/li>\n<li class=\"\" data-start=\"1163\" data-end=\"1195\">\n<p class=\"\" data-start=\"1165\" data-end=\"1195\">Oven sarana: Oikea, vasen<\/p>\n<\/li>\n<li class=\"\" data-start=\"1196\" data-end=\"1233\">\n<p class=\"\" data-start=\"1198\" data-end=\"1233\">Lukon tyyppi: yksisalpalukko, kaksoissalpalukko<\/p>\n<\/li>\n<li class=\"\" data-start=\"1234\" data-end=\"1256\">\n<p class=\"\" data-start=\"1236\" data-end=\"1256\">K\u00e4ytt\u00f6j\u00e4nnite: 24V<\/p>\n<\/li>\n<li class=\"\" data-start=\"1257\" data-end=\"1289\">\n<p class=\"\" data-start=\"1259\" data-end=\"1289\">V\u00e4ri\/pintak\u00e4sittely: Galvanoitu<\/p>\n<\/li>\n<li class=\"\" data-start=\"1290\" data-end=\"1309\">\n<p class=\"\" data-start=\"1292\" data-end=\"1309\">M\u00e4nn\u00e4n kosketin: Kyll\u00e4<\/p>\n<\/li>\n<li class=\"\" data-start=\"1310\" data-end=\"1332\">\n<p class=\"\" data-start=\"1312\" data-end=\"1332\">J\u00e4nnite AC\/DC: DC<\/p>\n<\/li>\n<li class=\"\" data-start=\"1333\" data-end=\"1356\">\n<p class=\"\" data-start=\"1335\" data-end=\"1356\">Max j\u00e4nnite: 26,4V<\/p>\n<\/li>\n<li class=\"\" data-start=\"1357\" data-end=\"1380\">\n<p class=\"\" data-start=\"1359\" data-end=\"1380\">Minimij\u00e4nnite: 21,6V<\/p>\n<\/li>\n<li class=\"\" data-start=\"1381\" data-end=\"1403\">\n<p class=\"\" data-start=\"1383\" data-end=\"1403\">Arvioidut rakennusmateriaalit: Kyll\u00e4<\/p>\n<\/li>\n<li class=\"\" data-start=\"1404\" data-end=\"1428\">\n<p class=\"\" data-start=\"1406\" data-end=\"1428\">Double twist drop: Ei<\/p>\n<\/li>\n<li class=\"\" data-start=\"1429\" data-end=\"1458\">\n<p class=\"\" data-start=\"1431\" data-end=\"1458\">Oikea\/Reverse: Oikea<\/p>\n<\/li>\n<\/ul>\n<p class=\"\" data-start=\"1460\" data-end=\"1713\"><strong data-start=\"1460\" data-end=\"1482\">K\u00e4ytt\u00f6alueet<\/strong><br data-start=\"1482\" data-end=\"1485\" \/>T\u00e4m\u00e4 lukko on t\u00e4ydellinen k\u00e4ytett\u00e4v\u00e4ksi sek\u00e4 kaupallisissa ett\u00e4 teollisissa ymp\u00e4rist\u00f6iss\u00e4, joissa tarvitaan korkeaa turvallisuutta.<\/p>\n<p class=\"\" data-start=\"1460\" data-end=\"1713\">Se sopii toimistojen, varastojen tai muiden yritysten oviin, jotka vaativat luotettavaa lukitusta kest\u00e4v\u00e4ll\u00e4 ratkaisulla.<\/p>\n<\/div>","protected":false},"excerpt":{"rendered":"<h5><a href=\"https:\/\/elslutblecksguiden.se\/\" target=\"_blank\" rel=\"noopener\">Opas ASSA S\u00e4hk\u00f6lukot, moottorilukot, S\u00e4hk\u00f6iset vastalevyt ja vaihto-opas<\/a><\/h5>","protected":false},"featured_media":139380,"template":"","meta":{"_acf_changed":false},"product_brand":[],"product_cat":[3355],"product_tag":[4197,4200,2967],"class_list":{"0":"post-91535","1":"product","2":"type-product","3":"status-publish","4":"has-post-thumbnail","6":"product_cat-elslutbleck","7":"product_tag-24v","8":"product_tag-rattvand","9":"product_tag-rg-assa-abloy","10":"product_shipping_class-tunga-paket","11":"pa_brands-abloy","12":"tm-no-options","14":"first","15":"onbackorder","16":"sale","17":"taxable","18":"shipping-taxable","19":"purchasable","20":"product-type-simple"},"acf":[],"_links":{"self":[{"href":"https:\/\/secureus.se\/fi\/wp-json\/wp\/v2\/product\/91535","targetHints":{"allow":["GET"]}}],"collection":[{"href":"https:\/\/secureus.se\/fi\/wp-json\/wp\/v2\/product"}],"about":[{"href":"https:\/\/secureus.se\/fi\/wp-json\/wp\/v2\/types\/product"}],"wp:featuredmedia":[{"embeddable":true,"href":"https:\/\/secureus.se\/fi\/wp-json\/wp\/v2\/media\/139380"}],"wp:attachment":[{"href":"https:\/\/secureus.se\/fi\/wp-json\/wp\/v2\/media?parent=91535"}],"wp:term":[{"taxonomy":"product_brand","embeddable":true,"href":"https:\/\/secureus.se\/fi\/wp-json\/wp\/v2\/product_brand?post=91535"},{"taxonomy":"product_cat","embeddable":true,"href":"https:\/\/secureus.se\/fi\/wp-json\/wp\/v2\/product_cat?post=91535"},{"taxonomy":"product_tag","embeddable":true,"href":"https:\/\/secureus.se\/fi\/wp-json\/wp\/v2\/product_tag?post=91535"}],"curies":[{"name":"wp","href":"https:\/\/api.w.org\/{rel}","templated":true}]}}