{"id":91536,"date":"2023-09-27T18:14:02","date_gmt":"2023-09-27T16:14:02","guid":{"rendered":"https:\/\/secureus.se\/elslutbleck-70-rattvand-24v\/"},"modified":"2026-03-25T15:42:52","modified_gmt":"2026-03-25T14:42:52","slug":"elslutbleck-70-rattvand-24v","status":"publish","type":"product","link":"https:\/\/secureus.se\/fi\/elslutbleck-70-rattvand-24v\/","title":{"rendered":"S\u00e4hk\u00f6inen p\u00e4\u00e4tylevy 70 Oikea 24V"},"content":{"rendered":"<h1>S\u00e4hk\u00f6inen p\u00e4\u00e4tylevy 70 Oikea 24V<\/h1>\n<p class=\"\" data-start=\"489\" data-end=\"805\">ASSA ABLOY Standard s\u00e4hk\u00f6isku 70 Oikeak\u00e4tinen 24V on suunniteltu t\u00e4ytt\u00e4m\u00e4\u00e4n eri ymp\u00e4rist\u00f6iss\u00e4 oville asetetut turvallisuusvaatimukset. 700 kg (7 kN) murtolujuus ja korkea iskun- ja t\u00e4rin\u00e4nkest\u00e4vyys tekev\u00e4t s\u00e4hk\u00f6iskusta t\u00e4ydellisen kaupan, toimistojen, teollisuuden ja kerrostalojen k\u00e4ytt\u00f6\u00f6n.<\/p>\n<p class=\"\" data-start=\"807\" data-end=\"1191\">Lukko on suunniteltu k\u00e4ytett\u00e4v\u00e4ksi paloosaston v\u00e4lisiss\u00e4 ovissa yhdess\u00e4 kaksoislukon ja erillisen pylv\u00e4\u00e4n kanssa, mik\u00e4 tekee siit\u00e4 turvallisen ratkaisun sis\u00e4iseen lukitsemiseen.<\/p>\n<p class=\"\" data-start=\"807\" data-end=\"1191\">Oikeak\u00e4tisyys tarkoittaa, ett\u00e4 lukko pysyy aktiivisena my\u00f6s s\u00e4hk\u00f6katkon sattuessa, mik\u00e4 lis\u00e4\u00e4 turvallisuutta. Sen sinkitty pinta takaa pitk\u00e4kestoisen kest\u00e4vyyden, ja se on yhteensopiva sek\u00e4 yksi- ett\u00e4 kaksilehtisten lukkojen kanssa.<\/p>\n<div>\n<div>Electric strike 70 Suorakulmainen 24V ASSA ABLOY:lt\u00e4 on luotettava s\u00e4hk\u00f6isku oviin, joilla on normaalit turvallisuusvaatimukset.<\/div>\n<div><\/div>\n<div>Sen murtolujuus on 700 kg ja se soveltuu k\u00e4ytett\u00e4v\u00e4ksi kuorisuojauksessa, toimistoissa, teollisuudessa ja kerrostalojen julkisissa tiloissa.<\/div>\n<div><\/div>\n<div>Oikeak\u00e4tinen toiminto varmistaa, ett\u00e4 lukko on aktiivinen my\u00f6s s\u00e4hk\u00f6katkon sattuessa.<\/div>\n<\/div>\n<div>\n<p class=\"\" data-start=\"1193\" data-end=\"1215\"><strong data-start=\"1193\" data-end=\"1213\">Tekniset tiedot:<\/strong><\/p>\n<ul data-start=\"1216\" data-end=\"1529\">\n<li class=\"\" data-start=\"1216\" data-end=\"1250\">\n<p class=\"\" data-start=\"1218\" data-end=\"1250\">Murtolujuus: 700 kg (7 kN)<\/p>\n<\/li>\n<li class=\"\" data-start=\"1251\" data-end=\"1283\">\n<p class=\"\" data-start=\"1253\" data-end=\"1283\">Oven sarana: Oikea, vasen<\/p>\n<\/li>\n<li class=\"\" data-start=\"1284\" data-end=\"1321\">\n<p class=\"\" data-start=\"1286\" data-end=\"1321\">Lukon tyyppi: yksisalpalukko, kaksoissalpalukko<\/p>\n<\/li>\n<li class=\"\" data-start=\"1322\" data-end=\"1344\">\n<p class=\"\" data-start=\"1324\" data-end=\"1344\">K\u00e4ytt\u00f6j\u00e4nnite: 24V<\/p>\n<\/li>\n<li class=\"\" data-start=\"1345\" data-end=\"1377\">\n<p class=\"\" data-start=\"1347\" data-end=\"1377\">V\u00e4ri\/pintak\u00e4sittely: Galvanoitu<\/p>\n<\/li>\n<li class=\"\" data-start=\"1378\" data-end=\"1398\">\n<p class=\"\" data-start=\"1380\" data-end=\"1398\">M\u00e4nn\u00e4n kosketin: Ei<\/p>\n<\/li>\n<li class=\"\" data-start=\"1399\" data-end=\"1424\">\n<p class=\"\" data-start=\"1401\" data-end=\"1424\">J\u00e4nnite AC\/DC: AC\/DC<\/p>\n<\/li>\n<li class=\"\" data-start=\"1425\" data-end=\"1449\">\n<p class=\"\" data-start=\"1427\" data-end=\"1449\">Max j\u00e4nnite: 26,4V<\/p>\n<\/li>\n<li class=\"\" data-start=\"1450\" data-end=\"1474\">\n<p class=\"\" data-start=\"1452\" data-end=\"1474\">Minimij\u00e4nnite: 21,6 V<\/p>\n<\/li>\n<li class=\"\" data-start=\"1475\" data-end=\"1499\">\n<p class=\"\" data-start=\"1477\" data-end=\"1499\">Double twist drop: Ei<\/p>\n<\/li>\n<li class=\"\" data-start=\"1500\" data-end=\"1529\">\n<p class=\"\" data-start=\"1502\" data-end=\"1529\">Oikea\/Reverse: Oikea<\/p>\n<\/li>\n<\/ul>\n<p class=\"\" data-start=\"1531\" data-end=\"1779\"><strong data-start=\"1531\" data-end=\"1553\">K\u00e4ytt\u00f6alueet<\/strong><br data-start=\"1553\" data-end=\"1556\" \/>S\u00e4hk\u00f6iskulevy soveltuu erinomaisesti kuorisuojaukseen, sis\u00e4puoliseen lukitukseen toimistoissa ja teollisuudessa sek\u00e4 kerrostalojen sis\u00e4\u00e4nk\u00e4ynteihin ja julkisiin tiloihin.<\/p>\n<p class=\"\" data-start=\"1531\" data-end=\"1779\">Se tarjoaa luotettavaa turvallisuutta ymp\u00e4rist\u00f6iss\u00e4, joissa kest\u00e4vyydelle ja turvallisuudelle asetetaan korkeat vaatimukset.<\/p>\n<\/div>","protected":false},"excerpt":{"rendered":"<h5><a href=\"https:\/\/elslutblecksguiden.se\/\" target=\"_blank\" rel=\"noopener\">Opas ASSA S\u00e4hk\u00f6lukot, moottorilukot, S\u00e4hk\u00f6iset vastalevyt ja vaihto-opas<\/a><\/h5>","protected":false},"featured_media":138732,"template":"","meta":{"_acf_changed":false},"product_brand":[],"product_cat":[3355],"product_tag":[4197,4200,2967],"class_list":{"0":"post-91536","1":"product","2":"type-product","3":"status-publish","4":"has-post-thumbnail","6":"product_cat-elslutbleck","7":"product_tag-24v","8":"product_tag-rattvand","9":"product_tag-rg-assa-abloy","10":"product_shipping_class-tunga-paket","11":"pa_brands-abloy","12":"tm-no-options","14":"first","15":"instock","16":"sale","17":"taxable","18":"shipping-taxable","19":"purchasable","20":"product-type-simple"},"acf":[],"_links":{"self":[{"href":"https:\/\/secureus.se\/fi\/wp-json\/wp\/v2\/product\/91536","targetHints":{"allow":["GET"]}}],"collection":[{"href":"https:\/\/secureus.se\/fi\/wp-json\/wp\/v2\/product"}],"about":[{"href":"https:\/\/secureus.se\/fi\/wp-json\/wp\/v2\/types\/product"}],"wp:featuredmedia":[{"embeddable":true,"href":"https:\/\/secureus.se\/fi\/wp-json\/wp\/v2\/media\/138732"}],"wp:attachment":[{"href":"https:\/\/secureus.se\/fi\/wp-json\/wp\/v2\/media?parent=91536"}],"wp:term":[{"taxonomy":"product_brand","embeddable":true,"href":"https:\/\/secureus.se\/fi\/wp-json\/wp\/v2\/product_brand?post=91536"},{"taxonomy":"product_cat","embeddable":true,"href":"https:\/\/secureus.se\/fi\/wp-json\/wp\/v2\/product_cat?post=91536"},{"taxonomy":"product_tag","embeddable":true,"href":"https:\/\/secureus.se\/fi\/wp-json\/wp\/v2\/product_tag?post=91536"}],"curies":[{"name":"wp","href":"https:\/\/api.w.org\/{rel}","templated":true}]}}