{"id":91537,"date":"2023-09-27T18:14:01","date_gmt":"2023-09-27T16:14:01","guid":{"rendered":"https:\/\/secureus.se\/elslutbleck-71-omvand-24v\/"},"modified":"2026-03-25T15:40:48","modified_gmt":"2026-03-25T14:40:48","slug":"elslutbleck-71-omvand-24v","status":"publish","type":"product","link":"https:\/\/secureus.se\/fi\/elslutbleck-71-omvand-24v\/","title":{"rendered":"S\u00e4hk\u00f6inen p\u00e4\u00e4tylevy 71 K\u00e4\u00e4nteinen 24V"},"content":{"rendered":"<div>\n<h1>S\u00e4hk\u00f6inen p\u00e4\u00e4tylevy 71 K\u00e4\u00e4nteinen 24V<\/h1>\n<p class=\"\" data-start=\"459\" data-end=\"763\">ASSA ABLOY Standard s\u00e4hk\u00f6isku 71 Reverse 24V on suunniteltu oviin, jotka vaativat varman ja kest\u00e4v\u00e4n lukitusratkaisun.<\/p>\n<p class=\"\" data-start=\"459\" data-end=\"763\">T\u00e4m\u00e4n 700 kg:n (7 kN) murtolujuuden ja korkean iskunkest\u00e4vyyden ja t\u00e4rin\u00e4nkest\u00e4vyyden ansiosta t\u00e4m\u00e4 s\u00e4hk\u00f6isku tarjoaa korkean turvallisuuden oville, joita k\u00e4ytet\u00e4\u00e4n kuoren suojaamiseen ja sis\u00e4iseen lukitukseen.<\/p>\n<p class=\"\" data-start=\"765\" data-end=\"1174\">Lukossa on peruutustoiminto, mik\u00e4 tarkoittaa, ett\u00e4 se avataan s\u00e4hk\u00f6katkon sattuessa, mik\u00e4 tekee siit\u00e4 hy\u00f6dyllisen tietyiss\u00e4 turvaratkaisuissa, joissa t\u00e4m\u00e4 toiminto on tarpeen.<\/p>\n<p class=\"\" data-start=\"765\" data-end=\"1174\">Se on suunniteltu k\u00e4ytett\u00e4v\u00e4ksi paloosaston v\u00e4lisein\u00e4ovissa yhdess\u00e4 kaksoissalpalukon ja erillisen pylv\u00e4\u00e4n kanssa. Se on my\u00f6s valmistettu pronssisesta kierrelukkosta ja sinkkiseoksesta valmistettu lukkokotelo, joka tarjoaa pitk\u00e4kestoisen kest\u00e4vyyden ja luotettavuuden.<\/p>\n<p class=\"\" data-start=\"1176\" data-end=\"1198\"><strong data-start=\"1176\" data-end=\"1196\">Tekniset tiedot:<\/strong><\/p>\n<ul data-start=\"1199\" data-end=\"1510\">\n<li class=\"\" data-start=\"1199\" data-end=\"1233\">\n<p class=\"\" data-start=\"1201\" data-end=\"1233\">Murtolujuus: 700 kg (7 kN)<\/p>\n<\/li>\n<li class=\"\" data-start=\"1234\" data-end=\"1266\">\n<p class=\"\" data-start=\"1236\" data-end=\"1266\">Oven sarana: Oikea, vasen<\/p>\n<\/li>\n<li class=\"\" data-start=\"1267\" data-end=\"1304\">\n<p class=\"\" data-start=\"1269\" data-end=\"1304\">Lukon tyyppi: yksisalpalukko, kaksoissalpalukko<\/p>\n<\/li>\n<li class=\"\" data-start=\"1305\" data-end=\"1327\">\n<p class=\"\" data-start=\"1307\" data-end=\"1327\">K\u00e4ytt\u00f6j\u00e4nnite: 24V<\/p>\n<\/li>\n<li class=\"\" data-start=\"1328\" data-end=\"1360\">\n<p class=\"\" data-start=\"1330\" data-end=\"1360\">V\u00e4ri\/pintak\u00e4sittely: Galvanoitu<\/p>\n<\/li>\n<li class=\"\" data-start=\"1361\" data-end=\"1381\">\n<p class=\"\" data-start=\"1363\" data-end=\"1381\">M\u00e4nn\u00e4n kosketin: Ei<\/p>\n<\/li>\n<li class=\"\" data-start=\"1382\" data-end=\"1407\">\n<p class=\"\" data-start=\"1384\" data-end=\"1407\">J\u00e4nnite AC\/DC: AC\/DC<\/p>\n<\/li>\n<li class=\"\" data-start=\"1408\" data-end=\"1432\">\n<p class=\"\" data-start=\"1410\" data-end=\"1432\">Max j\u00e4nnite: 26,4V<\/p>\n<\/li>\n<li class=\"\" data-start=\"1433\" data-end=\"1457\">\n<p class=\"\" data-start=\"1435\" data-end=\"1457\">Minimij\u00e4nnite: 21,6 V<\/p>\n<\/li>\n<li class=\"\" data-start=\"1458\" data-end=\"1482\">\n<p class=\"\" data-start=\"1460\" data-end=\"1482\">Double twist drop: Ei<\/p>\n<\/li>\n<li class=\"\" data-start=\"1483\" data-end=\"1510\">\n<p class=\"\" data-start=\"1485\" data-end=\"1510\">Oikea\/Taakse: Taakse<\/p>\n<\/li>\n<\/ul>\n<p class=\"\" data-start=\"1512\" data-end=\"1775\"><strong data-start=\"1512\" data-end=\"1534\">K\u00e4ytt\u00f6alueet<\/strong><br data-start=\"1534\" data-end=\"1537\" \/>T\u00e4m\u00e4 s\u00e4hk\u00f6isku on ihanteellinen kuorisuojaukseen, sis\u00e4iseen lukitukseen ja turvallisuuteen toimistoissa, teollisuudessa ja kerrostaloissa.<\/p>\n<p class=\"\" data-start=\"1512\" data-end=\"1775\">Se on erityisen hy\u00f6dyllinen ovissa, jotka edellytt\u00e4v\u00e4t k\u00e4\u00e4nteist\u00e4 toimintaa s\u00e4hk\u00f6katkon sattuessa ja tarjoaa turvallisen ja luotettavan ratkaisun.<\/p>\n<\/div>","protected":false},"excerpt":{"rendered":"<h5><a href=\"https:\/\/elslutblecksguiden.se\/\" target=\"_blank\" rel=\"noopener\">Opas ASSA S\u00e4hk\u00f6lukot, moottorilukot, S\u00e4hk\u00f6iset vastalevyt ja vaihto-opas<\/a><\/h5>","protected":false},"featured_media":140056,"template":"","meta":{"_acf_changed":false},"product_brand":[],"product_cat":[3355],"product_tag":[4197,4201,2967],"class_list":{"0":"post-91537","1":"product","2":"type-product","3":"status-publish","4":"has-post-thumbnail","6":"product_cat-elslutbleck","7":"product_tag-24v","8":"product_tag-omvand","9":"product_tag-rg-assa-abloy","10":"product_shipping_class-tunga-paket","11":"pa_brands-abloy","12":"tm-no-options","14":"first","15":"onbackorder","16":"sale","17":"taxable","18":"shipping-taxable","19":"purchasable","20":"product-type-simple"},"acf":[],"_links":{"self":[{"href":"https:\/\/secureus.se\/fi\/wp-json\/wp\/v2\/product\/91537","targetHints":{"allow":["GET"]}}],"collection":[{"href":"https:\/\/secureus.se\/fi\/wp-json\/wp\/v2\/product"}],"about":[{"href":"https:\/\/secureus.se\/fi\/wp-json\/wp\/v2\/types\/product"}],"wp:featuredmedia":[{"embeddable":true,"href":"https:\/\/secureus.se\/fi\/wp-json\/wp\/v2\/media\/140056"}],"wp:attachment":[{"href":"https:\/\/secureus.se\/fi\/wp-json\/wp\/v2\/media?parent=91537"}],"wp:term":[{"taxonomy":"product_brand","embeddable":true,"href":"https:\/\/secureus.se\/fi\/wp-json\/wp\/v2\/product_brand?post=91537"},{"taxonomy":"product_cat","embeddable":true,"href":"https:\/\/secureus.se\/fi\/wp-json\/wp\/v2\/product_cat?post=91537"},{"taxonomy":"product_tag","embeddable":true,"href":"https:\/\/secureus.se\/fi\/wp-json\/wp\/v2\/product_tag?post=91537"}],"curies":[{"name":"wp","href":"https:\/\/api.w.org\/{rel}","templated":true}]}}