{"id":91538,"date":"2023-09-27T18:13:59","date_gmt":"2023-09-27T16:13:59","guid":{"rendered":"https:\/\/secureus.se\/elslutbleck-8131-rattvand-24v-kolvkontakt\/"},"modified":"2026-04-08T16:02:58","modified_gmt":"2026-04-08T14:02:58","slug":"elslutbleck-8131-rattvand-24v-kolvkontakt","status":"publish","type":"product","link":"https:\/\/secureus.se\/fi\/elslutbleck-8131-rattvand-24v-kolvkontakt\/","title":{"rendered":"S\u00e4hk\u00f6inen p\u00e4\u00e4televy 8131 Oikealle p\u00e4in oleva 24 V m\u00e4nt\u00e4kosketin"},"content":{"rendered":"<h1>S\u00e4hk\u00f6inen p\u00e4\u00e4televy 8131 Oikealle p\u00e4in oleva 24 V m\u00e4nt\u00e4kosketin<\/h1>\n<p class=\"\" data-start=\"492\" data-end=\"835\">ASSA ABLOY eritt\u00e4in vahva s\u00e4hk\u00f6isku 8131 Oikealle suunnattu 24 V m\u00e4nt\u00e4kosketin sopii t\u00e4ydellisesti oviin, joilla on korkeat kest\u00e4vyys- ja turvallisuusvaatimukset.<\/p>\n<p class=\"\" data-start=\"492\" data-end=\"835\">1500 kg:n (15 kN) murtolujuus ja miljoonia avaussyklej\u00e4 kest\u00e4v\u00e4 rakenne takaavat t\u00e4m\u00e4n s\u00e4hk\u00f6iskun kest\u00e4v\u00e4n ja luotettavan toiminnan vaativissakin olosuhteissa.<\/p>\n<p class=\"\" data-start=\"837\" data-end=\"1181\">Oikealle suunnattu toiminto lukittuu j\u00e4nnitteett\u00f6m\u00e4\u00e4n asentoon, mik\u00e4 tekee siit\u00e4 turvallisen s\u00e4hk\u00f6katkostilanteissa. Lukitusm\u00e4nt\u00e4kosketin ja ankkurikosketin sis\u00e4ltyv\u00e4t toimitukseen ja turvallisuuteen.<\/p>\n<p class=\"\" data-start=\"837\" data-end=\"1181\">S\u00e4hk\u00f6inen vastalevy on suunniteltu k\u00e4ytett\u00e4v\u00e4ksi yhteenlukittujen yksisalpaisten lukkojen kanssa, ja siin\u00e4 on kest\u00e4v\u00e4 rakenne ter\u00e4ksisell\u00e4 kierresalvalla ja lukkokotelolla.<\/p>\n<p class=\"\" data-start=\"1183\" data-end=\"1419\">Suurin murtolujuus on 1500 kg ja kyky taata avautuminen 250N (25 kg) kiinnityspaineesta huolimatta, joten se tarjoaa turvallisen ja kest\u00e4v\u00e4n ratkaisun erilaisiin k\u00e4ytt\u00f6tarkoituksiin.<\/p>\n<p class=\"\" data-start=\"1183\" data-end=\"1419\">Sen t\u00e4rin\u00e4nestoominaisuus parantaa entisest\u00e4\u00e4n turvallisuutta.<\/p>\n<p class=\"\" data-start=\"1421\" data-end=\"1443\"><strong data-start=\"1421\" data-end=\"1441\">Tekniset tiedot:<\/strong><\/p>\n<ul data-start=\"1444\" data-end=\"1774\">\n<li class=\"\" data-start=\"1444\" data-end=\"1480\">\n<p class=\"\" data-start=\"1446\" data-end=\"1480\">Murtolujuus: 1500 kg (15 kN)<\/p>\n<\/li>\n<li class=\"\" data-start=\"1481\" data-end=\"1513\">\n<p class=\"\" data-start=\"1483\" data-end=\"1513\">Oven sarana: Oikea, vasen<\/p>\n<\/li>\n<li class=\"\" data-start=\"1514\" data-end=\"1534\">\n<p class=\"\" data-start=\"1516\" data-end=\"1534\">Nauhan paine: 25 kg<\/p>\n<\/li>\n<li class=\"\" data-start=\"1535\" data-end=\"1572\">\n<p class=\"\" data-start=\"1537\" data-end=\"1572\">Lukon tyyppi: yksisalpalukko, kaksoissalpalukko<\/p>\n<\/li>\n<li class=\"\" data-start=\"1573\" data-end=\"1595\">\n<p class=\"\" data-start=\"1575\" data-end=\"1595\">K\u00e4ytt\u00f6j\u00e4nnite: 24V<\/p>\n<\/li>\n<li class=\"\" data-start=\"1596\" data-end=\"1626\">\n<p class=\"\" data-start=\"1598\" data-end=\"1626\">V\u00e4ri\/viimeistely: ruostumaton ter\u00e4s<\/p>\n<\/li>\n<li class=\"\" data-start=\"1627\" data-end=\"1646\">\n<p class=\"\" data-start=\"1629\" data-end=\"1646\">M\u00e4nn\u00e4n kosketin: Kyll\u00e4<\/p>\n<\/li>\n<li class=\"\" data-start=\"1647\" data-end=\"1669\">\n<p class=\"\" data-start=\"1649\" data-end=\"1669\">J\u00e4nnite AC\/DC: DC<\/p>\n<\/li>\n<li class=\"\" data-start=\"1670\" data-end=\"1694\">\n<p class=\"\" data-start=\"1672\" data-end=\"1694\">Max j\u00e4nnite: 26,4V<\/p>\n<\/li>\n<li class=\"\" data-start=\"1695\" data-end=\"1719\">\n<p class=\"\" data-start=\"1697\" data-end=\"1719\">Minimij\u00e4nnite: 21,6 V<\/p>\n<\/li>\n<li class=\"\" data-start=\"1720\" data-end=\"1744\">\n<p class=\"\" data-start=\"1722\" data-end=\"1744\">Double twist drop: Ei<\/p>\n<\/li>\n<li class=\"\" data-start=\"1745\" data-end=\"1774\">\n<p class=\"\" data-start=\"1747\" data-end=\"1774\">Oikea\/Reverse: Oikea<\/p>\n<\/li>\n<\/ul>\n<p class=\"\" data-start=\"1776\" data-end=\"1991\"><strong data-start=\"1776\" data-end=\"1798\">K\u00e4ytt\u00f6alueet<\/strong><br data-start=\"1798\" data-end=\"1801\" \/>S\u00e4hk\u00f6iskulevy 8131 sopii erinomaisesti k\u00e4ytett\u00e4v\u00e4ksi ymp\u00e4rist\u00f6iss\u00e4, jotka vaativat suurta kest\u00e4vyytt\u00e4 ja turvallisuutta, kuten kuorisuojauksessa, sis\u00e4\u00e4nk\u00e4ynneiss\u00e4, porteissa ja muissa suurtaajuusovissa kaupassa, toimistoissa ja teollisuudessa.<\/p>","protected":false},"excerpt":{"rendered":"<h5><a href=\"https:\/\/elslutblecksguiden.se\/\" target=\"_blank\" rel=\"noopener\">Opas ASSA S\u00e4hk\u00f6lukot, moottorilukot, S\u00e4hk\u00f6iset vastalevyt ja vaihto-opas<\/a><\/h5>","protected":false},"featured_media":138571,"template":"","meta":{"_acf_changed":false},"product_brand":[],"product_cat":[3355],"product_tag":[4197,4200,2967],"class_list":{"0":"post-91538","1":"product","2":"type-product","3":"status-publish","4":"has-post-thumbnail","6":"product_cat-elslutbleck","7":"product_tag-24v","8":"product_tag-rattvand","9":"product_tag-rg-assa-abloy","10":"product_shipping_class-tunga-paket","11":"pa_brands-abloy","12":"tm-no-options","14":"first","15":"onbackorder","16":"sale","17":"taxable","18":"shipping-taxable","19":"purchasable","20":"product-type-simple"},"acf":[],"_links":{"self":[{"href":"https:\/\/secureus.se\/fi\/wp-json\/wp\/v2\/product\/91538","targetHints":{"allow":["GET"]}}],"collection":[{"href":"https:\/\/secureus.se\/fi\/wp-json\/wp\/v2\/product"}],"about":[{"href":"https:\/\/secureus.se\/fi\/wp-json\/wp\/v2\/types\/product"}],"wp:featuredmedia":[{"embeddable":true,"href":"https:\/\/secureus.se\/fi\/wp-json\/wp\/v2\/media\/138571"}],"wp:attachment":[{"href":"https:\/\/secureus.se\/fi\/wp-json\/wp\/v2\/media?parent=91538"}],"wp:term":[{"taxonomy":"product_brand","embeddable":true,"href":"https:\/\/secureus.se\/fi\/wp-json\/wp\/v2\/product_brand?post=91538"},{"taxonomy":"product_cat","embeddable":true,"href":"https:\/\/secureus.se\/fi\/wp-json\/wp\/v2\/product_cat?post=91538"},{"taxonomy":"product_tag","embeddable":true,"href":"https:\/\/secureus.se\/fi\/wp-json\/wp\/v2\/product_tag?post=91538"}],"curies":[{"name":"wp","href":"https:\/\/api.w.org\/{rel}","templated":true}]}}