{"id":91539,"date":"2023-09-27T18:13:58","date_gmt":"2023-09-27T16:13:58","guid":{"rendered":"https:\/\/secureus.se\/elslutbleck-5331-omvand-24v-kolvkontakt\/"},"modified":"2026-04-08T16:03:06","modified_gmt":"2026-04-08T14:03:06","slug":"elslutbleck-5331-omvand-24v-kolvkontakt","status":"publish","type":"product","link":"https:\/\/secureus.se\/fi\/elslutbleck-5331-omvand-24v-kolvkontakt\/","title":{"rendered":"S\u00e4hk\u00f6inen p\u00e4\u00e4tylevy 5331 K\u00e4\u00e4nteinen 24V M\u00e4nn\u00e4n kosketin"},"content":{"rendered":"<h1>S\u00e4hk\u00f6inen p\u00e4\u00e4tylevy 5331 K\u00e4\u00e4nteinen 24V M\u00e4nn\u00e4n kosketin<\/h1>\n<p class=\"\" data-start=\"433\" data-end=\"735\">ASSA ABLOY Electric Strike 5331 Reverse 24V M\u00e4nn\u00e4n kosketin on rakennettu t\u00e4ytt\u00e4m\u00e4\u00e4n korkeat kulutuskest\u00e4vyyden ja pitk\u00e4n kest\u00e4vyyden vaatimukset.<\/p>\n<p class=\"\" data-start=\"433\" data-end=\"735\">750 kg:n (7,05 kN) murtolujuutensa ja miljoonien avausjaksojen kest\u00e4vyyden ansiosta t\u00e4m\u00e4 s\u00e4hk\u00f6isku on ihanteellinen k\u00e4ytett\u00e4v\u00e4ksi suurtaajuisissa ovissa.<\/p>\n<p class=\"\" data-start=\"737\" data-end=\"1019\">K\u00e4\u00e4nteinen toiminto tarkoittaa, ett\u00e4 s\u00e4hk\u00f6iskun lukitus avautuu s\u00e4hk\u00f6katkon sattuessa, mik\u00e4 on turvaominaisuus, joka voi olla ratkaiseva tietyiss\u00e4 ymp\u00e4rist\u00f6iss\u00e4.<\/p>\n<p class=\"\" data-start=\"737\" data-end=\"1019\">Lukitusm\u00e4nt\u00e4kosketin ja kest\u00e4v\u00e4 rakenne ter\u00e4ksisell\u00e4 kierrelukolla ja lukkokotelolla varmistavat sek\u00e4 pitk\u00e4ik\u00e4isen toiminnan ett\u00e4 korkean turvallisuuden.<\/p>\n<p class=\"\" data-start=\"1021\" data-end=\"1221\">Se takaa avautumisen jopa 500 kg:n nauhapaineella ja 4 kg:n oven pitovoiman lukitsemattomassa asennossa.<\/p>\n<p class=\"\" data-start=\"1021\" data-end=\"1221\">S\u00e4hk\u00f6inen iskulevy on saatavana my\u00f6s mikrokytkimell\u00e4 lis\u00e4toimintoja varten.<\/p>\n<p class=\"\" data-start=\"1223\" data-end=\"1245\"><strong data-start=\"1223\" data-end=\"1243\">Tekniset tiedot:<\/strong><\/p>\n<ul data-start=\"1246\" data-end=\"1576\">\n<li class=\"\" data-start=\"1246\" data-end=\"1283\">\n<p class=\"\" data-start=\"1248\" data-end=\"1283\">Murtolujuus: 750 kg (7,05 kN)<\/p>\n<\/li>\n<li class=\"\" data-start=\"1284\" data-end=\"1316\">\n<p class=\"\" data-start=\"1286\" data-end=\"1316\">Oven sarana: Oikea, vasen<\/p>\n<\/li>\n<li class=\"\" data-start=\"1317\" data-end=\"1338\">\n<p class=\"\" data-start=\"1319\" data-end=\"1338\">Listan paine: 500 kg<\/p>\n<\/li>\n<li class=\"\" data-start=\"1339\" data-end=\"1376\">\n<p class=\"\" data-start=\"1341\" data-end=\"1376\">Lukon tyyppi: yksisalpalukko, kaksoissalpalukko<\/p>\n<\/li>\n<li class=\"\" data-start=\"1377\" data-end=\"1399\">\n<p class=\"\" data-start=\"1379\" data-end=\"1399\">K\u00e4ytt\u00f6j\u00e4nnite: 24V<\/p>\n<\/li>\n<li class=\"\" data-start=\"1400\" data-end=\"1430\">\n<p class=\"\" data-start=\"1402\" data-end=\"1430\">V\u00e4ri\/viimeistely: ruostumaton ter\u00e4s<\/p>\n<\/li>\n<li class=\"\" data-start=\"1431\" data-end=\"1450\">\n<p class=\"\" data-start=\"1433\" data-end=\"1450\">M\u00e4nn\u00e4n kosketin: Kyll\u00e4<\/p>\n<\/li>\n<li class=\"\" data-start=\"1451\" data-end=\"1473\">\n<p class=\"\" data-start=\"1453\" data-end=\"1473\">J\u00e4nnite AC\/DC: DC<\/p>\n<\/li>\n<li class=\"\" data-start=\"1474\" data-end=\"1498\">\n<p class=\"\" data-start=\"1476\" data-end=\"1498\">Max j\u00e4nnite: 26,4V<\/p>\n<\/li>\n<li class=\"\" data-start=\"1499\" data-end=\"1523\">\n<p class=\"\" data-start=\"1501\" data-end=\"1523\">Minimij\u00e4nnite: 21,6 V<\/p>\n<\/li>\n<li class=\"\" data-start=\"1524\" data-end=\"1548\">\n<p class=\"\" data-start=\"1526\" data-end=\"1548\">Double twist drop: Ei<\/p>\n<\/li>\n<li class=\"\" data-start=\"1549\" data-end=\"1576\">\n<p class=\"\" data-start=\"1551\" data-end=\"1576\">Oikea\/Taakse: Taakse<\/p>\n<\/li>\n<\/ul>\n<p class=\"\" data-start=\"1578\" data-end=\"1792\"><strong data-start=\"1578\" data-end=\"1600\">K\u00e4ytt\u00f6alueet<\/strong><br data-start=\"1600\" data-end=\"1603\" \/>T\u00e4m\u00e4 s\u00e4hk\u00f6isku on t\u00e4ydellinen k\u00e4ytett\u00e4v\u00e4ksi suurtaajuisissa ovissa v\u00e4hitt\u00e4iskaupassa, toimistossa, teollisuudessa ja muissa sovelluksissa, joissa vaaditaan suurta kest\u00e4vyytt\u00e4 ja turvallisuutta, kuten kuorisuojauksissa ja sis\u00e4\u00e4nk\u00e4ynneiss\u00e4.<\/p>","protected":false},"excerpt":{"rendered":"<h5><a href=\"https:\/\/elslutblecksguiden.se\/\" target=\"_blank\" rel=\"noopener\">Opas ASSA S\u00e4hk\u00f6lukot, moottorilukot, S\u00e4hk\u00f6iset vastalevyt ja vaihto-opas<\/a><\/h5>","protected":false},"featured_media":140063,"template":"","meta":{"_acf_changed":false},"product_brand":[],"product_cat":[3355],"product_tag":[4197,4201,2967],"class_list":{"0":"post-91539","1":"product","2":"type-product","3":"status-publish","4":"has-post-thumbnail","6":"product_cat-elslutbleck","7":"product_tag-24v","8":"product_tag-omvand","9":"product_tag-rg-assa-abloy","10":"product_shipping_class-tunga-paket","11":"pa_brands-abloy","12":"tm-no-options","14":"first","15":"onbackorder","16":"sale","17":"taxable","18":"shipping-taxable","19":"purchasable","20":"product-type-simple"},"acf":[],"_links":{"self":[{"href":"https:\/\/secureus.se\/fi\/wp-json\/wp\/v2\/product\/91539","targetHints":{"allow":["GET"]}}],"collection":[{"href":"https:\/\/secureus.se\/fi\/wp-json\/wp\/v2\/product"}],"about":[{"href":"https:\/\/secureus.se\/fi\/wp-json\/wp\/v2\/types\/product"}],"wp:featuredmedia":[{"embeddable":true,"href":"https:\/\/secureus.se\/fi\/wp-json\/wp\/v2\/media\/140063"}],"wp:attachment":[{"href":"https:\/\/secureus.se\/fi\/wp-json\/wp\/v2\/media?parent=91539"}],"wp:term":[{"taxonomy":"product_brand","embeddable":true,"href":"https:\/\/secureus.se\/fi\/wp-json\/wp\/v2\/product_brand?post=91539"},{"taxonomy":"product_cat","embeddable":true,"href":"https:\/\/secureus.se\/fi\/wp-json\/wp\/v2\/product_cat?post=91539"},{"taxonomy":"product_tag","embeddable":true,"href":"https:\/\/secureus.se\/fi\/wp-json\/wp\/v2\/product_tag?post=91539"}],"curies":[{"name":"wp","href":"https:\/\/api.w.org\/{rel}","templated":true}]}}