{"id":91540,"date":"2023-09-27T18:13:56","date_gmt":"2023-09-27T16:13:56","guid":{"rendered":"https:\/\/secureus.se\/elslutbleck-575-omstallbar-12-24v-kolvkontakt\/"},"modified":"2026-03-25T15:41:00","modified_gmt":"2026-03-25T14:41:00","slug":"elslutbleck-575-omstallbar-12-24v-kolvkontakt","status":"publish","type":"product","link":"https:\/\/secureus.se\/fi\/elslutbleck-575-omstallbar-12-24v-kolvkontakt\/","title":{"rendered":"S\u00e4hk\u00f6inen p\u00e4\u00e4tylevy 575 S\u00e4\u00e4dett\u00e4v\u00e4 12-24V m\u00e4nt\u00e4kosketin"},"content":{"rendered":"<h1>S\u00e4hk\u00f6inen p\u00e4\u00e4tylevy 575 S\u00e4\u00e4dett\u00e4v\u00e4 12-24V m\u00e4nt\u00e4kosketin<\/h1>\n<p class=\"\" data-start=\"520\" data-end=\"887\">ASSA ABLOY Standard s\u00e4hk\u00f6isku 575 S\u00e4\u00e4dett\u00e4v\u00e4 12-24V m\u00e4nt\u00e4kosketin on suunniteltu tarjoamaan joustavuutta ja turvallisuutta normaaleissa vaatimuksissa olevissa ovij\u00e4rjestelmiss\u00e4.<\/p>\n<p class=\"\" data-start=\"520\" data-end=\"887\">Eteenp\u00e4in- tai taaksep\u00e4in-toimintoon on helppo vaihtaa, mik\u00e4 tekee siit\u00e4 hy\u00f6dyllisen erilaisissa turvaratkaisuissa riippuen siit\u00e4, pit\u00e4\u00e4k\u00f6 lukko lukita vai avata s\u00e4hk\u00f6katkon sattuessa.<\/p>\n<p class=\"\" data-start=\"889\" data-end=\"1243\">Lukko on suunniteltu k\u00e4ytett\u00e4v\u00e4ksi paloosaston v\u00e4lisein\u00e4ovissa yhdess\u00e4 kaksoissalpalukon ja siihen tarkoitetun pylv\u00e4\u00e4n kanssa.<\/p>\n<p class=\"\" data-start=\"889\" data-end=\"1243\">Siin\u00e4 on my\u00f6s m\u00e4nt\u00e4kosketin, pronssinen kierrelukko ja sinkkiseoksesta valmistettu lukkokotelo kest\u00e4vyyden takaamiseksi. Sen murtolujuus on 700 kg (7 kN) ja suuri iskun- ja t\u00e4rin\u00e4nkest\u00e4vyys, joten se on ihanteellinen valinta korkeataajuisiin sovelluksiin.<\/p>\n<p class=\"\" data-start=\"1245\" data-end=\"1487\">T\u00e4m\u00e4 s\u00e4hk\u00f6isku on my\u00f6s varustettu sis\u00e4\u00e4nrakennetulla transienttisuojauksella, mik\u00e4 tekee siit\u00e4 erityisen suojatun j\u00e4nnitepiikkej\u00e4 ja transientteja vastaan.<\/p>\n<p class=\"\" data-start=\"1245\" data-end=\"1487\">Se on suunniteltu k\u00e4ytett\u00e4v\u00e4ksi yhdess\u00e4 lukittujen yksisalpaisten lukkojen kanssa ja sen k\u00e4ytt\u00f6j\u00e4nnite on 12-24 V.<\/p>\n<p class=\"\" data-start=\"1489\" data-end=\"1511\"><strong data-start=\"1489\" data-end=\"1509\">Tekniset tiedot:<\/strong><\/p>\n<ul data-start=\"1512\" data-end=\"1847\">\n<li class=\"\" data-start=\"1512\" data-end=\"1546\">\n<p class=\"\" data-start=\"1514\" data-end=\"1546\">Murtolujuus: 700 kg (7 kN)<\/p>\n<\/li>\n<li class=\"\" data-start=\"1547\" data-end=\"1579\">\n<p class=\"\" data-start=\"1549\" data-end=\"1579\">Oven sarana: Oikea, vasen<\/p>\n<\/li>\n<li class=\"\" data-start=\"1580\" data-end=\"1617\">\n<p class=\"\" data-start=\"1582\" data-end=\"1617\">Lukon tyyppi: yksisalpalukko, kaksoissalpalukko<\/p>\n<\/li>\n<li class=\"\" data-start=\"1618\" data-end=\"1643\">\n<p class=\"\" data-start=\"1620\" data-end=\"1643\">K\u00e4ytt\u00f6j\u00e4nnite: 12-24V<\/p>\n<\/li>\n<li class=\"\" data-start=\"1644\" data-end=\"1676\">\n<p class=\"\" data-start=\"1646\" data-end=\"1676\">V\u00e4ri\/pintak\u00e4sittely: Galvanoitu<\/p>\n<\/li>\n<li class=\"\" data-start=\"1677\" data-end=\"1696\">\n<p class=\"\" data-start=\"1679\" data-end=\"1696\">M\u00e4nn\u00e4n kosketin: Kyll\u00e4<\/p>\n<\/li>\n<li class=\"\" data-start=\"1697\" data-end=\"1722\">\n<p class=\"\" data-start=\"1699\" data-end=\"1722\">J\u00e4nnite AC\/DC: AC\/DC<\/p>\n<\/li>\n<li class=\"\" data-start=\"1723\" data-end=\"1747\">\n<p class=\"\" data-start=\"1725\" data-end=\"1747\">Max j\u00e4nnite: 26,4V<\/p>\n<\/li>\n<li class=\"\" data-start=\"1748\" data-end=\"1772\">\n<p class=\"\" data-start=\"1750\" data-end=\"1772\">Minimij\u00e4nnite: 10,8 V<\/p>\n<\/li>\n<li class=\"\" data-start=\"1773\" data-end=\"1797\">\n<p class=\"\" data-start=\"1775\" data-end=\"1797\">Double twist drop: Ei<\/p>\n<\/li>\n<li class=\"\" data-start=\"1798\" data-end=\"1847\">\n<p class=\"\" data-start=\"1800\" data-end=\"1847\">Oikea\/taakse: vaihdettavissa (oikea\/taakse)<\/p>\n<\/li>\n<\/ul>\n<p class=\"\" data-start=\"1849\" data-end=\"2174\"><strong data-start=\"1849\" data-end=\"1871\">K\u00e4ytt\u00f6alueet<\/strong><br data-start=\"1871\" data-end=\"1874\" \/>T\u00e4m\u00e4 s\u00e4hk\u00f6isku soveltuu erinomaisesti k\u00e4ytett\u00e4v\u00e4ksi koteloissa, sis\u00e4\u00e4nk\u00e4ynneiss\u00e4, porteissa ja muissa suurtaajuisissa ovissa liike-, toimisto-, teollisuus- ja kerrostaloissa.<\/p>\n<p class=\"\" data-start=\"1849\" data-end=\"2174\">Se on erityisen hy\u00f6dyllinen ymp\u00e4rist\u00f6iss\u00e4, joissa vaaditaan joustavuutta ja kest\u00e4vyytt\u00e4 ja joissa on t\u00e4rke\u00e4\u00e4 pysty\u00e4 s\u00e4\u00e4t\u00e4m\u00e4\u00e4n toimintoa tarpeiden mukaan.<\/p>","protected":false},"excerpt":{"rendered":"<h5><a href=\"https:\/\/elslutblecksguiden.se\/\" target=\"_blank\" rel=\"noopener\">Opas ASSA S\u00e4hk\u00f6lukot, moottorilukot, S\u00e4hk\u00f6iset vastalevyt ja vaihto-opas<\/a><\/h5>","protected":false},"featured_media":140071,"template":"","meta":{"_acf_changed":false},"product_brand":[],"product_cat":[3355],"product_tag":[4196,4202,2967],"class_list":{"0":"post-91540","1":"product","2":"type-product","3":"status-publish","4":"has-post-thumbnail","6":"product_cat-elslutbleck","7":"product_tag-12-24v","8":"product_tag-omstallbar-rattvand-omvand","9":"product_tag-rg-assa-abloy","10":"product_shipping_class-tunga-paket","11":"pa_brands-abloy","12":"tm-no-options","14":"first","15":"instock","16":"sale","17":"taxable","18":"shipping-taxable","19":"purchasable","20":"product-type-simple"},"acf":[],"_links":{"self":[{"href":"https:\/\/secureus.se\/fi\/wp-json\/wp\/v2\/product\/91540","targetHints":{"allow":["GET"]}}],"collection":[{"href":"https:\/\/secureus.se\/fi\/wp-json\/wp\/v2\/product"}],"about":[{"href":"https:\/\/secureus.se\/fi\/wp-json\/wp\/v2\/types\/product"}],"wp:featuredmedia":[{"embeddable":true,"href":"https:\/\/secureus.se\/fi\/wp-json\/wp\/v2\/media\/140071"}],"wp:attachment":[{"href":"https:\/\/secureus.se\/fi\/wp-json\/wp\/v2\/media?parent=91540"}],"wp:term":[{"taxonomy":"product_brand","embeddable":true,"href":"https:\/\/secureus.se\/fi\/wp-json\/wp\/v2\/product_brand?post=91540"},{"taxonomy":"product_cat","embeddable":true,"href":"https:\/\/secureus.se\/fi\/wp-json\/wp\/v2\/product_cat?post=91540"},{"taxonomy":"product_tag","embeddable":true,"href":"https:\/\/secureus.se\/fi\/wp-json\/wp\/v2\/product_tag?post=91540"}],"curies":[{"name":"wp","href":"https:\/\/api.w.org\/{rel}","templated":true}]}}