{"id":91542,"date":"2023-09-27T18:13:53","date_gmt":"2023-09-27T16:13:53","guid":{"rendered":"https:\/\/secureus.se\/elslutbleck-70-rattvand-12v\/"},"modified":"2026-04-23T12:22:15","modified_gmt":"2026-04-23T10:22:15","slug":"elslutbleck-70-rattvand-12v","status":"publish","type":"product","link":"https:\/\/secureus.se\/fi\/elslutbleck-70-rattvand-12v\/","title":{"rendered":"S\u00e4hk\u00f6inen p\u00e4\u00e4tylevy 70 Oikea 12V"},"content":{"rendered":"<h1>S\u00e4hk\u00f6inen p\u00e4\u00e4tylevy 70 Oikea 12V<\/h1>\n<p class=\"\" data-start=\"470\" data-end=\"816\">ASSA ABLOY Standard s\u00e4hk\u00f6isku 70 Oikeak\u00e4tinen 12V on suunniteltu tarjoamaan turvallisuutta ja luotettavuutta normaaleissa turvallisuusvaatimuksissa.<\/p>\n<p class=\"\" data-start=\"470\" data-end=\"816\">T\u00e4m\u00e4 s\u00e4hk\u00f6isku soveltuu hyvin k\u00e4ytett\u00e4v\u00e4ksi p\u00e4iv\u00e4lukituksena kuorisuojassa ja sis\u00e4lukkoon kaupassa, toimistoissa, teollisuudessa tai kerrostalojen sis\u00e4\u00e4nk\u00e4ynneiss\u00e4 ja julkisissa tiloissa.<\/p>\n<p class=\"\" data-start=\"818\" data-end=\"1146\">700 kg:n (7 kN) murtolujuutensa ja korkean iskun- ja t\u00e4rin\u00e4nkest\u00e4vyytens\u00e4 ansiosta se sopii erinomaisesti kest\u00e4vyytt\u00e4 ja pitk\u00e4\u00e4 k\u00e4ytt\u00f6ik\u00e4\u00e4 vaativiin oviin.<\/p>\n<p class=\"\" data-start=\"818\" data-end=\"1146\">Lukko on suunniteltu k\u00e4ytett\u00e4v\u00e4ksi paloosaston v\u00e4lisiss\u00e4 ovissa yhdess\u00e4 kaksoissalpalukon ja erillisen pylv\u00e4\u00e4n kanssa, joten se on turvallinen ratkaisu sek\u00e4 yksityisiin ett\u00e4 kaupallisiin ymp\u00e4rist\u00f6ihin.<\/p>\n<p class=\"\" data-start=\"1148\" data-end=\"1413\">S\u00e4hk\u00f6iskussa on k\u00e4\u00e4nnett\u00e4v\u00e4 toiminto, mik\u00e4 tarkoittaa, ett\u00e4 se pysyy lukittuna my\u00f6s s\u00e4hk\u00f6katkon sattuessa, mik\u00e4 lis\u00e4\u00e4 turvallisuutta.<\/p>\n<p class=\"\" data-start=\"1148\" data-end=\"1413\">Sen sinkitty pinta ja pronssinen kierrelukko ja sinkkiseoksesta valmistettu lukkokotelo takaavat pitk\u00e4ik\u00e4isen kest\u00e4vyyden ja luotettavan suorituskyvyn ajan mittaan.<\/p>\n<p class=\"\" data-start=\"1415\" data-end=\"1437\"><strong data-start=\"1415\" data-end=\"1435\">Tekniset tiedot:<\/strong><\/p>\n<ul data-start=\"1438\" data-end=\"1751\">\n<li class=\"\" data-start=\"1438\" data-end=\"1472\">\n<p class=\"\" data-start=\"1440\" data-end=\"1472\">Murtolujuus: 700 kg (7 kN)<\/p>\n<\/li>\n<li class=\"\" data-start=\"1473\" data-end=\"1505\">\n<p class=\"\" data-start=\"1475\" data-end=\"1505\">Oven sarana: Oikea, vasen<\/p>\n<\/li>\n<li class=\"\" data-start=\"1506\" data-end=\"1543\">\n<p class=\"\" data-start=\"1508\" data-end=\"1543\">Lukon tyyppi: yksisalpalukko, kaksoissalpalukko<\/p>\n<\/li>\n<li class=\"\" data-start=\"1544\" data-end=\"1566\">\n<p class=\"\" data-start=\"1546\" data-end=\"1566\">K\u00e4ytt\u00f6j\u00e4nnite: 12V<\/p>\n<\/li>\n<li class=\"\" data-start=\"1567\" data-end=\"1599\">\n<p class=\"\" data-start=\"1569\" data-end=\"1599\">V\u00e4ri\/pintak\u00e4sittely: Galvanoitu<\/p>\n<\/li>\n<li class=\"\" data-start=\"1600\" data-end=\"1620\">\n<p class=\"\" data-start=\"1602\" data-end=\"1620\">M\u00e4nn\u00e4n kosketin: Ei<\/p>\n<\/li>\n<li class=\"\" data-start=\"1621\" data-end=\"1646\">\n<p class=\"\" data-start=\"1623\" data-end=\"1646\">J\u00e4nnite AC\/DC: AC\/DC<\/p>\n<\/li>\n<li class=\"\" data-start=\"1647\" data-end=\"1671\">\n<p class=\"\" data-start=\"1649\" data-end=\"1671\">Max j\u00e4nnite: 13,2V<\/p>\n<\/li>\n<li class=\"\" data-start=\"1672\" data-end=\"1696\">\n<p class=\"\" data-start=\"1674\" data-end=\"1696\">Minimij\u00e4nnite: 10,8 V<\/p>\n<\/li>\n<li class=\"\" data-start=\"1697\" data-end=\"1721\">\n<p class=\"\" data-start=\"1699\" data-end=\"1721\">Double twist drop: Ei<\/p>\n<\/li>\n<li class=\"\" data-start=\"1722\" data-end=\"1751\">\n<p class=\"\" data-start=\"1724\" data-end=\"1751\">Oikea\/Reverse: Oikea<\/p>\n<\/li>\n<\/ul>\n<p class=\"\" data-start=\"1753\" data-end=\"1978\"><strong data-start=\"1753\" data-end=\"1775\">K\u00e4ytt\u00f6alueet<\/strong><br data-start=\"1775\" data-end=\"1778\" \/>T\u00e4m\u00e4 s\u00e4hk\u00f6isku soveltuu k\u00e4ytett\u00e4v\u00e4ksi turvallisuusymp\u00e4rist\u00f6iss\u00e4, joissa vaaditaan luotettavaa ja kest\u00e4v\u00e4\u00e4 lukitusta.<\/p>\n<p class=\"\" data-start=\"1753\" data-end=\"1978\">T\u00e4ydellinen oviin kuorisuojauksiin, sis\u00e4isiin lukoihin sek\u00e4 julkisiin tai liikerakennuksiin.<\/p>","protected":false},"excerpt":{"rendered":"<h5><a href=\"https:\/\/elslutblecksguiden.se\/\" target=\"_blank\" rel=\"noopener\">Opas ASSA S\u00e4hk\u00f6lukot, moottorilukot, S\u00e4hk\u00f6iset vastalevyt ja vaihto-opas<\/a><\/h5>","protected":false},"featured_media":159498,"template":"","meta":{"_acf_changed":false},"product_brand":[],"product_cat":[3355],"product_tag":[4198,4200,2967],"class_list":{"0":"post-91542","1":"product","2":"type-product","3":"status-publish","4":"has-post-thumbnail","6":"product_cat-elslutbleck","7":"product_tag-12v","8":"product_tag-rattvand","9":"product_tag-rg-assa-abloy","10":"product_shipping_class-tunga-paket","11":"pa_brands-abloy","12":"tm-no-options","14":"first","15":"onbackorder","16":"sale","17":"taxable","18":"shipping-taxable","19":"purchasable","20":"product-type-simple"},"acf":[],"_links":{"self":[{"href":"https:\/\/secureus.se\/fi\/wp-json\/wp\/v2\/product\/91542","targetHints":{"allow":["GET"]}}],"collection":[{"href":"https:\/\/secureus.se\/fi\/wp-json\/wp\/v2\/product"}],"about":[{"href":"https:\/\/secureus.se\/fi\/wp-json\/wp\/v2\/types\/product"}],"wp:featuredmedia":[{"embeddable":true,"href":"https:\/\/secureus.se\/fi\/wp-json\/wp\/v2\/media\/159498"}],"wp:attachment":[{"href":"https:\/\/secureus.se\/fi\/wp-json\/wp\/v2\/media?parent=91542"}],"wp:term":[{"taxonomy":"product_brand","embeddable":true,"href":"https:\/\/secureus.se\/fi\/wp-json\/wp\/v2\/product_brand?post=91542"},{"taxonomy":"product_cat","embeddable":true,"href":"https:\/\/secureus.se\/fi\/wp-json\/wp\/v2\/product_cat?post=91542"},{"taxonomy":"product_tag","embeddable":true,"href":"https:\/\/secureus.se\/fi\/wp-json\/wp\/v2\/product_tag?post=91542"}],"curies":[{"name":"wp","href":"https:\/\/api.w.org\/{rel}","templated":true}]}}