{"id":91544,"date":"2023-09-27T18:13:50","date_gmt":"2023-09-27T16:13:50","guid":{"rendered":"https:\/\/secureus.se\/elslutbleck-75-omstallbar-12-24v\/"},"modified":"2026-04-08T15:57:45","modified_gmt":"2026-04-08T13:57:45","slug":"elslutbleck-75-omstallbar-12-24v","status":"publish","type":"product","link":"https:\/\/secureus.se\/fi\/elslutbleck-75-omstallbar-12-24v\/","title":{"rendered":"S\u00e4hk\u00f6inen p\u00e4\u00e4tylevy 75 Kytkett\u00e4v\u00e4 12-24V"},"content":{"rendered":"<h1>S\u00e4hk\u00f6inen p\u00e4\u00e4tylevy 75 Kytkett\u00e4v\u00e4 12-24V<\/h1>\n<p class=\"\" data-start=\"430\" data-end=\"729\">ASSA ABLOY Vakio s\u00e4hk\u00f6inen sulkulevy 75 Kytkett\u00e4v\u00e4 12-24V on suunniteltu oviin, joilla on normaalit turvallisuusvaatimukset.<\/p>\n<p class=\"\" data-start=\"430\" data-end=\"729\">Lukko on helposti vaihdettavissa eteen- ja taaksep\u00e4in-toiminnon v\u00e4lill\u00e4, mik\u00e4 tarjoaa joustavuutta riippuen siit\u00e4, onko ovi lukittava tai avattava s\u00e4hk\u00f6katkon sattuessa.<\/p>\n<p class=\"\" data-start=\"731\" data-end=\"1024\">Se soveltuu erityisen hyvin k\u00e4ytett\u00e4v\u00e4ksi palokennojen jako-ovissa ja yhdess\u00e4 lukittujen yksi- tai kaksipudotuslukkojen kanssa.<\/p>\n<p class=\"\" data-start=\"731\" data-end=\"1024\">700 kg:n (7 kN) murtolujuus ja vankka rakenne, jossa on pronssinen sarana ja sinkkiseoksesta valmistettu lukkokotelo, tarjoavat sek\u00e4 kest\u00e4vyytt\u00e4 ett\u00e4 korkeaa turvallisuutta.<\/p>\n<p class=\"\" data-start=\"1026\" data-end=\"1277\">S\u00e4hk\u00f6inen p\u00e4\u00e4televy on my\u00f6s varustettu sis\u00e4\u00e4nrakennetulla transienttisuojauksella, joka suojaa s\u00e4hk\u00f6h\u00e4iri\u00f6ilt\u00e4, mik\u00e4 tekee siit\u00e4 erityisen luotettavan herkiss\u00e4 ymp\u00e4rist\u00f6iss\u00e4.<\/p>\n<p class=\"\" data-start=\"1026\" data-end=\"1277\">Sen korkea iskunkest\u00e4vyys ja iskunkesto tekev\u00e4t siit\u00e4 t\u00e4ydellisen oviin, jotka vaativat pitk\u00e4aikaista ja turvallista toimintaa.<\/p>\n<p class=\"\" data-start=\"1279\" data-end=\"1301\"><strong data-start=\"1279\" data-end=\"1299\">Tekniset tiedot:<\/strong><\/p>\n<ul data-start=\"1302\" data-end=\"1638\">\n<li class=\"\" data-start=\"1302\" data-end=\"1336\">\n<p class=\"\" data-start=\"1304\" data-end=\"1336\">Murtolujuus: 700 kg (7 kN)<\/p>\n<\/li>\n<li class=\"\" data-start=\"1337\" data-end=\"1369\">\n<p class=\"\" data-start=\"1339\" data-end=\"1369\">Oven sarana: Oikea, vasen<\/p>\n<\/li>\n<li class=\"\" data-start=\"1370\" data-end=\"1407\">\n<p class=\"\" data-start=\"1372\" data-end=\"1407\">Lukon tyyppi: yksisalpalukko, kaksoissalpalukko<\/p>\n<\/li>\n<li class=\"\" data-start=\"1408\" data-end=\"1433\">\n<p class=\"\" data-start=\"1410\" data-end=\"1433\">K\u00e4ytt\u00f6j\u00e4nnite: 12-24V<\/p>\n<\/li>\n<li class=\"\" data-start=\"1434\" data-end=\"1466\">\n<p class=\"\" data-start=\"1436\" data-end=\"1466\">V\u00e4ri\/pintak\u00e4sittely: Galvanoitu<\/p>\n<\/li>\n<li class=\"\" data-start=\"1467\" data-end=\"1487\">\n<p class=\"\" data-start=\"1469\" data-end=\"1487\">M\u00e4nn\u00e4n kosketin: Ei<\/p>\n<\/li>\n<li class=\"\" data-start=\"1488\" data-end=\"1513\">\n<p class=\"\" data-start=\"1490\" data-end=\"1513\">J\u00e4nnite AC\/DC: AC\/DC<\/p>\n<\/li>\n<li class=\"\" data-start=\"1514\" data-end=\"1538\">\n<p class=\"\" data-start=\"1516\" data-end=\"1538\">Max j\u00e4nnite: 26,4V<\/p>\n<\/li>\n<li class=\"\" data-start=\"1539\" data-end=\"1563\">\n<p class=\"\" data-start=\"1541\" data-end=\"1563\">Minimij\u00e4nnite: 10,8 V<\/p>\n<\/li>\n<li class=\"\" data-start=\"1564\" data-end=\"1588\">\n<p class=\"\" data-start=\"1566\" data-end=\"1588\">Double twist drop: Ei<\/p>\n<\/li>\n<li class=\"\" data-start=\"1589\" data-end=\"1638\">\n<p class=\"\" data-start=\"1591\" data-end=\"1638\">Oikea\/taakse: vaihdettavissa (oikea\/taakse)<\/p>\n<\/li>\n<\/ul>\n<p class=\"\" data-start=\"1640\" data-end=\"1919\"><strong data-start=\"1640\" data-end=\"1662\">K\u00e4ytt\u00f6alueet<\/strong><br data-start=\"1662\" data-end=\"1665\" \/>S\u00e4hk\u00f6inen p\u00e4\u00e4televy 75 Kytkett\u00e4v\u00e4 12-24V sopii erinomaisesti kuorisuojaukseen, sis\u00e4iseen lukitukseen ja turvallisuuteen liikerakennuksissa, toimistoissa ja kerrostaloissa.<\/p>\n<p class=\"\" data-start=\"1640\" data-end=\"1919\">Se tarjoaa joustavan ja turvallisen ratkaisun oviin, jotka on voitava mukauttaa erilaisiin turvallisuusvaatimuksiin.<\/p>","protected":false},"excerpt":{"rendered":"<h5><a href=\"https:\/\/elslutblecksguiden.se\/\" target=\"_blank\" rel=\"noopener\">Opas ASSA S\u00e4hk\u00f6lukot, moottorilukot, S\u00e4hk\u00f6iset vastalevyt ja vaihto-opas<\/a><\/h5>","protected":false},"featured_media":137056,"template":"","meta":{"_acf_changed":false},"product_brand":[],"product_cat":[3355],"product_tag":[4196,4202,2967],"class_list":{"0":"post-91544","1":"product","2":"type-product","3":"status-publish","4":"has-post-thumbnail","6":"product_cat-elslutbleck","7":"product_tag-12-24v","8":"product_tag-omstallbar-rattvand-omvand","9":"product_tag-rg-assa-abloy","10":"product_shipping_class-tunga-paket","11":"pa_brands-abloy","12":"tm-no-options","14":"first","15":"instock","16":"sale","17":"taxable","18":"shipping-taxable","19":"purchasable","20":"product-type-simple"},"acf":[],"_links":{"self":[{"href":"https:\/\/secureus.se\/fi\/wp-json\/wp\/v2\/product\/91544","targetHints":{"allow":["GET"]}}],"collection":[{"href":"https:\/\/secureus.se\/fi\/wp-json\/wp\/v2\/product"}],"about":[{"href":"https:\/\/secureus.se\/fi\/wp-json\/wp\/v2\/types\/product"}],"wp:featuredmedia":[{"embeddable":true,"href":"https:\/\/secureus.se\/fi\/wp-json\/wp\/v2\/media\/137056"}],"wp:attachment":[{"href":"https:\/\/secureus.se\/fi\/wp-json\/wp\/v2\/media?parent=91544"}],"wp:term":[{"taxonomy":"product_brand","embeddable":true,"href":"https:\/\/secureus.se\/fi\/wp-json\/wp\/v2\/product_brand?post=91544"},{"taxonomy":"product_cat","embeddable":true,"href":"https:\/\/secureus.se\/fi\/wp-json\/wp\/v2\/product_cat?post=91544"},{"taxonomy":"product_tag","embeddable":true,"href":"https:\/\/secureus.se\/fi\/wp-json\/wp\/v2\/product_tag?post=91544"}],"curies":[{"name":"wp","href":"https:\/\/api.w.org\/{rel}","templated":true}]}}