{"id":91545,"date":"2023-09-27T18:13:49","date_gmt":"2023-09-27T16:13:49","guid":{"rendered":"https:\/\/secureus.se\/elslutbleck-8331-omvand-24v-kolvkontakt\/"},"modified":"2026-04-08T15:57:53","modified_gmt":"2026-04-08T13:57:53","slug":"elslutbleck-8331-omvand-24v-kolvkontakt","status":"publish","type":"product","link":"https:\/\/secureus.se\/fi\/elslutbleck-8331-omvand-24v-kolvkontakt\/","title":{"rendered":"S\u00e4hk\u00f6inen p\u00e4\u00e4tylevy 8331 K\u00e4\u00e4nteinen 24V M\u00e4nn\u00e4n kosketin"},"content":{"rendered":"<h1>S\u00e4hk\u00f6inen p\u00e4\u00e4tylevy 8331 K\u00e4\u00e4nteinen 24V M\u00e4nn\u00e4n kosketin<\/h1>\n<p class=\"\" data-start=\"449\" data-end=\"801\">ASSA ABLOY eritt\u00e4in vahva s\u00e4hk\u00f6isku 8331 K\u00e4\u00e4nteinen 24V m\u00e4nt\u00e4kosketin on suunniteltu t\u00e4ytt\u00e4m\u00e4\u00e4n korkeimmat turvallisuusvaatimukset, erityisesti ovissa, joissa on suuri k\u00e4ytt\u00f6tiheys.<\/p>\n<p class=\"\" data-start=\"449\" data-end=\"801\">Se soveltuu erityisen hyvin k\u00e4ytett\u00e4v\u00e4ksi p\u00e4iv\u00e4lukona koteloissa, sis\u00e4\u00e4nk\u00e4ynneiss\u00e4, porteissa ja muissa ovissa, jotka ovat alttiina suurille kuormituksille kaupassa, toimistoissa ja teollisuudessa.<\/p>\n<p class=\"\" data-start=\"803\" data-end=\"1152\">S\u00e4hk\u00f6iskussa on peruutustoiminto, mik\u00e4 tarkoittaa, ett\u00e4 se avataan s\u00e4hk\u00f6katkon sattuessa, mik\u00e4 tekee siit\u00e4 optimaalisen k\u00e4ytett\u00e4v\u00e4ksi pakoovissa ja ilmalukoissa, joissa on paine-ero.<\/p>\n<p class=\"\" data-start=\"803\" data-end=\"1152\">Sen 750 kg (7,5 kN) murtolujuus ja kyky kest\u00e4\u00e4 500 kg:n nauhapainetta tekev\u00e4t siit\u00e4 turvallisen ja luotettavan ratkaisun vaikeissakin olosuhteissa.<\/p>\n<p class=\"\" data-start=\"1154\" data-end=\"1401\">Kest\u00e4v\u00e4 rakenne, joka kest\u00e4\u00e4 miljoonia avausjaksoja, ja ter\u00e4ksinen kierrelukko ja lukkokotelo tekev\u00e4t t\u00e4st\u00e4 s\u00e4hk\u00f6iskusta pitk\u00e4n kest\u00e4vyyden ja luotettavan toiminnan.<\/p>\n<p class=\"\" data-start=\"1154\" data-end=\"1401\">Sen lukittava m\u00e4nt\u00e4liitin ja ankkuriliitin varmistavat helpon ja turvallisen asennuksen.<\/p>\n<p class=\"\" data-start=\"1403\" data-end=\"1425\"><strong data-start=\"1403\" data-end=\"1423\">Tekniset tiedot:<\/strong><\/p>\n<ul data-start=\"1426\" data-end=\"1755\">\n<li class=\"\" data-start=\"1426\" data-end=\"1462\">\n<p class=\"\" data-start=\"1428\" data-end=\"1462\">Murtolujuus: 750 kg (7,5 kN)<\/p>\n<\/li>\n<li class=\"\" data-start=\"1463\" data-end=\"1495\">\n<p class=\"\" data-start=\"1465\" data-end=\"1495\">Oven sarana: Oikea, vasen<\/p>\n<\/li>\n<li class=\"\" data-start=\"1496\" data-end=\"1517\">\n<p class=\"\" data-start=\"1498\" data-end=\"1517\">Listan paine: 500 kg<\/p>\n<\/li>\n<li class=\"\" data-start=\"1518\" data-end=\"1555\">\n<p class=\"\" data-start=\"1520\" data-end=\"1555\">Lukon tyyppi: yksisalpalukko, kaksoissalpalukko<\/p>\n<\/li>\n<li class=\"\" data-start=\"1556\" data-end=\"1578\">\n<p class=\"\" data-start=\"1558\" data-end=\"1578\">K\u00e4ytt\u00f6j\u00e4nnite: 24V<\/p>\n<\/li>\n<li class=\"\" data-start=\"1579\" data-end=\"1609\">\n<p class=\"\" data-start=\"1581\" data-end=\"1609\">V\u00e4ri\/viimeistely: ruostumaton ter\u00e4s<\/p>\n<\/li>\n<li class=\"\" data-start=\"1610\" data-end=\"1629\">\n<p class=\"\" data-start=\"1612\" data-end=\"1629\">M\u00e4nn\u00e4n kosketin: Kyll\u00e4<\/p>\n<\/li>\n<li class=\"\" data-start=\"1630\" data-end=\"1652\">\n<p class=\"\" data-start=\"1632\" data-end=\"1652\">J\u00e4nnite AC\/DC: DC<\/p>\n<\/li>\n<li class=\"\" data-start=\"1653\" data-end=\"1677\">\n<p class=\"\" data-start=\"1655\" data-end=\"1677\">Max j\u00e4nnite: 26,4V<\/p>\n<\/li>\n<li class=\"\" data-start=\"1678\" data-end=\"1702\">\n<p class=\"\" data-start=\"1680\" data-end=\"1702\">Minimij\u00e4nnite: 21,6 V<\/p>\n<\/li>\n<li class=\"\" data-start=\"1703\" data-end=\"1727\">\n<p class=\"\" data-start=\"1705\" data-end=\"1727\">Double twist drop: Ei<\/p>\n<\/li>\n<li class=\"\" data-start=\"1728\" data-end=\"1755\">\n<p class=\"\" data-start=\"1730\" data-end=\"1755\">Oikea\/Taakse: Taakse<\/p>\n<\/li>\n<\/ul>\n<p class=\"\" data-start=\"1757\" data-end=\"2047\"><strong data-start=\"1757\" data-end=\"1779\">K\u00e4ytt\u00f6alueet<\/strong><br data-start=\"1779\" data-end=\"1782\" \/>S\u00e4hk\u00f6iskulevy 8331 soveltuu erinomaisesti k\u00e4ytett\u00e4v\u00e4ksi poistumisovissa, ilmalukoissa ja muissa turvallisuuden kannalta kriittisiss\u00e4 ovissa, joissa on t\u00e4rke\u00e4\u00e4, ett\u00e4 lukko avataan s\u00e4hk\u00f6katkon sattuessa.<\/p>\n<p class=\"\" data-start=\"1757\" data-end=\"2047\">T\u00e4ydellinen kuoren suojaamiseen ja turvallisuuteen korkeataajuisissa ovissa teollisuus-, toimisto- ja kaupallisissa ymp\u00e4rist\u00f6iss\u00e4.<\/p>","protected":false},"excerpt":{"rendered":"<h5><a href=\"https:\/\/elslutblecksguiden.se\/\" target=\"_blank\" rel=\"noopener\">Opas ASSA S\u00e4hk\u00f6lukot, moottorilukot, S\u00e4hk\u00f6iset vastalevyt ja vaihto-opas<\/a><\/h5>","protected":false},"featured_media":139443,"template":"","meta":{"_acf_changed":false},"product_brand":[],"product_cat":[3355],"product_tag":[4197,4201,2967],"class_list":{"0":"post-91545","1":"product","2":"type-product","3":"status-publish","4":"has-post-thumbnail","6":"product_cat-elslutbleck","7":"product_tag-24v","8":"product_tag-omvand","9":"product_tag-rg-assa-abloy","10":"product_shipping_class-tunga-paket","11":"pa_brands-abloy","12":"tm-no-options","14":"first","15":"onbackorder","16":"sale","17":"taxable","18":"shipping-taxable","19":"purchasable","20":"product-type-simple"},"acf":[],"_links":{"self":[{"href":"https:\/\/secureus.se\/fi\/wp-json\/wp\/v2\/product\/91545","targetHints":{"allow":["GET"]}}],"collection":[{"href":"https:\/\/secureus.se\/fi\/wp-json\/wp\/v2\/product"}],"about":[{"href":"https:\/\/secureus.se\/fi\/wp-json\/wp\/v2\/types\/product"}],"wp:featuredmedia":[{"embeddable":true,"href":"https:\/\/secureus.se\/fi\/wp-json\/wp\/v2\/media\/139443"}],"wp:attachment":[{"href":"https:\/\/secureus.se\/fi\/wp-json\/wp\/v2\/media?parent=91545"}],"wp:term":[{"taxonomy":"product_brand","embeddable":true,"href":"https:\/\/secureus.se\/fi\/wp-json\/wp\/v2\/product_brand?post=91545"},{"taxonomy":"product_cat","embeddable":true,"href":"https:\/\/secureus.se\/fi\/wp-json\/wp\/v2\/product_cat?post=91545"},{"taxonomy":"product_tag","embeddable":true,"href":"https:\/\/secureus.se\/fi\/wp-json\/wp\/v2\/product_tag?post=91545"}],"curies":[{"name":"wp","href":"https:\/\/api.w.org\/{rel}","templated":true}]}}