{"id":91547,"date":"2023-09-27T18:13:46","date_gmt":"2023-09-27T16:13:46","guid":{"rendered":"https:\/\/secureus.se\/elslutbleck-905m-omstallbar-12-24v-kolvkontakt\/"},"modified":"2026-03-25T15:41:13","modified_gmt":"2026-03-25T14:41:13","slug":"elslutbleck-905m-omstallbar-12-24v-kolvkontakt","status":"publish","type":"product","link":"https:\/\/secureus.se\/fi\/elslutbleck-905m-omstallbar-12-24v-kolvkontakt\/","title":{"rendered":"S\u00e4hk\u00f6inen p\u00e4\u00e4televy 905M Kytkett\u00e4v\u00e4 12-24V m\u00e4nt\u00e4kosketin"},"content":{"rendered":"<h1>S\u00e4hk\u00f6inen p\u00e4\u00e4televy 905M Kytkett\u00e4v\u00e4 12-24V m\u00e4nt\u00e4kosketin<\/h1>\n<p class=\"\" data-start=\"447\" data-end=\"796\">ASSA Electric Strike 905M kytkett\u00e4v\u00e4 12-24 V m\u00e4nt\u00e4kosketin on osa 900-sarjaa ja se on suunniteltu t\u00e4ytt\u00e4m\u00e4\u00e4n kaupallisissa ja teollisissa ymp\u00e4rist\u00f6iss\u00e4 k\u00e4ytett\u00e4vien ovien turvallisuusvaatimukset.<\/p>\n<p class=\"\" data-start=\"447\" data-end=\"796\">Eteenp\u00e4in- ja taaksep\u00e4in-toiminnon v\u00e4lill\u00e4 on helppo vaihtaa, mik\u00e4 tekee siit\u00e4 joustavan ja mukautuvan erilaisiin turvallisuustarpeisiin.<\/p>\n<p class=\"\" data-start=\"798\" data-end=\"1126\">650 kg:n (6,5 kN) murtolujuutensa ja korkean t\u00e4rin\u00e4n- ja iskunkest\u00e4v\u00e4ns\u00e4 ansiosta t\u00e4m\u00e4 s\u00e4hk\u00f6isku on ihanteellinen korkeataajuisiin oviin, jotka ovat alttiina rasitukselle.<\/p>\n<p class=\"\" data-start=\"798\" data-end=\"1126\">Lukkokotelo on valmistettu sinkkiseoksesta ja kierrelukko on valmistettu pronssista, mik\u00e4 lis\u00e4\u00e4 kest\u00e4vyytt\u00e4. Sen parannettu nauhapainetoiminto mahdollistaa sen, ett\u00e4 se k\u00e4sittelee avaamista paineen alaisena.<\/p>\n<p class=\"\" data-start=\"1128\" data-end=\"1391\">S\u00e4hk\u00f6isku on varustettu m\u00e4nt\u00e4koskettimella ja sis\u00e4\u00e4nrakennetulla transienttisuojauksella, joka suojaa s\u00e4hk\u00f6isilt\u00e4 h\u00e4iri\u00f6ilt\u00e4.<\/p>\n<p class=\"\" data-start=\"1128\" data-end=\"1391\">T\u00e4m\u00e4 tekee siit\u00e4 eritt\u00e4in luotettavan vaihtoehdon jatkuvaa turvallisuutta vaativiin oviin, kuten suojakaiteisiin, sis\u00e4\u00e4nk\u00e4yntiin ja muihin julkisiin tiloihin.<\/p>\n<p class=\"\" data-start=\"1393\" data-end=\"1415\"><strong data-start=\"1393\" data-end=\"1413\">Tekniset tiedot:<\/strong><\/p>\n<ul data-start=\"1416\" data-end=\"1827\">\n<li class=\"\" data-start=\"1416\" data-end=\"1452\">\n<p class=\"\" data-start=\"1418\" data-end=\"1452\">Murtolujuus: 650 kg (6,5 kN)<\/p>\n<\/li>\n<li class=\"\" data-start=\"1453\" data-end=\"1485\">\n<p class=\"\" data-start=\"1455\" data-end=\"1485\">Oven sarana: Oikea, vasen<\/p>\n<\/li>\n<li class=\"\" data-start=\"1486\" data-end=\"1523\">\n<p class=\"\" data-start=\"1488\" data-end=\"1523\">Lukon tyyppi: yksisalpalukko, kaksoissalpalukko<\/p>\n<\/li>\n<li class=\"\" data-start=\"1524\" data-end=\"1549\">\n<p class=\"\" data-start=\"1526\" data-end=\"1549\">K\u00e4ytt\u00f6j\u00e4nnite: 12-24V<\/p>\n<\/li>\n<li class=\"\" data-start=\"1550\" data-end=\"1582\">\n<p class=\"\" data-start=\"1552\" data-end=\"1582\">V\u00e4ri\/pintak\u00e4sittely: Galvanoitu<\/p>\n<\/li>\n<li class=\"\" data-start=\"1583\" data-end=\"1602\">\n<p class=\"\" data-start=\"1585\" data-end=\"1602\">M\u00e4nn\u00e4n kosketin: Kyll\u00e4<\/p>\n<\/li>\n<li class=\"\" data-start=\"1603\" data-end=\"1628\">\n<p class=\"\" data-start=\"1605\" data-end=\"1628\">J\u00e4nnite AC\/DC: AC\/DC<\/p>\n<\/li>\n<li class=\"\" data-start=\"1629\" data-end=\"1653\">\n<p class=\"\" data-start=\"1631\" data-end=\"1653\">Max j\u00e4nnite: 27,6V<\/p>\n<\/li>\n<li class=\"\" data-start=\"1654\" data-end=\"1678\">\n<p class=\"\" data-start=\"1656\" data-end=\"1678\">Minimij\u00e4nnite: 10,8 V<\/p>\n<\/li>\n<li class=\"\" data-start=\"1679\" data-end=\"1703\">\n<p class=\"\" data-start=\"1681\" data-end=\"1703\">Double twist drop: Ei<\/p>\n<\/li>\n<li class=\"\" data-start=\"1704\" data-end=\"1753\">\n<p class=\"\" data-start=\"1706\" data-end=\"1753\">Oikea\/taakse: vaihdettavissa (oikea\/taakse)<\/p>\n<\/li>\n<li class=\"\" data-start=\"1754\" data-end=\"1778\">\n<p class=\"\" data-start=\"1756\" data-end=\"1778\">Tuotteen leveys: 27 mm<\/p>\n<\/li>\n<li class=\"\" data-start=\"1779\" data-end=\"1802\">\n<p class=\"\" data-start=\"1781\" data-end=\"1802\">Tuotteen syvyys: 40 mm<\/p>\n<\/li>\n<li class=\"\" data-start=\"1803\" data-end=\"1827\">\n<p class=\"\" data-start=\"1805\" data-end=\"1827\">Tuotteen korkeus: 140 mm<\/p>\n<\/li>\n<\/ul>\n<p class=\"\" data-start=\"1829\" data-end=\"2132\"><strong data-start=\"1829\" data-end=\"1851\">K\u00e4ytt\u00f6alueet<\/strong><br data-start=\"1851\" data-end=\"1854\" \/>S\u00e4hk\u00f6inen iskulevy 905M sopii t\u00e4ydellisesti oviin kuorisuojauksiin, sis\u00e4isiin lukitus- ja turvaratkaisuihin rakennuksissa, kuten toimistoissa, teollisuudessa, kaupallisissa tai kerrostaloissa.<\/p>\n<p class=\"\" data-start=\"1829\" data-end=\"2132\">Se tarjoaa joustavan ja luotettavan ratkaisun, jossa sek\u00e4 eteen- ett\u00e4 taaksep\u00e4in ovat t\u00e4rkeit\u00e4 asennusvaatimuksista riippuen.<\/p>","protected":false},"excerpt":{"rendered":"<h5><a href=\"https:\/\/elslutblecksguiden.se\/\" target=\"_blank\" rel=\"noopener\">Opas ASSA S\u00e4hk\u00f6lukot, moottorilukot, S\u00e4hk\u00f6iset vastalevyt ja vaihto-opas<\/a><\/h5>","protected":false},"featured_media":138590,"template":"","meta":{"_acf_changed":false},"product_brand":[],"product_cat":[3355],"product_tag":[4196,4202,2967],"class_list":{"0":"post-91547","1":"product","2":"type-product","3":"status-publish","4":"has-post-thumbnail","6":"product_cat-elslutbleck","7":"product_tag-12-24v","8":"product_tag-omstallbar-rattvand-omvand","9":"product_tag-rg-assa-abloy","10":"product_shipping_class-tunga-paket","11":"pa_brands-abloy","12":"tm-no-options","14":"first","15":"outofstock","16":"sale","17":"taxable","18":"shipping-taxable","19":"purchasable","20":"product-type-simple"},"acf":[],"_links":{"self":[{"href":"https:\/\/secureus.se\/fi\/wp-json\/wp\/v2\/product\/91547","targetHints":{"allow":["GET"]}}],"collection":[{"href":"https:\/\/secureus.se\/fi\/wp-json\/wp\/v2\/product"}],"about":[{"href":"https:\/\/secureus.se\/fi\/wp-json\/wp\/v2\/types\/product"}],"wp:featuredmedia":[{"embeddable":true,"href":"https:\/\/secureus.se\/fi\/wp-json\/wp\/v2\/media\/138590"}],"wp:attachment":[{"href":"https:\/\/secureus.se\/fi\/wp-json\/wp\/v2\/media?parent=91547"}],"wp:term":[{"taxonomy":"product_brand","embeddable":true,"href":"https:\/\/secureus.se\/fi\/wp-json\/wp\/v2\/product_brand?post=91547"},{"taxonomy":"product_cat","embeddable":true,"href":"https:\/\/secureus.se\/fi\/wp-json\/wp\/v2\/product_cat?post=91547"},{"taxonomy":"product_tag","embeddable":true,"href":"https:\/\/secureus.se\/fi\/wp-json\/wp\/v2\/product_tag?post=91547"}],"curies":[{"name":"wp","href":"https:\/\/api.w.org\/{rel}","templated":true}]}}