{"id":91548,"date":"2023-09-27T18:13:44","date_gmt":"2023-09-27T16:13:44","guid":{"rendered":"https:\/\/secureus.se\/elslutbleck-910-rattvand-12-24v\/"},"modified":"2026-04-23T12:22:05","modified_gmt":"2026-04-23T10:22:05","slug":"elslutbleck-910-rattvand-12-24v","status":"publish","type":"product","link":"https:\/\/secureus.se\/fi\/elslutbleck-910-rattvand-12-24v\/","title":{"rendered":"S\u00e4hk\u00f6inen p\u00e4\u00e4tylevy 910 Oikea 12-24V"},"content":{"rendered":"<h1>S\u00e4hk\u00f6inen p\u00e4\u00e4tylevy 910 Oikea 12-24V<\/h1>\n<p class=\"\" data-start=\"428\" data-end=\"779\">ASSA Electric Strike 910 Right-Hand 12-24V on osa 900-sarjaa ja se on suunniteltu t\u00e4ytt\u00e4m\u00e4\u00e4n kaupallisissa ja teollisissa ymp\u00e4rist\u00f6iss\u00e4 k\u00e4ytett\u00e4vien ovien turvallisuusvaatimukset.<\/p>\n<p class=\"\" data-start=\"428\" data-end=\"779\">T\u00e4m\u00e4n 800 kg:n (8 kN) murtolujuuden ja korkean iskun- ja iskunkest\u00e4vyyden ansiosta t\u00e4m\u00e4 s\u00e4hk\u00f6isku on t\u00e4ydellinen oviin, joissa on suuri kuormitus ja jatkuva k\u00e4ytt\u00f6.<\/p>\n<p class=\"\" data-start=\"781\" data-end=\"1152\">Lukossa on k\u00e4\u00e4nnett\u00e4v\u00e4 toiminto, eli se lukittuu my\u00f6s s\u00e4hk\u00f6katkon sattuessa, joten se on luotettava turvaratkaisu erilaisiin sovelluksiin.<\/p>\n<p class=\"\" data-start=\"781\" data-end=\"1152\">Lukkokotelo on valmistettu sinkkiseoksesta ja kierrelukko on valmistettu pronssista, mik\u00e4 lis\u00e4\u00e4 kest\u00e4vyytt\u00e4 ja pitk\u00e4n k\u00e4ytt\u00f6i\u00e4n.<\/p>\n<p class=\"\" data-start=\"781\" data-end=\"1152\">Parannettu nauhapainetoiminto mahdollistaa oven avaamisen jopa korkealla paineella.<\/p>\n<p class=\"\" data-start=\"1154\" data-end=\"1336\">S\u00e4hk\u00f6iskussa on my\u00f6s sis\u00e4\u00e4nrakennettu transienttisuoja, joka suojaa s\u00e4hk\u00f6isilt\u00e4 h\u00e4iri\u00f6ilt\u00e4, mik\u00e4 tekee siit\u00e4 erityisen luotettavan asennuksissa, joissa vakaus on ratkaisevan t\u00e4rke\u00e4\u00e4.<\/p>\n<p class=\"\" data-start=\"1338\" data-end=\"1360\"><strong data-start=\"1338\" data-end=\"1358\">Tekniset tiedot:<\/strong><\/p>\n<ul data-start=\"1361\" data-end=\"1772\">\n<li class=\"\" data-start=\"1361\" data-end=\"1395\">\n<p class=\"\" data-start=\"1363\" data-end=\"1395\">Murtolujuus: 800 kg (8 kN)<\/p>\n<\/li>\n<li class=\"\" data-start=\"1396\" data-end=\"1428\">\n<p class=\"\" data-start=\"1398\" data-end=\"1428\">Oven sarana: Oikea, vasen<\/p>\n<\/li>\n<li class=\"\" data-start=\"1429\" data-end=\"1449\">\n<p class=\"\" data-start=\"1431\" data-end=\"1449\">Listan paine: 12 kg<\/p>\n<\/li>\n<li class=\"\" data-start=\"1450\" data-end=\"1487\">\n<p class=\"\" data-start=\"1452\" data-end=\"1487\">Lukon tyyppi: yksisalpalukko, kaksoissalpalukko<\/p>\n<\/li>\n<li class=\"\" data-start=\"1488\" data-end=\"1513\">\n<p class=\"\" data-start=\"1490\" data-end=\"1513\">K\u00e4ytt\u00f6j\u00e4nnite: 12-24V<\/p>\n<\/li>\n<li class=\"\" data-start=\"1514\" data-end=\"1546\">\n<p class=\"\" data-start=\"1516\" data-end=\"1546\">V\u00e4ri\/pintak\u00e4sittely: Galvanoitu<\/p>\n<\/li>\n<li class=\"\" data-start=\"1547\" data-end=\"1567\">\n<p class=\"\" data-start=\"1549\" data-end=\"1567\">M\u00e4nn\u00e4n kosketin: Ei<\/p>\n<\/li>\n<li class=\"\" data-start=\"1568\" data-end=\"1593\">\n<p class=\"\" data-start=\"1570\" data-end=\"1593\">J\u00e4nnite AC\/DC: AC\/DC<\/p>\n<\/li>\n<li class=\"\" data-start=\"1594\" data-end=\"1618\">\n<p class=\"\" data-start=\"1596\" data-end=\"1618\">Max j\u00e4nnite: 27,6V<\/p>\n<\/li>\n<li class=\"\" data-start=\"1619\" data-end=\"1643\">\n<p class=\"\" data-start=\"1621\" data-end=\"1643\">Minimij\u00e4nnite: 10,8 V<\/p>\n<\/li>\n<li class=\"\" data-start=\"1644\" data-end=\"1668\">\n<p class=\"\" data-start=\"1646\" data-end=\"1668\">Double twist drop: Ei<\/p>\n<\/li>\n<li class=\"\" data-start=\"1669\" data-end=\"1698\">\n<p class=\"\" data-start=\"1671\" data-end=\"1698\">Oikea\/Reverse: Oikea<\/p>\n<\/li>\n<li class=\"\" data-start=\"1699\" data-end=\"1723\">\n<p class=\"\" data-start=\"1701\" data-end=\"1723\">Tuotteen leveys: 27 mm<\/p>\n<\/li>\n<li class=\"\" data-start=\"1724\" data-end=\"1747\">\n<p class=\"\" data-start=\"1726\" data-end=\"1747\">Tuotteen syvyys: 40 mm<\/p>\n<\/li>\n<li class=\"\" data-start=\"1748\" data-end=\"1772\">\n<p class=\"\" data-start=\"1750\" data-end=\"1772\">Tuotteen korkeus: 140 mm<\/p>\n<\/li>\n<\/ul>\n<p class=\"\" data-start=\"1774\" data-end=\"1993\"><strong data-start=\"1774\" data-end=\"1796\">K\u00e4ytt\u00f6alueet<\/strong><br data-start=\"1796\" data-end=\"1799\" \/>S\u00e4hk\u00f6inen iskulevy 910 Oikeak\u00e4tinen 12-24V sopii erinomaisesti turvallisuuden kannalta kriittisiss\u00e4 ymp\u00e4rist\u00f6iss\u00e4 k\u00e4ytett\u00e4viin oviin, kuten vaippasuojaukseen, sis\u00e4lukkoon, sis\u00e4\u00e4nk\u00e4yntiin ja julkisiin tiloihin toimistoissa, kaupassa ja teollisuudessa.<\/p>","protected":false},"excerpt":{"rendered":"<h5><a href=\"https:\/\/elslutblecksguiden.se\/\" target=\"_blank\" rel=\"noopener\">Opas ASSA S\u00e4hk\u00f6lukot, moottorilukot, S\u00e4hk\u00f6iset vastalevyt ja vaihto-opas<\/a><\/h5>","protected":false},"featured_media":139081,"template":"","meta":{"_acf_changed":false},"product_brand":[],"product_cat":[3355],"product_tag":[4196,4200,2967],"class_list":{"0":"post-91548","1":"product","2":"type-product","3":"status-publish","4":"has-post-thumbnail","6":"product_cat-elslutbleck","7":"product_tag-12-24v","8":"product_tag-rattvand","9":"product_tag-rg-assa-abloy","10":"product_shipping_class-tunga-paket","11":"pa_brands-abloy","12":"tm-no-options","14":"first","15":"outofstock","16":"sale","17":"taxable","18":"shipping-taxable","19":"purchasable","20":"product-type-simple"},"acf":[],"_links":{"self":[{"href":"https:\/\/secureus.se\/fi\/wp-json\/wp\/v2\/product\/91548","targetHints":{"allow":["GET"]}}],"collection":[{"href":"https:\/\/secureus.se\/fi\/wp-json\/wp\/v2\/product"}],"about":[{"href":"https:\/\/secureus.se\/fi\/wp-json\/wp\/v2\/types\/product"}],"wp:featuredmedia":[{"embeddable":true,"href":"https:\/\/secureus.se\/fi\/wp-json\/wp\/v2\/media\/139081"}],"wp:attachment":[{"href":"https:\/\/secureus.se\/fi\/wp-json\/wp\/v2\/media?parent=91548"}],"wp:term":[{"taxonomy":"product_brand","embeddable":true,"href":"https:\/\/secureus.se\/fi\/wp-json\/wp\/v2\/product_brand?post=91548"},{"taxonomy":"product_cat","embeddable":true,"href":"https:\/\/secureus.se\/fi\/wp-json\/wp\/v2\/product_cat?post=91548"},{"taxonomy":"product_tag","embeddable":true,"href":"https:\/\/secureus.se\/fi\/wp-json\/wp\/v2\/product_tag?post=91548"}],"curies":[{"name":"wp","href":"https:\/\/api.w.org\/{rel}","templated":true}]}}