{"id":91551,"date":"2023-09-27T18:13:40","date_gmt":"2023-09-27T16:13:40","guid":{"rendered":"https:\/\/secureus.se\/elslutbleck-920-brand-rattvand-12-24v\/"},"modified":"2026-04-23T12:22:12","modified_gmt":"2026-04-23T10:22:12","slug":"elslutbleck-920-brand-rattvand-12-24v","status":"publish","type":"product","link":"https:\/\/secureus.se\/fi\/elslutbleck-920-brand-rattvand-12-24v\/","title":{"rendered":"S\u00e4hk\u00f6inen p\u00e4\u00e4tylevy 920 Merkki Oikea 12-24V"},"content":{"rendered":"<h1>S\u00e4hk\u00f6inen p\u00e4\u00e4tylevy 920 Merkki Oikea 12-24V<\/h1>\n<p class=\"\" data-start=\"419\" data-end=\"775\">ASSA Electric Strike 920 Fire Right-Hand 12-24V on osa 900-sarjaa ja se on suunniteltu tarjoamaan korkeaa turvallisuutta ja luotettavuutta paloosastojen v\u00e4liseiniss\u00e4 k\u00e4ytett\u00e4viss\u00e4 ovissa.<\/p>\n<p class=\"\" data-start=\"419\" data-end=\"775\">E\/EI60 paloluokituksen ansiosta se on suunniteltu kest\u00e4m\u00e4\u00e4n paloa jopa 60 minuuttia, mik\u00e4 tekee siit\u00e4 turvallisen ratkaisun paloosaston oviin.<\/p>\n<p class=\"\" data-start=\"777\" data-end=\"1089\">1000 kg:n (10 kN) murtolujuutensa ja korkean iskun- ja iskunkest\u00e4vyyden ansiosta t\u00e4m\u00e4 s\u00e4hk\u00f6isku on ihanteellinen korkeataajuuksisiin oviin alttiissa ymp\u00e4rist\u00f6iss\u00e4.<\/p>\n<p class=\"\" data-start=\"777\" data-end=\"1089\">Lukkokotelo on ter\u00e4st\u00e4 ja kierresalpa ter\u00e4st\u00e4, mik\u00e4 lis\u00e4\u00e4 kest\u00e4vyytt\u00e4. Parannettu nauhapainetoiminto mahdollistaa oven avaamisen my\u00f6s paineen alaisena.<\/p>\n<p class=\"\" data-start=\"1091\" data-end=\"1318\">S\u00e4hk\u00f6iskussa on my\u00f6s sis\u00e4\u00e4nrakennettu transienttisuojaus, joka suojaa s\u00e4hk\u00f6isilt\u00e4 h\u00e4iri\u00f6ilt\u00e4. Sen peruutustoiminto varmistaa, ett\u00e4 ovi pysyy lukittuna s\u00e4hk\u00f6katkon sattuessa, mik\u00e4 lis\u00e4\u00e4 turvallisuutta h\u00e4t\u00e4tilanteissa.<\/p>\n<p class=\"\" data-start=\"1320\" data-end=\"1342\"><strong data-start=\"1320\" data-end=\"1340\">Tekniset tiedot:<\/strong><\/p>\n<ul data-start=\"1343\" data-end=\"1780\">\n<li class=\"\" data-start=\"1343\" data-end=\"1379\">\n<p class=\"\" data-start=\"1345\" data-end=\"1379\">Murtolujuus: 1000 kg (10 kN)<\/p>\n<\/li>\n<li class=\"\" data-start=\"1380\" data-end=\"1412\">\n<p class=\"\" data-start=\"1382\" data-end=\"1412\">Oven sarana: Oikea, vasen<\/p>\n<\/li>\n<li class=\"\" data-start=\"1413\" data-end=\"1433\">\n<p class=\"\" data-start=\"1415\" data-end=\"1433\">Listan paine: 12 kg<\/p>\n<\/li>\n<li class=\"\" data-start=\"1434\" data-end=\"1471\">\n<p class=\"\" data-start=\"1436\" data-end=\"1471\">Lukon tyyppi: yksisalpalukko, kaksoissalpalukko<\/p>\n<\/li>\n<li class=\"\" data-start=\"1472\" data-end=\"1497\">\n<p class=\"\" data-start=\"1474\" data-end=\"1497\">K\u00e4ytt\u00f6j\u00e4nnite: 12-24V<\/p>\n<\/li>\n<li class=\"\" data-start=\"1498\" data-end=\"1530\">\n<p class=\"\" data-start=\"1500\" data-end=\"1530\">V\u00e4ri\/pintak\u00e4sittely: Galvanoitu<\/p>\n<\/li>\n<li class=\"\" data-start=\"1531\" data-end=\"1551\">\n<p class=\"\" data-start=\"1533\" data-end=\"1551\">M\u00e4nn\u00e4n kosketin: Ei<\/p>\n<\/li>\n<li class=\"\" data-start=\"1552\" data-end=\"1577\">\n<p class=\"\" data-start=\"1554\" data-end=\"1577\">J\u00e4nnite AC\/DC: AC\/DC<\/p>\n<\/li>\n<li class=\"\" data-start=\"1578\" data-end=\"1602\">\n<p class=\"\" data-start=\"1580\" data-end=\"1602\">Max j\u00e4nnite: 27,6V<\/p>\n<\/li>\n<li class=\"\" data-start=\"1603\" data-end=\"1627\">\n<p class=\"\" data-start=\"1605\" data-end=\"1627\">Minimij\u00e4nnite: 10,8 V<\/p>\n<\/li>\n<li class=\"\" data-start=\"1628\" data-end=\"1652\">\n<p class=\"\" data-start=\"1630\" data-end=\"1652\">Double twist drop: Ei<\/p>\n<\/li>\n<li class=\"\" data-start=\"1653\" data-end=\"1682\">\n<p class=\"\" data-start=\"1655\" data-end=\"1682\">Oikea\/Reverse: Oikea<\/p>\n<\/li>\n<li class=\"\" data-start=\"1683\" data-end=\"1706\">\n<p class=\"\" data-start=\"1685\" data-end=\"1706\">Palotesti: 60 min<\/p>\n<\/li>\n<li class=\"\" data-start=\"1707\" data-end=\"1731\">\n<p class=\"\" data-start=\"1709\" data-end=\"1731\">Tuotteen leveys: 27 mm<\/p>\n<\/li>\n<li class=\"\" data-start=\"1732\" data-end=\"1755\">\n<p class=\"\" data-start=\"1734\" data-end=\"1755\">Tuotteen syvyys: 40 mm<\/p>\n<\/li>\n<li class=\"\" data-start=\"1756\" data-end=\"1780\">\n<p class=\"\" data-start=\"1758\" data-end=\"1780\">Tuotteen korkeus: 140 mm<\/p>\n<\/li>\n<\/ul>\n<p class=\"\" data-start=\"1782\" data-end=\"2085\"><strong data-start=\"1782\" data-end=\"1804\">K\u00e4ytt\u00f6alueet<\/strong><br data-start=\"1804\" data-end=\"1807\" \/>S\u00e4hk\u00f6inen vastalevy 920 Fire R\u00e4ttv\u00e4nd 12-24V sopii erinomaisesti k\u00e4ytett\u00e4v\u00e4ksi paloosaston v\u00e4lisein\u00e4ovissa ja ovissa, jotka vaativat suurta turvallisuutta tulipalon sattuessa.<\/p>\n<p class=\"\" data-start=\"1782\" data-end=\"2085\">Se soveltuu asennettavaksi rakennuksiin, kuten toimisto-, teollisuus-, kauppa- ja monitalorakennuksiin, joissa turvallisuus ja palonkest\u00e4vyys ovat t\u00e4rkeit\u00e4.<\/p>","protected":false},"excerpt":{"rendered":"<h5><a href=\"https:\/\/elslutblecksguiden.se\/\" target=\"_blank\" rel=\"noopener\">Opas ASSA S\u00e4hk\u00f6lukot, moottorilukot, S\u00e4hk\u00f6iset vastalevyt ja vaihto-opas<\/a><\/h5>","protected":false},"featured_media":139107,"template":"","meta":{"_acf_changed":false},"product_brand":[],"product_cat":[3355],"product_tag":[4196,4200,2967],"class_list":{"0":"post-91551","1":"product","2":"type-product","3":"status-publish","4":"has-post-thumbnail","6":"product_cat-elslutbleck","7":"product_tag-12-24v","8":"product_tag-rattvand","9":"product_tag-rg-assa-abloy","10":"product_shipping_class-tunga-paket","11":"pa_brands-abloy","12":"tm-no-options","14":"first","15":"onbackorder","16":"sale","17":"taxable","18":"shipping-taxable","19":"purchasable","20":"product-type-simple"},"acf":[],"_links":{"self":[{"href":"https:\/\/secureus.se\/fi\/wp-json\/wp\/v2\/product\/91551","targetHints":{"allow":["GET"]}}],"collection":[{"href":"https:\/\/secureus.se\/fi\/wp-json\/wp\/v2\/product"}],"about":[{"href":"https:\/\/secureus.se\/fi\/wp-json\/wp\/v2\/types\/product"}],"wp:featuredmedia":[{"embeddable":true,"href":"https:\/\/secureus.se\/fi\/wp-json\/wp\/v2\/media\/139107"}],"wp:attachment":[{"href":"https:\/\/secureus.se\/fi\/wp-json\/wp\/v2\/media?parent=91551"}],"wp:term":[{"taxonomy":"product_brand","embeddable":true,"href":"https:\/\/secureus.se\/fi\/wp-json\/wp\/v2\/product_brand?post=91551"},{"taxonomy":"product_cat","embeddable":true,"href":"https:\/\/secureus.se\/fi\/wp-json\/wp\/v2\/product_cat?post=91551"},{"taxonomy":"product_tag","embeddable":true,"href":"https:\/\/secureus.se\/fi\/wp-json\/wp\/v2\/product_tag?post=91551"}],"curies":[{"name":"wp","href":"https:\/\/api.w.org\/{rel}","templated":true}]}}