{"id":91554,"date":"2023-09-27T18:13:36","date_gmt":"2023-09-27T16:13:36","guid":{"rendered":"https:\/\/secureus.se\/elslutbleck-14-rattvand-8v\/"},"modified":"2026-03-25T15:41:26","modified_gmt":"2026-03-25T14:41:26","slug":"elslutbleck-14-rattvand-8v","status":"publish","type":"product","link":"https:\/\/secureus.se\/fi\/elslutbleck-14-rattvand-8v\/","title":{"rendered":"S\u00e4hk\u00f6inen p\u00e4\u00e4tylevy 14 Oikea 8V"},"content":{"rendered":"<h1>S\u00e4hk\u00f6inen p\u00e4\u00e4tylevy 14 Oikea 8V<\/h1>\n<p class=\"\" data-start=\"362\" data-end=\"679\">ASSA Electric Strike 14 Right-Hand 8V on luotettava valinta perusturvallisuutta vaativiin oviin.<\/p>\n<p class=\"\" data-start=\"362\" data-end=\"679\">400 kg:n (4000 N) murtolujuudella ja peruutustoiminnolla, eli se lukittuu s\u00e4hk\u00f6katkon sattuessa, t\u00e4m\u00e4 s\u00e4hk\u00f6isku tarjoaa yksinkertaisen mutta tehokkaan ratkaisun sis\u00e4iseen lukitsemiseen.<\/p>\n<p class=\"\" data-start=\"681\" data-end=\"980\">Siin\u00e4 on ter\u00e4ksinen kierresalpa ja sinkkiseoksesta valmistettu lukkokotelo kest\u00e4vyyden takaamiseksi.<\/p>\n<p class=\"\" data-start=\"681\" data-end=\"980\">Sit\u00e4 k\u00e4ytet\u00e4\u00e4n yhdess\u00e4 yksi- tai kaksoislukkojen kanssa, eik\u00e4 se sovellu paloosaston oviin, joten se on ihanteellinen k\u00e4ytett\u00e4v\u00e4ksi v\u00e4hemm\u00e4n turvallisuuden kannalta kriittisiss\u00e4 sovelluksissa, kuten toimistoissa ja teollisuudessa.<\/p>\n<p class=\"\" data-start=\"982\" data-end=\"1204\">S\u00e4hk\u00f6isku vaatii 8 VDC k\u00e4ytt\u00f6j\u00e4nnitteen ja on varustettu k\u00e4\u00e4nteistoiminnolla, joka takaa lukituksen my\u00f6s s\u00e4hk\u00f6katkon sattuessa, mik\u00e4 lis\u00e4\u00e4 turvallisuutta ymp\u00e4rist\u00f6iss\u00e4, joissa on t\u00e4rke\u00e4\u00e4, ett\u00e4 ovi pysyy kiinni s\u00e4hk\u00f6katkon sattuessa.<\/p>\n<p class=\"\" data-start=\"1206\" data-end=\"1228\"><strong data-start=\"1206\" data-end=\"1226\">Tekniset tiedot:<\/strong><\/p>\n<ul data-start=\"1229\" data-end=\"1608\">\n<li class=\"\" data-start=\"1229\" data-end=\"1265\">\n<p class=\"\" data-start=\"1231\" data-end=\"1265\">Murtolujuus: 400 kg (4000 N)<\/p>\n<\/li>\n<li class=\"\" data-start=\"1266\" data-end=\"1298\">\n<p class=\"\" data-start=\"1268\" data-end=\"1298\">Oven sarana: Oikea, vasen<\/p>\n<\/li>\n<li class=\"\" data-start=\"1299\" data-end=\"1336\">\n<p class=\"\" data-start=\"1301\" data-end=\"1336\">Lukon tyyppi: yksisalpalukko, kaksoissalpalukko<\/p>\n<\/li>\n<li class=\"\" data-start=\"1337\" data-end=\"1358\">\n<p class=\"\" data-start=\"1339\" data-end=\"1358\">K\u00e4ytt\u00f6j\u00e4nnite: 8V<\/p>\n<\/li>\n<li class=\"\" data-start=\"1359\" data-end=\"1391\">\n<p class=\"\" data-start=\"1361\" data-end=\"1391\">V\u00e4ri\/pintak\u00e4sittely: Galvanoitu<\/p>\n<\/li>\n<li class=\"\" data-start=\"1392\" data-end=\"1412\">\n<p class=\"\" data-start=\"1394\" data-end=\"1412\">M\u00e4nn\u00e4n kosketin: Ei<\/p>\n<\/li>\n<li class=\"\" data-start=\"1413\" data-end=\"1435\">\n<p class=\"\" data-start=\"1415\" data-end=\"1435\">J\u00e4nnite AC\/DC: DC<\/p>\n<\/li>\n<li class=\"\" data-start=\"1436\" data-end=\"1457\">\n<p class=\"\" data-start=\"1438\" data-end=\"1457\">Max j\u00e4nnite: 8V<\/p>\n<\/li>\n<li class=\"\" data-start=\"1458\" data-end=\"1479\">\n<p class=\"\" data-start=\"1460\" data-end=\"1479\">Minimij\u00e4nnite: 8 V<\/p>\n<\/li>\n<li class=\"\" data-start=\"1480\" data-end=\"1504\">\n<p class=\"\" data-start=\"1482\" data-end=\"1504\">Double twist drop: Ei<\/p>\n<\/li>\n<li class=\"\" data-start=\"1505\" data-end=\"1534\">\n<p class=\"\" data-start=\"1507\" data-end=\"1534\">Oikea\/Reverse: Oikea<\/p>\n<\/li>\n<li class=\"\" data-start=\"1535\" data-end=\"1559\">\n<p class=\"\" data-start=\"1537\" data-end=\"1559\">Tuotteen leveys: 27 mm<\/p>\n<\/li>\n<li class=\"\" data-start=\"1560\" data-end=\"1583\">\n<p class=\"\" data-start=\"1562\" data-end=\"1583\">Tuotteen syvyys: 40 mm<\/p>\n<\/li>\n<li class=\"\" data-start=\"1584\" data-end=\"1608\">\n<p class=\"\" data-start=\"1586\" data-end=\"1608\">Tuotteen korkeus: 140 mm<\/p>\n<\/li>\n<\/ul>\n<p class=\"\" data-start=\"1610\" data-end=\"1894\"><strong data-start=\"1610\" data-end=\"1632\">K\u00e4ytt\u00f6alueet<\/strong><br data-start=\"1632\" data-end=\"1635\" \/>S\u00e4hk\u00f6inen iskulevy 14 R\u00e4ttv\u00e4nd 8V soveltuu k\u00e4ytett\u00e4v\u00e4ksi sis\u00e4lukitukseen toimistoissa, liikkeiss\u00e4 ja teollisuudessa, joissa vaaditaan perusturvallisuutta. Sit\u00e4 ei ole hyv\u00e4ksytty k\u00e4ytett\u00e4v\u00e4ksi paloosaston ovissa, eik\u00e4 sit\u00e4 tule asentaa sellaisiin sovelluksiin.<\/p>","protected":false},"excerpt":{"rendered":"<h5><a href=\"https:\/\/elslutblecksguiden.se\/\" target=\"_blank\" rel=\"noopener\">Opas ASSA S\u00e4hk\u00f6lukot, moottorilukot, S\u00e4hk\u00f6iset vastalevyt ja vaihto-opas<\/a><\/h5>","protected":false},"featured_media":138768,"template":"","meta":{"_acf_changed":false},"product_brand":[],"product_cat":[3355],"product_tag":[4200,2967],"class_list":{"0":"post-91554","1":"product","2":"type-product","3":"status-publish","4":"has-post-thumbnail","6":"product_cat-elslutbleck","7":"product_tag-rattvand","8":"product_tag-rg-assa-abloy","9":"product_shipping_class-tunga-paket","10":"pa_brands-abloy","11":"tm-no-options","13":"first","14":"instock","15":"sale","16":"taxable","17":"shipping-taxable","18":"purchasable","19":"product-type-simple"},"acf":[],"_links":{"self":[{"href":"https:\/\/secureus.se\/fi\/wp-json\/wp\/v2\/product\/91554","targetHints":{"allow":["GET"]}}],"collection":[{"href":"https:\/\/secureus.se\/fi\/wp-json\/wp\/v2\/product"}],"about":[{"href":"https:\/\/secureus.se\/fi\/wp-json\/wp\/v2\/types\/product"}],"wp:featuredmedia":[{"embeddable":true,"href":"https:\/\/secureus.se\/fi\/wp-json\/wp\/v2\/media\/138768"}],"wp:attachment":[{"href":"https:\/\/secureus.se\/fi\/wp-json\/wp\/v2\/media?parent=91554"}],"wp:term":[{"taxonomy":"product_brand","embeddable":true,"href":"https:\/\/secureus.se\/fi\/wp-json\/wp\/v2\/product_brand?post=91554"},{"taxonomy":"product_cat","embeddable":true,"href":"https:\/\/secureus.se\/fi\/wp-json\/wp\/v2\/product_cat?post=91554"},{"taxonomy":"product_tag","embeddable":true,"href":"https:\/\/secureus.se\/fi\/wp-json\/wp\/v2\/product_tag?post=91554"}],"curies":[{"name":"wp","href":"https:\/\/api.w.org\/{rel}","templated":true}]}}