{"id":91555,"date":"2023-09-27T18:13:35","date_gmt":"2023-09-27T16:13:35","guid":{"rendered":"https:\/\/secureus.se\/elslutbleck-961c-omvand-12-24v-hi-okolvkontakt-5m-kabel\/"},"modified":"2026-04-08T16:03:33","modified_gmt":"2026-04-08T14:03:33","slug":"elslutbleck-961c-omvand-12-24v-hi-okolvkontakt-5m-kabel","status":"publish","type":"product","link":"https:\/\/secureus.se\/fi\/elslutbleck-961c-omvand-12-24v-hi-okolvkontakt-5m-kabel\/","title":{"rendered":"S\u00e4hk\u00f6inen liitinlevy 961C K\u00e4\u00e4nteinen 12-24V Hi-OK M\u00e4nt\u00e4liitin 5m Kaapeli"},"content":{"rendered":"<h1>S\u00e4hk\u00f6inen liitinlevy 961C K\u00e4\u00e4nteinen 12-24V Hi-OK M\u00e4nt\u00e4liitin 5m Kaapeli<\/h1>\n<p>S\u00e4hk\u00f6isku 961C K\u00e4\u00e4nteinen 12-24V Hi-O M\u00e4nn\u00e4nkosketin 5m Kaapeli ASSA ABLOY:lt\u00e4 on s\u00e4hk\u00f6isku, jolla on suuri murtolujuus 1500 kg ja k\u00e4\u00e4nteinen toiminta.<\/p>\n<p>Se on yhteensopiva Hi-O Can -v\u00e4yl\u00e4tekniikan kanssa ja tarjoaa luotettavan suojan kuoren suojaukseen ja sis\u00e4iseen lukitsemiseen kauppa-, toimisto- ja teollisuusymp\u00e4rist\u00f6iss\u00e4.<\/p>\n<p class=\"\" data-start=\"451\" data-end=\"819\">ASSA ABLOY 961C Reverse 12-24V Hi-O Piston Contact on korkealaatuinen s\u00e4hk\u00f6isku, joka on suunniteltu oville, joilla on korkeat vaatimukset sek\u00e4 iskunpaineen ett\u00e4 turvallisuuden suhteen.<\/p>\n<p class=\"\" data-start=\"451\" data-end=\"819\">Vaikuttavalla 1500 kg:n (15 kN) murtolujuudella ja E\/EI 120:n paloluokituksensa ansiosta t\u00e4m\u00e4 s\u00e4hk\u00f6isku on t\u00e4ydellinen valinta sovelluksiin, joissa sek\u00e4 turvallisuus ett\u00e4 palonkest\u00e4vyys ovat kriittisi\u00e4.<\/p>\n<p class=\"\" data-start=\"821\" data-end=\"1174\">Peruutustoiminto tarkoittaa, ett\u00e4 ovi lukitaan s\u00e4hk\u00f6katkon sattuessa, mik\u00e4 lis\u00e4\u00e4 turvallisuutta h\u00e4t\u00e4tilanteissa.<\/p>\n<p class=\"\" data-start=\"821\" data-end=\"1174\">Lukko on yhteensopiva Hi-O Can -v\u00e4yl\u00e4tekniikan kanssa, joten se on erinomainen valinta integroituihin turvaj\u00e4rjestelmiin.<\/p>\n<p class=\"\" data-start=\"821\" data-end=\"1174\">Sit\u00e4 voidaan k\u00e4ytt\u00e4\u00e4 yhdess\u00e4 lukittujen yksisalpa- tai kaksoissalpalukkojen kanssa ja se sopii kaikkiin 900-sarjan kiinnityspylv\u00e4isiin.<\/p>\n<p class=\"\" data-start=\"1176\" data-end=\"1432\">961C s\u00e4hk\u00f6iskussa on my\u00f6s salpapulttikosketin ja ankkurikosketin toiminnallisuuden parantamiseksi.<\/p>\n<p class=\"\" data-start=\"1176\" data-end=\"1432\">Sill\u00e4 on korkea iskun- ja iskunkest\u00e4vyys, mik\u00e4 tekee siit\u00e4 eritt\u00e4in kest\u00e4v\u00e4n my\u00f6s rasituksessa. Mukana 5 metrin liit\u00e4nt\u00e4kaapeli helpottaa asennusta.<\/p>\n<p class=\"\" data-start=\"1434\" data-end=\"1456\"><strong data-start=\"1434\" data-end=\"1454\">Tekniset tiedot:<\/strong><\/p>\n<ul data-start=\"1457\" data-end=\"1868\">\n<li class=\"\" data-start=\"1457\" data-end=\"1493\">\n<p class=\"\" data-start=\"1459\" data-end=\"1493\">Murtolujuus: 1500 kg (15 kN)<\/p>\n<\/li>\n<li class=\"\" data-start=\"1494\" data-end=\"1526\">\n<p class=\"\" data-start=\"1496\" data-end=\"1526\">Oven sarana: Oikea, vasen<\/p>\n<\/li>\n<li class=\"\" data-start=\"1527\" data-end=\"1548\">\n<p class=\"\" data-start=\"1529\" data-end=\"1548\">Nauhan paine: 300 kg<\/p>\n<\/li>\n<li class=\"\" data-start=\"1549\" data-end=\"1586\">\n<p class=\"\" data-start=\"1551\" data-end=\"1586\">Lukon tyyppi: yksisalpalukko, kaksoissalpalukko<\/p>\n<\/li>\n<li class=\"\" data-start=\"1587\" data-end=\"1612\">\n<p class=\"\" data-start=\"1589\" data-end=\"1612\">K\u00e4ytt\u00f6j\u00e4nnite: 12-24V<\/p>\n<\/li>\n<li class=\"\" data-start=\"1613\" data-end=\"1645\">\n<p class=\"\" data-start=\"1615\" data-end=\"1645\">V\u00e4ri\/pintak\u00e4sittely: Galvanoitu<\/p>\n<\/li>\n<li class=\"\" data-start=\"1646\" data-end=\"1665\">\n<p class=\"\" data-start=\"1648\" data-end=\"1665\">M\u00e4nn\u00e4n kosketin: Kyll\u00e4<\/p>\n<\/li>\n<li class=\"\" data-start=\"1666\" data-end=\"1691\">\n<p class=\"\" data-start=\"1668\" data-end=\"1691\">J\u00e4nnite AC\/DC: AC\/DC<\/p>\n<\/li>\n<li class=\"\" data-start=\"1692\" data-end=\"1716\">\n<p class=\"\" data-start=\"1694\" data-end=\"1716\">Max j\u00e4nnite: 27,6V<\/p>\n<\/li>\n<li class=\"\" data-start=\"1717\" data-end=\"1741\">\n<p class=\"\" data-start=\"1719\" data-end=\"1741\">Minimij\u00e4nnite: 10,8 V<\/p>\n<\/li>\n<li class=\"\" data-start=\"1742\" data-end=\"1766\">\n<p class=\"\" data-start=\"1744\" data-end=\"1766\">Double twist drop: Ei<\/p>\n<\/li>\n<li class=\"\" data-start=\"1767\" data-end=\"1794\">\n<p class=\"\" data-start=\"1769\" data-end=\"1794\">Oikea\/Taakse: Taakse<\/p>\n<\/li>\n<li class=\"\" data-start=\"1795\" data-end=\"1819\">\n<p class=\"\" data-start=\"1797\" data-end=\"1819\">Palotesti: 120 min<\/p>\n<\/li>\n<li class=\"\" data-start=\"1820\" data-end=\"1843\">\n<p class=\"\" data-start=\"1822\" data-end=\"1843\">Kaapelin pituus: 5 metri\u00e4<\/p>\n<\/li>\n<li class=\"\" data-start=\"1844\" data-end=\"1868\">\n<p class=\"\" data-start=\"1846\" data-end=\"1868\">Tuotteen korkeus: 140 mm<\/p>\n<\/li>\n<\/ul>\n<p class=\"\" data-start=\"1870\" data-end=\"2153\"><strong data-start=\"1870\" data-end=\"1892\">K\u00e4ytt\u00f6alueet<\/strong><br data-start=\"1892\" data-end=\"1895\" \/>S\u00e4hk\u00f6inen iskulevy 961C on ihanteellinen k\u00e4ytett\u00e4v\u00e4ksi turvallisuuden kannalta kriittisiss\u00e4 ymp\u00e4rist\u00f6iss\u00e4, kuten kuorisuojassa, sis\u00e4isess\u00e4 lukituksessa ja palotilan v\u00e4lisiss\u00e4 ovissa.<\/p>\n<p class=\"\" data-start=\"1870\" data-end=\"2153\">T\u00e4ydellinen liikerakennuksiin, toimistoihin, teollisuuteen ja kerrostalorakennuksiin, joissa sek\u00e4 palonkest\u00e4vyys ett\u00e4 turvallisuus ovat t\u00e4rkeit\u00e4.<\/p>","protected":false},"excerpt":{"rendered":"<h5><a href=\"https:\/\/elslutblecksguiden.se\/\" target=\"_blank\" rel=\"noopener\">Opas ASSA S\u00e4hk\u00f6lukot, moottorilukot, S\u00e4hk\u00f6iset vastalevyt ja vaihto-opas<\/a><\/h5>","protected":false},"featured_media":138604,"template":"","meta":{"_acf_changed":false},"product_brand":[],"product_cat":[3355],"product_tag":[4196,4201,2967],"class_list":{"0":"post-91555","1":"product","2":"type-product","3":"status-publish","4":"has-post-thumbnail","6":"product_cat-elslutbleck","7":"product_tag-12-24v","8":"product_tag-omvand","9":"product_tag-rg-assa-abloy","10":"product_shipping_class-tunga-paket","11":"pa_brands-abloy","12":"tm-no-options","14":"first","15":"onbackorder","16":"sale","17":"taxable","18":"shipping-taxable","19":"purchasable","20":"product-type-simple"},"acf":[],"_links":{"self":[{"href":"https:\/\/secureus.se\/fi\/wp-json\/wp\/v2\/product\/91555","targetHints":{"allow":["GET"]}}],"collection":[{"href":"https:\/\/secureus.se\/fi\/wp-json\/wp\/v2\/product"}],"about":[{"href":"https:\/\/secureus.se\/fi\/wp-json\/wp\/v2\/types\/product"}],"wp:featuredmedia":[{"embeddable":true,"href":"https:\/\/secureus.se\/fi\/wp-json\/wp\/v2\/media\/138604"}],"wp:attachment":[{"href":"https:\/\/secureus.se\/fi\/wp-json\/wp\/v2\/media?parent=91555"}],"wp:term":[{"taxonomy":"product_brand","embeddable":true,"href":"https:\/\/secureus.se\/fi\/wp-json\/wp\/v2\/product_brand?post=91555"},{"taxonomy":"product_cat","embeddable":true,"href":"https:\/\/secureus.se\/fi\/wp-json\/wp\/v2\/product_cat?post=91555"},{"taxonomy":"product_tag","embeddable":true,"href":"https:\/\/secureus.se\/fi\/wp-json\/wp\/v2\/product_tag?post=91555"}],"curies":[{"name":"wp","href":"https:\/\/api.w.org\/{rel}","templated":true}]}}