{"id":91556,"date":"2023-09-27T18:13:33","date_gmt":"2023-09-27T16:13:33","guid":{"rendered":"https:\/\/secureus.se\/elslutbleck-961m-omvand-12-24v-kolvkontakt-5m-kabel\/"},"modified":"2026-03-25T15:41:35","modified_gmt":"2026-03-25T14:41:35","slug":"elslutbleck-961m-omvand-12-24v-kolvkontakt-5m-kabel","status":"publish","type":"product","link":"https:\/\/secureus.se\/fi\/elslutbleck-961m-omvand-12-24v-kolvkontakt-5m-kabel\/","title":{"rendered":"S\u00e4hk\u00f6inen p\u00e4\u00e4televy 961M K\u00e4\u00e4nteinen 12-24V M\u00e4nt\u00e4liitin 5m Kaapeli"},"content":{"rendered":"<div>\n<h1>S\u00e4hk\u00f6inen p\u00e4\u00e4televy 961M K\u00e4\u00e4nteinen 12-24V M\u00e4nt\u00e4liitin 5m Kaapeli<\/h1>\n<p>S\u00e4hk\u00f6inen p\u00e4\u00e4televy 961M K\u00e4\u00e4nteinen 12-24V M\u00e4nn\u00e4nkosketin 5m Kaapeli ASSA ABLOY:lt\u00e4 on vankka s\u00e4hk\u00f6inen p\u00e4\u00e4televy, jonka murtolujuus on 1500 kg ja k\u00e4\u00e4nteinen toiminto, joka avaa lukituksen s\u00e4hk\u00f6katkon sattuessa.<\/p>\n<p>Se on suunniteltu k\u00e4ytett\u00e4v\u00e4ksi kuorisuojauksessa ja sis\u00e4isess\u00e4 lukituksessa kaupallisissa, toimisto- ja teollisuussovelluksissa sek\u00e4 moniperheasunnoissa.<\/p>\n<p class=\"\" data-start=\"469\" data-end=\"872\">ASSA ABLOY 961M K\u00e4\u00e4nteinen 12-24V M\u00e4nn\u00e4nkosketin 5m Kaapeli on suunniteltu oville, joilla on korkeat vaatimukset muovauspaineelle ja turvallisuudelle.<\/p>\n<p class=\"\" data-start=\"469\" data-end=\"872\">Vaikuttavalla 1500 kg:n (15 kN) murtolujuudella ja paloluokalla E\/EI 120 (jopa 120 minuuttia) t\u00e4m\u00e4 s\u00e4hk\u00f6inen sulkulevy tarjoaa sek\u00e4 turvallisuuden ett\u00e4 luotettavuuden palokennojen jako-ovissa ja muissa sovelluksissa, joissa sek\u00e4 turvallisuus ett\u00e4 palonkest\u00e4vyys ovat t\u00e4rkeit\u00e4.<\/p>\n<p class=\"\" data-start=\"874\" data-end=\"1225\">K\u00e4\u00e4nteinen toiminto tarkoittaa, ett\u00e4 s\u00e4hk\u00f6inen p\u00e4\u00e4tylevy pysyy lukitsemattomana s\u00e4hk\u00f6katkon sattuessa, joten se on ihanteellinen ratkaisu poistumisoviin ja muihin kriittisiin sovelluksiin, joissa nopea avaaminen on v\u00e4ltt\u00e4m\u00e4t\u00f6nt\u00e4.<\/p>\n<p class=\"\" data-start=\"874\" data-end=\"1225\">Lukko on varustettu lukittavalla m\u00e4nt\u00e4koskettimella ja ankkurikoskettimella, ja se tarjoaa korkean iskun- ja iskunkest\u00e4vyyden, mik\u00e4 tekee siit\u00e4 kest\u00e4v\u00e4n vaativissa olosuhteissa.<\/p>\n<p data-start=\"874\" data-end=\"1225\">S\u00e4hk\u00f6inen p\u00e4\u00e4tylevy on yhteensopiva my\u00f6s yhteenlukittuvien yksipudotuslukkojen ja kaksoispudotuslukkojen kanssa ja sopii kaikkiin 900-sarjan kiinnityspylv\u00e4isiin. Mukana 5 metrin liit\u00e4nt\u00e4kaapeli helpottaa asennusta.<\/p>\n<p class=\"\" data-start=\"1413\" data-end=\"1435\"><strong data-start=\"1413\" data-end=\"1433\">Tekniset tiedot:<\/strong><\/p>\n<ul data-start=\"1436\" data-end=\"1898\">\n<li class=\"\" data-start=\"1436\" data-end=\"1472\">\n<p class=\"\" data-start=\"1438\" data-end=\"1472\">Murtolujuus: 1500 kg (15 kN)<\/p>\n<\/li>\n<li class=\"\" data-start=\"1473\" data-end=\"1505\">\n<p class=\"\" data-start=\"1475\" data-end=\"1505\">Oven sarana: Oikea, vasen<\/p>\n<\/li>\n<li class=\"\" data-start=\"1506\" data-end=\"1527\">\n<p class=\"\" data-start=\"1508\" data-end=\"1527\">Nauhan paine: 300 kg<\/p>\n<\/li>\n<li class=\"\" data-start=\"1528\" data-end=\"1565\">\n<p class=\"\" data-start=\"1530\" data-end=\"1565\">Lukon tyyppi: yksisalpalukko, kaksoissalpalukko<\/p>\n<\/li>\n<li class=\"\" data-start=\"1566\" data-end=\"1591\">\n<p class=\"\" data-start=\"1568\" data-end=\"1591\">K\u00e4ytt\u00f6j\u00e4nnite: 12-24V<\/p>\n<\/li>\n<li class=\"\" data-start=\"1592\" data-end=\"1624\">\n<p class=\"\" data-start=\"1594\" data-end=\"1624\">V\u00e4ri\/pintak\u00e4sittely: Galvanoitu<\/p>\n<\/li>\n<li class=\"\" data-start=\"1625\" data-end=\"1644\">\n<p class=\"\" data-start=\"1627\" data-end=\"1644\">M\u00e4nn\u00e4n kosketin: Kyll\u00e4<\/p>\n<\/li>\n<li class=\"\" data-start=\"1645\" data-end=\"1670\">\n<p class=\"\" data-start=\"1647\" data-end=\"1670\">J\u00e4nnite AC\/DC: AC\/DC<\/p>\n<\/li>\n<li class=\"\" data-start=\"1671\" data-end=\"1695\">\n<p class=\"\" data-start=\"1673\" data-end=\"1695\">Max j\u00e4nnite: 27,6V<\/p>\n<\/li>\n<li class=\"\" data-start=\"1696\" data-end=\"1720\">\n<p class=\"\" data-start=\"1698\" data-end=\"1720\">Minimij\u00e4nnite: 10,8 V<\/p>\n<\/li>\n<li class=\"\" data-start=\"1721\" data-end=\"1745\">\n<p class=\"\" data-start=\"1723\" data-end=\"1745\">Double twist drop: Ei<\/p>\n<\/li>\n<li class=\"\" data-start=\"1746\" data-end=\"1773\">\n<p class=\"\" data-start=\"1748\" data-end=\"1773\">Oikea\/Taakse: Taakse<\/p>\n<\/li>\n<li class=\"\" data-start=\"1774\" data-end=\"1798\">\n<p class=\"\" data-start=\"1776\" data-end=\"1798\">Palotesti: 120 min<\/p>\n<\/li>\n<li class=\"\" data-start=\"1799\" data-end=\"1822\">\n<p class=\"\" data-start=\"1801\" data-end=\"1822\">Kaapelin pituus: 5 metri\u00e4<\/p>\n<\/li>\n<li class=\"\" data-start=\"1823\" data-end=\"1847\">\n<p class=\"\" data-start=\"1825\" data-end=\"1847\">Tuotteen korkeus: 140 mm<\/p>\n<\/li>\n<li class=\"\" data-start=\"1848\" data-end=\"1874\">\n<p class=\"\" data-start=\"1850\" data-end=\"1874\">Tuotteen leveys: 26,5 mm<\/p>\n<\/li>\n<li class=\"\" data-start=\"1875\" data-end=\"1898\">\n<p class=\"\" data-start=\"1877\" data-end=\"1898\">Tuotteen syvyys: 35 mm<\/p>\n<\/li>\n<\/ul>\n<p class=\"\" data-start=\"1900\" data-end=\"2240\"><strong data-start=\"1900\" data-end=\"1922\">K\u00e4ytt\u00f6alueet<\/strong><br data-start=\"1922\" data-end=\"1925\" \/>S\u00e4hk\u00f6inen sulkulevy 961M sopii erinomaisesti oviin, jotka vaativat sek\u00e4 korkeaa turvallisuutta ett\u00e4 palonkest\u00e4vyytt\u00e4, mukaan lukien kuorisuojaus, sis\u00e4lukko- ja palo-ovet liikerakennuksissa, toimistoissa ja kerrostaloissa.<\/p>\n<p class=\"\" data-start=\"1900\" data-end=\"2240\">Se soveltuu my\u00f6s sovelluksiin, jotka vaativat suurta kest\u00e4vyytt\u00e4 ja avautumiskyky\u00e4 jopa korkeissa muovauspaineissa.<\/p>\n<\/div>","protected":false},"excerpt":{"rendered":"<h5><a href=\"https:\/\/elslutblecksguiden.se\/\" target=\"_blank\" rel=\"noopener\">Opas ASSA S\u00e4hk\u00f6lukot, moottorilukot, S\u00e4hk\u00f6iset vastalevyt ja vaihto-opas<\/a><\/h5>","protected":false},"featured_media":145950,"template":"","meta":{"_acf_changed":false},"product_brand":[],"product_cat":[3355],"product_tag":[4196,4201,2967],"class_list":{"0":"post-91556","1":"product","2":"type-product","3":"status-publish","4":"has-post-thumbnail","6":"product_cat-elslutbleck","7":"product_tag-12-24v","8":"product_tag-omvand","9":"product_tag-rg-assa-abloy","10":"product_shipping_class-tunga-paket","11":"pa_brands-abloy","12":"tm-no-options","14":"first","15":"outofstock","16":"sale","17":"taxable","18":"shipping-taxable","19":"purchasable","20":"product-type-simple"},"acf":[],"_links":{"self":[{"href":"https:\/\/secureus.se\/fi\/wp-json\/wp\/v2\/product\/91556","targetHints":{"allow":["GET"]}}],"collection":[{"href":"https:\/\/secureus.se\/fi\/wp-json\/wp\/v2\/product"}],"about":[{"href":"https:\/\/secureus.se\/fi\/wp-json\/wp\/v2\/types\/product"}],"wp:featuredmedia":[{"embeddable":true,"href":"https:\/\/secureus.se\/fi\/wp-json\/wp\/v2\/media\/145950"}],"wp:attachment":[{"href":"https:\/\/secureus.se\/fi\/wp-json\/wp\/v2\/media?parent=91556"}],"wp:term":[{"taxonomy":"product_brand","embeddable":true,"href":"https:\/\/secureus.se\/fi\/wp-json\/wp\/v2\/product_brand?post=91556"},{"taxonomy":"product_cat","embeddable":true,"href":"https:\/\/secureus.se\/fi\/wp-json\/wp\/v2\/product_cat?post=91556"},{"taxonomy":"product_tag","embeddable":true,"href":"https:\/\/secureus.se\/fi\/wp-json\/wp\/v2\/product_tag?post=91556"}],"curies":[{"name":"wp","href":"https:\/\/api.w.org\/{rel}","templated":true}]}}