{"id":91557,"date":"2023-09-27T18:13:32","date_gmt":"2023-09-27T16:13:32","guid":{"rendered":"https:\/\/secureus.se\/elslutbleck-911c-omvand-hi-o-12-24v\/"},"modified":"2026-03-25T15:41:35","modified_gmt":"2026-03-25T14:41:35","slug":"elslutbleck-911c-omvand-hi-o-12-24v","status":"publish","type":"product","link":"https:\/\/secureus.se\/fi\/elslutbleck-911c-omvand-hi-o-12-24v\/","title":{"rendered":"S\u00e4hk\u00f6inen p\u00e4\u00e4tylevy 911C Reverse Hi-O 12-24V"},"content":{"rendered":"<h1>S\u00e4hk\u00f6inen p\u00e4\u00e4tylevy 911C Reverse Hi-O 12-24V<\/h1>\n<p>900-sarjan ASSA Electric Strike 911C on suunniteltu oville, joilla on vakioturvavaatimukset, ja se toimii hyvin p\u00e4iv\u00e4lukona kuorisuojauksessa, toimistoissa, teollisuus- tai monitalorakennuksissa.<\/p>\n<p>Yhteensopiva Hi-O Can -v\u00e4yl\u00e4tekniikan kanssa, se tarjoaa korkean turvallisuuden, luotettavan toiminnan ja peruutuslukituksen j\u00e4nnitteet\u00f6n tilassa.<\/p>\n<p class=\"\" data-start=\"394\" data-end=\"787\">ASSA Electric Strike 911C on luotettava ratkaisu turvallisuustarpeisiin erilaisissa ymp\u00e4rist\u00f6iss\u00e4, kuten toimistoissa, teollisuudessa, kerrostaloissa ja julkisissa tiloissa.<\/p>\n<p class=\"\" data-start=\"394\" data-end=\"787\">Se on erityisen hyv\u00e4 p\u00e4iv\u00e4lukona sek\u00e4 kuoren suojaukseen ett\u00e4 sis\u00e4iseen lukitukseen. S\u00e4hk\u00f6isku on suunniteltu toimimaan yhdess\u00e4 yksi- tai kaksoislukkojen kanssa, ja se on my\u00f6s t\u00e4ysin yhteensopiva Hi-O Can -v\u00e4yl\u00e4tekniikan kanssa.<\/p>\n<p class=\"\" data-start=\"789\" data-end=\"1246\">Yksi 911C:n p\u00e4\u00e4ominaisuuksista on sen k\u00e4\u00e4nteinen toiminta, mik\u00e4 tarkoittaa, ett\u00e4 se on lukitsematon j\u00e4nnitteett\u00f6m\u00e4ss\u00e4 tilassa.<\/p>\n<p class=\"\" data-start=\"789\" data-end=\"1246\">Suuri murtolujuus 8 kN (800 kg) ja parannettu nauhapainetoiminto varmistavat sen toimivuuden vaativissakin olosuhteissa.<\/p>\n<p class=\"\" data-start=\"789\" data-end=\"1246\">Lukkokotelo on valmistettu sinkkiseoksesta ja siin\u00e4 on pronssinen kierrelukko lis\u00e4\u00e4 kest\u00e4vyytt\u00e4 ja turvallisuutta.<\/p>\n<p class=\"\" data-start=\"789\" data-end=\"1246\">S\u00e4hk\u00f6iskulevyll\u00e4 on my\u00f6s erinomainen iskun- ja iskunkest\u00e4vyys, joka est\u00e4\u00e4 peukaloinnin.<\/p>\n<p class=\"\" data-start=\"1248\" data-end=\"1276\"><strong data-start=\"1248\" data-end=\"1276\">Ominaisuudet ja edut:<\/strong><\/p>\n<ul data-start=\"1277\" data-end=\"1476\">\n<li class=\"\" data-start=\"1277\" data-end=\"1321\">\n<p class=\"\" data-start=\"1279\" data-end=\"1321\">Peruutustoiminto (avataan, kun virta on kytketty pois p\u00e4\u00e4lt\u00e4)<\/p>\n<\/li>\n<li class=\"\" data-start=\"1322\" data-end=\"1350\">\n<p class=\"\" data-start=\"1324\" data-end=\"1350\">Suuri murtolujuus (8 kN)<\/p>\n<\/li>\n<li class=\"\" data-start=\"1351\" data-end=\"1388\">\n<p class=\"\" data-start=\"1353\" data-end=\"1388\">Yhteensopiva Hi-O Can -v\u00e4yl\u00e4tekniikan kanssa<\/p>\n<\/li>\n<li class=\"\" data-start=\"1389\" data-end=\"1429\">\n<p class=\"\" data-start=\"1391\" data-end=\"1429\">Sinkitty lukkokotelo ja pronssinen kierrelukko<\/p>\n<\/li>\n<li class=\"\" data-start=\"1430\" data-end=\"1476\">\n<p class=\"\" data-start=\"1432\" data-end=\"1476\">Parannettu luettelotulostustoiminto kest\u00e4vyyden takaamiseksi<\/p>\n<\/li>\n<\/ul>\n<p class=\"\" data-start=\"1478\" data-end=\"1504\"><strong data-start=\"1478\" data-end=\"1504\">Tekniset tiedot:<\/strong><\/p>\n<ul data-start=\"1505\" data-end=\"1825\">\n<li class=\"\" data-start=\"1505\" data-end=\"1529\">\n<p class=\"\" data-start=\"1507\" data-end=\"1529\">Sis\u00e4\u00e4nrakennettu transienttisuojaus<\/p>\n<\/li>\n<li class=\"\" data-start=\"1530\" data-end=\"1567\">\n<p class=\"\" data-start=\"1532\" data-end=\"1567\">Virtal\u00e4hde 12-24VAC\/VDC \u00b110 %<\/p>\n<\/li>\n<li class=\"\" data-start=\"1568\" data-end=\"1613\">\n<p class=\"\" data-start=\"1570\" data-end=\"1613\">K\u00e4ynnistysvirta 24V:lla: 250mA, k\u00e4ytt\u00f6virta: 80mA<\/p>\n<\/li>\n<li class=\"\" data-start=\"1614\" data-end=\"1660\">\n<p class=\"\" data-start=\"1616\" data-end=\"1660\">K\u00e4ynnistysvirta 12V:lla: 500mA, k\u00e4ytt\u00f6virta: 160mA<\/p>\n<\/li>\n<li class=\"\" data-start=\"1661\" data-end=\"1690\">\n<p class=\"\" data-start=\"1663\" data-end=\"1690\">Oven sarana: Oikea\/vasen<\/p>\n<\/li>\n<li class=\"\" data-start=\"1691\" data-end=\"1726\">\n<p class=\"\" data-start=\"1693\" data-end=\"1726\">Lukon tyyppi: yksisalpalukko, kaksoissalpalukko<\/p>\n<\/li>\n<li class=\"\" data-start=\"1727\" data-end=\"1771\">\n<p class=\"\" data-start=\"1729\" data-end=\"1771\">J\u00e4nnite max: 27,6 V, j\u00e4nnite min: 10,8 V<\/p>\n<\/li>\n<li class=\"\" data-start=\"1772\" data-end=\"1802\">\n<p class=\"\" data-start=\"1774\" data-end=\"1802\">V\u00e4ri\/pintak\u00e4sittely: Galvanoitu<\/p>\n<\/li>\n<li class=\"\" data-start=\"1803\" data-end=\"1825\">\n<p class=\"\" data-start=\"1805\" data-end=\"1825\">Tuotteen korkeus: 140 mm<\/p>\n<\/li>\n<\/ul>","protected":false},"excerpt":{"rendered":"<h5><a href=\"https:\/\/elslutblecksguiden.se\/\" target=\"_blank\" rel=\"noopener\">Opas ASSA S\u00e4hk\u00f6lukot, moottorilukot, S\u00e4hk\u00f6iset vastalevyt ja vaihto-opas<\/a><\/h5>","protected":false},"featured_media":159499,"template":"","meta":{"_acf_changed":false},"product_brand":[],"product_cat":[3355],"product_tag":[4196,4201,2967],"class_list":{"0":"post-91557","1":"product","2":"type-product","3":"status-publish","4":"has-post-thumbnail","6":"product_cat-elslutbleck","7":"product_tag-12-24v","8":"product_tag-omvand","9":"product_tag-rg-assa-abloy","10":"product_shipping_class-tunga-paket","11":"pa_brands-abloy","12":"tm-no-options","14":"first","15":"onbackorder","16":"sale","17":"taxable","18":"shipping-taxable","19":"purchasable","20":"product-type-simple"},"acf":[],"_links":{"self":[{"href":"https:\/\/secureus.se\/fi\/wp-json\/wp\/v2\/product\/91557","targetHints":{"allow":["GET"]}}],"collection":[{"href":"https:\/\/secureus.se\/fi\/wp-json\/wp\/v2\/product"}],"about":[{"href":"https:\/\/secureus.se\/fi\/wp-json\/wp\/v2\/types\/product"}],"wp:featuredmedia":[{"embeddable":true,"href":"https:\/\/secureus.se\/fi\/wp-json\/wp\/v2\/media\/159499"}],"wp:attachment":[{"href":"https:\/\/secureus.se\/fi\/wp-json\/wp\/v2\/media?parent=91557"}],"wp:term":[{"taxonomy":"product_brand","embeddable":true,"href":"https:\/\/secureus.se\/fi\/wp-json\/wp\/v2\/product_brand?post=91557"},{"taxonomy":"product_cat","embeddable":true,"href":"https:\/\/secureus.se\/fi\/wp-json\/wp\/v2\/product_cat?post=91557"},{"taxonomy":"product_tag","embeddable":true,"href":"https:\/\/secureus.se\/fi\/wp-json\/wp\/v2\/product_tag?post=91557"}],"curies":[{"name":"wp","href":"https:\/\/api.w.org\/{rel}","templated":true}]}}