{"id":91558,"date":"2023-09-27T18:13:30","date_gmt":"2023-09-27T16:13:30","guid":{"rendered":"https:\/\/secureus.se\/elslutbleck-920c-rattvand-hi-o-12-24v\/"},"modified":"2026-04-23T12:23:14","modified_gmt":"2026-04-23T10:23:14","slug":"elslutbleck-920c-rattvand-hi-o-12-24v","status":"publish","type":"product","link":"https:\/\/secureus.se\/fi\/elslutbleck-920c-rattvand-hi-o-12-24v\/","title":{"rendered":"S\u00e4hk\u00f6inen p\u00e4\u00e4tylevy 920C Oikealle Hi-O 12-24V"},"content":{"rendered":"<h1>S\u00e4hk\u00f6inen p\u00e4\u00e4tylevy 920C Oikealle Hi-O 12-24V<\/h1>\n<p>900-sarjan ASSA Electric Strike 920C sopii ihanteellisesti normaaleihin turvallisuusvaatimuksiin liittyviin oviin ja toimii hyvin p\u00e4iv\u00e4lukona kuorisuojaukseen, toimistoihin, teollisuus- tai kerrostaloihin.<\/p>\n<p>Yhteensopiva Hi-O Can -v\u00e4yl\u00e4tekniikan kanssa, siin\u00e4 on oikeak\u00e4tinen toiminto (lukittu j\u00e4nnitteett\u00f6m\u00e4\u00e4n asentoon) ja se tarjoaa korkean turvallisuuden 10 kN:n murtolujuudella ja E\/EI60 paloluokilla.<\/p>\n<p class=\"\" data-start=\"450\" data-end=\"874\">ASSA Electric Strike 920C on turvaratkaisu oville, jotka vaativat normaalia turvallisuutta liike- ja teollisuusymp\u00e4rist\u00f6iss\u00e4 sek\u00e4 kerrostaloissa.<\/p>\n<p class=\"\" data-start=\"450\" data-end=\"874\">K\u00e4\u00e4nnett\u00e4v\u00e4ll\u00e4 toiminnallaan, jossa se on lukittu j\u00e4nnitteett\u00f6m\u00e4\u00e4n asentoon, t\u00e4m\u00e4 s\u00e4hk\u00f6isku on luotettava ratkaisu kuoren suojaamiseen ja sis\u00e4iseen lukitukseen. Se on yhteensopiva Hi-O Can -v\u00e4yl\u00e4tekniikan kanssa, joten se on helppo integroida muihin turvaj\u00e4rjestelmiin.<\/p>\n<p class=\"\" data-start=\"876\" data-end=\"1324\">S\u00e4hk\u00f6iskulevyll\u00e4 on vaikuttava murtolujuus 10 kN (1000 kg), ja se tarjoaa korkean t\u00e4rin\u00e4n- ja iskunkest\u00e4vyyden vastustaakseen k\u00e4sittely\u00e4.<\/p>\n<p class=\"\" data-start=\"876\" data-end=\"1324\">Lukkokotelo on valmistettu ter\u00e4ksest\u00e4 ja siin\u00e4 on ter\u00e4ksinen kierrelukko lis\u00e4\u00e4 kest\u00e4vyytt\u00e4. Parannettu listapainetoiminto tarkoittaa, ett\u00e4 se toimii tehokkaasti my\u00f6s vaikeissa olosuhteissa.<\/p>\n<p class=\"\" data-start=\"876\" data-end=\"1324\">Sen paloluokitus E\/EI60 varmistaa, ett\u00e4 sill\u00e4 on my\u00f6s palosuojaominaisuudet ymp\u00e4rist\u00f6iss\u00e4, joissa paloluokitus on t\u00e4rke\u00e4.<\/p>\n<p class=\"\" data-start=\"1326\" data-end=\"1354\"><strong data-start=\"1326\" data-end=\"1354\">Ominaisuudet ja edut:<\/strong><\/p>\n<ul data-start=\"1355\" data-end=\"1606\">\n<li class=\"\" data-start=\"1355\" data-end=\"1400\">\n<p class=\"\" data-start=\"1357\" data-end=\"1400\">Oikealle suunnattu toiminto (lukittu, kun virta ei ole p\u00e4\u00e4ll\u00e4)<\/p>\n<\/li>\n<li class=\"\" data-start=\"1401\" data-end=\"1435\">\n<p class=\"\" data-start=\"1403\" data-end=\"1435\">Paloluokka E\/EI60 parantaa suojausta<\/p>\n<\/li>\n<li class=\"\" data-start=\"1436\" data-end=\"1476\">\n<p class=\"\" data-start=\"1438\" data-end=\"1476\">Suuri murtolujuus 10 kN (1000 kg)<\/p>\n<\/li>\n<li class=\"\" data-start=\"1477\" data-end=\"1514\">\n<p class=\"\" data-start=\"1479\" data-end=\"1514\">Yhteensopiva Hi-O Can -v\u00e4yl\u00e4tekniikan kanssa<\/p>\n<\/li>\n<li class=\"\" data-start=\"1515\" data-end=\"1554\">\n<p class=\"\" data-start=\"1517\" data-end=\"1554\">Galvanoitu lukkokotelo ja ter\u00e4ksinen kierresalpa<\/p>\n<\/li>\n<li class=\"\" data-start=\"1555\" data-end=\"1606\">\n<p class=\"\" data-start=\"1557\" data-end=\"1606\">Parannettu nauhatulostustoiminto takaa pitk\u00e4n k\u00e4ytt\u00f6i\u00e4n<\/p>\n<\/li>\n<\/ul>\n<p class=\"\" data-start=\"1608\" data-end=\"1634\"><strong data-start=\"1608\" data-end=\"1634\">Tekniset tiedot:<\/strong><\/p>\n<ul data-start=\"1635\" data-end=\"1955\">\n<li class=\"\" data-start=\"1635\" data-end=\"1659\">\n<p class=\"\" data-start=\"1637\" data-end=\"1659\">Sis\u00e4\u00e4nrakennettu transienttisuojaus<\/p>\n<\/li>\n<li class=\"\" data-start=\"1660\" data-end=\"1697\">\n<p class=\"\" data-start=\"1662\" data-end=\"1697\">Virtal\u00e4hde 12-24VAC\/VDC \u00b110 %<\/p>\n<\/li>\n<li class=\"\" data-start=\"1698\" data-end=\"1743\">\n<p class=\"\" data-start=\"1700\" data-end=\"1743\">K\u00e4ynnistysvirta 24V:lla: 250mA, k\u00e4ytt\u00f6virta: 80mA<\/p>\n<\/li>\n<li class=\"\" data-start=\"1744\" data-end=\"1790\">\n<p class=\"\" data-start=\"1746\" data-end=\"1790\">K\u00e4ynnistysvirta 12V:lla: 500mA, k\u00e4ytt\u00f6virta: 160mA<\/p>\n<\/li>\n<li class=\"\" data-start=\"1791\" data-end=\"1820\">\n<p class=\"\" data-start=\"1793\" data-end=\"1820\">Oven sarana: Oikea\/vasen<\/p>\n<\/li>\n<li class=\"\" data-start=\"1821\" data-end=\"1856\">\n<p class=\"\" data-start=\"1823\" data-end=\"1856\">Lukon tyyppi: yksisalpalukko, kaksoissalpalukko<\/p>\n<\/li>\n<li class=\"\" data-start=\"1857\" data-end=\"1901\">\n<p class=\"\" data-start=\"1859\" data-end=\"1901\">J\u00e4nnite max: 27,6 V, j\u00e4nnite min: 10,8 V<\/p>\n<\/li>\n<li class=\"\" data-start=\"1902\" data-end=\"1932\">\n<p class=\"\" data-start=\"1904\" data-end=\"1932\">V\u00e4ri\/pintak\u00e4sittely: Galvanoitu<\/p>\n<\/li>\n<li class=\"\" data-start=\"1933\" data-end=\"1955\">\n<p class=\"\" data-start=\"1935\" data-end=\"1955\">Tuotteen korkeus: 140 mm<\/p>\n<\/li>\n<\/ul>","protected":false},"excerpt":{"rendered":"<h5><a href=\"https:\/\/elslutblecksguiden.se\/\" target=\"_blank\" rel=\"noopener\">Opas ASSA S\u00e4hk\u00f6lukot, moottorilukot, S\u00e4hk\u00f6iset vastalevyt ja vaihto-opas<\/a><\/h5>","protected":false},"featured_media":159500,"template":"","meta":{"_acf_changed":false},"product_brand":[],"product_cat":[3355],"product_tag":[4196,4200,2967],"class_list":{"0":"post-91558","1":"product","2":"type-product","3":"status-publish","4":"has-post-thumbnail","6":"product_cat-elslutbleck","7":"product_tag-12-24v","8":"product_tag-rattvand","9":"product_tag-rg-assa-abloy","10":"product_shipping_class-tunga-paket","11":"pa_brands-abloy","12":"tm-no-options","14":"first","15":"onbackorder","16":"sale","17":"taxable","18":"shipping-taxable","19":"purchasable","20":"product-type-simple"},"acf":[],"_links":{"self":[{"href":"https:\/\/secureus.se\/fi\/wp-json\/wp\/v2\/product\/91558","targetHints":{"allow":["GET"]}}],"collection":[{"href":"https:\/\/secureus.se\/fi\/wp-json\/wp\/v2\/product"}],"about":[{"href":"https:\/\/secureus.se\/fi\/wp-json\/wp\/v2\/types\/product"}],"wp:featuredmedia":[{"embeddable":true,"href":"https:\/\/secureus.se\/fi\/wp-json\/wp\/v2\/media\/159500"}],"wp:attachment":[{"href":"https:\/\/secureus.se\/fi\/wp-json\/wp\/v2\/media?parent=91558"}],"wp:term":[{"taxonomy":"product_brand","embeddable":true,"href":"https:\/\/secureus.se\/fi\/wp-json\/wp\/v2\/product_brand?post=91558"},{"taxonomy":"product_cat","embeddable":true,"href":"https:\/\/secureus.se\/fi\/wp-json\/wp\/v2\/product_cat?post=91558"},{"taxonomy":"product_tag","embeddable":true,"href":"https:\/\/secureus.se\/fi\/wp-json\/wp\/v2\/product_tag?post=91558"}],"curies":[{"name":"wp","href":"https:\/\/api.w.org\/{rel}","templated":true}]}}