{"id":91559,"date":"2023-09-27T18:13:29","date_gmt":"2023-09-27T16:13:29","guid":{"rendered":"https:\/\/secureus.se\/elslutbleck-960c-rattvand-12-24v-hi-o-kolvkontakt-5m-kabel\/"},"modified":"2026-04-08T16:03:50","modified_gmt":"2026-04-08T14:03:50","slug":"elslutbleck-960c-rattvand-12-24v-hi-o-kolvkontakt-5m-kabel","status":"publish","type":"product","link":"https:\/\/secureus.se\/fi\/elslutbleck-960c-rattvand-12-24v-hi-o-kolvkontakt-5m-kabel\/","title":{"rendered":"S\u00e4hk\u00f6inen p\u00e4\u00e4televy 960C Oikealle p\u00e4in 12-24V Hi-O M\u00e4nt\u00e4liitin 5m Kaapeli"},"content":{"rendered":"<h1>S\u00e4hk\u00f6inen p\u00e4\u00e4televy 960C Oikealle p\u00e4in 12-24V Hi-O M\u00e4nt\u00e4liitin 5m Kaapeli<\/h1>\n<p>ASSA ABLOY Electric Strike 960C on suunniteltu oville, joilla on korkeat vaatimukset iskupaineelle ja turvallisuudelle.<\/p>\n<p>Se on luotettava ratkaisu kuoren suojaukseen ja sis\u00e4iseen lukitukseen kaupassa, toimistoissa ja teollisuudessa.<\/p>\n<p>Yhteensopiva Hi-O Can -v\u00e4yl\u00e4tekniikan kanssa ja varustettu m\u00e4nt\u00e4liittimell\u00e4 ja 5 metrin liit\u00e4nt\u00e4kaapelilla.<\/p>\n<p>S\u00e4hk\u00f6iskulevyn murtolujuus on 15 kN ja paloluokka E\/EI 120 lis\u00e4\u00e4 turvallisuutta.<\/p>\n<p class=\"\" data-start=\"492\" data-end=\"962\">ASSA ABLOY Electric Strike 960C on vankka turvaratkaisu oville, jotka asettavat korkeat vaatimukset iskupaineelle ja turvallisuudelle.<\/p>\n<p class=\"\" data-start=\"492\" data-end=\"962\">Se on ihanteellinen p\u00e4iv\u00e4lukitukseen kuorisuojauksissa, toimistoissa, teollisuudessa ja kerrostalojen julkisissa tiloissa.<\/p>\n<p class=\"\" data-start=\"492\" data-end=\"962\">S\u00e4hk\u00f6isku on suunniteltu k\u00e4ytett\u00e4v\u00e4ksi ovissa yhdess\u00e4 lukittujen yksi- tai kaksoislukkojen kanssa ja se on yhteensopiva Hi-O Can -v\u00e4yl\u00e4teknologian kanssa, mik\u00e4 mahdollistaa integroinnin nykyaikaisiin turvaj\u00e4rjestelmiin.<\/p>\n<p class=\"\" data-start=\"964\" data-end=\"1445\">960C tarjoaa vaikuttavia ominaisuuksia, kuten oikealle suunnatun toiminnon (lukitus avataan s\u00e4hk\u00f6katkon sattuessa) ja suuren 15 kN:n (1500 kg) murtolujuuden, mik\u00e4 tekee siit\u00e4 ihanteellisen vaativiin turvallisuustarpeisiin.<\/p>\n<p class=\"\" data-start=\"964\" data-end=\"1445\">Se on paloluokitus E\/EI 120 asti, mik\u00e4 tarjoaa ylim\u00e4\u00e4r\u00e4isen turvakerroksen paloalttiissa ymp\u00e4rist\u00f6ss\u00e4.<\/p>\n<p class=\"\" data-start=\"964\" data-end=\"1445\">S\u00e4hk\u00f6iskulevyll\u00e4 on my\u00f6s korkea iskun- ja iskunkest\u00e4vyys, mik\u00e4 suojaa manipulaatiolta.<\/p>\n<p class=\"\" data-start=\"964\" data-end=\"1445\">Mukana toimitettu 5 metrin liit\u00e4nt\u00e4kaapeli ja m\u00e4nt\u00e4liitin tekev\u00e4t asennuksesta helppoa ja joustavaa.<\/p>\n<p class=\"\" data-start=\"1447\" data-end=\"1475\"><strong data-start=\"1447\" data-end=\"1475\">Ominaisuudet ja edut:<\/strong><\/p>\n<ul data-start=\"1476\" data-end=\"1746\">\n<li class=\"\" data-start=\"1476\" data-end=\"1525\">\n<p class=\"\" data-start=\"1478\" data-end=\"1525\">Eteenp\u00e4in-toiminto (lukitus avataan s\u00e4hk\u00f6katkon sattuessa)<\/p>\n<\/li>\n<li class=\"\" data-start=\"1526\" data-end=\"1562\">\n<p class=\"\" data-start=\"1528\" data-end=\"1562\">Murtolujuus 15 kN (1500 kg)<\/p>\n<\/li>\n<li class=\"\" data-start=\"1563\" data-end=\"1593\">\n<p class=\"\" data-start=\"1565\" data-end=\"1593\">Paloluokka E\/EI 120 asti<\/p>\n<\/li>\n<li class=\"\" data-start=\"1594\" data-end=\"1622\">\n<p class=\"\" data-start=\"1596\" data-end=\"1622\">Korkea iskun- ja iskunkest\u00e4vyys<\/p>\n<\/li>\n<li class=\"\" data-start=\"1623\" data-end=\"1659\">\n<p class=\"\" data-start=\"1625\" data-end=\"1659\">Galvanoitu kotelo ja ter\u00e4ksinen k\u00e4\u00e4nt\u00f6p\u00e4\u00e4<\/p>\n<\/li>\n<li class=\"\" data-start=\"1660\" data-end=\"1697\">\n<p class=\"\" data-start=\"1662\" data-end=\"1697\">Yhteensopiva Hi-O Can -v\u00e4yl\u00e4tekniikan kanssa<\/p>\n<\/li>\n<li class=\"\" data-start=\"1698\" data-end=\"1746\">\n<p class=\"\" data-start=\"1700\" data-end=\"1746\">Mukana 5 m liit\u00e4nt\u00e4kaapeli ja m\u00e4nt\u00e4liitin<\/p>\n<\/li>\n<\/ul>\n<p class=\"\" data-start=\"1748\" data-end=\"1774\"><strong data-start=\"1748\" data-end=\"1774\">Tekniset tiedot:<\/strong><\/p>\n<ul data-start=\"1775\" data-end=\"2147\">\n<li class=\"\" data-start=\"1775\" data-end=\"1799\">\n<p class=\"\" data-start=\"1777\" data-end=\"1799\">Sis\u00e4\u00e4nrakennettu transienttisuojaus<\/p>\n<\/li>\n<li class=\"\" data-start=\"1800\" data-end=\"1840\">\n<p class=\"\" data-start=\"1802\" data-end=\"1840\">Virtal\u00e4hde 12-24VAC\/DC \u00b110% +15%<\/p>\n<\/li>\n<li class=\"\" data-start=\"1841\" data-end=\"1887\">\n<p class=\"\" data-start=\"1843\" data-end=\"1887\">K\u00e4ynnistysvirta 24V:lla: 240mA, k\u00e4ytt\u00f6virta: 145mA<\/p>\n<\/li>\n<li class=\"\" data-start=\"1888\" data-end=\"1934\">\n<p class=\"\" data-start=\"1890\" data-end=\"1934\">K\u00e4ynnistysvirta 12V:lla: 620mA, k\u00e4ytt\u00f6virta: 310mA<\/p>\n<\/li>\n<li class=\"\" data-start=\"1935\" data-end=\"1960\">\n<p class=\"\" data-start=\"1937\" data-end=\"1960\">Palotesti 120 minuuttia<\/p>\n<\/li>\n<li class=\"\" data-start=\"1961\" data-end=\"1990\">\n<p class=\"\" data-start=\"1963\" data-end=\"1990\">Oven sarana: Oikea\/vasen<\/p>\n<\/li>\n<li class=\"\" data-start=\"1991\" data-end=\"2026\">\n<p class=\"\" data-start=\"1993\" data-end=\"2026\">Lukon tyyppi: yksisalpalukko, kaksoissalpalukko<\/p>\n<\/li>\n<li class=\"\" data-start=\"2027\" data-end=\"2071\">\n<p class=\"\" data-start=\"2029\" data-end=\"2071\">J\u00e4nnite max: 27,6 V, j\u00e4nnite min: 10,8 V<\/p>\n<\/li>\n<li class=\"\" data-start=\"2072\" data-end=\"2102\">\n<p class=\"\" data-start=\"2074\" data-end=\"2102\">V\u00e4ri\/pintak\u00e4sittely: Galvanoitu<\/p>\n<\/li>\n<li class=\"\" data-start=\"2103\" data-end=\"2125\">\n<p class=\"\" data-start=\"2105\" data-end=\"2125\">Tuotteen korkeus: 140 mm<\/p>\n<\/li>\n<li class=\"\" data-start=\"2126\" data-end=\"2147\">\n<p class=\"\" data-start=\"2128\" data-end=\"2147\">Kaapelin pituus: 5 metri\u00e4<\/p>\n<\/li>\n<\/ul>","protected":false},"excerpt":{"rendered":"<h5><a href=\"https:\/\/elslutblecksguiden.se\/\" target=\"_blank\" rel=\"noopener\">Opas ASSA S\u00e4hk\u00f6lukot, moottorilukot, S\u00e4hk\u00f6iset vastalevyt ja vaihto-opas<\/a><\/h5>","protected":false},"featured_media":138779,"template":"","meta":{"_acf_changed":false},"product_brand":[],"product_cat":[3355],"product_tag":[4196,4200,2967],"class_list":{"0":"post-91559","1":"product","2":"type-product","3":"status-publish","4":"has-post-thumbnail","6":"product_cat-elslutbleck","7":"product_tag-12-24v","8":"product_tag-rattvand","9":"product_tag-rg-assa-abloy","10":"product_shipping_class-tunga-paket","11":"pa_brands-abloy","12":"tm-no-options","14":"first","15":"instock","16":"sale","17":"taxable","18":"shipping-taxable","19":"purchasable","20":"product-type-simple"},"acf":[],"_links":{"self":[{"href":"https:\/\/secureus.se\/fi\/wp-json\/wp\/v2\/product\/91559","targetHints":{"allow":["GET"]}}],"collection":[{"href":"https:\/\/secureus.se\/fi\/wp-json\/wp\/v2\/product"}],"about":[{"href":"https:\/\/secureus.se\/fi\/wp-json\/wp\/v2\/types\/product"}],"wp:featuredmedia":[{"embeddable":true,"href":"https:\/\/secureus.se\/fi\/wp-json\/wp\/v2\/media\/138779"}],"wp:attachment":[{"href":"https:\/\/secureus.se\/fi\/wp-json\/wp\/v2\/media?parent=91559"}],"wp:term":[{"taxonomy":"product_brand","embeddable":true,"href":"https:\/\/secureus.se\/fi\/wp-json\/wp\/v2\/product_brand?post=91559"},{"taxonomy":"product_cat","embeddable":true,"href":"https:\/\/secureus.se\/fi\/wp-json\/wp\/v2\/product_cat?post=91559"},{"taxonomy":"product_tag","embeddable":true,"href":"https:\/\/secureus.se\/fi\/wp-json\/wp\/v2\/product_tag?post=91559"}],"curies":[{"name":"wp","href":"https:\/\/api.w.org\/{rel}","templated":true}]}}