{"id":91560,"date":"2023-09-27T18:13:27","date_gmt":"2023-09-27T16:13:27","guid":{"rendered":"https:\/\/secureus.se\/elslutbleck-992m-omstallbar-12-24v-kolvkontakt\/"},"modified":"2026-03-25T15:43:34","modified_gmt":"2026-03-25T14:43:34","slug":"elslutbleck-992m-omstallbar-12-24v-kolvkontakt","status":"publish","type":"product","link":"https:\/\/secureus.se\/fi\/elslutbleck-992m-omstallbar-12-24v-kolvkontakt\/","title":{"rendered":"S\u00e4hk\u00f6inen liitinlevy 992M Kytkett\u00e4v\u00e4 12-24V m\u00e4nt\u00e4kosketin"},"content":{"rendered":"<h1>S\u00e4hk\u00f6inen liitinlevy 992M Kytkett\u00e4v\u00e4 12-24V m\u00e4nt\u00e4kosketin<\/h1>\n<p>ASSA ABLOY 992M s\u00e4hk\u00f6isku kaksinkertaisella nivel- ja m\u00e4nt\u00e4koskettimella oville, jotka edellytt\u00e4v\u00e4t oviautomaatiota, paloa, evakuointia ja uudelleenk\u00e4ytt\u00f6\u00e4. Vaihdettavissa eteenp\u00e4in\/taakse-toiminto. Paloluokitus E\/EI 120 asti.<\/p>\n<p>ASSA ABLOY 992M on korkealaatuinen s\u00e4hk\u00f6isku, jossa on kaksoisnivel, joka sopii t\u00e4ydellisesti oviin, jotka vaativat oviautomaatiota, paloluokitusta, evakuointia ja paluuta.<\/p>\n<p>T\u00e4ss\u00e4 s\u00e4hk\u00f6iskussa on k\u00e4\u00e4nnett\u00e4v\u00e4 toiminto, jota voidaan k\u00e4ytt\u00e4\u00e4 sek\u00e4 eteen- ett\u00e4 taaksep\u00e4in, mik\u00e4 tarjoaa joustavuutta asennuksessa.<\/p>\n<p>Sen murtolujuus on 9 kN (noin 900 kg) ja korkea turvallisuustaso isku- ja iskusuojauksessa, joten se on vankka vaihtoehto turvaratkaisuille.<\/p>\n<p>Lukkokotelo on valmistettu ter\u00e4ksest\u00e4 ja my\u00f6s kierresalpa on valmistettu ter\u00e4ksest\u00e4, mik\u00e4 takaa pitk\u00e4n kest\u00e4vyyden ja luotettavuuden. Paloluokitus E\/EI 120 tekee siit\u00e4 sopivan paloalttiisiin ymp\u00e4rist\u00f6ihin.<\/p>\n<p class=\"\" data-start=\"1030\" data-end=\"1047\"><strong data-start=\"1030\" data-end=\"1044\">Ominaisuudet<\/strong>:<\/p>\n<ul data-start=\"1048\" data-end=\"1271\">\n<li class=\"\" data-start=\"1048\" data-end=\"1083\">\n<p class=\"\" data-start=\"1050\" data-end=\"1083\">Tuplakierretty pudotus ja m\u00e4nn\u00e4n kosketin<\/p>\n<\/li>\n<li class=\"\" data-start=\"1084\" data-end=\"1129\">\n<p class=\"\" data-start=\"1086\" data-end=\"1129\">Helposti s\u00e4\u00e4dett\u00e4v\u00e4 eteen\/taakse-toiminto<\/p>\n<\/li>\n<li class=\"\" data-start=\"1130\" data-end=\"1167\">\n<p class=\"\" data-start=\"1132\" data-end=\"1167\">Murtolujuus: 9 kN (n. 900 kg)<\/p>\n<\/li>\n<li class=\"\" data-start=\"1168\" data-end=\"1198\">\n<p class=\"\" data-start=\"1170\" data-end=\"1198\">Korkea iskun- ja iskunkest\u00e4vyys<\/p>\n<\/li>\n<li class=\"\" data-start=\"1199\" data-end=\"1217\">\n<p class=\"\" data-start=\"1201\" data-end=\"1217\">Ter\u00e4ksinen lukkokotelo<\/p>\n<\/li>\n<li class=\"\" data-start=\"1218\" data-end=\"1238\">\n<p class=\"\" data-start=\"1220\" data-end=\"1238\">Ter\u00e4ksest\u00e4 valmistettu kierrekotelo<\/p>\n<\/li>\n<li class=\"\" data-start=\"1239\" data-end=\"1271\">\n<p class=\"\" data-start=\"1241\" data-end=\"1271\">Paloluokitus E\/EI 120 asti<\/p>\n<\/li>\n<\/ul>\n<p class=\"\" data-start=\"1273\" data-end=\"1301\"><strong data-start=\"1273\" data-end=\"1298\">Tekniset tiedot<\/strong>:<\/p>\n<ul data-start=\"1302\" data-end=\"1793\">\n<li class=\"\" data-start=\"1302\" data-end=\"1343\">\n<p class=\"\" data-start=\"1304\" data-end=\"1343\">Monitoimi: 12-24VDC (-10% \/ +15%)<\/p>\n<\/li>\n<li class=\"\" data-start=\"1344\" data-end=\"1388\">\n<p class=\"\" data-start=\"1346\" data-end=\"1388\">Virrankulutus max: 250mA per kierros<\/p>\n<\/li>\n<li class=\"\" data-start=\"1389\" data-end=\"1413\">\n<p class=\"\" data-start=\"1391\" data-end=\"1413\">Palotesti: 120 min<\/p>\n<\/li>\n<li class=\"\" data-start=\"1414\" data-end=\"1445\">\n<p class=\"\" data-start=\"1416\" data-end=\"1445\">Murtolujuus max: 900 kg<\/p>\n<\/li>\n<li class=\"\" data-start=\"1446\" data-end=\"1478\">\n<p class=\"\" data-start=\"1448\" data-end=\"1478\">Oven sarana: Oikea, Vasen<\/p>\n<\/li>\n<li class=\"\" data-start=\"1479\" data-end=\"1499\">\n<p class=\"\" data-start=\"1481\" data-end=\"1499\">Mukana kaapeli: Ei<\/p>\n<\/li>\n<li class=\"\" data-start=\"1500\" data-end=\"1520\">\n<p class=\"\" data-start=\"1502\" data-end=\"1520\">Nauhan paine: 50 kg<\/p>\n<\/li>\n<li class=\"\" data-start=\"1521\" data-end=\"1545\">\n<p class=\"\" data-start=\"1523\" data-end=\"1545\">Lukon tyyppi: Kaksoislukko<\/p>\n<\/li>\n<li class=\"\" data-start=\"1546\" data-end=\"1569\">\n<p class=\"\" data-start=\"1548\" data-end=\"1569\">Rakennustuotteen luokitus: Ei<\/p>\n<\/li>\n<li class=\"\" data-start=\"1570\" data-end=\"1596\">\n<p class=\"\" data-start=\"1572\" data-end=\"1596\">K\u00e4ytt\u00f6j\u00e4nnite: 12V\/24V<\/p>\n<\/li>\n<li class=\"\" data-start=\"1597\" data-end=\"1620\">\n<p class=\"\" data-start=\"1599\" data-end=\"1620\">Kaksinkertainen kierrekotelo: Kyll\u00e4<\/p>\n<\/li>\n<li class=\"\" data-start=\"1621\" data-end=\"1654\">\n<p class=\"\" data-start=\"1623\" data-end=\"1654\">V\u00e4ri\/pintak\u00e4sittely: K\u00e4sittelem\u00e4t\u00f6n<\/p>\n<\/li>\n<li class=\"\" data-start=\"1655\" data-end=\"1674\">\n<p class=\"\" data-start=\"1657\" data-end=\"1674\">M\u00e4nn\u00e4n kosketin: Kyll\u00e4<\/p>\n<\/li>\n<li class=\"\" data-start=\"1675\" data-end=\"1722\">\n<p class=\"\" data-start=\"1677\" data-end=\"1722\">Eteen\/taakse: Vaihdettavissa eteen\/taakse<\/p>\n<\/li>\n<li class=\"\" data-start=\"1723\" data-end=\"1745\">\n<p class=\"\" data-start=\"1725\" data-end=\"1745\">J\u00e4nnite AC\/DC: DC<\/p>\n<\/li>\n<li class=\"\" data-start=\"1746\" data-end=\"1770\">\n<p class=\"\" data-start=\"1748\" data-end=\"1770\">Maksimij\u00e4nnite: 27,6 V<\/p>\n<\/li>\n<li class=\"\" data-start=\"1771\" data-end=\"1793\">\n<p class=\"\" data-start=\"1773\" data-end=\"1793\">Minimij\u00e4nnite: 10,8 V<\/p>\n<\/li>\n<\/ul>","protected":false},"excerpt":{"rendered":"<h5><a href=\"https:\/\/elslutblecksguiden.se\/\" target=\"_blank\" rel=\"noopener\">Opas ASSA S\u00e4hk\u00f6lukot, moottorilukot, S\u00e4hk\u00f6iset vastalevyt ja vaihto-opas<\/a><\/h5>","protected":false},"featured_media":138625,"template":"","meta":{"_acf_changed":false},"product_brand":[],"product_cat":[3355],"product_tag":[4196,4202,2967],"class_list":{"0":"post-91560","1":"product","2":"type-product","3":"status-publish","4":"has-post-thumbnail","6":"product_cat-elslutbleck","7":"product_tag-12-24v","8":"product_tag-omstallbar-rattvand-omvand","9":"product_tag-rg-assa-abloy","10":"product_shipping_class-tunga-paket","11":"pa_brands-abloy","12":"tm-no-options","14":"first","15":"instock","16":"sale","17":"taxable","18":"shipping-taxable","19":"purchasable","20":"product-type-simple"},"acf":[],"_links":{"self":[{"href":"https:\/\/secureus.se\/fi\/wp-json\/wp\/v2\/product\/91560","targetHints":{"allow":["GET"]}}],"collection":[{"href":"https:\/\/secureus.se\/fi\/wp-json\/wp\/v2\/product"}],"about":[{"href":"https:\/\/secureus.se\/fi\/wp-json\/wp\/v2\/types\/product"}],"wp:featuredmedia":[{"embeddable":true,"href":"https:\/\/secureus.se\/fi\/wp-json\/wp\/v2\/media\/138625"}],"wp:attachment":[{"href":"https:\/\/secureus.se\/fi\/wp-json\/wp\/v2\/media?parent=91560"}],"wp:term":[{"taxonomy":"product_brand","embeddable":true,"href":"https:\/\/secureus.se\/fi\/wp-json\/wp\/v2\/product_brand?post=91560"},{"taxonomy":"product_cat","embeddable":true,"href":"https:\/\/secureus.se\/fi\/wp-json\/wp\/v2\/product_cat?post=91560"},{"taxonomy":"product_tag","embeddable":true,"href":"https:\/\/secureus.se\/fi\/wp-json\/wp\/v2\/product_tag?post=91560"}],"curies":[{"name":"wp","href":"https:\/\/api.w.org\/{rel}","templated":true}]}}