{"id":91561,"date":"2023-09-27T18:13:26","date_gmt":"2023-09-27T16:13:26","guid":{"rendered":"https:\/\/secureus.se\/elslutbleck-940m-rattvand-12-24v-kolvkontakt\/"},"modified":"2026-03-10T17:26:55","modified_gmt":"2026-03-10T16:26:55","slug":"elslutbleck-940m-rattvand-12-24v-kolvkontakt","status":"publish","type":"product","link":"https:\/\/secureus.se\/fi\/elslutbleck-940m-rattvand-12-24v-kolvkontakt\/","title":{"rendered":"S\u00e4hk\u00f6liitinlevy 940M Oikealle p\u00e4in 12-24V M\u00e4nn\u00e4n kosketin"},"content":{"rendered":"<div>\n<div>\n<h1>S\u00e4hk\u00f6liitinlevy 940M Oikealle p\u00e4in 12-24V M\u00e4nn\u00e4n kosketin<\/h1>\n<p>ASSA ABLOY 940M on normaalien turvallisuusvaatimusten omaaviin oviin tarkoitettu s\u00e4hk\u00f6isku, joka on suunniteltu k\u00e4ytett\u00e4v\u00e4ksi kaupassa, toimistoissa ja teollisuudessa. Soveltuu yksi- ja kaksilehtisille lukoksille ja tarjoaa eritt\u00e4in lujan ja symmetrisen muotoilun.<\/p>\n<p class=\"\" data-start=\"381\" data-end=\"714\">ASSA ABLOY 940M on korkealaatuinen s\u00e4hk\u00f6isku, joka on ihanteellinen turvaratkaisuihin rakennuksissa, joissa vaaditaan luotettavaa oven lukitusta.<\/p>\n<p class=\"\" data-start=\"381\" data-end=\"714\">Se on suunniteltu k\u00e4ytett\u00e4v\u00e4ksi yhteenlukittuvien yksi- ja kaksoislukkojen kanssa, ja se on erityisen tehokas kuoren suojaukseen, sis\u00e4lukkoon sek\u00e4 kerrostalojen sis\u00e4\u00e4nk\u00e4ynteihin ja julkisiin tiloihin.<\/p>\n<p class=\"\" data-start=\"716\" data-end=\"1096\">Oikeak\u00e4tinen s\u00e4hk\u00f6isku on lukittu j\u00e4nnitteett\u00f6m\u00e4\u00e4n asentoon ja tarjoaa joustavan ratkaisun sek\u00e4 oikealle ett\u00e4 vasemmalle ripustetuille oville.<\/p>\n<p class=\"\" data-start=\"716\" data-end=\"1096\">Monij\u00e4nniteteknologia (12-24V DC) ja 900 kg:n murtolujuus takaavat pitk\u00e4n kest\u00e4vyyden ja turvallisen toiminnan vaihtelevissa k\u00e4ytt\u00f6olosuhteissa.<\/p>\n<p class=\"\" data-start=\"716\" data-end=\"1096\">Se on my\u00f6s suunniteltu iskunkest\u00e4v\u00e4ksi ja symmetrisesti suunniteltu helpottamaan asennusta.<\/p>\n<p class=\"\" data-start=\"1098\" data-end=\"1113\"><strong data-start=\"1098\" data-end=\"1113\">Ominaisuudet:<\/strong><\/p>\n<ul data-start=\"1114\" data-end=\"1338\">\n<li class=\"\" data-start=\"1114\" data-end=\"1157\">\n<p class=\"\" data-start=\"1116\" data-end=\"1157\">Oikealle suunnattu toiminto (lukittu j\u00e4nnitteett\u00f6m\u00e4ss\u00e4 tilassa)<\/p>\n<\/li>\n<li class=\"\" data-start=\"1158\" data-end=\"1194\">\n<p class=\"\" data-start=\"1160\" data-end=\"1194\">Monij\u00e4nnite 12-24V DC (-10\/+15%)<\/p>\n<\/li>\n<li class=\"\" data-start=\"1195\" data-end=\"1226\">\n<p class=\"\" data-start=\"1197\" data-end=\"1226\">Lukitusm\u00e4nt\u00e4kytkin (mikrokytkin)<\/p>\n<\/li>\n<li class=\"\" data-start=\"1227\" data-end=\"1251\">\n<p class=\"\" data-start=\"1229\" data-end=\"1251\">Nauhapainotekniikka 50 kg<\/p>\n<\/li>\n<li class=\"\" data-start=\"1252\" data-end=\"1276\">\n<p class=\"\" data-start=\"1254\" data-end=\"1276\">Murtolujuus 900 kg<\/p>\n<\/li>\n<li class=\"\" data-start=\"1277\" data-end=\"1338\">\n<p class=\"\" data-start=\"1279\" data-end=\"1338\">Iskunkest\u00e4v\u00e4 ja symmetrisesti muotoiltu, k\u00e4\u00e4nnett\u00e4v\u00e4 oikealle\/vasemmalle<\/p>\n<\/li>\n<\/ul>\n<p class=\"\" data-start=\"1340\" data-end=\"1369\"><strong data-start=\"1340\" data-end=\"1369\">Tekniset tiedot:<\/strong><\/p>\n<ul data-start=\"1370\" data-end=\"1860\">\n<li class=\"\" data-start=\"1370\" data-end=\"1410\">\n<p class=\"\" data-start=\"1372\" data-end=\"1410\">Virtal\u00e4hde: 12-24V DC (-10\/+15%)<\/p>\n<\/li>\n<li class=\"\" data-start=\"1411\" data-end=\"1452\">\n<p class=\"\" data-start=\"1413\" data-end=\"1452\">K\u00e4ynnistysvirta 24 V:lla: XX mA, toiminta: XX mA<\/p>\n<\/li>\n<li class=\"\" data-start=\"1453\" data-end=\"1523\">\n<p class=\"\" data-start=\"1455\" data-end=\"1523\">Lepotilavirta 24 V:lla: 0 mA (eteenp\u00e4in toiminto), XX mA (k\u00e4\u00e4nteinen toiminto)<\/p>\n<\/li>\n<li class=\"\" data-start=\"1524\" data-end=\"1565\">\n<p class=\"\" data-start=\"1526\" data-end=\"1565\">K\u00e4ynnistysvirta 12V:lla: XX mA, toiminta: XX mA<\/p>\n<\/li>\n<li class=\"\" data-start=\"1566\" data-end=\"1636\">\n<p class=\"\" data-start=\"1568\" data-end=\"1636\">Lepotilavirta 12 V:lla: 0 mA (eteenp\u00e4in toiminto), XX mA (k\u00e4\u00e4nteinen toiminto)<\/p>\n<\/li>\n<li class=\"\" data-start=\"1637\" data-end=\"1662\">\n<p class=\"\" data-start=\"1639\" data-end=\"1662\">Murtolujuus: 900 kg<\/p>\n<\/li>\n<li class=\"\" data-start=\"1663\" data-end=\"1693\">\n<p class=\"\" data-start=\"1665\" data-end=\"1693\">Oven sarana: Oikea, Vasen<\/p>\n<\/li>\n<li class=\"\" data-start=\"1694\" data-end=\"1712\">\n<p class=\"\" data-start=\"1696\" data-end=\"1712\">Mukana kaapeli: Ei<\/p>\n<\/li>\n<li class=\"\" data-start=\"1713\" data-end=\"1731\">\n<p class=\"\" data-start=\"1715\" data-end=\"1731\">Nauhan paine: 50 kg<\/p>\n<\/li>\n<li class=\"\" data-start=\"1732\" data-end=\"1767\">\n<p class=\"\" data-start=\"1734\" data-end=\"1767\">Lukon tyyppi: yksisalpalukko, kaksoissalpalukko<\/p>\n<\/li>\n<li class=\"\" data-start=\"1768\" data-end=\"1821\">\n<p class=\"\" data-start=\"1770\" data-end=\"1821\">Tuotteen mitat: Leveys: 28 mm, Syvyys: 25 mm, Korkeus: 90 mm<\/p>\n<\/li>\n<li class=\"\" data-start=\"1822\" data-end=\"1839\">\n<p class=\"\" data-start=\"1824\" data-end=\"1839\">M\u00e4nn\u00e4n kosketin: Kyll\u00e4<\/p>\n<\/li>\n<li class=\"\" data-start=\"1840\" data-end=\"1860\">\n<p class=\"\" data-start=\"1842\" data-end=\"1860\">J\u00e4nnite AC\/DC: DC<\/p>\n<\/li>\n<\/ul>\n<\/div>\n<\/div>","protected":false},"excerpt":{"rendered":"<h5><a href=\"https:\/\/elslutblecksguiden.se\/\" target=\"_blank\" rel=\"noopener\">Opas ASSA S\u00e4hk\u00f6lukot, moottorilukot, S\u00e4hk\u00f6iset vastalevyt ja vaihto-opas<\/a><\/h5>","protected":false},"featured_media":140091,"template":"","meta":{"_acf_changed":false},"product_brand":[],"product_cat":[3355],"product_tag":[4196,4200,2967],"class_list":{"0":"post-91561","1":"product","2":"type-product","3":"status-publish","4":"has-post-thumbnail","6":"product_cat-elslutbleck","7":"product_tag-12-24v","8":"product_tag-rattvand","9":"product_tag-rg-assa-abloy","10":"product_shipping_class-tunga-paket","11":"pa_brands-abloy","12":"tm-no-options","14":"first","15":"instock","16":"sale","17":"taxable","18":"shipping-taxable","19":"purchasable","20":"product-type-simple"},"acf":[],"_links":{"self":[{"href":"https:\/\/secureus.se\/fi\/wp-json\/wp\/v2\/product\/91561","targetHints":{"allow":["GET"]}}],"collection":[{"href":"https:\/\/secureus.se\/fi\/wp-json\/wp\/v2\/product"}],"about":[{"href":"https:\/\/secureus.se\/fi\/wp-json\/wp\/v2\/types\/product"}],"wp:featuredmedia":[{"embeddable":true,"href":"https:\/\/secureus.se\/fi\/wp-json\/wp\/v2\/media\/140091"}],"wp:attachment":[{"href":"https:\/\/secureus.se\/fi\/wp-json\/wp\/v2\/media?parent=91561"}],"wp:term":[{"taxonomy":"product_brand","embeddable":true,"href":"https:\/\/secureus.se\/fi\/wp-json\/wp\/v2\/product_brand?post=91561"},{"taxonomy":"product_cat","embeddable":true,"href":"https:\/\/secureus.se\/fi\/wp-json\/wp\/v2\/product_cat?post=91561"},{"taxonomy":"product_tag","embeddable":true,"href":"https:\/\/secureus.se\/fi\/wp-json\/wp\/v2\/product_tag?post=91561"}],"curies":[{"name":"wp","href":"https:\/\/api.w.org\/{rel}","templated":true}]}}