{"id":91562,"date":"2023-09-27T18:13:24","date_gmt":"2023-09-27T16:13:24","guid":{"rendered":"https:\/\/secureus.se\/elslutbleck-941m-omvand-12-24v-kolvkontakt\/"},"modified":"2026-04-08T15:57:17","modified_gmt":"2026-04-08T13:57:17","slug":"elslutbleck-941m-omvand-12-24v-kolvkontakt","status":"publish","type":"product","link":"https:\/\/secureus.se\/fi\/elslutbleck-941m-omvand-12-24v-kolvkontakt\/","title":{"rendered":"S\u00e4hk\u00f6inen liitinlevy 941M K\u00e4\u00e4nteinen 12-24V M\u00e4nn\u00e4n kosketin"},"content":{"rendered":"<div>\n<div>\n<h1>S\u00e4hk\u00f6inen liitinlevy 941M K\u00e4\u00e4nteinen 12-24V M\u00e4nn\u00e4n kosketin<\/h1>\n<p>ASSA ABLOY 941M on s\u00e4hk\u00f6isku, jossa on peruutustoiminto oville. Se sopii erinomaisesti suojaratkaisuihin kuoren suojauksessa, toimistoissa ja teollisuusymp\u00e4rist\u00f6iss\u00e4, eritt\u00e4in luja ja symmetrinen muotoilu.<\/p>\n<p>ASSA ABLOY 941M on korkealaatuinen s\u00e4hk\u00f6isku, joka tarjoaa peruutustoiminnon, mik\u00e4 tarkoittaa, ett\u00e4 se on avattu j\u00e4nnitteett\u00f6m\u00e4ss\u00e4 asennossa.<\/p>\n<p>T\u00e4m\u00e4 tekee siit\u00e4 erityisen hy\u00f6dyllisen suojaratkaisuissa kuoren suojaukseen ja sis\u00e4iseen lukitukseen kaupassa, toimistoissa ja teollisuudessa sek\u00e4 monikerroksisissa rakennuksissa.<\/p>\n<p>S\u00e4hk\u00f6isku on suunniteltu k\u00e4ytett\u00e4v\u00e4ksi ovissa yhdess\u00e4 lukittujen yksi- ja kaksoislukkojen kanssa.<\/p>\n<p>Symmetrinen s\u00e4hk\u00f6iskua voidaan k\u00e4ytt\u00e4\u00e4 sek\u00e4 oikea- ett\u00e4 vasemmanpuoleisissa ovissa ja se tarjoaa vankan ratkaisun 900 kg:n murtolujuudella.<\/p>\n<p>Monij\u00e4nnitetekniikalla (12-24V DC) ja 100 kg:n nauhapainetekniikalla taataan pitk\u00e4 kest\u00e4vyys ja turvallinen toiminta vaihtelevissa k\u00e4ytt\u00f6olosuhteissa.<\/p>\n<p>Se on my\u00f6s iskunkest\u00e4v\u00e4 ja k\u00e4\u00e4nnett\u00e4v\u00e4 asennuksen helpottamiseksi.<\/p>\n<p class=\"\" data-start=\"1109\" data-end=\"1124\"><strong data-start=\"1109\" data-end=\"1124\">Ominaisuudet:<\/strong><\/p>\n<ul data-start=\"1125\" data-end=\"1349\">\n<li class=\"\" data-start=\"1125\" data-end=\"1167\">\n<p class=\"\" data-start=\"1127\" data-end=\"1167\">Peruutustoiminto (avataan j\u00e4nnitteett\u00f6m\u00e4ss\u00e4 tilassa)<\/p>\n<\/li>\n<li class=\"\" data-start=\"1168\" data-end=\"1204\">\n<p class=\"\" data-start=\"1170\" data-end=\"1204\">Monij\u00e4nnite 12-24V DC (-10\/+15%)<\/p>\n<\/li>\n<li class=\"\" data-start=\"1205\" data-end=\"1236\">\n<p class=\"\" data-start=\"1207\" data-end=\"1236\">Lukitusm\u00e4nt\u00e4kytkin (mikrokytkin)<\/p>\n<\/li>\n<li class=\"\" data-start=\"1237\" data-end=\"1262\">\n<p class=\"\" data-start=\"1239\" data-end=\"1262\">Nauhapainotekniikka 100 kg<\/p>\n<\/li>\n<li class=\"\" data-start=\"1263\" data-end=\"1287\">\n<p class=\"\" data-start=\"1265\" data-end=\"1287\">Murtolujuus 900 kg<\/p>\n<\/li>\n<li class=\"\" data-start=\"1288\" data-end=\"1349\">\n<p class=\"\" data-start=\"1290\" data-end=\"1349\">Iskunkest\u00e4v\u00e4 ja symmetrisesti muotoiltu, k\u00e4\u00e4nnett\u00e4v\u00e4 oikealle\/vasemmalle<\/p>\n<\/li>\n<\/ul>\n<p class=\"\" data-start=\"1351\" data-end=\"1380\"><strong data-start=\"1351\" data-end=\"1380\">Tekniset tiedot:<\/strong><\/p>\n<ul data-start=\"1381\" data-end=\"1872\">\n<li class=\"\" data-start=\"1381\" data-end=\"1421\">\n<p class=\"\" data-start=\"1383\" data-end=\"1421\">Virtal\u00e4hde: 12-24V DC (-10\/+15%)<\/p>\n<\/li>\n<li class=\"\" data-start=\"1422\" data-end=\"1463\">\n<p class=\"\" data-start=\"1424\" data-end=\"1463\">K\u00e4ynnistysvirta 24 V:lla: XX mA, toiminta: XX mA<\/p>\n<\/li>\n<li class=\"\" data-start=\"1464\" data-end=\"1534\">\n<p class=\"\" data-start=\"1466\" data-end=\"1534\">Lepotilavirta 24 V:lla: 0 mA (eteenp\u00e4in toiminto), XX mA (k\u00e4\u00e4nteinen toiminto)<\/p>\n<\/li>\n<li class=\"\" data-start=\"1535\" data-end=\"1576\">\n<p class=\"\" data-start=\"1537\" data-end=\"1576\">K\u00e4ynnistysvirta 12V:lla: XX mA, toiminta: XX mA<\/p>\n<\/li>\n<li class=\"\" data-start=\"1577\" data-end=\"1647\">\n<p class=\"\" data-start=\"1579\" data-end=\"1647\">Lepotilavirta 12 V:lla: 0 mA (eteenp\u00e4in toiminto), XX mA (k\u00e4\u00e4nteinen toiminto)<\/p>\n<\/li>\n<li class=\"\" data-start=\"1648\" data-end=\"1673\">\n<p class=\"\" data-start=\"1650\" data-end=\"1673\">Murtolujuus: 900 kg<\/p>\n<\/li>\n<li class=\"\" data-start=\"1674\" data-end=\"1704\">\n<p class=\"\" data-start=\"1676\" data-end=\"1704\">Oven sarana: Oikea, Vasen<\/p>\n<\/li>\n<li class=\"\" data-start=\"1705\" data-end=\"1723\">\n<p class=\"\" data-start=\"1707\" data-end=\"1723\">Mukana kaapeli: Ei<\/p>\n<\/li>\n<li class=\"\" data-start=\"1724\" data-end=\"1743\">\n<p class=\"\" data-start=\"1726\" data-end=\"1743\">Nauhan paine: 100 kg<\/p>\n<\/li>\n<li class=\"\" data-start=\"1744\" data-end=\"1779\">\n<p class=\"\" data-start=\"1746\" data-end=\"1779\">Lukon tyyppi: yksisalpalukko, kaksoissalpalukko<\/p>\n<\/li>\n<li class=\"\" data-start=\"1780\" data-end=\"1833\">\n<p class=\"\" data-start=\"1782\" data-end=\"1833\">Tuotteen mitat: Leveys: 28 mm, Syvyys: 25 mm, Korkeus: 90 mm<\/p>\n<\/li>\n<li class=\"\" data-start=\"1834\" data-end=\"1851\">\n<p class=\"\" data-start=\"1836\" data-end=\"1851\">M\u00e4nn\u00e4n kosketin: Kyll\u00e4<\/p>\n<\/li>\n<li class=\"\" data-start=\"1852\" data-end=\"1872\">\n<p class=\"\" data-start=\"1854\" data-end=\"1872\">J\u00e4nnite AC\/DC: DC<\/p>\n<\/li>\n<\/ul>\n<\/div>\n<\/div>","protected":false},"excerpt":{"rendered":"<h5><a href=\"https:\/\/elslutblecksguiden.se\/\" target=\"_blank\" rel=\"noopener\">Opas ASSA S\u00e4hk\u00f6lukot, moottorilukot, S\u00e4hk\u00f6iset vastalevyt ja vaihto-opas<\/a><\/h5>","protected":false},"featured_media":138631,"template":"","meta":{"_acf_changed":false},"product_brand":[],"product_cat":[3355],"product_tag":[4196,4201,2967],"class_list":{"0":"post-91562","1":"product","2":"type-product","3":"status-publish","4":"has-post-thumbnail","6":"product_cat-elslutbleck","7":"product_tag-12-24v","8":"product_tag-omvand","9":"product_tag-rg-assa-abloy","10":"product_shipping_class-tunga-paket","11":"pa_brands-abloy","12":"tm-no-options","14":"first","15":"instock","16":"sale","17":"taxable","18":"shipping-taxable","19":"purchasable","20":"product-type-simple"},"acf":[],"_links":{"self":[{"href":"https:\/\/secureus.se\/fi\/wp-json\/wp\/v2\/product\/91562","targetHints":{"allow":["GET"]}}],"collection":[{"href":"https:\/\/secureus.se\/fi\/wp-json\/wp\/v2\/product"}],"about":[{"href":"https:\/\/secureus.se\/fi\/wp-json\/wp\/v2\/types\/product"}],"wp:featuredmedia":[{"embeddable":true,"href":"https:\/\/secureus.se\/fi\/wp-json\/wp\/v2\/media\/138631"}],"wp:attachment":[{"href":"https:\/\/secureus.se\/fi\/wp-json\/wp\/v2\/media?parent=91562"}],"wp:term":[{"taxonomy":"product_brand","embeddable":true,"href":"https:\/\/secureus.se\/fi\/wp-json\/wp\/v2\/product_brand?post=91562"},{"taxonomy":"product_cat","embeddable":true,"href":"https:\/\/secureus.se\/fi\/wp-json\/wp\/v2\/product_cat?post=91562"},{"taxonomy":"product_tag","embeddable":true,"href":"https:\/\/secureus.se\/fi\/wp-json\/wp\/v2\/product_tag?post=91562"}],"curies":[{"name":"wp","href":"https:\/\/api.w.org\/{rel}","templated":true}]}}