{"id":91563,"date":"2023-09-27T18:13:23","date_gmt":"2023-09-27T16:13:23","guid":{"rendered":"https:\/\/secureus.se\/elslutbleck-991m-brand-omvand-12-24v-kolvkontakt\/"},"modified":"2026-04-08T15:57:22","modified_gmt":"2026-04-08T13:57:22","slug":"elslutbleck-991m-brand-omvand-12-24v-kolvkontakt","status":"publish","type":"product","link":"https:\/\/secureus.se\/fi\/elslutbleck-991m-brand-omvand-12-24v-kolvkontakt\/","title":{"rendered":"S\u00e4hk\u00f6inen p\u00e4\u00e4tylevy 991M Fire Reverse 12-24V M\u00e4nn\u00e4n kosketin"},"content":{"rendered":"<div>\n<div>\n<h1>S\u00e4hk\u00f6inen p\u00e4\u00e4tylevy 991M Fire Reverse 12-24V M\u00e4nn\u00e4n kosketin<\/h1>\n<p>ASSA ABLOY 991M on palotestattu s\u00e4hk\u00f6isku k\u00e4\u00e4nteisell\u00e4 toiminnolla, joka on suunniteltu turvalliseen lukitukseen palokammioiden rajoissa ja muihin turvallisuusvaatimuksiin. T\u00e4ydellinen kuorisuojaukseen, toimistoihin ja teollisuuteen.<\/p>\n<p class=\"\" data-start=\"325\" data-end=\"775\">ASSA ABLOY 991M on korkean suorituskyvyn s\u00e4hk\u00f6isku, joka on palotestattu ja t\u00e4ytt\u00e4\u00e4 paloosaston rajojen asennuksen vaatimukset, joten se on ihanteellinen valinta turvaratkaisuihin sek\u00e4 syttyviin ett\u00e4 palamattomiin ymp\u00e4rist\u00f6ihin.<\/p>\n<p class=\"\" data-start=\"325\" data-end=\"775\">Se on suunniteltu oviin, joissa k\u00e4ytet\u00e4\u00e4n yhteenlukittuja yksi- ja kaksoislukkoja, ja se soveltuu hyvin kuorisuojaukseen, sis\u00e4lukitus- ja turvaratkaisuihin liike-, toimisto-, teollisuus- ja monitalorakennuksissa.<\/p>\n<p class=\"\" data-start=\"777\" data-end=\"1104\">K\u00e4\u00e4nteinen toiminto (lukittamatta j\u00e4nnitteett\u00f6m\u00e4ss\u00e4 asennossa), monij\u00e4nnitetekniikka (12-24 V DC) ja 900 kg:n murtolujuus tekev\u00e4t t\u00e4st\u00e4 s\u00e4hk\u00f6iskusta sek\u00e4 turvallisuuden ett\u00e4 pitk\u00e4kestoisen kest\u00e4vyyden.<\/p>\n<p class=\"\" data-start=\"777\" data-end=\"1104\">Se on my\u00f6s iskunkest\u00e4v\u00e4 ja k\u00e4\u00e4nnett\u00e4viss\u00e4 sek\u00e4 oikealle ett\u00e4 vasemmalle ripustetuille oville, joten se on helppo asentaa erilaisiin ovij\u00e4rjestelmiin.<\/p>\n<p class=\"\" data-start=\"1106\" data-end=\"1121\"><strong data-start=\"1106\" data-end=\"1121\">Ominaisuudet:<\/strong><\/p>\n<ul data-start=\"1122\" data-end=\"1456\">\n<li class=\"\" data-start=\"1122\" data-end=\"1164\">\n<p class=\"\" data-start=\"1124\" data-end=\"1164\">Peruutustoiminto (avataan j\u00e4nnitteett\u00f6m\u00e4ss\u00e4 tilassa)<\/p>\n<\/li>\n<li class=\"\" data-start=\"1165\" data-end=\"1201\">\n<p class=\"\" data-start=\"1167\" data-end=\"1201\">Monij\u00e4nnite 12-24V DC (-10\/+15%)<\/p>\n<\/li>\n<li class=\"\" data-start=\"1202\" data-end=\"1233\">\n<p class=\"\" data-start=\"1204\" data-end=\"1233\">Lukitusm\u00e4nt\u00e4kytkin (mikrokytkin)<\/p>\n<\/li>\n<li class=\"\" data-start=\"1234\" data-end=\"1260\">\n<p class=\"\" data-start=\"1236\" data-end=\"1260\">Listan painotekniikka: 100 kg<\/p>\n<\/li>\n<li class=\"\" data-start=\"1261\" data-end=\"1286\">\n<p class=\"\" data-start=\"1263\" data-end=\"1286\">Murtolujuus: 900 kg<\/p>\n<\/li>\n<li class=\"\" data-start=\"1287\" data-end=\"1348\">\n<p class=\"\" data-start=\"1289\" data-end=\"1348\">Iskunkest\u00e4v\u00e4 ja symmetrisesti muotoiltu, k\u00e4\u00e4nnett\u00e4v\u00e4 oikealle\/vasemmalle<\/p>\n<\/li>\n<li class=\"\" data-start=\"1349\" data-end=\"1404\">\n<p class=\"\" data-start=\"1351\" data-end=\"1404\">Paloluokka E\/EI 120, CE-merkitty standardin SS-EN 14846:2008 mukaisesti<\/p>\n<\/li>\n<li class=\"\" data-start=\"1405\" data-end=\"1456\">\n<p class=\"\" data-start=\"1407\" data-end=\"1456\">T\u00e4ytt\u00e4\u00e4 paloosaston reunoihin asennusta koskevat vaatimukset<\/p>\n<\/li>\n<\/ul>\n<p class=\"\" data-start=\"1458\" data-end=\"1487\"><strong data-start=\"1458\" data-end=\"1487\">Tekniset tiedot:<\/strong><\/p>\n<ul data-start=\"1488\" data-end=\"2002\">\n<li class=\"\" data-start=\"1488\" data-end=\"1528\">\n<p class=\"\" data-start=\"1490\" data-end=\"1528\">Virtal\u00e4hde: 12-24V DC (-10\/+15%)<\/p>\n<\/li>\n<li class=\"\" data-start=\"1529\" data-end=\"1570\">\n<p class=\"\" data-start=\"1531\" data-end=\"1570\">K\u00e4ynnistysvirta 24 V:lla: XX mA, toiminta: XX mA<\/p>\n<\/li>\n<li class=\"\" data-start=\"1571\" data-end=\"1641\">\n<p class=\"\" data-start=\"1573\" data-end=\"1641\">Lepotilavirta 24 V:lla: 0 mA (eteenp\u00e4in toiminto), XX mA (k\u00e4\u00e4nteinen toiminto)<\/p>\n<\/li>\n<li class=\"\" data-start=\"1642\" data-end=\"1683\">\n<p class=\"\" data-start=\"1644\" data-end=\"1683\">K\u00e4ynnistysvirta 12V:lla: XX mA, toiminta: XX mA<\/p>\n<\/li>\n<li class=\"\" data-start=\"1684\" data-end=\"1754\">\n<p class=\"\" data-start=\"1686\" data-end=\"1754\">Lepotilavirta 12 V:lla: 0 mA (eteenp\u00e4in toiminto), XX mA (k\u00e4\u00e4nteinen toiminto)<\/p>\n<\/li>\n<li class=\"\" data-start=\"1755\" data-end=\"1777\">\n<p class=\"\" data-start=\"1757\" data-end=\"1777\">Palotesti: 120 min<\/p>\n<\/li>\n<li class=\"\" data-start=\"1778\" data-end=\"1803\">\n<p class=\"\" data-start=\"1780\" data-end=\"1803\">Murtolujuus: 900 kg<\/p>\n<\/li>\n<li class=\"\" data-start=\"1804\" data-end=\"1834\">\n<p class=\"\" data-start=\"1806\" data-end=\"1834\">Oven sarana: Oikea, Vasen<\/p>\n<\/li>\n<li class=\"\" data-start=\"1835\" data-end=\"1853\">\n<p class=\"\" data-start=\"1837\" data-end=\"1853\">Mukana kaapeli: Ei<\/p>\n<\/li>\n<li class=\"\" data-start=\"1854\" data-end=\"1873\">\n<p class=\"\" data-start=\"1856\" data-end=\"1873\">Nauhan paine: 100 kg<\/p>\n<\/li>\n<li class=\"\" data-start=\"1874\" data-end=\"1909\">\n<p class=\"\" data-start=\"1876\" data-end=\"1909\">Lukon tyyppi: yksisalpalukko, kaksoissalpalukko<\/p>\n<\/li>\n<li class=\"\" data-start=\"1910\" data-end=\"1963\">\n<p class=\"\" data-start=\"1912\" data-end=\"1963\">Tuotteen mitat: Leveys: 28 mm, Syvyys: 25 mm, Korkeus: 90 mm<\/p>\n<\/li>\n<li class=\"\" data-start=\"1964\" data-end=\"1981\">\n<p class=\"\" data-start=\"1966\" data-end=\"1981\">M\u00e4nn\u00e4n kosketin: Kyll\u00e4<\/p>\n<\/li>\n<li class=\"\" data-start=\"1982\" data-end=\"2002\">\n<p class=\"\" data-start=\"1984\" data-end=\"2002\">J\u00e4nnite AC\/DC: DC<\/p>\n<\/li>\n<\/ul>\n<\/div>\n<\/div>","protected":false},"excerpt":{"rendered":"<h5><a href=\"https:\/\/elslutblecksguiden.se\/\" target=\"_blank\" rel=\"noopener\">Opas ASSA S\u00e4hk\u00f6lukot, moottorilukot, S\u00e4hk\u00f6iset vastalevyt ja vaihto-opas<\/a><\/h5>","protected":false},"featured_media":140096,"template":"","meta":{"_acf_changed":false},"product_brand":[],"product_cat":[3355],"product_tag":[4196,4201,2967],"class_list":{"0":"post-91563","1":"product","2":"type-product","3":"status-publish","4":"has-post-thumbnail","6":"product_cat-elslutbleck","7":"product_tag-12-24v","8":"product_tag-omvand","9":"product_tag-rg-assa-abloy","10":"product_shipping_class-tunga-paket","11":"pa_brands-abloy","12":"tm-no-options","14":"first","15":"instock","16":"sale","17":"taxable","18":"shipping-taxable","19":"purchasable","20":"product-type-simple"},"acf":[],"_links":{"self":[{"href":"https:\/\/secureus.se\/fi\/wp-json\/wp\/v2\/product\/91563","targetHints":{"allow":["GET"]}}],"collection":[{"href":"https:\/\/secureus.se\/fi\/wp-json\/wp\/v2\/product"}],"about":[{"href":"https:\/\/secureus.se\/fi\/wp-json\/wp\/v2\/types\/product"}],"wp:featuredmedia":[{"embeddable":true,"href":"https:\/\/secureus.se\/fi\/wp-json\/wp\/v2\/media\/140096"}],"wp:attachment":[{"href":"https:\/\/secureus.se\/fi\/wp-json\/wp\/v2\/media?parent=91563"}],"wp:term":[{"taxonomy":"product_brand","embeddable":true,"href":"https:\/\/secureus.se\/fi\/wp-json\/wp\/v2\/product_brand?post=91563"},{"taxonomy":"product_cat","embeddable":true,"href":"https:\/\/secureus.se\/fi\/wp-json\/wp\/v2\/product_cat?post=91563"},{"taxonomy":"product_tag","embeddable":true,"href":"https:\/\/secureus.se\/fi\/wp-json\/wp\/v2\/product_tag?post=91563"}],"curies":[{"name":"wp","href":"https:\/\/api.w.org\/{rel}","templated":true}]}}