{"id":91679,"date":"2024-05-14T13:48:08","date_gmt":"2024-05-14T11:48:08","guid":{"rendered":"https:\/\/secureus.se\/12-v-stromadapter-ajax-keypad-touchscreen-svart-med-3-meter-sladd\/"},"modified":"2026-03-14T16:32:19","modified_gmt":"2026-03-14T15:32:19","slug":"12v-stromadapter-ajax-keypad-touchscreen-svart","status":"publish","type":"product","link":"https:\/\/secureus.se\/fi\/12v-stromadapter-ajax-keypad-touchscreen-svart\/","title":{"rendered":"Ajax KeyPad TouchScreen -virtal\u00e4hde 12 V 2A \u2013 Musta, 5 metrin johdolla"},"content":{"rendered":"<h3>T\u00e4m\u00e4 12 V:n musta virtal\u00e4hde on luotettava ja turvallinen ratkaisu Ajax KeyPad TouchScreenin virtal\u00e4hteeseen.<\/h3>\n<p>Kest\u00e4v\u00e4n rakenteensa ja 5 metrin johdonsa ansiosta sovitin tarjoaa sek\u00e4 joustavuutta ett\u00e4 luotettavaa suorituskyky\u00e4 ohjauspaneelisi jatkuvaan k\u00e4ytt\u00f6\u00f6n.<\/p>\n<p>Se mahdollistaa vakaan virransy\u00f6t\u00f6n, joka pit\u00e4\u00e4 Ajax-laitteesi aktiivisena, jolloin voit k\u00e4ytt\u00e4\u00e4 kaikkia toimintoja murehtimatta akun tyhjenemisest\u00e4.<\/p>\n<p>Virtal\u00e4hde on varustettu sis\u00e4\u00e4nrakennetulla suojauksella ylij\u00e4nnitett\u00e4, oikosulkua ja ylilatausta vastaan, mik\u00e4 tekee siit\u00e4 turvallisen k\u00e4yt\u00f6n vaativissakin ymp\u00e4rist\u00f6iss\u00e4.<\/p>\n<p>T\u00e4m\u00e4 suoja est\u00e4\u00e4 laitteen vaurioitumisen ja varmistaa pitk\u00e4n kest\u00e4vyyden ja toiminnan.<\/p>\n<p>Sovittimen jatkuva 12 V:n j\u00e4nnitel\u00e4ht\u00f6 ja enint\u00e4\u00e4n 2 ampeerin virta tekev\u00e4t siit\u00e4 t\u00e4ydellisen Ajax KeyPad -kosketusn\u00e4yt\u00f6lle, mutta sit\u00e4 voidaan k\u00e4ytt\u00e4\u00e4 my\u00f6s muissa sovelluksissa, jotka vaativat 12 V:n virtal\u00e4hteen.<\/p>\n<p>Kaapeli on varustettu selke\u00e4ll\u00e4 plusmerkinn\u00e4ll\u00e4 (+), mik\u00e4 tekee asennuksesta nopeaa ja helppoa.<\/p>\n<p>Sen lis\u00e4ksi, ett\u00e4 t\u00e4m\u00e4 sovitin on ihanteellinen virtal\u00e4hde Ajax-j\u00e4rjestelm\u00e4lle, se tarjoaa my\u00f6s mahdollisuuden k\u00e4ytt\u00e4\u00e4 muita elektronisia laitteita, jotka vaativat 12V ja 1A virtal\u00e4hteen.<\/p>\n<p>Adapterin kest\u00e4v\u00e4 muotoilu ja suojaominaisuudet tekev\u00e4t siit\u00e4 luotettavan valinnan sek\u00e4 sis\u00e4- ett\u00e4 ulkok\u00e4ytt\u00f6\u00f6n.<\/p>\n<p><strong>Tekniset tiedot<\/strong>:<\/p>\n<ul>\n<li><strong>Virtal\u00e4hde Ajax KeyPad TouchScreenille<\/strong><\/li>\n<li><strong>L\u00e4ht\u00f6<\/strong>12 V, 2 A<\/li>\n<li><strong>Suojaus<\/strong>: Ylij\u00e4nnite-, oikosulku- ja ylilataussuoja<\/li>\n<li><strong>Johdon pituus<\/strong>: 5 metri\u00e4<\/li>\n<li><strong>Maali<\/strong>: Musta<\/li>\n<li><strong>Yhteensopivuus<\/strong>: Ajax KeyPad TouchScreen ja muut 12V sovellukset<\/li>\n<\/ul>\n<p><strong>Paketti sis\u00e4lt\u00e4\u00e4<\/strong>:<\/p>\n<ul>\n<li>12 V:n virtal\u00e4hde 5 metrin johdolla<\/li>\n<li>Helppo asennus ja k\u00e4ytt\u00f6<\/li>\n<\/ul>\n<p><strong>Johtop\u00e4\u00e4t\u00f6s<\/strong>: T\u00e4ll\u00e4 12 V:n virtal\u00e4hteell\u00e4 saat turvallisen ja vakaan virtal\u00e4hteen Ajax KeyPad TouchScreen -n\u00e4yt\u00f6lle, jonka avulla voit pit\u00e4\u00e4 laitteen jatkuvasti k\u00e4ynniss\u00e4 saadaksesi laiteohjelmistop\u00e4ivitykset ja varmistaaksesi j\u00e4rjestelm\u00e4n toimivuuden.<\/p>\n<p>Sovittimen luotettavat suojausominaisuudet tekev\u00e4t siit\u00e4 ihanteellisen ratkaisun Ajax-h\u00e4lyttimille ja muille laitteille, jotka vaativat 12 V:n ja 2 A:n virtaa.<\/p>","protected":false},"excerpt":{"rendered":"<p>12 V virtal\u00e4hde Ajax KeyPad -kosketusn\u00e4yt\u00f6lle, musta, 5 metrin kaapelilla.<\/p>\n<p>Turvallinen ja vakaa virtal\u00e4hde ylij\u00e4nnitteelt\u00e4, oikosululta ja ylilataukselta suojattu. T\u00e4ydellinen Ajax-j\u00e4rjestelm\u00e4n jatkuvaan k\u00e4ytt\u00f6\u00f6n.<\/p>","protected":false},"featured_media":161867,"template":"","meta":{"_acf_changed":false},"product_brand":[],"product_cat":[1319,3171],"product_tag":[4863],"class_list":{"0":"post-91679","1":"product","2":"type-product","3":"status-publish","4":"has-post-thumbnail","6":"product_cat-ajax-larm","7":"product_cat-psu-stromforsorjning","8":"product_tag-pf","9":"product_shipping_class-postnord-varubrev","10":"pa_brands-stonehouse-security","11":"pa_farg-svart","12":"tm-no-options","14":"first","15":"instock","16":"taxable","17":"shipping-taxable","18":"purchasable","19":"product-type-woosb"},"acf":[],"_links":{"self":[{"href":"https:\/\/secureus.se\/fi\/wp-json\/wp\/v2\/product\/91679","targetHints":{"allow":["GET"]}}],"collection":[{"href":"https:\/\/secureus.se\/fi\/wp-json\/wp\/v2\/product"}],"about":[{"href":"https:\/\/secureus.se\/fi\/wp-json\/wp\/v2\/types\/product"}],"wp:featuredmedia":[{"embeddable":true,"href":"https:\/\/secureus.se\/fi\/wp-json\/wp\/v2\/media\/161867"}],"wp:attachment":[{"href":"https:\/\/secureus.se\/fi\/wp-json\/wp\/v2\/media?parent=91679"}],"wp:term":[{"taxonomy":"product_brand","embeddable":true,"href":"https:\/\/secureus.se\/fi\/wp-json\/wp\/v2\/product_brand?post=91679"},{"taxonomy":"product_cat","embeddable":true,"href":"https:\/\/secureus.se\/fi\/wp-json\/wp\/v2\/product_cat?post=91679"},{"taxonomy":"product_tag","embeddable":true,"href":"https:\/\/secureus.se\/fi\/wp-json\/wp\/v2\/product_tag?post=91679"}],"curies":[{"name":"wp","href":"https:\/\/api.w.org\/{rel}","templated":true}]}}