{"id":91739,"date":"2024-05-16T11:14:35","date_gmt":"2024-05-16T09:14:35","guid":{"rendered":"https:\/\/secureus.se\/?post_type=product&#038;p=91739"},"modified":"2026-04-23T10:35:06","modified_gmt":"2026-04-23T08:35:06","slug":"vaktmastarnyckel-kopplingsskapsnyckel-knipex-twinkey","status":"publish","type":"product","link":"https:\/\/secureus.se\/fi\/vaktmastarnyckel-kopplingsskapsnyckel-knipex-twinkey\/","title":{"rendered":"WATCHMAN KEY KYTKINKAAPPI AVAIN KNIPEX TWINKEY"},"content":{"rendered":"<p>10 profiilia. 2 risti\u00e4. 1 avain. Kaikki yleisimm\u00e4t lukitusj\u00e4rjestelm\u00e4t. Monitoimiavain sulkemisj\u00e4rjestelmien k\u00e4ytt\u00f6\u00f6n rakennustekniikan (putkity\u00f6t, ilmasto- ja ilmanvaihtotekniikka, s\u00e4hk\u00f6tekniikka), kaasu- ja vesihuolto- ja sulkuj\u00e4rjestelmien alueilla. 8-vartinen versio: 2 avainta, yhdistetty magneeteilla tilan s\u00e4\u00e4st\u00e4miseksi. K\u00e4\u00e4nnett\u00e4v\u00e4 ter\u00e4: ura 1,0\u00d77 mm ja PH2. Avain ja k\u00e4\u00e4nnett\u00e4v\u00e4 ter\u00e4 yhdistetty vakaalla ruostumattomalla ter\u00e4slangalla. Laadukas pintapinnoite. Painon mukaan optimoitu sinkkipainevalurakenne.<\/p>\n<p><strong><a class=\"produkt-slide-bild produkt-bild-fil\" href=\"https:\/\/www.enummerbanken.se\/Pdf_Docs\/PROD_34769_1662389.pdf\" target=\"_blank\" rel=\"noopener\"><img decoding=\"async\" src=\"https:\/\/secureus.se\/wp-content\/uploads\/2023\/05\/pdf-icon.png\" alt=\"PDF\">Linkki - Tuoteseloste<\/a><\/strong><\/p>\n<p>\u25cf 10 profiilia. 2 risti\u00e4. 1 avain.<br \/>\n\u25cf Kaikki yleisimm\u00e4t lukitusj\u00e4rjestelm\u00e4t.<br \/>\n\u25cf Monitoimiavain sulkemisj\u00e4rjestelmien ohjaamiseen<br \/>\nrakennustekniikan osa-alueet (putkity\u00f6t, ilmasto- ja ilmanvaihtotekniikka,<br \/>\ns\u00e4hk\u00f6tekniikka), kaasu- ja vesihuolto- ja sammutusj\u00e4rjestelm\u00e4t<br \/>\n\u25cf 8-vartinen versio: 2 ristiavainta, yhdistetty magneeteilla<br \/>\ntilaa s\u00e4\u00e4st\u00e4v\u00e4<br \/>\n\u25cf K\u00e4\u00e4nnett\u00e4v\u00e4 ter\u00e4: ura 1,0 x 7 mm ja poikkiura PH2<br \/>\n\u25cf Avain ja k\u00e4\u00e4nnett\u00e4v\u00e4 ter\u00e4 yhdistetty vakaalla ruostumattomalla ter\u00e4slangalla<br \/>\n\u25cf Laadukas pintapinnoite<br \/>\n\u25cf Painooptimoitu sinkkipainevalurakenne<\/p>","protected":false},"excerpt":{"rendered":"<p>KNIPEX TwinKey yleisiin kaappeihin ja sulkuj\u00e4rjestelmiin<\/p>\n<p>Huolellinen varustus, laadukas rakenne.<br \/>\nKahdeksank\u00e4tinen KNIPEX TwinKey\u00ae koostuu kahdesta ristist\u00e4, jotka pidet\u00e4\u00e4n yhdess\u00e4 magneetilla.<\/p>","protected":false},"featured_media":137624,"template":"","meta":{"_acf_changed":false},"product_brand":[],"product_cat":[3251],"product_tag":[],"class_list":{"0":"post-91739","1":"product","2":"type-product","3":"status-publish","4":"has-post-thumbnail","6":"product_cat-dorrbehor","7":"product_shipping_class-postnord-varubrev","8":"pa_brands-knipex","9":"tm-no-options","11":"first","12":"instock","13":"sale","14":"taxable","15":"shipping-taxable","16":"purchasable","17":"product-type-simple"},"acf":[],"_links":{"self":[{"href":"https:\/\/secureus.se\/fi\/wp-json\/wp\/v2\/product\/91739","targetHints":{"allow":["GET"]}}],"collection":[{"href":"https:\/\/secureus.se\/fi\/wp-json\/wp\/v2\/product"}],"about":[{"href":"https:\/\/secureus.se\/fi\/wp-json\/wp\/v2\/types\/product"}],"wp:featuredmedia":[{"embeddable":true,"href":"https:\/\/secureus.se\/fi\/wp-json\/wp\/v2\/media\/137624"}],"wp:attachment":[{"href":"https:\/\/secureus.se\/fi\/wp-json\/wp\/v2\/media?parent=91739"}],"wp:term":[{"taxonomy":"product_brand","embeddable":true,"href":"https:\/\/secureus.se\/fi\/wp-json\/wp\/v2\/product_brand?post=91739"},{"taxonomy":"product_cat","embeddable":true,"href":"https:\/\/secureus.se\/fi\/wp-json\/wp\/v2\/product_cat?post=91739"},{"taxonomy":"product_tag","embeddable":true,"href":"https:\/\/secureus.se\/fi\/wp-json\/wp\/v2\/product_tag?post=91739"}],"curies":[{"name":"wp","href":"https:\/\/api.w.org\/{rel}","templated":true}]}}