{"id":91795,"date":"2023-05-10T09:56:11","date_gmt":"2023-05-10T07:56:11","guid":{"rendered":"https:\/\/secureus.se\/eqqxb-easy-4x2x05-vit-b500\/"},"modified":"2025-09-22T15:27:51","modified_gmt":"2025-09-22T13:27:51","slug":"eqqxb-easy-4x2x05-vit-b500","status":"publish","type":"product","link":"https:\/\/secureus.se\/fi\/eqqxb-easy-4x2x05-vit-b500\/","title":{"rendered":"EQQXB EASY 4X2X0.5 WHITE B500"},"content":{"rendered":"","protected":false},"excerpt":{"rendered":"<p>Kierretty parikaapeli, halogeeniton, tulenkest\u00e4v\u00e4 tietoliikennekaapeli. Asennetaan sis\u00e4tiloihin kiinte\u00e4ss\u00e4 asennuksessa ja putkissa. EQQXB EASY:t\u00e4 k\u00e4ytet\u00e4\u00e4n kiinteist\u00f6jen yksityisiin viestint\u00e4verkkoihin. T\u00e4ytt\u00e4\u00e4 palovaatimukset CPR-luokan Dcas2d2a2 mukaan.<\/p>","protected":false},"featured_media":140477,"template":"","meta":{"_acf_changed":false},"product_brand":[],"product_cat":[2678,1513],"product_tag":[2487],"class_list":{"0":"post-91795","1":"product","2":"type-product","3":"status-publish","4":"has-post-thumbnail","6":"product_cat-telekabel-oskarmad","7":"product_cat-tele-larm-och-signalkabel","8":"product_tag-kabel-oskarmad","9":"product_shipping_class-tunga-paket","10":"tm-no-options","12":"first","13":"instock","14":"sale","15":"taxable","16":"shipping-taxable","17":"purchasable","18":"product-type-simple"},"acf":[],"_links":{"self":[{"href":"https:\/\/secureus.se\/fi\/wp-json\/wp\/v2\/product\/91795","targetHints":{"allow":["GET"]}}],"collection":[{"href":"https:\/\/secureus.se\/fi\/wp-json\/wp\/v2\/product"}],"about":[{"href":"https:\/\/secureus.se\/fi\/wp-json\/wp\/v2\/types\/product"}],"wp:featuredmedia":[{"embeddable":true,"href":"https:\/\/secureus.se\/fi\/wp-json\/wp\/v2\/media\/140477"}],"wp:attachment":[{"href":"https:\/\/secureus.se\/fi\/wp-json\/wp\/v2\/media?parent=91795"}],"wp:term":[{"taxonomy":"product_brand","embeddable":true,"href":"https:\/\/secureus.se\/fi\/wp-json\/wp\/v2\/product_brand?post=91795"},{"taxonomy":"product_cat","embeddable":true,"href":"https:\/\/secureus.se\/fi\/wp-json\/wp\/v2\/product_cat?post=91795"},{"taxonomy":"product_tag","embeddable":true,"href":"https:\/\/secureus.se\/fi\/wp-json\/wp\/v2\/product_tag?post=91795"}],"curies":[{"name":"wp","href":"https:\/\/api.w.org\/{rel}","templated":true}]}}