{"id":91880,"date":"2024-01-15T11:17:55","date_gmt":"2024-01-15T10:17:55","guid":{"rendered":"https:\/\/secureus.se\/eaton-1340-d-fulleon-electromagnetic-door-release\/"},"modified":"2026-04-14T15:17:03","modified_gmt":"2026-04-14T13:17:03","slug":"eaton-1340-d-fulleon-electromagnetic-door-release","status":"publish","type":"product","link":"https:\/\/secureus.se\/fi\/eaton-1340-d-fulleon-electromagnetic-door-release\/","title":{"rendered":"Oven pidikemagneetti ankkurilla Eaton 1340-D Fulleon 24V 100kg"},"content":{"rendered":"<p>Eaton 1340-D Fulleon s\u00e4hk\u00f6magneettinen ovenavaaja, 24 V, kaapeliliit\u00e4nt\u00e4, 100 kg<\/p>\n<p>Eaton 1340 on kompakti s\u00e4hk\u00f6magneettinen ovenavaaja terveydenhuollon, kaupallisiin ja koulutussovelluksiin. Niiden yksinkertainen ja kompakti muotoilu tarjoaa hyv\u00e4\u00e4 laatua kohtuulliseen hintaan. Molemmissa on sis\u00e4\u00e4nrakennettu jousivapautus, joka varmistaa, ett\u00e4 j\u00e4\u00e4nn\u00f6smagneettiset voimat ylitet\u00e4\u00e4n, mik\u00e4 takaa oven nopean ja luotettavan vapautumisen. Toimitetaan kaksoissuojadiodilla, joka suojaa h\u00e4iri\u00f6ilt\u00e4 ja napaisuuden vaihtumiselta. Varustettu vastalevyll\u00e4.<\/p>","protected":false},"excerpt":{"rendered":"<ul>\n<li>Kest\u00e4v\u00e4t magneettiset ovenpidikkeet.<\/li>\n<\/ul>\n<p>Eaton 1340-D Fulleon s\u00e4hk\u00f6magneettinen ovenavaaja, 24 V, kaapeliliit\u00e4nt\u00e4, 100 kg<\/p>","protected":false},"featured_media":138468,"template":"","meta":{"_acf_changed":false},"product_brand":[],"product_cat":[1560],"product_tag":[],"class_list":{"0":"post-91880","1":"product","2":"type-product","3":"status-publish","4":"has-post-thumbnail","6":"product_cat-branddorrstangning","7":"product_shipping_class-tunga-paket","8":"pa_brands-eaton","9":"tm-no-options","11":"first","12":"instock","13":"taxable","14":"shipping-taxable","15":"purchasable","16":"product-type-simple"},"acf":[],"_links":{"self":[{"href":"https:\/\/secureus.se\/fi\/wp-json\/wp\/v2\/product\/91880","targetHints":{"allow":["GET"]}}],"collection":[{"href":"https:\/\/secureus.se\/fi\/wp-json\/wp\/v2\/product"}],"about":[{"href":"https:\/\/secureus.se\/fi\/wp-json\/wp\/v2\/types\/product"}],"wp:featuredmedia":[{"embeddable":true,"href":"https:\/\/secureus.se\/fi\/wp-json\/wp\/v2\/media\/138468"}],"wp:attachment":[{"href":"https:\/\/secureus.se\/fi\/wp-json\/wp\/v2\/media?parent=91880"}],"wp:term":[{"taxonomy":"product_brand","embeddable":true,"href":"https:\/\/secureus.se\/fi\/wp-json\/wp\/v2\/product_brand?post=91880"},{"taxonomy":"product_cat","embeddable":true,"href":"https:\/\/secureus.se\/fi\/wp-json\/wp\/v2\/product_cat?post=91880"},{"taxonomy":"product_tag","embeddable":true,"href":"https:\/\/secureus.se\/fi\/wp-json\/wp\/v2\/product_tag?post=91880"}],"curies":[{"name":"wp","href":"https:\/\/api.w.org\/{rel}","templated":true}]}}