{"id":91952,"date":"2024-05-29T14:33:08","date_gmt":"2024-05-29T12:33:08","guid":{"rendered":"https:\/\/secureus.se\/?post_type=product&#038;p=91952"},"modified":"2026-03-31T13:23:30","modified_gmt":"2026-03-31T11:23:30","slug":"rco-tagg-mifare1k-rod-anpassad-for-rco-passersystem","status":"publish","type":"product","link":"https:\/\/secureus.se\/fi\/rco-tagg-mifare1k-rod-anpassad-for-rco-passersystem\/","title":{"rendered":"RCO Tag Mifare1k Red mukautettu RCO Passersystem -j\u00e4rjestelm\u00e4\u00e4n"},"content":{"rendered":"<h1><strong>RCO Tag Passcode Mifare1k\u00a0<\/strong><\/h1>\n<p><strong>Mifare1k &quot;ABS Plus&quot; -k\u00e4ytt\u00f6korttimme on suunniteltu t\u00e4ytt\u00e4m\u00e4\u00e4n vaativimmatkin turvallisuus- ja tunnistamistarpeet.<\/strong><\/p>\n<ul>\n<li>T\u00e4m\u00e4 Passerbrick Mifare1k on saatavana 6 v\u00e4riss\u00e4 vakiona ja aina varastossamme v\u00e4litt\u00f6m\u00e4ll\u00e4 toimituksella<\/li>\n<li>Vankka rakenne ABS-materiaalista ohuella, vain 2,9 mm:n profiililla<\/li>\n<li>Tunnisteet Mifare1k on r\u00e4\u00e4t\u00e4l\u00f6ity numeroilla RCO:lle, joka on yksi Ruotsin suurimmista turvaj\u00e4rjestelmien toimittajista.<\/li>\n<\/ul>\n<p>&quot;ABS Plus&quot; RFID-avainkaukos\u00e4\u00e4timi\u00e4\/tunnisteita on varastossa yli 100 000 kappaletta ja niit\u00e4 on saatavana 6 v\u00e4rin\u00e4 (punainen, sininen, valkoinen, musta, vihre\u00e4, keltainen, oranssi) ja eri siruilla.<\/p>\n<p>Tarvitsetpa luotettavan tuotteen p\u00e4\u00e4syj\u00e4rjestelmiin, vierailijaj\u00e4rjestelmiin, varausta, h\u00e4lytyksi\u00e4, auton latureita, varastonhallintaa tai muita sovelluksia varten, ABS Plus on t\u00e4ydellinen valinta.<\/p>\n<p>Jos haluat omat numerosi tai ulkoasun RCO-tunnisteeseesi, ota meihin yhteytt\u00e4 suunnittelua varten t\u00e4ysin maksutta.<b>\u00a0<\/b><\/p>","protected":false},"excerpt":{"rendered":"<p>Suosituin RFID-k\u00e4ytt\u00f6tunniste \u201cABS Plus\u201d \u2013 t\u00e4ydellinen ratkaisu kulunvalvontaj\u00e4rjestelm\u00e4\u00e4si \u2013 RCO<\/p>","protected":false},"featured_media":59908,"template":"","meta":{"_acf_changed":false},"product_brand":[],"product_cat":[3843],"product_tag":[],"class_list":{"0":"post-91952","1":"product","2":"type-product","3":"status-publish","4":"has-post-thumbnail","6":"product_cat-rco-taggar","7":"product_shipping_class-postnord-varubrev","8":"pa_brands-stonehouse-security","9":"pa_chip-teknik-mifare1k-2","10":"pa_farg-rod-2","11":"pa_pro-larmsystem-rco-security","12":"tm-no-options","14":"first","15":"instock","16":"featured","17":"taxable","18":"shipping-taxable","19":"purchasable","20":"product-type-simple"},"acf":[],"_links":{"self":[{"href":"https:\/\/secureus.se\/fi\/wp-json\/wp\/v2\/product\/91952","targetHints":{"allow":["GET"]}}],"collection":[{"href":"https:\/\/secureus.se\/fi\/wp-json\/wp\/v2\/product"}],"about":[{"href":"https:\/\/secureus.se\/fi\/wp-json\/wp\/v2\/types\/product"}],"wp:featuredmedia":[{"embeddable":true,"href":"https:\/\/secureus.se\/fi\/wp-json\/wp\/v2\/media\/59908"}],"wp:attachment":[{"href":"https:\/\/secureus.se\/fi\/wp-json\/wp\/v2\/media?parent=91952"}],"wp:term":[{"taxonomy":"product_brand","embeddable":true,"href":"https:\/\/secureus.se\/fi\/wp-json\/wp\/v2\/product_brand?post=91952"},{"taxonomy":"product_cat","embeddable":true,"href":"https:\/\/secureus.se\/fi\/wp-json\/wp\/v2\/product_cat?post=91952"},{"taxonomy":"product_tag","embeddable":true,"href":"https:\/\/secureus.se\/fi\/wp-json\/wp\/v2\/product_tag?post=91952"}],"curies":[{"name":"wp","href":"https:\/\/api.w.org\/{rel}","templated":true}]}}