{"id":91967,"date":"2024-05-29T15:08:13","date_gmt":"2024-05-29T13:08:13","guid":{"rendered":"https:\/\/secureus.se\/?post_type=product&#038;p=91967"},"modified":"2026-04-07T16:11:28","modified_gmt":"2026-04-07T14:11:28","slug":"rco-tagg-em4200-vit-anpassad-for-rco-passersystem","status":"publish","type":"product","link":"https:\/\/secureus.se\/fi\/rco-tagg-em4200-vit-anpassad-for-rco-passersystem\/","title":{"rendered":"RCO Tag EM4200 White Mukautettu RCO Passer -j\u00e4rjestelm\u00e4\u00e4n"},"content":{"rendered":"<h1><strong>RCO Tag Passer levy EM4200\u00a0<\/strong><\/h1>\n<p><strong>EM4200 \u201cABS Plus\u201d Access Token on luotu vastaamaan vaativimpiinkin turvallisuuden ja tunnistamisen tarpeisiin.<\/strong><\/p>\n<ul>\n<li>T\u00e4m\u00e4 henkil\u00f6kortti EM4200 on saatavana vakiona 6 v\u00e4riss\u00e4 ja aina varastossamme v\u00e4litt\u00f6m\u00e4ll\u00e4 toimituksella<\/li>\n<li>Vankka rakenne ABS-materiaalista ohuella, vain 2,9 mm:n profiililla<\/li>\n<li>Tunnisteet Mifare1k on r\u00e4\u00e4t\u00e4l\u00f6ity numeroilla RCO:lle, joka on yksi Ruotsin suurimmista turvaj\u00e4rjestelmien toimittajista.<\/li>\n<\/ul>\n<p>&quot;ABS Plus&quot; RFID-avainkaukos\u00e4\u00e4timi\u00e4\/tunnisteita on varastossa yli 100 000 kappaletta ja niit\u00e4 on saatavana 6 v\u00e4rin\u00e4 (punainen, sininen, valkoinen, musta, vihre\u00e4, keltainen) ja eri siruilla.<\/p>\n<p>Tarvitsetpa luotettavan tuotteen p\u00e4\u00e4syj\u00e4rjestelmiin, vierailijaj\u00e4rjestelmiin, varausta, h\u00e4lytyksi\u00e4, auton latureita, varastonhallintaa tai muita sovelluksia varten, ABS Plus on t\u00e4ydellinen valinta.<\/p>\n<p>Jos haluat omat numerosi tai ulkoasun RCO-tunnisteeseesi, ota meihin yhteytt\u00e4 suunnittelua varten t\u00e4ysin maksutta.<b>\u00a0<\/b><\/p>","protected":false},"excerpt":{"rendered":"<p>Suosituin RFID-k\u00e4ytt\u00f6tunniste \u201cABS Plus\u201d \u2013 t\u00e4ydellinen ratkaisu kulunvalvontaj\u00e4rjestelm\u00e4\u00e4si \u2013 RCO<\/p>","protected":false},"featured_media":61721,"template":"","meta":{"_acf_changed":false},"product_brand":[],"product_cat":[3843],"product_tag":[5128],"class_list":{"0":"post-91967","1":"product","2":"type-product","3":"status-publish","4":"has-post-thumbnail","6":"product_cat-rco-taggar","7":"product_tag-varumarkesspecifik-tagg","8":"product_shipping_class-postnord-varubrev","9":"pa_brands-secureus","10":"pa_chip-teknik-em4200","11":"pa_farg-vit-2","12":"pa_pro-larmsystem-rco-security","13":"tm-has-options","15":"first","16":"instock","17":"featured","18":"taxable","19":"shipping-taxable","20":"purchasable","21":"product-type-simple"},"acf":[],"_links":{"self":[{"href":"https:\/\/secureus.se\/fi\/wp-json\/wp\/v2\/product\/91967","targetHints":{"allow":["GET"]}}],"collection":[{"href":"https:\/\/secureus.se\/fi\/wp-json\/wp\/v2\/product"}],"about":[{"href":"https:\/\/secureus.se\/fi\/wp-json\/wp\/v2\/types\/product"}],"wp:featuredmedia":[{"embeddable":true,"href":"https:\/\/secureus.se\/fi\/wp-json\/wp\/v2\/media\/61721"}],"wp:attachment":[{"href":"https:\/\/secureus.se\/fi\/wp-json\/wp\/v2\/media?parent=91967"}],"wp:term":[{"taxonomy":"product_brand","embeddable":true,"href":"https:\/\/secureus.se\/fi\/wp-json\/wp\/v2\/product_brand?post=91967"},{"taxonomy":"product_cat","embeddable":true,"href":"https:\/\/secureus.se\/fi\/wp-json\/wp\/v2\/product_cat?post=91967"},{"taxonomy":"product_tag","embeddable":true,"href":"https:\/\/secureus.se\/fi\/wp-json\/wp\/v2\/product_tag?post=91967"}],"curies":[{"name":"wp","href":"https:\/\/api.w.org\/{rel}","templated":true}]}}