{"id":92193,"date":"2024-06-04T14:33:33","date_gmt":"2024-06-04T12:33:33","guid":{"rendered":"https:\/\/secureus.se\/?post_type=product&#038;p=92193"},"modified":"2026-03-31T13:24:25","modified_gmt":"2026-03-31T11:24:25","slug":"assa-tagg-kombi-em4200-mifare1k-vit-anpassad-for-assa-passersystem","status":"publish","type":"product","link":"https:\/\/secureus.se\/fi\/assa-tagg-kombi-em4200-mifare1k-vit-anpassad-for-assa-passersystem\/","title":{"rendered":"Assa Tagg Combi EM4200\/Mifare1k valkoinen sovitettu Assa Passer -j\u00e4rjestelm\u00e4\u00e4n"},"content":{"rendered":"<h1><strong>Assa Tagg Sy\u00f6tt\u00f6allas Combi EM4200\/Mifare1k\u00a0<\/strong><\/h1>\n<p><strong>Access Badge Combi EM4200\/Mifare1k &quot;ABS Plus&quot; on luotu vastaamaan vaativimpiinkin turvallisuuden ja tunnistamisen tarpeisiin.<\/strong><\/p>\n<ul>\n<li>T\u00e4m\u00e4 Passerbrick Combi EM4200\/Mifare1k on saatavana vakiona 6 v\u00e4riss\u00e4 ja aina varastossamme v\u00e4litt\u00f6m\u00e4ll\u00e4 toimituksella<\/li>\n<li>Vankka rakenne ABS-materiaalista ohuella, vain 2,9 mm:n profiililla<\/li>\n<li>Taggar Kombi EM4200\/Mifare1k on r\u00e4\u00e4t\u00e4l\u00f6ity numeroilla Assalle, joka on yksi Ruotsin suurimmista turvaj\u00e4rjestelmien toimittajista.<\/li>\n<\/ul>\n<p>&quot;ABS Plus&quot; RFID-avainkaukos\u00e4\u00e4timi\u00e4\/tunnisteita on varastossa yli 100 000 kappaletta ja niit\u00e4 on saatavana 6 v\u00e4rin\u00e4 (punainen, sininen, valkoinen, musta, vihre\u00e4, keltainen, oranssi) ja eri siruilla.<\/p>\n<p>Tarvitsetpa luotettavan tuotteen kulunvalvontaan, vierailijoiden hallintaan, varausta, h\u00e4lytyksi\u00e4, auton latureita, varastonhallintaa tai muita sovelluksia varten, &quot;ABS Plus&quot; on t\u00e4ydellinen valinta.<\/p>\n<p>Jos haluat omat numerosi tai ulkoasun Assa-tunnisteeseesi, ota yhteytt\u00e4 suunnitteluun t\u00e4ysin maksutta.<b>\u00a0<\/b><\/p>","protected":false},"excerpt":{"rendered":"<p>Suosituin RFID-k\u00e4ytt\u00f6tunniste \u201cABS Plus\u201d \u2013 t\u00e4ydellinen ratkaisu kulunvalvontaj\u00e4rjestelm\u00e4\u00e4si \u2013 Assa<\/p>","protected":false},"featured_media":92191,"template":"","meta":{"_acf_changed":false},"product_brand":[],"product_cat":[3840],"product_tag":[],"class_list":{"0":"post-92193","1":"product","2":"type-product","3":"status-publish","4":"has-post-thumbnail","6":"product_cat-assa-abloy-taggar","7":"product_shipping_class-postnord-varubrev","8":"pa_brands-stonehouse-security","9":"pa_chip-teknik-kombi-em4200mifare1k-2","10":"pa_farg-vit-2","11":"pa_pro-larmsystem-assa-arx-solid-entro","12":"tm-no-options","14":"first","15":"instock","16":"featured","17":"taxable","18":"shipping-taxable","19":"purchasable","20":"product-type-simple"},"acf":[],"_links":{"self":[{"href":"https:\/\/secureus.se\/fi\/wp-json\/wp\/v2\/product\/92193","targetHints":{"allow":["GET"]}}],"collection":[{"href":"https:\/\/secureus.se\/fi\/wp-json\/wp\/v2\/product"}],"about":[{"href":"https:\/\/secureus.se\/fi\/wp-json\/wp\/v2\/types\/product"}],"wp:featuredmedia":[{"embeddable":true,"href":"https:\/\/secureus.se\/fi\/wp-json\/wp\/v2\/media\/92191"}],"wp:attachment":[{"href":"https:\/\/secureus.se\/fi\/wp-json\/wp\/v2\/media?parent=92193"}],"wp:term":[{"taxonomy":"product_brand","embeddable":true,"href":"https:\/\/secureus.se\/fi\/wp-json\/wp\/v2\/product_brand?post=92193"},{"taxonomy":"product_cat","embeddable":true,"href":"https:\/\/secureus.se\/fi\/wp-json\/wp\/v2\/product_cat?post=92193"},{"taxonomy":"product_tag","embeddable":true,"href":"https:\/\/secureus.se\/fi\/wp-json\/wp\/v2\/product_tag?post=92193"}],"curies":[{"name":"wp","href":"https:\/\/api.w.org\/{rel}","templated":true}]}}