{"id":92253,"date":"2024-06-05T10:56:21","date_gmt":"2024-06-05T08:56:21","guid":{"rendered":"https:\/\/secureus.se\/?post_type=product&#038;p=92253"},"modified":"2026-04-07T16:13:11","modified_gmt":"2026-04-07T14:13:11","slug":"vanderbilt-entro-tagg-mifare1k-svart-anpassad-for-vanderbilt-entro-passersystem","status":"publish","type":"product","link":"https:\/\/secureus.se\/fi\/vanderbilt-entro-tagg-mifare1k-svart-anpassad-for-vanderbilt-entro-passersystem\/","title":{"rendered":"Vanderbilt Entro Tag Mifare1k Black R\u00e4\u00e4t\u00e4l\u00f6ity Vanderbilt Entro Access System -j\u00e4rjestelm\u00e4\u00e4n"},"content":{"rendered":"<h1><strong>Vanderbilt Entro Tag Passcard Mifare1k\u00a0<\/strong><\/h1>\n<p><strong>Mifare1k &quot;ABS Plus&quot; -k\u00e4ytt\u00f6korttimme on suunniteltu t\u00e4ytt\u00e4m\u00e4\u00e4n vaativimmatkin turvallisuus- ja tunnistamistarpeet.<\/strong><\/p>\n<ul>\n<li>T\u00e4m\u00e4 Passerbrick Mifare1k on saatavana 6 v\u00e4riss\u00e4 vakiona ja aina varastossamme v\u00e4litt\u00f6m\u00e4ll\u00e4 toimituksella<\/li>\n<li>Vankka rakenne ABS-materiaalista ohuella, vain 2,9 mm:n profiililla<\/li>\n<li>Tunnisteet Mifare1k on r\u00e4\u00e4t\u00e4l\u00f6ity numeroilla Vanderbilt Entrolle, joka on yksi Ruotsin suurimmista turvaj\u00e4rjestelmien toimittajista.<\/li>\n<\/ul>\n<p>&quot;ABS Plus&quot; RFID-avainkaukos\u00e4\u00e4timi\u00e4\/tunnisteita on varastossa yli 100 000 kappaletta ja niit\u00e4 on saatavana 6 v\u00e4rin\u00e4 (punainen, sininen, valkoinen, musta, vihre\u00e4, keltainen, oranssi) ja eri siruilla.<\/p>\n<p>Tarvitsetpa luotettavan tuotteen p\u00e4\u00e4syj\u00e4rjestelmiin, vierailijaj\u00e4rjestelmiin, varausta, h\u00e4lytyksi\u00e4, auton latureita, varastonhallintaa tai muita sovelluksia varten, ABS Plus on t\u00e4ydellinen valinta.<\/p>\n<p>Jos haluat omat numerosi tai katso Vanderbilt Entro -merkki\u00e4si, ota meihin yhteytt\u00e4 saadaksesi ilmaisen suunnittelun.<b>\u00a0<\/b><\/p>","protected":false},"excerpt":{"rendered":"<p>Suosituin RFID-k\u00e4ytt\u00f6tunniste \u201cABS Plus\u201d \u2013 t\u00e4ydellinen ratkaisu kulunvalvontaj\u00e4rjestelm\u00e4\u00e4si \u2013 Vanderbilt Entro<\/p>","protected":false},"featured_media":59952,"template":"","meta":{"_acf_changed":false},"product_brand":[],"product_cat":[3844],"product_tag":[2074,2434,2431,2405,2958,2965,5128],"class_list":{"0":"post-92253","1":"product","2":"type-product","3":"status-publish","4":"has-post-thumbnail","6":"product_cat-vanderbilt-entro-taggar","7":"product_tag-ej-lagerfraga","8":"product_tag-mifare-standard-blank-alpha","9":"product_tag-mifare-standard-blank-dtc","10":"product_tag-rel-rfid","11":"product_tag-stonehouse-produkt","12":"product_tag-utvalda-taggar-mifare-taggar","13":"product_tag-varumarkesspecifik-tagg","14":"product_shipping_class-postnord-varubrev","15":"pa_brands-secureus","16":"pa_chip-teknik-mifare1k","17":"pa_farg-svart","18":"pa_pro-larmsystem-vanderbilt-bewator-entro-8-siffror-2","19":"tm-has-options","21":"first","22":"instock","23":"featured","24":"taxable","25":"shipping-taxable","26":"purchasable","27":"product-type-simple"},"acf":[],"_links":{"self":[{"href":"https:\/\/secureus.se\/fi\/wp-json\/wp\/v2\/product\/92253","targetHints":{"allow":["GET"]}}],"collection":[{"href":"https:\/\/secureus.se\/fi\/wp-json\/wp\/v2\/product"}],"about":[{"href":"https:\/\/secureus.se\/fi\/wp-json\/wp\/v2\/types\/product"}],"wp:featuredmedia":[{"embeddable":true,"href":"https:\/\/secureus.se\/fi\/wp-json\/wp\/v2\/media\/59952"}],"wp:attachment":[{"href":"https:\/\/secureus.se\/fi\/wp-json\/wp\/v2\/media?parent=92253"}],"wp:term":[{"taxonomy":"product_brand","embeddable":true,"href":"https:\/\/secureus.se\/fi\/wp-json\/wp\/v2\/product_brand?post=92253"},{"taxonomy":"product_cat","embeddable":true,"href":"https:\/\/secureus.se\/fi\/wp-json\/wp\/v2\/product_cat?post=92253"},{"taxonomy":"product_tag","embeddable":true,"href":"https:\/\/secureus.se\/fi\/wp-json\/wp\/v2\/product_tag?post=92253"}],"curies":[{"name":"wp","href":"https:\/\/api.w.org\/{rel}","templated":true}]}}