{"id":92258,"date":"2024-06-05T11:03:52","date_gmt":"2024-06-05T09:03:52","guid":{"rendered":"https:\/\/secureus.se\/?post_type=product&#038;p=92258"},"modified":"2026-04-07T16:13:20","modified_gmt":"2026-04-07T14:13:20","slug":"vanderbilt-omnis-tagg-mifare1k-gul-anpassad-for-vanderbilt-omnis-passersystem","status":"publish","type":"product","link":"https:\/\/secureus.se\/fi\/vanderbilt-omnis-tagg-mifare1k-gul-anpassad-for-vanderbilt-omnis-passersystem\/","title":{"rendered":"Vanderbilt Omnis Tag Mifare1k Keltainen R\u00e4\u00e4t\u00e4l\u00f6ity Vanderbilt Omnis Access Systemiin"},"content":{"rendered":"<h1><strong>Vanderbilt Omnis Tag Passer ID Mifare1k\u00a0<\/strong><\/h1>\n<p><strong>Mifare1k &quot;ABS Plus&quot; -k\u00e4ytt\u00f6korttimme on suunniteltu t\u00e4ytt\u00e4m\u00e4\u00e4n vaativimmatkin turvallisuus- ja tunnistamistarpeet.<\/strong><\/p>\n<ul>\n<li>T\u00e4m\u00e4 Passerbrick Mifare1k on saatavana 6 v\u00e4riss\u00e4 vakiona ja aina varastossamme v\u00e4litt\u00f6m\u00e4ll\u00e4 toimituksella<\/li>\n<li>Vankka rakenne ABS-materiaalista ohuella, vain 2,9 mm:n profiililla<\/li>\n<li>Tunnisteet Mifare1k on r\u00e4\u00e4t\u00e4l\u00f6ity numeroilla Vanderbilt Omnisille, joka on yksi Ruotsin suurimmista turvaj\u00e4rjestelmien toimittajista.<\/li>\n<\/ul>\n<p>&quot;ABS Plus&quot; RFID-avainkaukos\u00e4\u00e4timi\u00e4\/tunnisteita on varastossa yli 100 000 kappaletta ja niit\u00e4 on saatavana 6 v\u00e4rin\u00e4 (punainen, sininen, valkoinen, musta, vihre\u00e4, keltainen, oranssi) ja eri siruilla.<\/p>\n<p>Tarvitsetpa luotettavan tuotteen p\u00e4\u00e4syj\u00e4rjestelmiin, vierailijaj\u00e4rjestelmiin, varausta, h\u00e4lytyksi\u00e4, auton latureita, varastonhallintaa tai muita sovelluksia varten, ABS Plus on t\u00e4ydellinen valinta.<\/p>\n<p>Jos haluat omat numerosi tai katso Vanderbilt Omni -merkki\u00e4si, ota yhteytt\u00e4 saadaksesi ilmaisen suunnittelun.<b>\u00a0<\/b><\/p>","protected":false},"excerpt":{"rendered":"<p>Suosituin RFID-k\u00e4ytt\u00f6tunniste &quot;ABS Plus&quot; \u2013 t\u00e4ydellinen ratkaisu kulunvalvontaj\u00e4rjestelm\u00e4\u00e4si \u2013 Vanderbilt Omnis<\/p>","protected":false},"featured_media":92103,"template":"","meta":{"_acf_changed":false},"product_brand":[],"product_cat":[3845],"product_tag":[5128],"class_list":{"0":"post-92258","1":"product","2":"type-product","3":"status-publish","4":"has-post-thumbnail","6":"product_cat-vanderbilt-omnis-taggar","7":"product_tag-varumarkesspecifik-tagg","8":"product_shipping_class-postnord-varubrev","9":"pa_brands-secureus","10":"pa_chip-teknik-mifare1k-2","11":"pa_farg-gul-2","12":"pa_pro-larmsystem-vanderbilt-bewator-omnis-bewator-2010-13-siffror-2","13":"tm-has-options","15":"first","16":"instock","17":"featured","18":"taxable","19":"shipping-taxable","20":"purchasable","21":"product-type-simple"},"acf":[],"_links":{"self":[{"href":"https:\/\/secureus.se\/fi\/wp-json\/wp\/v2\/product\/92258","targetHints":{"allow":["GET"]}}],"collection":[{"href":"https:\/\/secureus.se\/fi\/wp-json\/wp\/v2\/product"}],"about":[{"href":"https:\/\/secureus.se\/fi\/wp-json\/wp\/v2\/types\/product"}],"wp:featuredmedia":[{"embeddable":true,"href":"https:\/\/secureus.se\/fi\/wp-json\/wp\/v2\/media\/92103"}],"wp:attachment":[{"href":"https:\/\/secureus.se\/fi\/wp-json\/wp\/v2\/media?parent=92258"}],"wp:term":[{"taxonomy":"product_brand","embeddable":true,"href":"https:\/\/secureus.se\/fi\/wp-json\/wp\/v2\/product_brand?post=92258"},{"taxonomy":"product_cat","embeddable":true,"href":"https:\/\/secureus.se\/fi\/wp-json\/wp\/v2\/product_cat?post=92258"},{"taxonomy":"product_tag","embeddable":true,"href":"https:\/\/secureus.se\/fi\/wp-json\/wp\/v2\/product_tag?post=92258"}],"curies":[{"name":"wp","href":"https:\/\/api.w.org\/{rel}","templated":true}]}}