{"id":92262,"date":"2024-06-05T11:03:54","date_gmt":"2024-06-05T09:03:54","guid":{"rendered":"https:\/\/secureus.se\/?post_type=product&#038;p=92262"},"modified":"2026-04-01T14:51:36","modified_gmt":"2026-04-01T12:51:36","slug":"vanderbilt-omnis-tagg-em4200-gron-anpassad-for-vanderbilt-omnis-passersystem","status":"publish","type":"product","link":"https:\/\/secureus.se\/fi\/vanderbilt-omnis-tagg-em4200-gron-anpassad-for-vanderbilt-omnis-passersystem\/","title":{"rendered":"Vanderbilt Omnis Tag EM4200 Vihre\u00e4 R\u00e4\u00e4t\u00e4l\u00f6ity Vanderbilt Omnis Pass -j\u00e4rjestelm\u00e4\u00e4n"},"content":{"rendered":"<h1><strong>Vanderbilt Omnis Tag sy\u00f6tt\u00f6alusta EM4200\u00a0<\/strong><\/h1>\n<p><strong>EM4200 \u201cABS Plus\u201d Access Token on luotu vastaamaan vaativimpiinkin turvallisuuden ja tunnistamisen tarpeisiin.<\/strong><\/p>\n<ul>\n<li>T\u00e4m\u00e4 henkil\u00f6kortti EM4200 on saatavana vakiona 6 v\u00e4riss\u00e4 ja aina varastossamme v\u00e4litt\u00f6m\u00e4ll\u00e4 toimituksella<\/li>\n<li>Vankka rakenne ABS-materiaalista ohuella, vain 2,9 mm:n profiililla<\/li>\n<li>Tunnisteet Mifare1k on r\u00e4\u00e4t\u00e4l\u00f6ity numeroilla Vanderbilt Omnisille, joka on yksi Ruotsin suurimmista turvaj\u00e4rjestelmien toimittajista.<\/li>\n<\/ul>\n<p>&quot;ABS Plus&quot; RFID-avainkaukos\u00e4\u00e4timi\u00e4\/tunnisteita on varastossa yli 100 000 kappaletta ja niit\u00e4 on saatavana 6 v\u00e4rin\u00e4 (punainen, sininen, valkoinen, musta, vihre\u00e4, keltainen) ja eri siruilla.<\/p>\n<p>Tarvitsetpa luotettavan tuotteen p\u00e4\u00e4syj\u00e4rjestelmiin, vierailijaj\u00e4rjestelmiin, varausta, h\u00e4lytyksi\u00e4, auton latureita, varastonhallintaa tai muita sovelluksia varten, ABS Plus on t\u00e4ydellinen valinta.<\/p>\n<p>Jos haluat omat numerosi tai katso Vanderbilt Omni -merkki\u00e4si, ota yhteytt\u00e4 saadaksesi ilmaisen suunnittelun.<b>\u00a0<\/b><\/p>","protected":false},"excerpt":{"rendered":"<p>Suosituin RFID-k\u00e4ytt\u00f6tunniste &quot;ABS Plus&quot; \u2013 t\u00e4ydellinen ratkaisu kulunvalvontaj\u00e4rjestelm\u00e4\u00e4si \u2013 Vanderbilt Omnis<\/p>","protected":false},"featured_media":92284,"template":"","meta":{"_acf_changed":false},"product_brand":[],"product_cat":[3845],"product_tag":[],"class_list":{"0":"post-92262","1":"product","2":"type-product","3":"status-publish","4":"has-post-thumbnail","6":"product_cat-vanderbilt-omnis-taggar","7":"product_shipping_class-postnord-varubrev","8":"pa_brands-stonehouse-security","9":"pa_chip-teknik-em4200","10":"pa_farg-gron-2","11":"pa_pro-larmsystem-vanderbilt-bewator-omnis-bewator-2010-13-siffror-2","12":"tm-no-options","14":"first","15":"instock","16":"featured","17":"taxable","18":"shipping-taxable","19":"purchasable","20":"product-type-simple"},"acf":[],"_links":{"self":[{"href":"https:\/\/secureus.se\/fi\/wp-json\/wp\/v2\/product\/92262","targetHints":{"allow":["GET"]}}],"collection":[{"href":"https:\/\/secureus.se\/fi\/wp-json\/wp\/v2\/product"}],"about":[{"href":"https:\/\/secureus.se\/fi\/wp-json\/wp\/v2\/types\/product"}],"wp:featuredmedia":[{"embeddable":true,"href":"https:\/\/secureus.se\/fi\/wp-json\/wp\/v2\/media\/92284"}],"wp:attachment":[{"href":"https:\/\/secureus.se\/fi\/wp-json\/wp\/v2\/media?parent=92262"}],"wp:term":[{"taxonomy":"product_brand","embeddable":true,"href":"https:\/\/secureus.se\/fi\/wp-json\/wp\/v2\/product_brand?post=92262"},{"taxonomy":"product_cat","embeddable":true,"href":"https:\/\/secureus.se\/fi\/wp-json\/wp\/v2\/product_cat?post=92262"},{"taxonomy":"product_tag","embeddable":true,"href":"https:\/\/secureus.se\/fi\/wp-json\/wp\/v2\/product_tag?post=92262"}],"curies":[{"name":"wp","href":"https:\/\/api.w.org\/{rel}","templated":true}]}}