{"id":92666,"date":"2024-06-12T13:12:50","date_gmt":"2024-06-12T11:12:50","guid":{"rendered":"https:\/\/secureus.se\/?post_type=product&#038;p=92666"},"modified":"2026-03-26T12:24:31","modified_gmt":"2026-03-26T11:24:31","slug":"provkit-solo-1-27-m-provning-rok","status":"publish","type":"product","link":"https:\/\/secureus.se\/fi\/provkit-solo-1-27-m-provning-rok\/","title":{"rendered":"Testisarja Solo 1 \u2013 2,7 m \u2013 Testaussavu"},"content":{"rendered":"<h1>Testisarja Solo 1 \u2013 2,7 m \u2013 Testaussavu<\/h1>\n<h3 data-start=\"302\" data-end=\"348\">Testisarja savuilmaisimille jopa 2,7 m asti<\/h3>\n<p data-start=\"349\" data-end=\"583\">Solo 1 on suunniteltu automaattisten paloilmoitinj\u00e4rjestelmien savuilmaisimien helppoon ja turvalliseen testaamiseen matalilla korkeuksilla.<\/p>\n<p data-start=\"349\" data-end=\"583\">Pakkaus yhdist\u00e4\u00e4 jatkokappaleet, ilmaisinten testerit ja testikaasupullot, joten sit\u00e4 on helppo k\u00e4ytt\u00e4\u00e4 ja kuljettaa.<\/p>\n<h3 data-start=\"585\" data-end=\"608\">Solo 1:n sis\u00e4lt\u00f6<\/h3>\n<ul data-start=\"609\" data-end=\"969\">\n<li data-start=\"609\" data-end=\"718\">\n<p data-start=\"611\" data-end=\"718\"><strong data-start=\"611\" data-end=\"639\">Ilmaisimen testaaja Solo 330<\/strong> \u2013 savu- ja h\u00e4k\u00e4ilmaisimille, k\u00e4ytett\u00e4v\u00e4ksi vain Solo A5:n ja Solo C3:n kanssa.<\/p>\n<\/li>\n<li data-start=\"719\" data-end=\"882\">\n<p data-start=\"721\" data-end=\"882\"><strong data-start=\"721\" data-end=\"744\">Extender Solo 101<\/strong> \u2013 1,13 m, lasikuitua, kevyt ja j\u00e4ykk\u00e4, voidaan yhdist\u00e4\u00e4 useampiin Solo 101- tai teleskooppitankoihin Solo 108\/Solo 100 korkeammille testauskorkeuksille.<\/p>\n<\/li>\n<li data-start=\"883\" data-end=\"969\">\n<p data-start=\"885\" data-end=\"969\"><strong data-start=\"885\" data-end=\"915\">3 \u00d7 Solo A5 -testikaasupulloa<\/strong> \u2013 savutesti, riitt\u00e4\u00e4 noin 400 testiin pulloa kohden.<\/p>\n<\/li>\n<\/ul>\n<h3 data-start=\"971\" data-end=\"1003\">Helppo ja turvallinen k\u00e4ytt\u00f6<\/h3>\n<ol data-start=\"1004\" data-end=\"1284\">\n<li data-start=\"1004\" data-end=\"1054\">\n<p data-start=\"1007\" data-end=\"1054\">Asenna Solo 330 Solo 101:een halutulle korkeudelle.<\/p>\n<\/li>\n<li data-start=\"1055\" data-end=\"1116\">\n<p data-start=\"1058\" data-end=\"1116\">Ravista Solo A5 -testikaasupulloa ja aseta se testeriin.<\/p>\n<\/li>\n<li data-start=\"1117\" data-end=\"1215\">\n<p data-start=\"1120\" data-end=\"1215\">Aseta kuppi ilmaisimen ymp\u00e4rille, paina sit\u00e4 kevyesti kattoa vasten ja anna kaasun virrata ulos noin sekunnin ajan.<\/p>\n<\/li>\n<li data-start=\"1216\" data-end=\"1284\">\n<p data-start=\"1219\" data-end=\"1284\">Odota noin 10 sekuntia, kunnes ilmaisin h\u00e4lytt\u00e4\u00e4; toista tarvittaessa.<\/p>\n<\/li>\n<\/ol>\n<h3 data-start=\"1286\" data-end=\"1311\">Solo 1:n edut<\/h3>\n<ul data-start=\"1312\" data-end=\"1514\">\n<li data-start=\"1312\" data-end=\"1339\">\n<p data-start=\"1314\" data-end=\"1339\">Kantama jopa 2,7 m<\/p>\n<\/li>\n<li data-start=\"1340\" data-end=\"1378\">\n<p data-start=\"1342\" data-end=\"1378\">Testaa sek\u00e4 savu- ett\u00e4 h\u00e4k\u00e4ilmaisimia<\/p>\n<\/li>\n<li data-start=\"1379\" data-end=\"1411\">\n<p data-start=\"1381\" data-end=\"1411\">Kompakti ja helppo k\u00e4sitell\u00e4<\/p>\n<\/li>\n<li data-start=\"1412\" data-end=\"1457\">\n<p data-start=\"1414\" data-end=\"1457\">Testerin helppo kokoaminen ja k\u00e4ytt\u00f6<\/p>\n<\/li>\n<li data-start=\"1458\" data-end=\"1514\">\n<p data-start=\"1460\" data-end=\"1514\">Testikaasupulloja riitt\u00e4\u00e4 noin 400 n\u00e4ytteeseen pulloa kohden<\/p>\n<\/li>\n<\/ul>\n<h3 data-start=\"1516\" data-end=\"1546\">Tekniset tiedot<\/h3>\n<ul data-start=\"1547\" data-end=\"1777\">\n<li data-start=\"1547\" data-end=\"1580\">\n<p data-start=\"1549\" data-end=\"1580\">Testauskorkeus: jopa 2,7 m<\/p>\n<\/li>\n<li data-start=\"1581\" data-end=\"1626\">\n<p data-start=\"1583\" data-end=\"1626\">Sis\u00e4lt\u00f6: Solo 330, Solo 101, 3 \u00d7 Solo A5<\/p>\n<\/li>\n<li data-start=\"1627\" data-end=\"1681\">\n<p data-start=\"1629\" data-end=\"1681\">Tangon materiaali: Lasikuitu, ei s\u00e4hk\u00f6\u00e4 johtava<\/p>\n<\/li>\n<li data-start=\"1682\" data-end=\"1729\">\n<p data-start=\"1684\" data-end=\"1729\">Testikaasupullon kapasiteetti: noin 400 n\u00e4ytett\u00e4\/pullo<\/p>\n<\/li>\n<li data-start=\"1730\" data-end=\"1777\">\n<p data-start=\"1732\" data-end=\"1777\">Yhteensopiva: Solo- ja Testifire-testerien kanssa<\/p>\n<\/li>\n<\/ul>","protected":false},"excerpt":{"rendered":"<p>Solo 1 -testipakkaus on kompakti pakkaus jopa noin 2,7 metrin et\u00e4isyydell\u00e4 olevien savuilmaisimien testaamiseen.<\/p>\n<p>Sis\u00e4lt\u00e4\u00e4 Solo 101 -jatkeen, Solo 330 -ilmaisimen testerin ja 3 Solo A5 -testikaasupulloa (entinen Solo A3).<\/p>\n<p>T\u00e4ydellinen kuukausittaiseen ja nelj\u00e4nnesvuosittaiseen matalan korkeuden testaukseen.<\/p>","protected":false},"featured_media":137516,"template":"","meta":{"_acf_changed":false},"product_brand":[],"product_cat":[3849,2945],"product_tag":[],"class_list":{"0":"post-92666","1":"product","2":"type-product","3":"status-publish","4":"has-post-thumbnail","6":"product_cat-solo-kit","7":"product_cat-solo","8":"product_shipping_class-tunga-paket","9":"tm-no-options","11":"first","12":"onbackorder","13":"taxable","14":"shipping-taxable","15":"purchasable","16":"product-type-simple"},"acf":[],"_links":{"self":[{"href":"https:\/\/secureus.se\/fi\/wp-json\/wp\/v2\/product\/92666","targetHints":{"allow":["GET"]}}],"collection":[{"href":"https:\/\/secureus.se\/fi\/wp-json\/wp\/v2\/product"}],"about":[{"href":"https:\/\/secureus.se\/fi\/wp-json\/wp\/v2\/types\/product"}],"wp:featuredmedia":[{"embeddable":true,"href":"https:\/\/secureus.se\/fi\/wp-json\/wp\/v2\/media\/137516"}],"wp:attachment":[{"href":"https:\/\/secureus.se\/fi\/wp-json\/wp\/v2\/media?parent=92666"}],"wp:term":[{"taxonomy":"product_brand","embeddable":true,"href":"https:\/\/secureus.se\/fi\/wp-json\/wp\/v2\/product_brand?post=92666"},{"taxonomy":"product_cat","embeddable":true,"href":"https:\/\/secureus.se\/fi\/wp-json\/wp\/v2\/product_cat?post=92666"},{"taxonomy":"product_tag","embeddable":true,"href":"https:\/\/secureus.se\/fi\/wp-json\/wp\/v2\/product_tag?post=92666"}],"curies":[{"name":"wp","href":"https:\/\/api.w.org\/{rel}","templated":true}]}}