{"id":92671,"date":"2024-06-12T13:12:56","date_gmt":"2024-06-12T11:12:56","guid":{"rendered":"https:\/\/secureus.se\/?post_type=product&#038;p=92671"},"modified":"2026-04-08T16:00:46","modified_gmt":"2026-04-08T14:00:46","slug":"provkit-solo-2-27-m-provning-rok","status":"publish","type":"product","link":"https:\/\/secureus.se\/fi\/provkit-solo-2-27-m-provning-rok\/","title":{"rendered":"Testisarja Solo 2 - 2,7 m - Testaussavu"},"content":{"rendered":"<h1>Testisarja Solo 2 - 2,7 m - Testaussavu<\/h1>\n<h3 data-start=\"284\" data-end=\"325\">Tehokas testisarja savuilmaisimille<\/h3>\n<p data-start=\"326\" data-end=\"557\">Solo 2 on k\u00e4tev\u00e4 testisarja savuilmaisimien toiminnan tarkistamiseen matalammissa asennuksissa, noin 2,7 metriin asti.<\/p>\n<p data-start=\"326\" data-end=\"557\">Pakkaus on kompakti ja helppok\u00e4ytt\u00f6inen, ja se tarjoaa ammattimaisia tuloksia minimaalisella laitteistolla.<\/p>\n<h3 data-start=\"559\" data-end=\"582\">Solo 2:n sis\u00e4lt\u00f6<\/h3>\n<ul data-start=\"583\" data-end=\"972\">\n<li data-start=\"583\" data-end=\"690\">\n<p data-start=\"585\" data-end=\"690\"><strong data-start=\"585\" data-end=\"613\">Ilmaisimen testaaja Solo 330<\/strong> \u2013 savuilmaisimille ja h\u00e4k\u00e4ilmaisimille, k\u00e4ytet\u00e4\u00e4n Solo A5 -testikaasupullojen kanssa.<\/p>\n<\/li>\n<li data-start=\"691\" data-end=\"908\">\n<p data-start=\"693\" data-end=\"908\"><strong data-start=\"693\" data-end=\"723\">Jatkovarsi Solo 101<\/strong> \u2013 1,13 m, valmistettu lasikuidusta, s\u00e4hk\u00f6\u00e4 johtamaton.<\/p>\n<\/li>\n<li data-start=\"691\" data-end=\"908\">\n<p data-start=\"693\" data-end=\"908\">Voidaan yhdist\u00e4\u00e4 1\u20133 Solo 101 -laitteeseen tai Solo 108\/Solo 100 -laitteisiin jopa 7,3 tai 9,3 metrin ulottuvuuden saavuttamiseksi.<\/p>\n<\/li>\n<li data-start=\"909\" data-end=\"972\">\n<p data-start=\"911\" data-end=\"972\"><strong data-start=\"911\" data-end=\"940\">1 \u00d7 Solo A5 -testikaasupullo<\/strong> \u2013 riitt\u00e4\u00e4 noin 400 n\u00e4ytteeseen.<\/p>\n<\/li>\n<\/ul>\n<h3 data-start=\"974\" data-end=\"1006\">Helppo ja turvallinen k\u00e4ytt\u00f6<\/h3>\n<ol data-start=\"1007\" data-end=\"1272\">\n<li data-start=\"1007\" data-end=\"1064\">\n<p data-start=\"1010\" data-end=\"1064\">Ravista Solo A5 -testikaasupulloa ja asenna se Solo 330 -laitteeseen.<\/p>\n<\/li>\n<li data-start=\"1065\" data-end=\"1109\">\n<p data-start=\"1068\" data-end=\"1109\">Kierr\u00e4 s\u00e4ili\u00f6 kiinni ja k\u00e4\u00e4nn\u00e4 sit\u00e4 \u00bc kierrosta.<\/p>\n<\/li>\n<li data-start=\"1110\" data-end=\"1192\">\n<p data-start=\"1113\" data-end=\"1192\">Aseta kuppi ilmaisimen ymp\u00e4rille, paina sit\u00e4 kevyesti kattoa vasten ja anna kaasun virrata ulos.<\/p>\n<\/li>\n<li data-start=\"1193\" data-end=\"1272\">\n<p data-start=\"1196\" data-end=\"1272\">Odota noin 10 sekuntia, kunnes ilmaisin h\u00e4lytt\u00e4\u00e4. Toista lyhyt testi tarvittaessa.<\/p>\n<\/li>\n<\/ol>\n<h3 data-start=\"1274\" data-end=\"1299\">Solo 2:n edut<\/h3>\n<ul data-start=\"1300\" data-end=\"1531\">\n<li data-start=\"1300\" data-end=\"1337\">\n<p data-start=\"1302\" data-end=\"1337\">Kompakti ja helppo kuljettaa<\/p>\n<\/li>\n<li data-start=\"1338\" data-end=\"1409\">\n<p data-start=\"1340\" data-end=\"1409\">Ulottuvuus jopa 2,7 m, voidaan pident\u00e4\u00e4 useampien jatkovarsien avulla<\/p>\n<\/li>\n<li data-start=\"1410\" data-end=\"1455\">\n<p data-start=\"1412\" data-end=\"1455\">Testerin yksinkertainen asennus testipalkkiin<\/p>\n<\/li>\n<li data-start=\"1456\" data-end=\"1531\">\n<p data-start=\"1458\" data-end=\"1531\">Useimpien savuilmaisimien merkkien turvallinen ja ammattimainen testaus<\/p>\n<\/li>\n<\/ul>\n<h3 data-start=\"1533\" data-end=\"1563\">Tekniset tiedot<\/h3>\n<ul data-start=\"1564\" data-end=\"1816\">\n<li data-start=\"1564\" data-end=\"1626\">\n<p data-start=\"1566\" data-end=\"1626\">Testauskorkeus: jopa 2,7 m (laajennettavissa useammalla tangolla)<\/p>\n<\/li>\n<li data-start=\"1627\" data-end=\"1672\">\n<p data-start=\"1629\" data-end=\"1672\">Sis\u00e4lt\u00f6: Solo 330, Solo 101, 1 \u00d7 Solo A5<\/p>\n<\/li>\n<li data-start=\"1673\" data-end=\"1727\">\n<p data-start=\"1675\" data-end=\"1727\">Tangon materiaali: Lasikuitu, ei s\u00e4hk\u00f6\u00e4 johtava<\/p>\n<\/li>\n<li data-start=\"1728\" data-end=\"1768\">\n<p data-start=\"1730\" data-end=\"1768\">Testikaasupullon tilavuus: noin 400 n\u00e4ytett\u00e4<\/p>\n<\/li>\n<li data-start=\"1769\" data-end=\"1816\">\n<p data-start=\"1771\" data-end=\"1816\">Yhteensopiva: Solo- ja Testifire-testerien kanssa<\/p>\n<\/li>\n<\/ul>","protected":false},"excerpt":{"rendered":"<p>Solo 2 -testaussarja on kompakti sarja savuilmaisimien testaamiseen jopa noin 2,7 metrin et\u00e4isyydelt\u00e4. Sis\u00e4lt\u00e4\u00e4 Solo 101 -jatkotangon, Solo 330 -ilmaisintesterin ja yhden Solo A5 -testikaasupullon.<\/p>\n<p>T\u00e4ydellinen yksinkertaisempiin asennuksiin ja pienempiin korkeuksiin.<\/p>","protected":false},"featured_media":137668,"template":"","meta":{"_acf_changed":false},"product_brand":[],"product_cat":[3849,2945],"product_tag":[],"class_list":{"0":"post-92671","1":"product","2":"type-product","3":"status-publish","4":"has-post-thumbnail","6":"product_cat-solo-kit","7":"product_cat-solo","8":"product_shipping_class-tunga-paket","9":"tm-no-options","11":"first","12":"instock","13":"taxable","14":"shipping-taxable","15":"purchasable","16":"product-type-simple"},"acf":[],"_links":{"self":[{"href":"https:\/\/secureus.se\/fi\/wp-json\/wp\/v2\/product\/92671","targetHints":{"allow":["GET"]}}],"collection":[{"href":"https:\/\/secureus.se\/fi\/wp-json\/wp\/v2\/product"}],"about":[{"href":"https:\/\/secureus.se\/fi\/wp-json\/wp\/v2\/types\/product"}],"wp:featuredmedia":[{"embeddable":true,"href":"https:\/\/secureus.se\/fi\/wp-json\/wp\/v2\/media\/137668"}],"wp:attachment":[{"href":"https:\/\/secureus.se\/fi\/wp-json\/wp\/v2\/media?parent=92671"}],"wp:term":[{"taxonomy":"product_brand","embeddable":true,"href":"https:\/\/secureus.se\/fi\/wp-json\/wp\/v2\/product_brand?post=92671"},{"taxonomy":"product_cat","embeddable":true,"href":"https:\/\/secureus.se\/fi\/wp-json\/wp\/v2\/product_cat?post=92671"},{"taxonomy":"product_tag","embeddable":true,"href":"https:\/\/secureus.se\/fi\/wp-json\/wp\/v2\/product_tag?post=92671"}],"curies":[{"name":"wp","href":"https:\/\/api.w.org\/{rel}","templated":true}]}}