{"id":92675,"date":"2024-06-12T13:12:59","date_gmt":"2024-06-12T11:12:59","guid":{"rendered":"https:\/\/secureus.se\/provkit-solo-4-4-m-provning-rok\/"},"modified":"2026-04-08T16:06:41","modified_gmt":"2026-04-08T14:06:41","slug":"provkit-solo-4-4-m-provning-rok","status":"publish","type":"product","link":"https:\/\/secureus.se\/fi\/provkit-solo-4-4-m-provning-rok\/","title":{"rendered":"Testisarja Solo 4 \u2013 4 m \u2013 Testaussavu"},"content":{"rendered":"<h1>Testisarja Solo 4 \u2013 4 m \u2013 Testaussavu<\/h1>\n<h3 data-start=\"306\" data-end=\"359\">T\u00e4ydellinen testisarja jopa 4 metrin savuilmaisimille<\/h3>\n<p data-start=\"360\" data-end=\"639\">Solo 4 on t\u00e4ydellinen testisarja, joka sis\u00e4lt\u00e4\u00e4 Solo 108 -teleskooppivarren, Solo 330 -testikaasupullon ja kolme Solo A5 (entinen Solo A3) -testikaasupulloa. Se on suunniteltu paloilmoitinj\u00e4rjestelmien savuilmaisimien kuukausittaiseen ja nelj\u00e4nnesvuosittaiseen testaukseen.<\/p>\n<p data-start=\"360\" data-end=\"639\">Sarja tarjoaa helpon p\u00e4\u00e4syn keskikorkeisiin kattoihin ilman tikkaita.<\/p>\n<h3 data-start=\"641\" data-end=\"669\">Teleskooppivarsi Solo 108<\/h3>\n<p data-start=\"670\" data-end=\"937\">Valmistettu kevyest\u00e4 ja j\u00e4yk\u00e4st\u00e4 lasikuitumateriaalista, joka ei johda s\u00e4hk\u00f6\u00e4, joten se on vakaa testattaessa korkealla. Solo 108 voidaan yhdist\u00e4\u00e4 1\u20133 Solo 101 -laitteen kanssa, jolloin kokonaistestauskorkeus on jopa noin 7,3 m.<\/p>\n<p data-start=\"670\" data-end=\"937\">Sopii Solo- ja Testifire-testereihin sek\u00e4 takedown-testereihin.<\/p>\n<h3 data-start=\"939\" data-end=\"968\">Testikaasupidike Solo 330<\/h3>\n<p data-start=\"969\" data-end=\"1347\">Solo 330 -laitetta k\u00e4ytet\u00e4\u00e4n savu- ja h\u00e4k\u00e4ilmaisimien, joiden halkaisija on enint\u00e4\u00e4n 100 mm, toiminnan testaamiseen. K\u00e4\u00e4ntyv\u00e4n kupin ansiosta voidaan testata ilmaisimia, jotka eiv\u00e4t ole kohtisuorassa lattiaan n\u00e4hden tai joihin on vaikea p\u00e4\u00e4st\u00e4 suoraan alhaalta.<\/p>\n<p data-start=\"969\" data-end=\"1347\">Solo A5 -testikaasupullot tuottavat realistista savua, joka aktivoi sek\u00e4 optiset ett\u00e4 ionisaatiosavuilmaisimet. Yksi pullo riitt\u00e4\u00e4 noin 400 testiin.<\/p>\n<h3 data-start=\"1349\" data-end=\"1371\">Helppok\u00e4ytt\u00f6inen<\/h3>\n<ol data-start=\"1372\" data-end=\"1720\">\n<li data-start=\"1372\" data-end=\"1422\">\n<p data-start=\"1375\" data-end=\"1422\">Ravista Solo A5 -pulloa ja aseta se testeriin.<\/p>\n<\/li>\n<li data-start=\"1423\" data-end=\"1471\">\n<p data-start=\"1426\" data-end=\"1471\">Kierr\u00e4 s\u00e4ili\u00f6 takaisin kiinni ja k\u00e4\u00e4nn\u00e4 sit\u00e4 \u00bc kierrosta.<\/p>\n<\/li>\n<li data-start=\"1472\" data-end=\"1569\">\n<p data-start=\"1475\" data-end=\"1569\">Aseta kuppi ilmaisimen ymp\u00e4rille, paina sit\u00e4 kevyesti kattoa vasten ja anna kaasun virrata ulos 1 sekunnin ajan.<\/p>\n<\/li>\n<li data-start=\"1570\" data-end=\"1652\">\n<p data-start=\"1573\" data-end=\"1652\">Odota noin 10 sekuntia, kunnes ilmaisin h\u00e4lytt\u00e4\u00e4. Toista lyhyt testi tarvittaessa.<\/p>\n<\/li>\n<li data-start=\"1653\" data-end=\"1720\">\n<p data-start=\"1656\" data-end=\"1720\">Kaasu haihtuu nopeasti ja ilmaisin voidaan nollata v\u00e4litt\u00f6m\u00e4sti.<\/p>\n<\/li>\n<\/ol>\n<h3 data-start=\"1722\" data-end=\"1747\">Solo 4:n edut<\/h3>\n<ul data-start=\"1748\" data-end=\"2071\">\n<li data-start=\"1748\" data-end=\"1802\">\n<p data-start=\"1750\" data-end=\"1802\">T\u00e4ydellinen pakkaus, jossa on 3 testikaasupulloa useisiin testeihin<\/p>\n<\/li>\n<li data-start=\"1803\" data-end=\"1848\">\n<p data-start=\"1805\" data-end=\"1848\">Kevyt ja kest\u00e4v\u00e4 teleskooppivarsi lasikuidusta<\/p>\n<\/li>\n<li data-start=\"1849\" data-end=\"1898\">\n<p data-start=\"1851\" data-end=\"1898\">K\u00e4\u00e4ntyv\u00e4 testeri vaikeasti tavoitettaville ilmaisimille<\/p>\n<\/li>\n<li data-start=\"1899\" data-end=\"1969\">\n<p data-start=\"1901\" data-end=\"1969\">Kantama jopa 4 m (voidaan yhdist\u00e4\u00e4 Solo 101:n kanssa jopa 7,3 m)<\/p>\n<\/li>\n<li data-start=\"1970\" data-end=\"2016\">\n<p data-start=\"1972\" data-end=\"2016\">Sopii useimpiin savuilmaisimiin<\/p>\n<\/li>\n<li data-start=\"2017\" data-end=\"2071\">\n<p data-start=\"2019\" data-end=\"2071\">Helppo ja turvallinen k\u00e4ytt\u00f6, nopea palautuminen<\/p>\n<\/li>\n<\/ul>\n<h3 data-start=\"2073\" data-end=\"2088\">Kuljetus<\/h3>\n<p data-start=\"2089\" data-end=\"2243\">Pakkaus voidaan j\u00e4rjest\u00e4\u00e4 Solo 610 -s\u00e4ilytyslaukkuun, jossa on tilaa sauvoille, testereille ja testikaasupulloille, mik\u00e4 yksinkertaistaa kuljetusta ja suojaa laitteita.<\/p>\n<p data-start=\"2245\" data-end=\"2276\"><strong data-start=\"2245\" data-end=\"2274\">Tekniset tiedot:<\/strong><\/p>\n<ul data-start=\"2277\" data-end=\"2711\">\n<li data-start=\"2277\" data-end=\"2304\">\n<p data-start=\"2279\" data-end=\"2304\">Tuote: Solo 4 -testipakkaus<\/p>\n<\/li>\n<li data-start=\"2305\" data-end=\"2392\">\n<p data-start=\"2307\" data-end=\"2392\">Sis\u00e4lt\u00f6: Teleskooppivarsi Solo 108, Testikaasupullo Solo 330, 3 testikaasupulloa Solo A5<\/p>\n<\/li>\n<li data-start=\"2393\" data-end=\"2464\">\n<p data-start=\"2395\" data-end=\"2464\">Kantama: Jopa 4 m (voidaan yhdist\u00e4\u00e4 Solo 101:n kanssa jopa 7,3 m)<\/p>\n<\/li>\n<li data-start=\"2465\" data-end=\"2527\">\n<p data-start=\"2467\" data-end=\"2527\">Teleskooppivarren materiaali: Lasikuitu, s\u00e4hk\u00f6\u00e4 johtamaton<\/p>\n<\/li>\n<li data-start=\"2528\" data-end=\"2600\">\n<p data-start=\"2530\" data-end=\"2600\">Sovellus: Savuilmaisimien (optisten ja ionisoivien) toiminnallinen testaus<\/p>\n<\/li>\n<li data-start=\"2601\" data-end=\"2647\">\n<p data-start=\"2603\" data-end=\"2647\">Kapasiteetti testikaasupulloa kohden: noin 400 testi\u00e4<\/p>\n<\/li>\n<li data-start=\"2648\" data-end=\"2711\">\n<p data-start=\"2650\" data-end=\"2711\">Yhteensopiva seuraavien kanssa: Solo- ja Testifire-testerit, Solo-takedown-testerit<\/p>\n<\/li>\n<\/ul>","protected":false},"excerpt":{"rendered":"<p>Solo 4 -testipakkaus sis\u00e4lt\u00e4\u00e4 Solo 108 -teleskooppitangon, Solo 330 -testikaasupullon ja kolme Solo A5 -testikaasupulloa noin 4 metrin korkuisten savuilmaisimien testaamiseen.<\/p>\n<p>T\u00e4ydellinen teknikkoille, jotka haluavat suorittaa turvallisia ja tehokkaita toimintatestej\u00e4 hiilimonoksidi- ja savuilmaisimille.<\/p>","protected":false},"featured_media":137660,"template":"","meta":{"_acf_changed":false},"product_brand":[],"product_cat":[3849,2945],"product_tag":[],"class_list":{"0":"post-92675","1":"product","2":"type-product","3":"status-publish","4":"has-post-thumbnail","6":"product_cat-solo-kit","7":"product_cat-solo","8":"product_shipping_class-tunga-paket","9":"tm-no-options","11":"first","12":"instock","13":"taxable","14":"shipping-taxable","15":"purchasable","16":"product-type-simple"},"acf":[],"_links":{"self":[{"href":"https:\/\/secureus.se\/fi\/wp-json\/wp\/v2\/product\/92675","targetHints":{"allow":["GET"]}}],"collection":[{"href":"https:\/\/secureus.se\/fi\/wp-json\/wp\/v2\/product"}],"about":[{"href":"https:\/\/secureus.se\/fi\/wp-json\/wp\/v2\/types\/product"}],"wp:featuredmedia":[{"embeddable":true,"href":"https:\/\/secureus.se\/fi\/wp-json\/wp\/v2\/media\/137660"}],"wp:attachment":[{"href":"https:\/\/secureus.se\/fi\/wp-json\/wp\/v2\/media?parent=92675"}],"wp:term":[{"taxonomy":"product_brand","embeddable":true,"href":"https:\/\/secureus.se\/fi\/wp-json\/wp\/v2\/product_brand?post=92675"},{"taxonomy":"product_cat","embeddable":true,"href":"https:\/\/secureus.se\/fi\/wp-json\/wp\/v2\/product_cat?post=92675"},{"taxonomy":"product_tag","embeddable":true,"href":"https:\/\/secureus.se\/fi\/wp-json\/wp\/v2\/product_tag?post=92675"}],"curies":[{"name":"wp","href":"https:\/\/api.w.org\/{rel}","templated":true}]}}